{"id":910,"date":"2026-03-14T16:54:26","date_gmt":"2026-03-14T15:54:26","guid":{"rendered":"https:\/\/gicd.inf.um.es\/csidpub\/usuario20\/?post_type=product&#038;p=910"},"modified":"2026-03-14T16:54:27","modified_gmt":"2026-03-14T15:54:27","slug":"poster-de-la-temporada-1-de-la-serie-de-tv-the-crown","status":"publish","type":"product","link":"https:\/\/gicd.inf.um.es\/csidpub\/usuario20\/producto\/poster-de-la-temporada-1-de-la-serie-de-tv-the-crown\/","title":{"rendered":"P\u00f3ster de la temporada 1 de la serie de TV The Crown"},"content":{"rendered":"<p>P\u00f3ster enmarcado de la temporada 1 de The Crown, de un tama\u00f1o de 50x75cm en material de lona. Estampado de gran calidad y fabricaci\u00f3n propia. Presentado en un marco de madera resistente.<\/p>\n","protected":false},"excerpt":{"rendered":"<p>P\u00f3ster enmarcado con impresi\u00f3n de calidad de la serie The Crown.<\/p>\n","protected":false},"featured_media":882,"comment_status":"closed","ping_status":"closed","template":"","meta":{"pgc_sgb_lightbox_settings":""},"product_brand":[],"product_cat":[186,182],"product_tag":[201,202],"class_list":{"0":"post-910","1":"product","2":"type-product","3":"status-publish","4":"has-post-thumbnail","6":"product_cat-cuadros-posters-y-laminas","7":"product_cat-decoracion","8":"product_tag-poster","9":"product_tag-the-crown","11":"first","12":"instock","13":"taxable","14":"shipping-taxable","15":"purchasable","16":"product-type-simple"},"_links":{"self":[{"href":"https:\/\/gicd.inf.um.es\/csidpub\/usuario20\/wp-json\/wp\/v2\/product\/910","targetHints":{"allow":["GET"]}}],"collection":[{"href":"https:\/\/gicd.inf.um.es\/csidpub\/usuario20\/wp-json\/wp\/v2\/product"}],"about":[{"href":"https:\/\/gicd.inf.um.es\/csidpub\/usuario20\/wp-json\/wp\/v2\/types\/product"}],"replies":[{"embeddable":true,"href":"https:\/\/gicd.inf.um.es\/csidpub\/usuario20\/wp-json\/wp\/v2\/comments?post=910"}],"wp:featuredmedia":[{"embeddable":true,"href":"https:\/\/gicd.inf.um.es\/csidpub\/usuario20\/wp-json\/wp\/v2\/media\/882"}],"wp:attachment":[{"href":"https:\/\/gicd.inf.um.es\/csidpub\/usuario20\/wp-json\/wp\/v2\/media?parent=910"}],"wp:term":[{"taxonomy":"product_brand","embeddable":true,"href":"https:\/\/gicd.inf.um.es\/csidpub\/usuario20\/wp-json\/wp\/v2\/product_brand?post=910"},{"taxonomy":"product_cat","embeddable":true,"href":"https:\/\/gicd.inf.um.es\/csidpub\/usuario20\/wp-json\/wp\/v2\/product_cat?post=910"},{"taxonomy":"product_tag","embeddable":true,"href":"https:\/\/gicd.inf.um.es\/csidpub\/usuario20\/wp-json\/wp\/v2\/product_tag?post=910"}],"curies":[{"name":"wp","href":"https:\/\/api.w.org\/{rel}","templated":true}]}}