{"id":214,"date":"2025-11-18T19:25:59","date_gmt":"2025-11-18T18:25:59","guid":{"rendered":"https:\/\/gicd.inf.um.es\/csidpub\/usuario21\/?page_id=214"},"modified":"2025-11-26T23:57:32","modified_gmt":"2025-11-26T22:57:32","slug":"inicio-2","status":"publish","type":"page","link":"https:\/\/gicd.inf.um.es\/csidpub\/usuario21\/inicio-2\/","title":{"rendered":"Inicio"},"content":{"rendered":"\n<p class=\"has-background has-medium-font-size\" style=\"background-color:#fff5cb\">Esta p\u00e1gina realizada para la Actividad 1 est\u00e1 compuesta por aquellas pel\u00edculas que me parecen una aportaci\u00f3n a la cultura cinematogr\u00e1fica y que, por su g\u00e9nero (m\u00fasicales y animaci\u00f3n), obras art\u00edsticas a tener en cuenta. Tambi\u00e9n he a\u00f1adido personajes que est\u00e1n construidos con una gran profundidad o que son incomprendidos o no se les da la suficiente importancia en sus respectivas pel\u00edculas.<\/p>\n\n\n\n<div style=\"height:2px\" aria-hidden=\"true\" class=\"wp-block-spacer\"><\/div>\n\n\n\n<div class=\"wp-block-columns are-vertically-aligned-top is-layout-flex wp-container-core-columns-is-layout-9d6595d7 wp-block-columns-is-layout-flex\">\n<div class=\"wp-block-column is-vertically-aligned-top is-layout-flow wp-block-column-is-layout-flow\">\n<h2 class=\"wp-block-heading has-text-align-center\">Musicales<\/h2>\n\n\n<div class=\"wp-block-image\">\n<figure class=\"aligncenter size-full is-resized\"><img loading=\"lazy\" decoding=\"async\" width=\"992\" height=\"558\" src=\"https:\/\/gicd.inf.um.es\/csidpub\/usuario21\/wp-content\/uploads\/2025\/11\/UZADFDHE7FBXBBCIJHNOQJCAT4.avif\" alt=\"Musicales\" class=\"wp-image-471\" style=\"width:352px;height:auto\" srcset=\"https:\/\/gicd.inf.um.es\/csidpub\/usuario21\/wp-content\/uploads\/2025\/11\/UZADFDHE7FBXBBCIJHNOQJCAT4.avif 992w, https:\/\/gicd.inf.um.es\/csidpub\/usuario21\/wp-content\/uploads\/2025\/11\/UZADFDHE7FBXBBCIJHNOQJCAT4-300x169.jpg 300w, https:\/\/gicd.inf.um.es\/csidpub\/usuario21\/wp-content\/uploads\/2025\/11\/UZADFDHE7FBXBBCIJHNOQJCAT4-768x432.jpg 768w\" sizes=\"auto, (max-width: 992px) 100vw, 992px\" \/><\/figure>\n<\/div>\n\n\n<p class=\"has-text-align-center\">Los musicales ofrecen la posibilidad de que los personajes expresan sus pensamientos y emociones de que hay una mayor identificaci\u00f3n por parte del p\u00fablico hacia el punto de vista de los personajes. <\/p>\n<\/div>\n\n\n\n<div class=\"wp-block-column is-vertically-aligned-top is-layout-flow wp-block-column-is-layout-flow\" style=\"flex-basis:100px\"><\/div>\n\n\n\n<div class=\"wp-block-column is-vertically-aligned-top is-layout-flow wp-block-column-is-layout-flow\">\n<h2 class=\"wp-block-heading has-text-align-center\">Animaci\u00f3n <\/h2>\n\n\n<div class=\"wp-block-image\">\n<figure class=\"aligncenter size-large is-resized\"><img loading=\"lazy\" decoding=\"async\" width=\"1024\" height=\"640\" src=\"https:\/\/gicd.inf.um.es\/csidpub\/usuario21\/wp-content\/uploads\/2025\/11\/que-es-animacion-1024x640.png\" alt=\"Animaci\u00f3n \" class=\"wp-image-472\" style=\"width:231px;height:auto\" srcset=\"https:\/\/gicd.inf.um.es\/csidpub\/usuario21\/wp-content\/uploads\/2025\/11\/que-es-animacion-1024x640.png 1024w, https:\/\/gicd.inf.um.es\/csidpub\/usuario21\/wp-content\/uploads\/2025\/11\/que-es-animacion-300x188.png 300w, https:\/\/gicd.inf.um.es\/csidpub\/usuario21\/wp-content\/uploads\/2025\/11\/que-es-animacion-768x480.png 768w, https:\/\/gicd.inf.um.es\/csidpub\/usuario21\/wp-content\/uploads\/2025\/11\/que-es-animacion.png 1080w\" sizes=\"auto, (max-width: 1024px) 100vw, 1024px\" \/><\/figure>\n<\/div>\n\n\n<p class=\"has-text-align-center\">Las pel\u00edculas de animaci\u00f3n permiten aquello que en la realidad no se podr\u00eda. La animaci\u00f3n de los movimientos y expresiones de los personajes se reflejan en cada una de sus distintas personalidades y los diferentes estilos de animaci\u00f3n ayudan seg\u00fan la narrativa de la historia que se quiera contar.<\/p>\n<\/div>\n<\/div>\n\n\n\n<div style=\"height:7px\" aria-hidden=\"true\" class=\"wp-block-spacer\"><\/div>\n\n\n\n<h2 class=\"wp-block-heading\">Im\u00e1genes<\/h2>\n\n\n\n<figure class=\"wp-block-gallery has-nested-images columns-2 wp-block-gallery-1 is-layout-flex wp-block-gallery-is-layout-flex\">\n<figure class=\"wp-block-image size-full\"><a href=\"https:\/\/gicd.inf.um.es\/csidpub\/usuario21\/wp-content\/uploads\/2025\/11\/5f21798aa4098.jpg\"><img loading=\"lazy\" decoding=\"async\" width=\"1920\" height=\"1080\" data-id=\"441\" src=\"https:\/\/gicd.inf.um.es\/csidpub\/usuario21\/wp-content\/uploads\/2025\/11\/5f21798aa4098.jpg\" alt=\"Imagen lalaland 5\" class=\"wp-image-441\" srcset=\"https:\/\/gicd.inf.um.es\/csidpub\/usuario21\/wp-content\/uploads\/2025\/11\/5f21798aa4098.jpg 1920w, https:\/\/gicd.inf.um.es\/csidpub\/usuario21\/wp-content\/uploads\/2025\/11\/5f21798aa4098-300x169.jpg 300w, https:\/\/gicd.inf.um.es\/csidpub\/usuario21\/wp-content\/uploads\/2025\/11\/5f21798aa4098-1024x576.jpg 1024w, https:\/\/gicd.inf.um.es\/csidpub\/usuario21\/wp-content\/uploads\/2025\/11\/5f21798aa4098-768x432.jpg 768w, https:\/\/gicd.inf.um.es\/csidpub\/usuario21\/wp-content\/uploads\/2025\/11\/5f21798aa4098-1536x864.jpg 1536w, https:\/\/gicd.inf.um.es\/csidpub\/usuario21\/wp-content\/uploads\/2025\/11\/5f21798aa4098-1280x720.jpg 1280w\" sizes=\"auto, (max-width: 1920px) 100vw, 1920px\" \/><\/a><\/figure>\n\n\n\n<figure class=\"wp-block-image size-full\"><a href=\"https:\/\/gicd.inf.um.es\/csidpub\/usuario21\/wp-content\/uploads\/2025\/11\/whats-your-thoughts-on-this-movie-anastasia-1997-by-don-v0-azcjx19lnvpe1.jpg\"><img loading=\"lazy\" decoding=\"async\" width=\"640\" height=\"360\" data-id=\"414\" src=\"https:\/\/gicd.inf.um.es\/csidpub\/usuario21\/wp-content\/uploads\/2025\/11\/whats-your-thoughts-on-this-movie-anastasia-1997-by-don-v0-azcjx19lnvpe1.jpg\" alt=\"Anastasia 5\" class=\"wp-image-414\" srcset=\"https:\/\/gicd.inf.um.es\/csidpub\/usuario21\/wp-content\/uploads\/2025\/11\/whats-your-thoughts-on-this-movie-anastasia-1997-by-don-v0-azcjx19lnvpe1.jpg 640w, https:\/\/gicd.inf.um.es\/csidpub\/usuario21\/wp-content\/uploads\/2025\/11\/whats-your-thoughts-on-this-movie-anastasia-1997-by-don-v0-azcjx19lnvpe1-300x169.jpg 300w\" sizes=\"auto, (max-width: 640px) 100vw, 640px\" \/><\/a><\/figure>\n\n\n\n<figure class=\"wp-block-image size-full\"><a href=\"https:\/\/gicd.inf.um.es\/csidpub\/usuario21\/wp-content\/uploads\/2025\/11\/62311bed3a3d0.jpg\"><img loading=\"lazy\" decoding=\"async\" width=\"1920\" height=\"1080\" data-id=\"348\" src=\"https:\/\/gicd.inf.um.es\/csidpub\/usuario21\/wp-content\/uploads\/2025\/11\/62311bed3a3d0.jpg\" alt=\"Galer\u00eda egcb 1\" class=\"wp-image-348\" srcset=\"https:\/\/gicd.inf.um.es\/csidpub\/usuario21\/wp-content\/uploads\/2025\/11\/62311bed3a3d0.jpg 1920w, https:\/\/gicd.inf.um.es\/csidpub\/usuario21\/wp-content\/uploads\/2025\/11\/62311bed3a3d0-300x169.jpg 300w, https:\/\/gicd.inf.um.es\/csidpub\/usuario21\/wp-content\/uploads\/2025\/11\/62311bed3a3d0-1024x576.jpg 1024w, https:\/\/gicd.inf.um.es\/csidpub\/usuario21\/wp-content\/uploads\/2025\/11\/62311bed3a3d0-768x432.jpg 768w, https:\/\/gicd.inf.um.es\/csidpub\/usuario21\/wp-content\/uploads\/2025\/11\/62311bed3a3d0-1536x864.jpg 1536w, https:\/\/gicd.inf.um.es\/csidpub\/usuario21\/wp-content\/uploads\/2025\/11\/62311bed3a3d0-1280x720.jpg 1280w\" sizes=\"auto, (max-width: 1920px) 100vw, 1920px\" \/><\/a><\/figure>\n\n\n\n<figure class=\"wp-block-image size-full\"><a href=\"https:\/\/gicd.inf.um.es\/csidpub\/usuario21\/wp-content\/uploads\/2025\/11\/66521ed6ccd51.jpg\"><img loading=\"lazy\" decoding=\"async\" width=\"1920\" height=\"1080\" data-id=\"429\" src=\"https:\/\/gicd.inf.um.es\/csidpub\/usuario21\/wp-content\/uploads\/2025\/11\/66521ed6ccd51.jpg\" alt=\"Wicked 4\" class=\"wp-image-429\" srcset=\"https:\/\/gicd.inf.um.es\/csidpub\/usuario21\/wp-content\/uploads\/2025\/11\/66521ed6ccd51.jpg 1920w, https:\/\/gicd.inf.um.es\/csidpub\/usuario21\/wp-content\/uploads\/2025\/11\/66521ed6ccd51-300x169.jpg 300w, https:\/\/gicd.inf.um.es\/csidpub\/usuario21\/wp-content\/uploads\/2025\/11\/66521ed6ccd51-1024x576.jpg 1024w, https:\/\/gicd.inf.um.es\/csidpub\/usuario21\/wp-content\/uploads\/2025\/11\/66521ed6ccd51-768x432.jpg 768w, https:\/\/gicd.inf.um.es\/csidpub\/usuario21\/wp-content\/uploads\/2025\/11\/66521ed6ccd51-1536x864.jpg 1536w, https:\/\/gicd.inf.um.es\/csidpub\/usuario21\/wp-content\/uploads\/2025\/11\/66521ed6ccd51-1280x720.jpg 1280w\" sizes=\"auto, (max-width: 1920px) 100vw, 1920px\" \/><\/a><\/figure>\n\n\n\n<figure class=\"wp-block-image size-full\"><a href=\"https:\/\/gicd.inf.um.es\/csidpub\/usuario21\/wp-content\/uploads\/2025\/11\/170-1.jpg\"><img loading=\"lazy\" decoding=\"async\" width=\"1920\" height=\"1080\" data-id=\"464\" src=\"https:\/\/gicd.inf.um.es\/csidpub\/usuario21\/wp-content\/uploads\/2025\/11\/170-1.jpg\" alt=\"Httyd 2\" class=\"wp-image-464\" srcset=\"https:\/\/gicd.inf.um.es\/csidpub\/usuario21\/wp-content\/uploads\/2025\/11\/170-1.jpg 1920w, https:\/\/gicd.inf.um.es\/csidpub\/usuario21\/wp-content\/uploads\/2025\/11\/170-1-300x169.jpg 300w, https:\/\/gicd.inf.um.es\/csidpub\/usuario21\/wp-content\/uploads\/2025\/11\/170-1-1024x576.jpg 1024w, https:\/\/gicd.inf.um.es\/csidpub\/usuario21\/wp-content\/uploads\/2025\/11\/170-1-768x432.jpg 768w, https:\/\/gicd.inf.um.es\/csidpub\/usuario21\/wp-content\/uploads\/2025\/11\/170-1-1536x864.jpg 1536w, https:\/\/gicd.inf.um.es\/csidpub\/usuario21\/wp-content\/uploads\/2025\/11\/170-1-1280x720.jpg 1280w\" sizes=\"auto, (max-width: 1920px) 100vw, 1920px\" \/><\/a><\/figure>\n\n\n\n<figure class=\"wp-block-image size-full\"><a href=\"https:\/\/gicd.inf.um.es\/csidpub\/usuario21\/wp-content\/uploads\/2025\/11\/a3de9275057b7d2083447c291e236ad2-scaled.jpeg\"><img loading=\"lazy\" decoding=\"async\" width=\"2560\" height=\"1698\" data-id=\"448\" src=\"https:\/\/gicd.inf.um.es\/csidpub\/usuario21\/wp-content\/uploads\/2025\/11\/a3de9275057b7d2083447c291e236ad2-scaled.jpeg\" alt=\"Fantasma de la \u00d3pera 2\" class=\"wp-image-448\" srcset=\"https:\/\/gicd.inf.um.es\/csidpub\/usuario21\/wp-content\/uploads\/2025\/11\/a3de9275057b7d2083447c291e236ad2-scaled.jpeg 2560w, https:\/\/gicd.inf.um.es\/csidpub\/usuario21\/wp-content\/uploads\/2025\/11\/a3de9275057b7d2083447c291e236ad2-300x199.jpeg 300w, https:\/\/gicd.inf.um.es\/csidpub\/usuario21\/wp-content\/uploads\/2025\/11\/a3de9275057b7d2083447c291e236ad2-1024x679.jpeg 1024w, https:\/\/gicd.inf.um.es\/csidpub\/usuario21\/wp-content\/uploads\/2025\/11\/a3de9275057b7d2083447c291e236ad2-768x509.jpeg 768w, https:\/\/gicd.inf.um.es\/csidpub\/usuario21\/wp-content\/uploads\/2025\/11\/a3de9275057b7d2083447c291e236ad2-1536x1019.jpeg 1536w, https:\/\/gicd.inf.um.es\/csidpub\/usuario21\/wp-content\/uploads\/2025\/11\/a3de9275057b7d2083447c291e236ad2-2048x1359.jpeg 2048w\" sizes=\"auto, (max-width: 2560px) 100vw, 2560px\" \/><\/a><\/figure>\n\n\n\n<figure class=\"wp-block-image size-full\"><a href=\"https:\/\/gicd.inf.um.es\/csidpub\/usuario21\/wp-content\/uploads\/2025\/11\/63bd59d28f716.jpg\"><img loading=\"lazy\" decoding=\"async\" width=\"1920\" height=\"1080\" data-id=\"400\" src=\"https:\/\/gicd.inf.um.es\/csidpub\/usuario21\/wp-content\/uploads\/2025\/11\/63bd59d28f716.jpg\" alt=\"Thg poster\" class=\"wp-image-400\" srcset=\"https:\/\/gicd.inf.um.es\/csidpub\/usuario21\/wp-content\/uploads\/2025\/11\/63bd59d28f716.jpg 1920w, https:\/\/gicd.inf.um.es\/csidpub\/usuario21\/wp-content\/uploads\/2025\/11\/63bd59d28f716-300x169.jpg 300w, https:\/\/gicd.inf.um.es\/csidpub\/usuario21\/wp-content\/uploads\/2025\/11\/63bd59d28f716-1024x576.jpg 1024w, https:\/\/gicd.inf.um.es\/csidpub\/usuario21\/wp-content\/uploads\/2025\/11\/63bd59d28f716-768x432.jpg 768w, https:\/\/gicd.inf.um.es\/csidpub\/usuario21\/wp-content\/uploads\/2025\/11\/63bd59d28f716-1536x864.jpg 1536w, https:\/\/gicd.inf.um.es\/csidpub\/usuario21\/wp-content\/uploads\/2025\/11\/63bd59d28f716-1280x720.jpg 1280w\" sizes=\"auto, (max-width: 1920px) 100vw, 1920px\" \/><\/a><\/figure>\n\n\n\n<figure class=\"wp-block-image size-full\"><a href=\"https:\/\/gicd.inf.um.es\/csidpub\/usuario21\/wp-content\/uploads\/2025\/11\/star-wars-ep-i-padme-amidala-original.jpg\"><img loading=\"lazy\" decoding=\"async\" width=\"1280\" height=\"720\" data-id=\"382\" src=\"https:\/\/gicd.inf.um.es\/csidpub\/usuario21\/wp-content\/uploads\/2025\/11\/star-wars-ep-i-padme-amidala-original.jpg\" alt=\"Padm\u00e9 5\" class=\"wp-image-382\" srcset=\"https:\/\/gicd.inf.um.es\/csidpub\/usuario21\/wp-content\/uploads\/2025\/11\/star-wars-ep-i-padme-amidala-original.jpg 1280w, https:\/\/gicd.inf.um.es\/csidpub\/usuario21\/wp-content\/uploads\/2025\/11\/star-wars-ep-i-padme-amidala-original-300x169.jpg 300w, https:\/\/gicd.inf.um.es\/csidpub\/usuario21\/wp-content\/uploads\/2025\/11\/star-wars-ep-i-padme-amidala-original-1024x576.jpg 1024w, https:\/\/gicd.inf.um.es\/csidpub\/usuario21\/wp-content\/uploads\/2025\/11\/star-wars-ep-i-padme-amidala-original-768x432.jpg 768w\" sizes=\"auto, (max-width: 1280px) 100vw, 1280px\" \/><\/a><\/figure>\n\n\n\n<figure class=\"wp-block-image size-full\"><a href=\"https:\/\/gicd.inf.um.es\/csidpub\/usuario21\/wp-content\/uploads\/2025\/11\/elordi-creature.jpg\"><img loading=\"lazy\" decoding=\"async\" width=\"1600\" height=\"900\" data-id=\"364\" src=\"https:\/\/gicd.inf.um.es\/csidpub\/usuario21\/wp-content\/uploads\/2025\/11\/elordi-creature.jpg\" alt=\"La criatura 4\" class=\"wp-image-364\" srcset=\"https:\/\/gicd.inf.um.es\/csidpub\/usuario21\/wp-content\/uploads\/2025\/11\/elordi-creature.jpg 1600w, https:\/\/gicd.inf.um.es\/csidpub\/usuario21\/wp-content\/uploads\/2025\/11\/elordi-creature-300x169.jpg 300w, https:\/\/gicd.inf.um.es\/csidpub\/usuario21\/wp-content\/uploads\/2025\/11\/elordi-creature-1024x576.jpg 1024w, https:\/\/gicd.inf.um.es\/csidpub\/usuario21\/wp-content\/uploads\/2025\/11\/elordi-creature-768x432.jpg 768w, https:\/\/gicd.inf.um.es\/csidpub\/usuario21\/wp-content\/uploads\/2025\/11\/elordi-creature-1536x864.jpg 1536w, https:\/\/gicd.inf.um.es\/csidpub\/usuario21\/wp-content\/uploads\/2025\/11\/elordi-creature-1280x720.jpg 1280w\" sizes=\"auto, (max-width: 1600px) 100vw, 1600px\" \/><\/a><\/figure>\n\n\n\n<figure class=\"wp-block-image size-full\"><a href=\"https:\/\/gicd.inf.um.es\/csidpub\/usuario21\/wp-content\/uploads\/2025\/11\/64c9a2e9c7b91.jpg\"><img loading=\"lazy\" decoding=\"async\" width=\"1920\" height=\"1080\" data-id=\"339\" src=\"https:\/\/gicd.inf.um.es\/csidpub\/usuario21\/wp-content\/uploads\/2025\/11\/64c9a2e9c7b91.jpg\" alt=\"Galer\u00eda El castillo ambulante 3\" class=\"wp-image-339\" srcset=\"https:\/\/gicd.inf.um.es\/csidpub\/usuario21\/wp-content\/uploads\/2025\/11\/64c9a2e9c7b91.jpg 1920w, https:\/\/gicd.inf.um.es\/csidpub\/usuario21\/wp-content\/uploads\/2025\/11\/64c9a2e9c7b91-300x169.jpg 300w, https:\/\/gicd.inf.um.es\/csidpub\/usuario21\/wp-content\/uploads\/2025\/11\/64c9a2e9c7b91-1024x576.jpg 1024w, https:\/\/gicd.inf.um.es\/csidpub\/usuario21\/wp-content\/uploads\/2025\/11\/64c9a2e9c7b91-768x432.jpg 768w, https:\/\/gicd.inf.um.es\/csidpub\/usuario21\/wp-content\/uploads\/2025\/11\/64c9a2e9c7b91-1536x864.jpg 1536w, https:\/\/gicd.inf.um.es\/csidpub\/usuario21\/wp-content\/uploads\/2025\/11\/64c9a2e9c7b91-1280x720.jpg 1280w\" sizes=\"auto, (max-width: 1920px) 100vw, 1920px\" \/><\/a><\/figure>\n<\/figure>\n\n\n\n<div style=\"height:64px\" aria-hidden=\"true\" class=\"wp-block-spacer\"><\/div>\n\n\n\n<h2 class=\"wp-block-heading has-text-align-center has-text-color has-background has-link-color wp-elements-5f0c51be9202378cf145cbbcfd13713d\" style=\"color:#000cb4;background:radial-gradient(rgb(255,245,203) 0%,rgb(162,207,255) 50%,rgb(164,151,255) 100%)\">\u00a1Bienvenid@! <\/h2>\n\n\n\n<h3 class=\"wp-block-heading has-text-align-center\">Si te gusta el cine y descubrir curiosidades, esta p\u00e1gina es para ti.<\/h3>\n\n\n\n<p><\/p>\n","protected":false},"excerpt":{"rendered":"<p>Esta p\u00e1gina realizada para la Actividad 1 est\u00e1 compuesta por aquellas pel\u00edculas que me parecen una aportaci\u00f3n a la cultura cinematogr\u00e1fica y que, por su g\u00e9nero (m\u00fasicales y animaci\u00f3n), obras art\u00edsticas a tener en cuenta. Tambi\u00e9n he a\u00f1adido personajes que est\u00e1n construidos con una gran profundidad o que son incomprendidos o no se les da [&hellip;]<\/p>\n","protected":false},"author":1,"featured_media":0,"parent":0,"menu_order":0,"comment_status":"closed","ping_status":"closed","template":"","meta":{"pgc_sgb_lightbox_settings":"","footnotes":""},"class_list":["post-214","page","type-page","status-publish","hentry"],"_links":{"self":[{"href":"https:\/\/gicd.inf.um.es\/csidpub\/usuario21\/wp-json\/wp\/v2\/pages\/214","targetHints":{"allow":["GET"]}}],"collection":[{"href":"https:\/\/gicd.inf.um.es\/csidpub\/usuario21\/wp-json\/wp\/v2\/pages"}],"about":[{"href":"https:\/\/gicd.inf.um.es\/csidpub\/usuario21\/wp-json\/wp\/v2\/types\/page"}],"author":[{"embeddable":true,"href":"https:\/\/gicd.inf.um.es\/csidpub\/usuario21\/wp-json\/wp\/v2\/users\/1"}],"replies":[{"embeddable":true,"href":"https:\/\/gicd.inf.um.es\/csidpub\/usuario21\/wp-json\/wp\/v2\/comments?post=214"}],"version-history":[{"count":8,"href":"https:\/\/gicd.inf.um.es\/csidpub\/usuario21\/wp-json\/wp\/v2\/pages\/214\/revisions"}],"predecessor-version":[{"id":520,"href":"https:\/\/gicd.inf.um.es\/csidpub\/usuario21\/wp-json\/wp\/v2\/pages\/214\/revisions\/520"}],"wp:attachment":[{"href":"https:\/\/gicd.inf.um.es\/csidpub\/usuario21\/wp-json\/wp\/v2\/media?parent=214"}],"curies":[{"name":"wp","href":"https:\/\/api.w.org\/{rel}","templated":true}]}}