{"id":522,"date":"2025-11-27T15:28:19","date_gmt":"2025-11-27T14:28:19","guid":{"rendered":"https:\/\/gicd.inf.um.es\/csidpub\/usuario21\/?page_id=522"},"modified":"2025-11-27T15:28:19","modified_gmt":"2025-11-27T14:28:19","slug":"animacion","status":"publish","type":"page","link":"https:\/\/gicd.inf.um.es\/csidpub\/usuario21\/animacion\/","title":{"rendered":"Animaci\u00f3n"},"content":{"rendered":"\n<div class=\"wp-block-query is-layout-flow wp-block-query-is-layout-flow\"><ul class=\"columns-2 wp-block-post-template is-layout-grid wp-container-core-post-template-is-layout-17361a50 wp-block-post-template-is-layout-grid\"><li class=\"wp-block-post post-406 post type-post status-publish format-standard has-post-thumbnail hentry category-animacion tag-fantasia tag-pelicula tag-reina tag-romance\">\n\n<div class=\"wp-block-group bs-blog-post\"><div class=\"wp-block-group__inner-container is-layout-constrained wp-block-group-is-layout-constrained\"><figure class=\"wp-block-post-featured-image\"><a href=\"https:\/\/gicd.inf.um.es\/csidpub\/usuario21\/anastasia-1997\/\" target=\"_self\"  ><img loading=\"lazy\" decoding=\"async\" width=\"1200\" height=\"674\" src=\"https:\/\/gicd.inf.um.es\/csidpub\/usuario21\/wp-content\/uploads\/2025\/11\/compose.webp\" class=\"attachment-post-thumbnail size-post-thumbnail wp-post-image\" alt=\"Anastasia (1997)\" style=\"object-fit:cover;\" srcset=\"https:\/\/gicd.inf.um.es\/csidpub\/usuario21\/wp-content\/uploads\/2025\/11\/compose.webp 1200w, https:\/\/gicd.inf.um.es\/csidpub\/usuario21\/wp-content\/uploads\/2025\/11\/compose-300x169.webp 300w, https:\/\/gicd.inf.um.es\/csidpub\/usuario21\/wp-content\/uploads\/2025\/11\/compose-1024x575.webp 1024w, https:\/\/gicd.inf.um.es\/csidpub\/usuario21\/wp-content\/uploads\/2025\/11\/compose-768x431.webp 768w\" sizes=\"auto, (max-width: 1200px) 100vw, 1200px\" \/><\/a><\/figure>\n\n\n<div class=\"wp-block-group small\"><div class=\"wp-block-group__inner-container is-layout-constrained wp-block-group-is-layout-constrained\"><h2 class=\"wp-block-post-title\"><a href=\"https:\/\/gicd.inf.um.es\/csidpub\/usuario21\/anastasia-1997\/\" target=\"_self\" >Anastasia (1997)<\/a><\/h2>\n\n<div class=\"taxonomy-post_tag wp-block-post-terms\"><a href=\"https:\/\/gicd.inf.um.es\/csidpub\/usuario21\/tag\/fantasia\/\" rel=\"tag\">Fantas\u00eda<\/a><span class=\"wp-block-post-terms__separator\">, <\/span><a href=\"https:\/\/gicd.inf.um.es\/csidpub\/usuario21\/tag\/pelicula\/\" rel=\"tag\">Pel\u00edcula<\/a><span class=\"wp-block-post-terms__separator\">, <\/span><a href=\"https:\/\/gicd.inf.um.es\/csidpub\/usuario21\/tag\/reina\/\" rel=\"tag\">Reina<\/a><span class=\"wp-block-post-terms__separator\">, <\/span><a href=\"https:\/\/gicd.inf.um.es\/csidpub\/usuario21\/tag\/romance\/\" rel=\"tag\">Romance<\/a><\/div>\n\n<div class=\"wp-block-post-excerpt\"><p class=\"wp-block-post-excerpt__excerpt\">Anastasia, hija del \u00faltimo zar ruso, Nicol\u00e1s II, es encontrada por dos estafadores rusos, Dimitri y Vladimir, quienes buscan la recompensa que su abuela, la emperatriz viuda Mar\u00eda Feodorovna, prometi\u00f3 a quienes la encuentren. Pero el malvado m\u00edstico de la familia del zar, Grigori Rasput\u00edn, a\u00fan desea la destrucci\u00f3n definitiva de la familia Romanov. <\/p><\/div><\/div><\/div>\n\n\n\n<div style=\"height:30px\" aria-hidden=\"true\" class=\"wp-block-spacer\"><\/div>\n<\/div><\/div>\n\n<\/li><li class=\"wp-block-post post-343 post type-post status-publish format-standard has-post-thumbnail hentry category-animacion tag-accion tag-aventuras tag-comedia tag-drama-psicologico\">\n\n<div class=\"wp-block-group bs-blog-post\"><div class=\"wp-block-group__inner-container is-layout-constrained wp-block-group-is-layout-constrained\"><figure class=\"wp-block-post-featured-image\"><a href=\"https:\/\/gicd.inf.um.es\/csidpub\/usuario21\/el-gato-con-botas-el-ultimo-deseo\/\" target=\"_self\"  ><img loading=\"lazy\" decoding=\"async\" width=\"680\" height=\"1000\" src=\"https:\/\/gicd.inf.um.es\/csidpub\/usuario21\/wp-content\/uploads\/2025\/11\/672cf10a3d1dd.jpg\" class=\"attachment-post-thumbnail size-post-thumbnail wp-post-image\" alt=\"El Gato con Botas: El \u00faltimo deseo\" style=\"object-fit:cover;\" srcset=\"https:\/\/gicd.inf.um.es\/csidpub\/usuario21\/wp-content\/uploads\/2025\/11\/672cf10a3d1dd.jpg 680w, https:\/\/gicd.inf.um.es\/csidpub\/usuario21\/wp-content\/uploads\/2025\/11\/672cf10a3d1dd-204x300.jpg 204w\" sizes=\"auto, (max-width: 680px) 100vw, 680px\" \/><\/a><\/figure>\n\n\n<div class=\"wp-block-group small\"><div class=\"wp-block-group__inner-container is-layout-constrained wp-block-group-is-layout-constrained\"><h2 class=\"wp-block-post-title\"><a href=\"https:\/\/gicd.inf.um.es\/csidpub\/usuario21\/el-gato-con-botas-el-ultimo-deseo\/\" target=\"_self\" >El Gato con Botas: El \u00faltimo deseo<\/a><\/h2>\n\n<div class=\"taxonomy-post_tag wp-block-post-terms\"><a href=\"https:\/\/gicd.inf.um.es\/csidpub\/usuario21\/tag\/accion\/\" rel=\"tag\">Acci\u00f3n<\/a><span class=\"wp-block-post-terms__separator\">, <\/span><a href=\"https:\/\/gicd.inf.um.es\/csidpub\/usuario21\/tag\/aventuras\/\" rel=\"tag\">Aventuras<\/a><span class=\"wp-block-post-terms__separator\">, <\/span><a href=\"https:\/\/gicd.inf.um.es\/csidpub\/usuario21\/tag\/comedia\/\" rel=\"tag\">Comedia<\/a><span class=\"wp-block-post-terms__separator\">, <\/span><a href=\"https:\/\/gicd.inf.um.es\/csidpub\/usuario21\/tag\/drama-psicologico\/\" rel=\"tag\">Drama psicol\u00f3gico<\/a><\/div>\n\n<div class=\"wp-block-post-excerpt\"><p class=\"wp-block-post-excerpt__excerpt\">El Gato con Botas descubre que su pasi\u00f3n por la aventura le ha pasado factura: ha consumido ocho de sus nueve vidas, dej\u00e1ndole solo una. El Gato emprende un viaje \u00e9pico para encontrar el m\u00edtico \u00daltimo Deseo y recuperar sus nueve vidas. <\/p><\/div><\/div><\/div>\n\n\n\n<div style=\"height:30px\" aria-hidden=\"true\" class=\"wp-block-spacer\"><\/div>\n<\/div><\/div>\n\n<\/li><li class=\"wp-block-post post-330 post type-post status-publish format-standard has-post-thumbnail hentry category-animacion tag-fantasia tag-magia tag-maldicion tag-romance\">\n\n<div class=\"wp-block-group bs-blog-post\"><div class=\"wp-block-group__inner-container is-layout-constrained wp-block-group-is-layout-constrained\"><figure class=\"wp-block-post-featured-image\"><a href=\"https:\/\/gicd.inf.um.es\/csidpub\/usuario21\/el-castillo-ambulante\/\" target=\"_self\"  ><img loading=\"lazy\" decoding=\"async\" width=\"680\" height=\"1000\" src=\"https:\/\/gicd.inf.um.es\/csidpub\/usuario21\/wp-content\/uploads\/2025\/11\/573-1.jpg\" class=\"attachment-post-thumbnail size-post-thumbnail wp-post-image\" alt=\"El castillo ambulante\" style=\"object-fit:cover;\" srcset=\"https:\/\/gicd.inf.um.es\/csidpub\/usuario21\/wp-content\/uploads\/2025\/11\/573-1.jpg 680w, https:\/\/gicd.inf.um.es\/csidpub\/usuario21\/wp-content\/uploads\/2025\/11\/573-1-204x300.jpg 204w\" sizes=\"auto, (max-width: 680px) 100vw, 680px\" \/><\/a><\/figure>\n\n\n<div class=\"wp-block-group small\"><div class=\"wp-block-group__inner-container is-layout-constrained wp-block-group-is-layout-constrained\"><h2 class=\"wp-block-post-title\"><a href=\"https:\/\/gicd.inf.um.es\/csidpub\/usuario21\/el-castillo-ambulante\/\" target=\"_self\" >El castillo ambulante<\/a><\/h2>\n\n<div class=\"taxonomy-post_tag wp-block-post-terms\"><a href=\"https:\/\/gicd.inf.um.es\/csidpub\/usuario21\/tag\/fantasia\/\" rel=\"tag\">Fantas\u00eda<\/a><span class=\"wp-block-post-terms__separator\">, <\/span><a href=\"https:\/\/gicd.inf.um.es\/csidpub\/usuario21\/tag\/magia\/\" rel=\"tag\">Magia<\/a><span class=\"wp-block-post-terms__separator\">, <\/span><a href=\"https:\/\/gicd.inf.um.es\/csidpub\/usuario21\/tag\/maldicion\/\" rel=\"tag\">Maldici\u00f3n<\/a><span class=\"wp-block-post-terms__separator\">, <\/span><a href=\"https:\/\/gicd.inf.um.es\/csidpub\/usuario21\/tag\/romance\/\" rel=\"tag\">Romance<\/a><\/div>\n\n<div class=\"wp-block-post-excerpt\"><p class=\"wp-block-post-excerpt__excerpt\">Cuando una joven insegura es maldecida con un cuerpo anciano por una bruja vengativa, su \u00fanica oportunidad de romper el hechizo reside en un joven mago indulgente pero inseguro y sus compa\u00f1eros en su castillo con patas y andante. <\/p><\/div><\/div><\/div>\n\n\n\n<div style=\"height:30px\" aria-hidden=\"true\" class=\"wp-block-spacer\"><\/div>\n<\/div><\/div>\n\n<\/li><li class=\"wp-block-post post-288 post type-post status-publish format-standard has-post-thumbnail hentry category-animacion tag-amistad tag-aventuras tag-dragones tag-historias-cruzadas tag-romance tag-vikingos\">\n\n<div class=\"wp-block-group bs-blog-post\"><div class=\"wp-block-group__inner-container is-layout-constrained wp-block-group-is-layout-constrained\"><figure class=\"wp-block-post-featured-image\"><a href=\"https:\/\/gicd.inf.um.es\/csidpub\/usuario21\/como-entrenar-a-tu-dragon\/\" target=\"_self\"  ><img loading=\"lazy\" decoding=\"async\" width=\"500\" height=\"281\" src=\"https:\/\/gicd.inf.um.es\/csidpub\/usuario21\/wp-content\/uploads\/2025\/11\/AAAABYuoBJ8JQWVPnv7rmbLLfRZoIigxFxqz2JlHIpQkdU_tN31tzZ3cYu8uYkwOk5_6Bjklz2HkvGx_PqOPQTc7LJqkyhSb.webp\" class=\"attachment-post-thumbnail size-post-thumbnail wp-post-image\" alt=\"Como entrenar a tu drag\u00f3n\" style=\"object-fit:cover;\" srcset=\"https:\/\/gicd.inf.um.es\/csidpub\/usuario21\/wp-content\/uploads\/2025\/11\/AAAABYuoBJ8JQWVPnv7rmbLLfRZoIigxFxqz2JlHIpQkdU_tN31tzZ3cYu8uYkwOk5_6Bjklz2HkvGx_PqOPQTc7LJqkyhSb.webp 500w, https:\/\/gicd.inf.um.es\/csidpub\/usuario21\/wp-content\/uploads\/2025\/11\/AAAABYuoBJ8JQWVPnv7rmbLLfRZoIigxFxqz2JlHIpQkdU_tN31tzZ3cYu8uYkwOk5_6Bjklz2HkvGx_PqOPQTc7LJqkyhSb-300x169.webp 300w\" sizes=\"auto, (max-width: 500px) 100vw, 500px\" \/><\/a><\/figure>\n\n\n<div class=\"wp-block-group small\"><div class=\"wp-block-group__inner-container is-layout-constrained wp-block-group-is-layout-constrained\"><h2 class=\"wp-block-post-title\"><a href=\"https:\/\/gicd.inf.um.es\/csidpub\/usuario21\/como-entrenar-a-tu-dragon\/\" target=\"_self\" >Como entrenar a tu drag\u00f3n<\/a><\/h2>\n\n<div class=\"taxonomy-post_tag wp-block-post-terms\"><a href=\"https:\/\/gicd.inf.um.es\/csidpub\/usuario21\/tag\/amistad\/\" rel=\"tag\">Amistad<\/a><span class=\"wp-block-post-terms__separator\">, <\/span><a href=\"https:\/\/gicd.inf.um.es\/csidpub\/usuario21\/tag\/aventuras\/\" rel=\"tag\">Aventuras<\/a><span class=\"wp-block-post-terms__separator\">, <\/span><a href=\"https:\/\/gicd.inf.um.es\/csidpub\/usuario21\/tag\/dragones\/\" rel=\"tag\">Dragones<\/a><span class=\"wp-block-post-terms__separator\">, <\/span><a href=\"https:\/\/gicd.inf.um.es\/csidpub\/usuario21\/tag\/historias-cruzadas\/\" rel=\"tag\">Historias cruzadas<\/a><span class=\"wp-block-post-terms__separator\">, <\/span><a href=\"https:\/\/gicd.inf.um.es\/csidpub\/usuario21\/tag\/romance\/\" rel=\"tag\">Romance<\/a><span class=\"wp-block-post-terms__separator\">, <\/span><a href=\"https:\/\/gicd.inf.um.es\/csidpub\/usuario21\/tag\/vikingos\/\" rel=\"tag\">Vikingos<\/a><\/div>\n\n<div class=\"wp-block-post-excerpt\"><p class=\"wp-block-post-excerpt__excerpt\">Ambientada en el m\u00edtico mundo de los rudos vikingos y los dragones salvajes, y basada en el libro infantil de Cressida Cowell, esta comedia de acci\u00f3n narra la historia de Hipo, un vikingo adolescente que no encaja exactamente en la antiqu\u00edsima reputaci\u00f3n de su tribu como cazadores de dragones. El mundo de Hipo se trastoca&hellip; <\/p><\/div><\/div><\/div>\n\n\n\n<div style=\"height:30px\" aria-hidden=\"true\" class=\"wp-block-spacer\"><\/div>\n<\/div><\/div>\n\n<\/li><\/ul>\n\n\n\n<\/div>\n","protected":false},"excerpt":{"rendered":"","protected":false},"author":1,"featured_media":0,"parent":0,"menu_order":0,"comment_status":"closed","ping_status":"closed","template":"","meta":{"pgc_sgb_lightbox_settings":"","footnotes":""},"class_list":["post-522","page","type-page","status-publish","hentry"],"_links":{"self":[{"href":"https:\/\/gicd.inf.um.es\/csidpub\/usuario21\/wp-json\/wp\/v2\/pages\/522","targetHints":{"allow":["GET"]}}],"collection":[{"href":"https:\/\/gicd.inf.um.es\/csidpub\/usuario21\/wp-json\/wp\/v2\/pages"}],"about":[{"href":"https:\/\/gicd.inf.um.es\/csidpub\/usuario21\/wp-json\/wp\/v2\/types\/page"}],"author":[{"embeddable":true,"href":"https:\/\/gicd.inf.um.es\/csidpub\/usuario21\/wp-json\/wp\/v2\/users\/1"}],"replies":[{"embeddable":true,"href":"https:\/\/gicd.inf.um.es\/csidpub\/usuario21\/wp-json\/wp\/v2\/comments?post=522"}],"version-history":[{"count":1,"href":"https:\/\/gicd.inf.um.es\/csidpub\/usuario21\/wp-json\/wp\/v2\/pages\/522\/revisions"}],"predecessor-version":[{"id":523,"href":"https:\/\/gicd.inf.um.es\/csidpub\/usuario21\/wp-json\/wp\/v2\/pages\/522\/revisions\/523"}],"wp:attachment":[{"href":"https:\/\/gicd.inf.um.es\/csidpub\/usuario21\/wp-json\/wp\/v2\/media?parent=522"}],"curies":[{"name":"wp","href":"https:\/\/api.w.org\/{rel}","templated":true}]}}