{"id":524,"date":"2025-11-27T15:36:44","date_gmt":"2025-11-27T14:36:44","guid":{"rendered":"https:\/\/gicd.inf.um.es\/csidpub\/usuario21\/?page_id=524"},"modified":"2025-11-27T15:44:00","modified_gmt":"2025-11-27T14:44:00","slug":"musicales","status":"publish","type":"page","link":"https:\/\/gicd.inf.um.es\/csidpub\/usuario21\/musicales\/","title":{"rendered":"Musicales"},"content":{"rendered":"\n<div class=\"wp-block-query is-layout-flow wp-block-query-is-layout-flow\"><ul class=\"columns-2 wp-block-post-template is-layout-grid wp-container-core-post-template-is-layout-17361a50 wp-block-post-template-is-layout-grid\"><li class=\"wp-block-post post-447 post type-post status-publish format-standard has-post-thumbnail hentry category-musicales tag-drama tag-pelicula tag-romance\">\n\n<div class=\"wp-block-group bs-blog-post\"><div class=\"wp-block-group__inner-container is-layout-constrained wp-block-group-is-layout-constrained\"><figure class=\"wp-block-post-featured-image\"><a href=\"https:\/\/gicd.inf.um.es\/csidpub\/usuario21\/el-fantasma-de-la-opera-2004\/\" target=\"_self\"  ><img loading=\"lazy\" decoding=\"async\" width=\"1920\" height=\"1080\" src=\"https:\/\/gicd.inf.um.es\/csidpub\/usuario21\/wp-content\/uploads\/2025\/11\/474c6a838c4da9d4c76bfba3d3a57599a73eb317f0f5110ad2a1553c3b5904fe.jpg\" class=\"attachment-post-thumbnail size-post-thumbnail wp-post-image\" alt=\"El Fantasma de la \u00d3pera (2004)\" style=\"object-fit:cover;\" srcset=\"https:\/\/gicd.inf.um.es\/csidpub\/usuario21\/wp-content\/uploads\/2025\/11\/474c6a838c4da9d4c76bfba3d3a57599a73eb317f0f5110ad2a1553c3b5904fe.jpg 1920w, https:\/\/gicd.inf.um.es\/csidpub\/usuario21\/wp-content\/uploads\/2025\/11\/474c6a838c4da9d4c76bfba3d3a57599a73eb317f0f5110ad2a1553c3b5904fe-300x169.jpg 300w, https:\/\/gicd.inf.um.es\/csidpub\/usuario21\/wp-content\/uploads\/2025\/11\/474c6a838c4da9d4c76bfba3d3a57599a73eb317f0f5110ad2a1553c3b5904fe-1024x576.jpg 1024w, https:\/\/gicd.inf.um.es\/csidpub\/usuario21\/wp-content\/uploads\/2025\/11\/474c6a838c4da9d4c76bfba3d3a57599a73eb317f0f5110ad2a1553c3b5904fe-768x432.jpg 768w, https:\/\/gicd.inf.um.es\/csidpub\/usuario21\/wp-content\/uploads\/2025\/11\/474c6a838c4da9d4c76bfba3d3a57599a73eb317f0f5110ad2a1553c3b5904fe-1536x864.jpg 1536w, https:\/\/gicd.inf.um.es\/csidpub\/usuario21\/wp-content\/uploads\/2025\/11\/474c6a838c4da9d4c76bfba3d3a57599a73eb317f0f5110ad2a1553c3b5904fe-1280x720.jpg 1280w\" sizes=\"auto, (max-width: 1920px) 100vw, 1920px\" \/><\/a><\/figure>\n\n\n<div class=\"wp-block-group small\"><div class=\"wp-block-group__inner-container is-layout-constrained wp-block-group-is-layout-constrained\"><h2 class=\"wp-block-post-title\"><a href=\"https:\/\/gicd.inf.um.es\/csidpub\/usuario21\/el-fantasma-de-la-opera-2004\/\" target=\"_self\" >El Fantasma de la \u00d3pera (2004)<\/a><\/h2>\n\n<div class=\"taxonomy-post_tag wp-block-post-terms\"><a href=\"https:\/\/gicd.inf.um.es\/csidpub\/usuario21\/tag\/drama\/\" rel=\"tag\">Drama<\/a><span class=\"wp-block-post-terms__separator\">, <\/span><a href=\"https:\/\/gicd.inf.um.es\/csidpub\/usuario21\/tag\/pelicula\/\" rel=\"tag\">Pel\u00edcula<\/a><span class=\"wp-block-post-terms__separator\">, <\/span><a href=\"https:\/\/gicd.inf.um.es\/csidpub\/usuario21\/tag\/romance\/\" rel=\"tag\">Romance<\/a><\/div>\n\n<div class=\"wp-block-post-excerpt\"><p class=\"wp-block-post-excerpt__excerpt\">Una joven soprano se convierte en la obsesi\u00f3n de un genio musical desfigurado y asesino que vive debajo de la \u00d3pera de Par\u00eds. <\/p><\/div><\/div><\/div>\n\n\n\n<div style=\"height:100px\" aria-hidden=\"true\" class=\"wp-block-spacer\"><\/div>\n<\/div><\/div>\n\n<\/li><li class=\"wp-block-post post-435 post type-post status-publish format-standard has-post-thumbnail hentry category-musicales tag-drama tag-pelicula tag-romance tag-suenos\">\n\n<div class=\"wp-block-group bs-blog-post\"><div class=\"wp-block-group__inner-container is-layout-constrained wp-block-group-is-layout-constrained\"><figure class=\"wp-block-post-featured-image\"><a href=\"https:\/\/gicd.inf.um.es\/csidpub\/usuario21\/la-la-land\/\" target=\"_self\"  ><img loading=\"lazy\" decoding=\"async\" width=\"1920\" height=\"1080\" src=\"https:\/\/gicd.inf.um.es\/csidpub\/usuario21\/wp-content\/uploads\/2025\/11\/66ca30afa0954.jpg\" class=\"attachment-post-thumbnail size-post-thumbnail wp-post-image\" alt=\"La La Land\" style=\"object-fit:cover;\" srcset=\"https:\/\/gicd.inf.um.es\/csidpub\/usuario21\/wp-content\/uploads\/2025\/11\/66ca30afa0954.jpg 1920w, https:\/\/gicd.inf.um.es\/csidpub\/usuario21\/wp-content\/uploads\/2025\/11\/66ca30afa0954-300x169.jpg 300w, https:\/\/gicd.inf.um.es\/csidpub\/usuario21\/wp-content\/uploads\/2025\/11\/66ca30afa0954-1024x576.jpg 1024w, https:\/\/gicd.inf.um.es\/csidpub\/usuario21\/wp-content\/uploads\/2025\/11\/66ca30afa0954-768x432.jpg 768w, https:\/\/gicd.inf.um.es\/csidpub\/usuario21\/wp-content\/uploads\/2025\/11\/66ca30afa0954-1536x864.jpg 1536w, https:\/\/gicd.inf.um.es\/csidpub\/usuario21\/wp-content\/uploads\/2025\/11\/66ca30afa0954-1280x720.jpg 1280w\" sizes=\"auto, (max-width: 1920px) 100vw, 1920px\" \/><\/a><\/figure>\n\n\n<div class=\"wp-block-group small\"><div class=\"wp-block-group__inner-container is-layout-constrained wp-block-group-is-layout-constrained\"><h2 class=\"wp-block-post-title\"><a href=\"https:\/\/gicd.inf.um.es\/csidpub\/usuario21\/la-la-land\/\" target=\"_self\" >La La Land<\/a><\/h2>\n\n<div class=\"taxonomy-post_tag wp-block-post-terms\"><a href=\"https:\/\/gicd.inf.um.es\/csidpub\/usuario21\/tag\/drama\/\" rel=\"tag\">Drama<\/a><span class=\"wp-block-post-terms__separator\">, <\/span><a href=\"https:\/\/gicd.inf.um.es\/csidpub\/usuario21\/tag\/pelicula\/\" rel=\"tag\">Pel\u00edcula<\/a><span class=\"wp-block-post-terms__separator\">, <\/span><a href=\"https:\/\/gicd.inf.um.es\/csidpub\/usuario21\/tag\/romance\/\" rel=\"tag\">Romance<\/a><span class=\"wp-block-post-terms__separator\">, <\/span><a href=\"https:\/\/gicd.inf.um.es\/csidpub\/usuario21\/tag\/suenos\/\" rel=\"tag\">Sue\u00f1os<\/a><\/div>\n\n<div class=\"wp-block-post-excerpt\"><p class=\"wp-block-post-excerpt__excerpt\">En La La Land, Mia, una aspirante a actriz, y Sebastian, un dedicado m\u00fasico de jazz, luchan por llegar a fin de mes en una ciudad conocida por aplastar esperanzas y romper corazones. Ambientada en Los \u00c1ngeles, explora la alegr\u00eda y el dolor de perseguir tus sue\u00f1os. <\/p><\/div><\/div><\/div>\n\n\n\n<div style=\"height:100px\" aria-hidden=\"true\" class=\"wp-block-spacer\"><\/div>\n<\/div><\/div>\n\n<\/li><li class=\"wp-block-post post-423 post type-post status-publish format-standard has-post-thumbnail hentry category-musicales tag-amistad tag-fantasia tag-magia tag-pelicula\">\n\n<div class=\"wp-block-group bs-blog-post\"><div class=\"wp-block-group__inner-container is-layout-constrained wp-block-group-is-layout-constrained\"><figure class=\"wp-block-post-featured-image\"><a href=\"https:\/\/gicd.inf.um.es\/csidpub\/usuario21\/wicked\/\" target=\"_self\"  ><img loading=\"lazy\" decoding=\"async\" width=\"1920\" height=\"1080\" src=\"https:\/\/gicd.inf.um.es\/csidpub\/usuario21\/wp-content\/uploads\/2025\/11\/6648a02e8615e.jpg\" class=\"attachment-post-thumbnail size-post-thumbnail wp-post-image\" alt=\"Wicked\" style=\"object-fit:cover;\" srcset=\"https:\/\/gicd.inf.um.es\/csidpub\/usuario21\/wp-content\/uploads\/2025\/11\/6648a02e8615e.jpg 1920w, https:\/\/gicd.inf.um.es\/csidpub\/usuario21\/wp-content\/uploads\/2025\/11\/6648a02e8615e-300x169.jpg 300w, https:\/\/gicd.inf.um.es\/csidpub\/usuario21\/wp-content\/uploads\/2025\/11\/6648a02e8615e-1024x576.jpg 1024w, https:\/\/gicd.inf.um.es\/csidpub\/usuario21\/wp-content\/uploads\/2025\/11\/6648a02e8615e-768x432.jpg 768w, https:\/\/gicd.inf.um.es\/csidpub\/usuario21\/wp-content\/uploads\/2025\/11\/6648a02e8615e-1536x864.jpg 1536w, https:\/\/gicd.inf.um.es\/csidpub\/usuario21\/wp-content\/uploads\/2025\/11\/6648a02e8615e-1280x720.jpg 1280w\" sizes=\"auto, (max-width: 1920px) 100vw, 1920px\" \/><\/a><\/figure>\n\n\n<div class=\"wp-block-group small\"><div class=\"wp-block-group__inner-container is-layout-constrained wp-block-group-is-layout-constrained\"><h2 class=\"wp-block-post-title\"><a href=\"https:\/\/gicd.inf.um.es\/csidpub\/usuario21\/wicked\/\" target=\"_self\" >Wicked<\/a><\/h2>\n\n<div class=\"taxonomy-post_tag wp-block-post-terms\"><a href=\"https:\/\/gicd.inf.um.es\/csidpub\/usuario21\/tag\/amistad\/\" rel=\"tag\">Amistad<\/a><span class=\"wp-block-post-terms__separator\">, <\/span><a href=\"https:\/\/gicd.inf.um.es\/csidpub\/usuario21\/tag\/fantasia\/\" rel=\"tag\">Fantas\u00eda<\/a><span class=\"wp-block-post-terms__separator\">, <\/span><a href=\"https:\/\/gicd.inf.um.es\/csidpub\/usuario21\/tag\/magia\/\" rel=\"tag\">Magia<\/a><span class=\"wp-block-post-terms__separator\">, <\/span><a href=\"https:\/\/gicd.inf.um.es\/csidpub\/usuario21\/tag\/pelicula\/\" rel=\"tag\">Pel\u00edcula<\/a><\/div>\n\n<div class=\"wp-block-post-excerpt\"><p class=\"wp-block-post-excerpt__excerpt\">Ambientada en la Tierra de Oz, mucho antes de la llegada de Dorothy Gale desde Kansas, la trama abarca los acontecimientos del primer acto del musical de Broadway. Elphaba es una joven incomprendida por su inusual color verde que a\u00fan no ha descubierto su verdadero poder. Glinda es una joven popular marcada por sus privilegios&hellip; <\/p><\/div><\/div><\/div>\n\n\n\n<div style=\"height:100px\" aria-hidden=\"true\" class=\"wp-block-spacer\"><\/div>\n<\/div><\/div>\n\n<\/li><\/ul>\n\n\n\n<\/div>\n","protected":false},"excerpt":{"rendered":"","protected":false},"author":1,"featured_media":0,"parent":0,"menu_order":0,"comment_status":"closed","ping_status":"closed","template":"","meta":{"pgc_sgb_lightbox_settings":"","footnotes":""},"class_list":["post-524","page","type-page","status-publish","hentry"],"_links":{"self":[{"href":"https:\/\/gicd.inf.um.es\/csidpub\/usuario21\/wp-json\/wp\/v2\/pages\/524","targetHints":{"allow":["GET"]}}],"collection":[{"href":"https:\/\/gicd.inf.um.es\/csidpub\/usuario21\/wp-json\/wp\/v2\/pages"}],"about":[{"href":"https:\/\/gicd.inf.um.es\/csidpub\/usuario21\/wp-json\/wp\/v2\/types\/page"}],"author":[{"embeddable":true,"href":"https:\/\/gicd.inf.um.es\/csidpub\/usuario21\/wp-json\/wp\/v2\/users\/1"}],"replies":[{"embeddable":true,"href":"https:\/\/gicd.inf.um.es\/csidpub\/usuario21\/wp-json\/wp\/v2\/comments?post=524"}],"version-history":[{"count":2,"href":"https:\/\/gicd.inf.um.es\/csidpub\/usuario21\/wp-json\/wp\/v2\/pages\/524\/revisions"}],"predecessor-version":[{"id":530,"href":"https:\/\/gicd.inf.um.es\/csidpub\/usuario21\/wp-json\/wp\/v2\/pages\/524\/revisions\/530"}],"wp:attachment":[{"href":"https:\/\/gicd.inf.um.es\/csidpub\/usuario21\/wp-json\/wp\/v2\/media?parent=524"}],"curies":[{"name":"wp","href":"https:\/\/api.w.org\/{rel}","templated":true}]}}