{"id":528,"date":"2025-11-27T15:42:20","date_gmt":"2025-11-27T14:42:20","guid":{"rendered":"https:\/\/gicd.inf.um.es\/csidpub\/usuario21\/?page_id=528"},"modified":"2025-11-27T15:56:47","modified_gmt":"2025-11-27T14:56:47","slug":"personajes","status":"publish","type":"page","link":"https:\/\/gicd.inf.um.es\/csidpub\/usuario21\/personajes\/","title":{"rendered":"Personajes"},"content":{"rendered":"\n<div class=\"wp-block-query is-layout-flow wp-block-query-is-layout-flow\"><ul class=\"columns-2 wp-block-post-template is-layout-grid wp-container-core-post-template-is-layout-17361a50 wp-block-post-template-is-layout-grid\"><li class=\"wp-block-post post-394 post type-post status-publish format-standard has-post-thumbnail hentry category-personajes tag-basada-en-libros tag-ciencia-ficcion tag-distopia tag-pelicula\">\n\n<div class=\"wp-block-group bs-blog-post\"><div class=\"wp-block-group__inner-container is-layout-constrained wp-block-group-is-layout-constrained\"><figure class=\"wp-block-post-featured-image\"><a href=\"https:\/\/gicd.inf.um.es\/csidpub\/usuario21\/katniss-everdeen\/\" target=\"_self\"  ><img loading=\"lazy\" decoding=\"async\" width=\"1920\" height=\"1080\" src=\"https:\/\/gicd.inf.um.es\/csidpub\/usuario21\/wp-content\/uploads\/2025\/11\/63bd59d28f716.jpg\" class=\"attachment-post-thumbnail size-post-thumbnail wp-post-image\" alt=\"Katniss Everdeen (Los Juegos del Hambre)\" style=\"object-fit:cover;\" srcset=\"https:\/\/gicd.inf.um.es\/csidpub\/usuario21\/wp-content\/uploads\/2025\/11\/63bd59d28f716.jpg 1920w, https:\/\/gicd.inf.um.es\/csidpub\/usuario21\/wp-content\/uploads\/2025\/11\/63bd59d28f716-300x169.jpg 300w, https:\/\/gicd.inf.um.es\/csidpub\/usuario21\/wp-content\/uploads\/2025\/11\/63bd59d28f716-1024x576.jpg 1024w, https:\/\/gicd.inf.um.es\/csidpub\/usuario21\/wp-content\/uploads\/2025\/11\/63bd59d28f716-768x432.jpg 768w, https:\/\/gicd.inf.um.es\/csidpub\/usuario21\/wp-content\/uploads\/2025\/11\/63bd59d28f716-1536x864.jpg 1536w, https:\/\/gicd.inf.um.es\/csidpub\/usuario21\/wp-content\/uploads\/2025\/11\/63bd59d28f716-1280x720.jpg 1280w\" sizes=\"auto, (max-width: 1920px) 100vw, 1920px\" \/><\/a><\/figure>\n\n\n<div class=\"wp-block-group small\"><div class=\"wp-block-group__inner-container is-layout-constrained wp-block-group-is-layout-constrained\"><div class=\"taxonomy-post_tag wp-block-post-terms\"><a href=\"https:\/\/gicd.inf.um.es\/csidpub\/usuario21\/tag\/basada-en-libros\/\" rel=\"tag\">Basada en libros<\/a><span class=\"wp-block-post-terms__separator\">, <\/span><a href=\"https:\/\/gicd.inf.um.es\/csidpub\/usuario21\/tag\/ciencia-ficcion\/\" rel=\"tag\">Ciencia ficci\u00f3n<\/a><span class=\"wp-block-post-terms__separator\">, <\/span><a href=\"https:\/\/gicd.inf.um.es\/csidpub\/usuario21\/tag\/distopia\/\" rel=\"tag\">Distop\u00eda<\/a><span class=\"wp-block-post-terms__separator\">, <\/span><a href=\"https:\/\/gicd.inf.um.es\/csidpub\/usuario21\/tag\/pelicula\/\" rel=\"tag\">Pel\u00edcula<\/a><\/div>\n\n<h2 class=\"wp-block-post-title\"><a href=\"https:\/\/gicd.inf.um.es\/csidpub\/usuario21\/katniss-everdeen\/\" target=\"_self\" >Katniss Everdeen (Los Juegos del Hambre)<\/a><\/h2>\n\n<div class=\"wp-block-post-excerpt\"><p class=\"wp-block-post-excerpt__excerpt\">Una adolescente ingeniosa toma el lugar de su hermana menor en una competencia brutal en la que j\u00f3venes de cada uno de los 12 distritos luchan a muerte en televisi\u00f3n en vivo. <\/p><\/div><\/div><\/div>\n\n\n\n<div style=\"height:30px\" aria-hidden=\"true\" class=\"wp-block-spacer\"><\/div>\n<\/div><\/div>\n\n<\/li><li class=\"wp-block-post post-377 post type-post status-publish format-standard has-post-thumbnail hentry category-personajes tag-pelicula tag-reina tag-star-wars\">\n\n<div class=\"wp-block-group bs-blog-post\"><div class=\"wp-block-group__inner-container is-layout-constrained wp-block-group-is-layout-constrained\"><figure class=\"wp-block-post-featured-image\"><a href=\"https:\/\/gicd.inf.um.es\/csidpub\/usuario21\/padme-amidala-star-wars\/\" target=\"_self\"  ><img loading=\"lazy\" decoding=\"async\" width=\"640\" height=\"360\" src=\"https:\/\/gicd.inf.um.es\/csidpub\/usuario21\/wp-content\/uploads\/2025\/11\/natalie-portman.webp\" class=\"attachment-post-thumbnail size-post-thumbnail wp-post-image\" alt=\"Padm\u00e9 Amidala (Star Wars)\" style=\"object-fit:cover;\" srcset=\"https:\/\/gicd.inf.um.es\/csidpub\/usuario21\/wp-content\/uploads\/2025\/11\/natalie-portman.webp 640w, https:\/\/gicd.inf.um.es\/csidpub\/usuario21\/wp-content\/uploads\/2025\/11\/natalie-portman-300x169.webp 300w\" sizes=\"auto, (max-width: 640px) 100vw, 640px\" \/><\/a><\/figure>\n\n\n<div class=\"wp-block-group small\"><div class=\"wp-block-group__inner-container is-layout-constrained wp-block-group-is-layout-constrained\"><div class=\"taxonomy-post_tag wp-block-post-terms\"><a href=\"https:\/\/gicd.inf.um.es\/csidpub\/usuario21\/tag\/pelicula\/\" rel=\"tag\">Pel\u00edcula<\/a><span class=\"wp-block-post-terms__separator\">, <\/span><a href=\"https:\/\/gicd.inf.um.es\/csidpub\/usuario21\/tag\/reina\/\" rel=\"tag\">Reina<\/a><span class=\"wp-block-post-terms__separator\">, <\/span><a href=\"https:\/\/gicd.inf.um.es\/csidpub\/usuario21\/tag\/star-wars\/\" rel=\"tag\">Star Wars<\/a><\/div>\n\n<h2 class=\"wp-block-post-title\"><a href=\"https:\/\/gicd.inf.um.es\/csidpub\/usuario21\/padme-amidala-star-wars\/\" target=\"_self\" >Padm\u00e9 Amidala (Star Wars)<\/a><\/h2>\n\n<div class=\"wp-block-post-excerpt\"><p class=\"wp-block-post-excerpt__excerpt\">Padm\u00e9 Amidala, interpretada por Natalie Portman, es una de las figuras m\u00e1s importantes de Star Wars. Debut\u00f3 en La amenaza fantasma (1999) como Reina de Naboo, elegida democr\u00e1ticamente con tan solo 14 a\u00f1os. Tras su mandato, se convierte en Senadora de la Rep\u00fablica Gal\u00e1ctica, donde lucha incansablemente por la paz y la diplomacia en un&hellip; <\/p><\/div><\/div><\/div>\n\n\n\n<div style=\"height:30px\" aria-hidden=\"true\" class=\"wp-block-spacer\"><\/div>\n<\/div><\/div>\n\n<\/li><li class=\"wp-block-post post-357 post type-post status-publish format-standard has-post-thumbnail hentry category-personajes tag-basado-en-un-libro tag-frankenstein tag-prejuicios\">\n\n<div class=\"wp-block-group bs-blog-post\"><div class=\"wp-block-group__inner-container is-layout-constrained wp-block-group-is-layout-constrained\"><figure class=\"wp-block-post-featured-image\"><a href=\"https:\/\/gicd.inf.um.es\/csidpub\/usuario21\/la-criatura-frankenstein-2025\/\" target=\"_self\"  ><img loading=\"lazy\" decoding=\"async\" width=\"680\" height=\"1000\" src=\"https:\/\/gicd.inf.um.es\/csidpub\/usuario21\/wp-content\/uploads\/2025\/11\/690b66c452f27.jpg\" class=\"attachment-post-thumbnail size-post-thumbnail wp-post-image\" alt=\"La criatura (Frankenstein, 2025)\" style=\"object-fit:cover;\" srcset=\"https:\/\/gicd.inf.um.es\/csidpub\/usuario21\/wp-content\/uploads\/2025\/11\/690b66c452f27.jpg 680w, https:\/\/gicd.inf.um.es\/csidpub\/usuario21\/wp-content\/uploads\/2025\/11\/690b66c452f27-204x300.jpg 204w\" sizes=\"auto, (max-width: 680px) 100vw, 680px\" \/><\/a><\/figure>\n\n\n<div class=\"wp-block-group small\"><div class=\"wp-block-group__inner-container is-layout-constrained wp-block-group-is-layout-constrained\"><div class=\"taxonomy-post_tag wp-block-post-terms\"><a href=\"https:\/\/gicd.inf.um.es\/csidpub\/usuario21\/tag\/basado-en-un-libro\/\" rel=\"tag\">Basado en un libro<\/a><span class=\"wp-block-post-terms__separator\">, <\/span><a href=\"https:\/\/gicd.inf.um.es\/csidpub\/usuario21\/tag\/frankenstein\/\" rel=\"tag\">Frankenstein<\/a><span class=\"wp-block-post-terms__separator\">, <\/span><a href=\"https:\/\/gicd.inf.um.es\/csidpub\/usuario21\/tag\/prejuicios\/\" rel=\"tag\">Prejuicios<\/a><\/div>\n\n<h2 class=\"wp-block-post-title\"><a href=\"https:\/\/gicd.inf.um.es\/csidpub\/usuario21\/la-criatura-frankenstein-2025\/\" target=\"_self\" >La criatura (Frankenstein, 2025)<\/a><\/h2>\n\n<div class=\"wp-block-post-excerpt\"><p class=\"wp-block-post-excerpt__excerpt\">Victor Frankenstein, un cient\u00edfico brillante pero ego\u00edsta, da vida a una criatura en un monstruoso experimento que finalmente conduce a la ruina tanto del creador como de su tr\u00e1gica creaci\u00f3n. <\/p><\/div><\/div><\/div>\n\n\n\n<div style=\"height:30px\" aria-hidden=\"true\" class=\"wp-block-spacer\"><\/div>\n<\/div><\/div>\n\n<\/li><\/ul>\n\n\n\n<\/div>\n","protected":false},"excerpt":{"rendered":"","protected":false},"author":1,"featured_media":0,"parent":0,"menu_order":0,"comment_status":"closed","ping_status":"closed","template":"","meta":{"pgc_sgb_lightbox_settings":"","footnotes":""},"class_list":["post-528","page","type-page","status-publish","hentry"],"_links":{"self":[{"href":"https:\/\/gicd.inf.um.es\/csidpub\/usuario21\/wp-json\/wp\/v2\/pages\/528","targetHints":{"allow":["GET"]}}],"collection":[{"href":"https:\/\/gicd.inf.um.es\/csidpub\/usuario21\/wp-json\/wp\/v2\/pages"}],"about":[{"href":"https:\/\/gicd.inf.um.es\/csidpub\/usuario21\/wp-json\/wp\/v2\/types\/page"}],"author":[{"embeddable":true,"href":"https:\/\/gicd.inf.um.es\/csidpub\/usuario21\/wp-json\/wp\/v2\/users\/1"}],"replies":[{"embeddable":true,"href":"https:\/\/gicd.inf.um.es\/csidpub\/usuario21\/wp-json\/wp\/v2\/comments?post=528"}],"version-history":[{"count":2,"href":"https:\/\/gicd.inf.um.es\/csidpub\/usuario21\/wp-json\/wp\/v2\/pages\/528\/revisions"}],"predecessor-version":[{"id":534,"href":"https:\/\/gicd.inf.um.es\/csidpub\/usuario21\/wp-json\/wp\/v2\/pages\/528\/revisions\/534"}],"wp:attachment":[{"href":"https:\/\/gicd.inf.um.es\/csidpub\/usuario21\/wp-json\/wp\/v2\/media?parent=528"}],"curies":[{"name":"wp","href":"https:\/\/api.w.org\/{rel}","templated":true}]}}