{"id":631,"date":"2026-03-24T10:58:33","date_gmt":"2026-03-24T09:58:33","guid":{"rendered":"https:\/\/gicd.inf.um.es\/csidpub\/usuario21\/?post_type=product&#038;p=631"},"modified":"2026-03-24T10:58:34","modified_gmt":"2026-03-24T09:58:34","slug":"the-expatriates-edicion-en-ingles","status":"publish","type":"product","link":"https:\/\/gicd.inf.um.es\/csidpub\/usuario21\/producto\/the-expatriates-edicion-en-ingles\/","title":{"rendered":"The Expatriates (edici\u00f3n en Ingl\u00e9s)"},"content":{"rendered":"<p>Novela The Expatriates, de Janice Y.K. Lee. Edici\u00f3n en Ingl\u00e9s de Bolsillo en tapa blanda. Novela que ha servidor de inspiraci\u00f3n a la serie de TV del mismo t\u00edtulo.<\/p>\n","protected":false},"excerpt":{"rendered":"<p>Edici\u00f3n en Ingl\u00e9s de bolsillo de la novela The Expatriates de Janice Y.K. Lee.<\/p>\n","protected":false},"featured_media":0,"comment_status":"closed","ping_status":"closed","template":"","meta":{"pgc_sgb_lightbox_settings":""},"product_brand":[],"product_cat":[99],"product_tag":[120,111,119],"class_list":{"0":"post-631","1":"product","2":"type-product","3":"status-publish","5":"product_cat-libros","6":"product_tag-libros-en-edicion-inglesa","7":"product_tag-novelas","8":"product_tag-the-expatriates","10":"first","11":"instock","12":"taxable","13":"shipping-taxable","14":"purchasable","15":"product-type-simple"},"_links":{"self":[{"href":"https:\/\/gicd.inf.um.es\/csidpub\/usuario21\/wp-json\/wp\/v2\/product\/631","targetHints":{"allow":["GET"]}}],"collection":[{"href":"https:\/\/gicd.inf.um.es\/csidpub\/usuario21\/wp-json\/wp\/v2\/product"}],"about":[{"href":"https:\/\/gicd.inf.um.es\/csidpub\/usuario21\/wp-json\/wp\/v2\/types\/product"}],"replies":[{"embeddable":true,"href":"https:\/\/gicd.inf.um.es\/csidpub\/usuario21\/wp-json\/wp\/v2\/comments?post=631"}],"wp:attachment":[{"href":"https:\/\/gicd.inf.um.es\/csidpub\/usuario21\/wp-json\/wp\/v2\/media?parent=631"}],"wp:term":[{"taxonomy":"product_brand","embeddable":true,"href":"https:\/\/gicd.inf.um.es\/csidpub\/usuario21\/wp-json\/wp\/v2\/product_brand?post=631"},{"taxonomy":"product_cat","embeddable":true,"href":"https:\/\/gicd.inf.um.es\/csidpub\/usuario21\/wp-json\/wp\/v2\/product_cat?post=631"},{"taxonomy":"product_tag","embeddable":true,"href":"https:\/\/gicd.inf.um.es\/csidpub\/usuario21\/wp-json\/wp\/v2\/product_tag?post=631"}],"curies":[{"name":"wp","href":"https:\/\/api.w.org\/{rel}","templated":true}]}}