{"id":818,"date":"2026-03-12T18:25:06","date_gmt":"2026-03-12T17:25:06","guid":{"rendered":"https:\/\/gicd.inf.um.es\/csidpub\/usuario22\/?post_type=product&#038;p=818"},"modified":"2026-03-12T18:25:08","modified_gmt":"2026-03-12T17:25:08","slug":"poster-de-la-temporada-1-de-la-serie-de-tv-the-crown","status":"publish","type":"product","link":"https:\/\/gicd.inf.um.es\/csidpub\/usuario22\/producto\/poster-de-la-temporada-1-de-la-serie-de-tv-the-crown\/","title":{"rendered":"P\u00f3ster de la temporada 1 de la serie de TV The Crown"},"content":{"rendered":"<p>P\u00f3ster enmarcado de la temporada 1 de The Crown, de un tama\u00f1o de 50x75cm en material de lona. Estampado de gran calidad y fabricaci\u00f3n propia. Presentado en un marco de madera resistente.<\/p>\n","protected":false},"excerpt":{"rendered":"<p>P\u00f3ster enmarcado con impresi\u00f3n de calidad de la serie The Crown.<\/p>\n","protected":false},"featured_media":819,"comment_status":"closed","ping_status":"closed","template":"","meta":{"pgc_sgb_lightbox_settings":""},"product_brand":[],"product_cat":[85,90,89],"product_tag":[107,108],"class_list":{"0":"post-818","1":"product","2":"type-product","3":"status-publish","4":"has-post-thumbnail","6":"product_cat-hogar-y-cocina","7":"product_cat-cuadros-posters-y-laminas","8":"product_cat-decoracion","9":"product_tag-poster","10":"product_tag-the-crown","12":"first","13":"instock","14":"taxable","15":"shipping-taxable","16":"purchasable","17":"product-type-simple"},"_links":{"self":[{"href":"https:\/\/gicd.inf.um.es\/csidpub\/usuario22\/wp-json\/wp\/v2\/product\/818","targetHints":{"allow":["GET"]}}],"collection":[{"href":"https:\/\/gicd.inf.um.es\/csidpub\/usuario22\/wp-json\/wp\/v2\/product"}],"about":[{"href":"https:\/\/gicd.inf.um.es\/csidpub\/usuario22\/wp-json\/wp\/v2\/types\/product"}],"replies":[{"embeddable":true,"href":"https:\/\/gicd.inf.um.es\/csidpub\/usuario22\/wp-json\/wp\/v2\/comments?post=818"}],"wp:featuredmedia":[{"embeddable":true,"href":"https:\/\/gicd.inf.um.es\/csidpub\/usuario22\/wp-json\/wp\/v2\/media\/819"}],"wp:attachment":[{"href":"https:\/\/gicd.inf.um.es\/csidpub\/usuario22\/wp-json\/wp\/v2\/media?parent=818"}],"wp:term":[{"taxonomy":"product_brand","embeddable":true,"href":"https:\/\/gicd.inf.um.es\/csidpub\/usuario22\/wp-json\/wp\/v2\/product_brand?post=818"},{"taxonomy":"product_cat","embeddable":true,"href":"https:\/\/gicd.inf.um.es\/csidpub\/usuario22\/wp-json\/wp\/v2\/product_cat?post=818"},{"taxonomy":"product_tag","embeddable":true,"href":"https:\/\/gicd.inf.um.es\/csidpub\/usuario22\/wp-json\/wp\/v2\/product_tag?post=818"}],"curies":[{"name":"wp","href":"https:\/\/api.w.org\/{rel}","templated":true}]}}