{"id":821,"date":"2026-03-12T18:29:18","date_gmt":"2026-03-12T17:29:18","guid":{"rendered":"https:\/\/gicd.inf.um.es\/csidpub\/usuario22\/?post_type=product&#038;p=821"},"modified":"2026-03-12T18:29:19","modified_gmt":"2026-03-12T17:29:19","slug":"the-expatriates-edicion-en-ingles","status":"publish","type":"product","link":"https:\/\/gicd.inf.um.es\/csidpub\/usuario22\/producto\/the-expatriates-edicion-en-ingles\/","title":{"rendered":"The Expatriates (edici\u00f3n en Ingl\u00e9s)"},"content":{"rendered":"<p>Novela The Expatriates, de Janice Y.K. Lee. Edici\u00f3n en Ingl\u00e9s de Bolsillo en tapa blanda. Novela que ha servidor de inspiraci\u00f3n a la serie de TV del mismo t\u00edtulo.<\/p>\n","protected":false},"excerpt":{"rendered":"<p>Edici\u00f3n en Ingl\u00e9s de bolsillo de la novela The Expatriates de Janice Y.K. Lee.<\/p>\n","protected":false},"featured_media":822,"comment_status":"closed","ping_status":"closed","template":"","meta":{"pgc_sgb_lightbox_settings":""},"product_brand":[],"product_cat":[87],"product_tag":[110,101,109],"class_list":{"0":"post-821","1":"product","2":"type-product","3":"status-publish","4":"has-post-thumbnail","6":"product_cat-libros","7":"product_tag-libros-en-edicion-inglesa","8":"product_tag-novelas","9":"product_tag-the-expatriates","11":"first","12":"instock","13":"taxable","14":"shipping-taxable","15":"purchasable","16":"product-type-simple"},"_links":{"self":[{"href":"https:\/\/gicd.inf.um.es\/csidpub\/usuario22\/wp-json\/wp\/v2\/product\/821","targetHints":{"allow":["GET"]}}],"collection":[{"href":"https:\/\/gicd.inf.um.es\/csidpub\/usuario22\/wp-json\/wp\/v2\/product"}],"about":[{"href":"https:\/\/gicd.inf.um.es\/csidpub\/usuario22\/wp-json\/wp\/v2\/types\/product"}],"replies":[{"embeddable":true,"href":"https:\/\/gicd.inf.um.es\/csidpub\/usuario22\/wp-json\/wp\/v2\/comments?post=821"}],"wp:featuredmedia":[{"embeddable":true,"href":"https:\/\/gicd.inf.um.es\/csidpub\/usuario22\/wp-json\/wp\/v2\/media\/822"}],"wp:attachment":[{"href":"https:\/\/gicd.inf.um.es\/csidpub\/usuario22\/wp-json\/wp\/v2\/media?parent=821"}],"wp:term":[{"taxonomy":"product_brand","embeddable":true,"href":"https:\/\/gicd.inf.um.es\/csidpub\/usuario22\/wp-json\/wp\/v2\/product_brand?post=821"},{"taxonomy":"product_cat","embeddable":true,"href":"https:\/\/gicd.inf.um.es\/csidpub\/usuario22\/wp-json\/wp\/v2\/product_cat?post=821"},{"taxonomy":"product_tag","embeddable":true,"href":"https:\/\/gicd.inf.um.es\/csidpub\/usuario22\/wp-json\/wp\/v2\/product_tag?post=821"}],"curies":[{"name":"wp","href":"https:\/\/api.w.org\/{rel}","templated":true}]}}