{"id":185,"date":"2025-11-12T15:15:32","date_gmt":"2025-11-12T14:15:32","guid":{"rendered":"https:\/\/gicd.inf.um.es\/csidpub\/usuario26\/?page_id=185"},"modified":"2025-11-23T18:47:21","modified_gmt":"2025-11-23T17:47:21","slug":"el-magico-mundo-de-harry-potter","status":"publish","type":"page","link":"https:\/\/gicd.inf.um.es\/csidpub\/usuario26\/el-magico-mundo-de-harry-potter\/","title":{"rendered":"El M\u00e1gico Mundo de Harry Potter"},"content":{"rendered":"\n<h2 class=\"wp-block-heading\">PRESENTACI\u00d3N <\/h2>\n\n\n\n<p class=\"has-text-align-left\">Bienvenido al Mundo M\u00e1gico de Harry Potter, este espacio esta dedicado a explorar el universo creado por J.K. Rowling, donde la fantas\u00eda, la amistad y la magia cobran vida. En este sitio encontrar\u00e1s informaci\u00f3n sobre las casas de Hogwarts, los personajes m\u00e1s importantes de la saga, un repaso por las producciones cinematogr\u00e1ficas que marcaron a toda una generaci\u00f3n, los eventos mas visitados y por \u00faltimo pero no por ellos lo m\u00e1s importante los hechizos m\u00e1s sonados. <\/p>\n\n\n\n<div style=\"height:50px\" aria-hidden=\"true\" class=\"wp-block-spacer\"><\/div>\n\n\n\n<h2 class=\"wp-block-heading\">Fundadores de las casas<\/h2>\n\n\n\n<div class=\"wp-block-columns is-layout-flex wp-container-core-columns-is-layout-9d6595d7 wp-block-columns-is-layout-flex\">\n<div class=\"wp-block-column is-layout-flow wp-block-column-is-layout-flow\">\n<h2 class=\"wp-block-heading has-text-align-center\">Godric Gryffindor<\/h2>\n\n\n\n<figure class=\"wp-block-image size-full\"><img loading=\"lazy\" decoding=\"async\" width=\"540\" height=\"880\" src=\"https:\/\/gicd.inf.um.es\/csidpub\/usuario26\/wp-content\/uploads\/2025\/11\/godric-gryffindor.webp\" alt=\".\" class=\"wp-image-642\" srcset=\"https:\/\/gicd.inf.um.es\/csidpub\/usuario26\/wp-content\/uploads\/2025\/11\/godric-gryffindor.webp 540w, https:\/\/gicd.inf.um.es\/csidpub\/usuario26\/wp-content\/uploads\/2025\/11\/godric-gryffindor-184x300.webp 184w\" sizes=\"auto, (max-width: 540px) 100vw, 540px\" \/><\/figure>\n\n\n\n<p class=\"has-text-align-center\">Gryffindor fue fundado por un mago que siempre destac\u00f3 por su sentido de la justicia. \u00c9l defend\u00eda que cualquier ni\u00f1o que mostrara se\u00f1ales de magia antes de cumplir los 11 a\u00f1os merec\u00eda tener la oportunidad de estudiar en Hogwarts. Para su casa escog\u00eda a quienes se distingu\u00edan por su valor, su coraje y su determinaci\u00f3n. Adem\u00e1<\/p>\n<\/div>\n\n\n\n<div class=\"wp-block-column is-layout-flow wp-block-column-is-layout-flow\">\n<h2 class=\"wp-block-heading has-text-align-center\">Salazar Slytherin<\/h2>\n\n\n\n<figure class=\"wp-block-image size-full\"><img loading=\"lazy\" decoding=\"async\" width=\"585\" height=\"954\" src=\"https:\/\/gicd.inf.um.es\/csidpub\/usuario26\/wp-content\/uploads\/2025\/11\/salazar-slytherin.webp\" alt=\".\" class=\"wp-image-643\" srcset=\"https:\/\/gicd.inf.um.es\/csidpub\/usuario26\/wp-content\/uploads\/2025\/11\/salazar-slytherin.webp 585w, https:\/\/gicd.inf.um.es\/csidpub\/usuario26\/wp-content\/uploads\/2025\/11\/salazar-slytherin-184x300.webp 184w\" sizes=\"auto, (max-width: 585px) 100vw, 585px\" \/><\/figure>\n\n\n\n<p class=\"has-text-align-center\">El fundador de Slytherin fue un mago especialmente astuto, muy parecido en car\u00e1cter a muchos de los estudiantes que m\u00e1s tarde formar\u00edan parte de su casa. Estaba convencido de que solo los magos de sangre pura Hogwarts, y por esa raz\u00f3n su casa aceptaba \u00fanicamente a alumnos con ese linaje. Con el tiempo, esta forma de pensar gener\u00f3 un conflicto serio con los dem\u00e1s fundadores, especialmente con Gryffindor, hasta que la tensi\u00f3n termin\u00f3 rompiendo su relaci\u00f3n y provoc\u00f3 que Slytherin abandonara la escuela. Antes de marcharse, dej\u00f3 tras \u00e9l la C\u00e1mara de los Secretos, que conten\u00eda una enorme estatua suya y un monstrSlytherin<\/p>\n<\/div>\n\n\n\n<div class=\"wp-block-column is-layout-flow wp-block-column-is-layout-flow\">\n<h2 class=\"wp-block-heading has-text-align-center\">Rowena Ravenclaw<\/h2>\n\n\n\n<figure class=\"wp-block-image size-large\"><img loading=\"lazy\" decoding=\"async\" width=\"576\" height=\"1024\" src=\"https:\/\/gicd.inf.um.es\/csidpub\/usuario26\/wp-content\/uploads\/2025\/11\/Rowena-576x1024.webp\" alt=\".\" class=\"wp-image-644\" srcset=\"https:\/\/gicd.inf.um.es\/csidpub\/usuario26\/wp-content\/uploads\/2025\/11\/Rowena-576x1024.webp 576w, https:\/\/gicd.inf.um.es\/csidpub\/usuario26\/wp-content\/uploads\/2025\/11\/Rowena-169x300.webp 169w, https:\/\/gicd.inf.um.es\/csidpub\/usuario26\/wp-content\/uploads\/2025\/11\/Rowena.webp 688w\" sizes=\"auto, (max-width: 576px) 100vw, 576px\" \/><\/figure>\n\n\n\n<p class=\"has-text-align-center\">La fundadora de la casa Ravenclaw fue una mujer de gran inteligencia y car\u00e1cter. Para ella, el conocimiento y la agudeza mental eran cualidades esenciales, y por eso en su casa siempre se ha valorado tanto el intelecto. Su objetivo era convertirRavenclaw<\/p>\n<\/div>\n\n\n\n<div class=\"wp-block-column is-layout-flow wp-block-column-is-layout-flow\">\n<h2 class=\"wp-block-heading has-text-align-center\">Helga Hufflepuff<\/h2>\n\n\n\n<figure class=\"wp-block-image size-full\"><img loading=\"lazy\" decoding=\"async\" width=\"540\" height=\"873\" src=\"https:\/\/gicd.inf.um.es\/csidpub\/usuario26\/wp-content\/uploads\/2025\/11\/Helga-1.webp\" alt=\"\" class=\"wp-image-648\" srcset=\"https:\/\/gicd.inf.um.es\/csidpub\/usuario26\/wp-content\/uploads\/2025\/11\/Helga-1.webp 540w, https:\/\/gicd.inf.um.es\/csidpub\/usuario26\/wp-content\/uploads\/2025\/11\/Helga-1-186x300.webp 186w\" sizes=\"auto, (max-width: 540px) 100vw, 540px\" \/><\/figure>\n\n\n\n<p class=\"has-text-align-center\">La fundadora de la casa Hufflepuff era una mujer bondadosa y cercana. En su casa siempre se han valorado cualidades como la lealtad, la paciencia y el esfuerzo constante por encima de cualquier otra cosa. Adem\u00e1s, se sabe que fue ella quien ofreci\u00f3 un lugar de trabajo seguro a los elfos dom\u00e9sticos dentro de Hogwarts. La casa Hufflepuff est\u00e1 asociada con el elemento tierra.<\/p>\n<\/div>\n<\/div>\n\n\n\n<div style=\"height:60px\" aria-hidden=\"true\" class=\"wp-block-spacer\"><\/div>\n\n\n\n<h2 class=\"wp-block-heading\">Las Casas de Hogwarts<\/h2>\n\n\n\n<div class=\"wp-block-columns is-layout-flex wp-container-core-columns-is-layout-9d6595d7 wp-block-columns-is-layout-flex\">\n<div class=\"wp-block-column is-layout-flow wp-block-column-is-layout-flow\">\n<h2 class=\"wp-block-heading has-text-align-center\">Gryffindor<\/h2>\n\n\n\n<figure class=\"wp-block-image size-medium\"><img loading=\"lazy\" decoding=\"async\" width=\"300\" height=\"193\" src=\"https:\/\/gicd.inf.um.es\/csidpub\/usuario26\/wp-content\/uploads\/2025\/11\/gryffindor-creston-striped-background-z93z5ng4jyd27s8v-300x193.webp\" alt=\".\" class=\"wp-image-231\" style=\"aspect-ratio:1;object-fit:cover\" srcset=\"https:\/\/gicd.inf.um.es\/csidpub\/usuario26\/wp-content\/uploads\/2025\/11\/gryffindor-creston-striped-background-z93z5ng4jyd27s8v-300x193.webp 300w, https:\/\/gicd.inf.um.es\/csidpub\/usuario26\/wp-content\/uploads\/2025\/11\/gryffindor-creston-striped-background-z93z5ng4jyd27s8v-768x494.webp 768w, https:\/\/gicd.inf.um.es\/csidpub\/usuario26\/wp-content\/uploads\/2025\/11\/gryffindor-creston-striped-background-z93z5ng4jyd27s8v.webp 900w\" sizes=\"auto, (max-width: 300px) 100vw, 300px\" \/><\/figure>\n\n\n\n<div style=\"height:15px\" aria-hidden=\"true\" class=\"wp-block-spacer\"><\/div>\n\n\n\n<p class=\"has-text-align-center\">Gryffindor es la casa de los valientes y decididos, aquellos que se atreven a hacer lo correcto incluso cuando es dif\u00edcil. Sus miembros son conocidos por su esp\u00edritu aventurero y su lealtad.<\/p>\n<\/div>\n\n\n\n<div class=\"wp-block-column is-layout-flow wp-block-column-is-layout-flow\">\n<h2 class=\"wp-block-heading has-text-align-center\">Slytherin<\/h2>\n\n\n\n<figure class=\"wp-block-image size-medium\"><img loading=\"lazy\" decoding=\"async\" width=\"300\" height=\"169\" src=\"https:\/\/gicd.inf.um.es\/csidpub\/usuario26\/wp-content\/uploads\/2025\/11\/harry-potter-slytherin-snake-crest-w0yy2ufprp0rcn24-300x169.webp\" alt=\".\" class=\"wp-image-232\" style=\"aspect-ratio:1;object-fit:cover\" srcset=\"https:\/\/gicd.inf.um.es\/csidpub\/usuario26\/wp-content\/uploads\/2025\/11\/harry-potter-slytherin-snake-crest-w0yy2ufprp0rcn24-300x169.webp 300w, https:\/\/gicd.inf.um.es\/csidpub\/usuario26\/wp-content\/uploads\/2025\/11\/harry-potter-slytherin-snake-crest-w0yy2ufprp0rcn24-768x432.webp 768w, https:\/\/gicd.inf.um.es\/csidpub\/usuario26\/wp-content\/uploads\/2025\/11\/harry-potter-slytherin-snake-crest-w0yy2ufprp0rcn24.webp 900w\" sizes=\"auto, (max-width: 300px) 100vw, 300px\" \/><\/figure>\n\n\n\n<div style=\"height:15px\" aria-hidden=\"true\" class=\"wp-block-spacer\"><\/div>\n\n\n\n<p class=\"has-text-align-center\">Slytherin valora la ambici\u00f3n y la capacidad de alcanzar metas. Sus miembros suelen ser astutos y seguros de s\u00ed mismos, con un fuerte deseo de destacar. Aunque tiene fama de albergar magos oscuros, no todos sus estudiantes son malvados.<\/p>\n<\/div>\n\n\n\n<div class=\"wp-block-column is-layout-flow wp-block-column-is-layout-flow\">\n<h2 class=\"wp-block-heading has-text-align-center\">Ravenclaw<\/h2>\n\n\n\n<figure class=\"wp-block-image size-medium is-style-default\"><img loading=\"lazy\" decoding=\"async\" width=\"300\" height=\"184\" src=\"https:\/\/gicd.inf.um.es\/csidpub\/usuario26\/wp-content\/uploads\/2025\/11\/Ravenclaw-300x184.webp\" alt=\".\" class=\"wp-image-234\" style=\"aspect-ratio:1;object-fit:cover\" srcset=\"https:\/\/gicd.inf.um.es\/csidpub\/usuario26\/wp-content\/uploads\/2025\/11\/Ravenclaw-300x184.webp 300w, https:\/\/gicd.inf.um.es\/csidpub\/usuario26\/wp-content\/uploads\/2025\/11\/Ravenclaw.webp 600w\" sizes=\"auto, (max-width: 300px) 100vw, 300px\" \/><\/figure>\n\n\n\n<div style=\"height:15px\" aria-hidden=\"true\" class=\"wp-block-spacer\"><\/div>\n\n\n\n<p class=\"has-text-align-center\">Ravenclaw es el hogar de los que valoran el conocimiento y la l\u00f3gica. Sus estudiantes son ingeniosos, reflexivos y buscan siempre aprender m\u00e1s. Es una casa que premia la independencia intelectual y la creatividad.<\/p>\n<\/div>\n\n\n\n<div class=\"wp-block-column is-layout-flow wp-block-column-is-layout-flow\">\n<h2 class=\"wp-block-heading has-text-align-center\">Hufflepuff<\/h2>\n\n\n\n<figure class=\"wp-block-image size-medium\"><img loading=\"lazy\" decoding=\"async\" width=\"300\" height=\"169\" src=\"https:\/\/gicd.inf.um.es\/csidpub\/usuario26\/wp-content\/uploads\/2025\/11\/hufflepuff-k6oxmpd516n9bj8l-300x169.jpg\" alt=\".\" class=\"wp-image-233\" style=\"aspect-ratio:1;object-fit:cover\" srcset=\"https:\/\/gicd.inf.um.es\/csidpub\/usuario26\/wp-content\/uploads\/2025\/11\/hufflepuff-k6oxmpd516n9bj8l-300x169.jpg 300w, https:\/\/gicd.inf.um.es\/csidpub\/usuario26\/wp-content\/uploads\/2025\/11\/hufflepuff-k6oxmpd516n9bj8l-1024x576.jpg 1024w, https:\/\/gicd.inf.um.es\/csidpub\/usuario26\/wp-content\/uploads\/2025\/11\/hufflepuff-k6oxmpd516n9bj8l-768x432.jpg 768w, https:\/\/gicd.inf.um.es\/csidpub\/usuario26\/wp-content\/uploads\/2025\/11\/hufflepuff-k6oxmpd516n9bj8l-1536x864.jpg 1536w, https:\/\/gicd.inf.um.es\/csidpub\/usuario26\/wp-content\/uploads\/2025\/11\/hufflepuff-k6oxmpd516n9bj8l-1280x720.jpg 1280w, https:\/\/gicd.inf.um.es\/csidpub\/usuario26\/wp-content\/uploads\/2025\/11\/hufflepuff-k6oxmpd516n9bj8l.jpg 1920w\" sizes=\"auto, (max-width: 300px) 100vw, 300px\" \/><\/figure>\n\n\n\n<div style=\"height:15px\" aria-hidden=\"true\" class=\"wp-block-spacer\"><\/div>\n\n\n\n<p class=\"has-text-align-center\">Los estudiantes de Hufflepuff son justos, amables y trabajadores. Creen en la igualdad y valoran el esfuerzo m\u00e1s que la fama o el talento natural. Son compa\u00f1eros leales y siempre est\u00e1n dispuestos a ayudar.<\/p>\n<\/div>\n<\/div>\n\n\n\n<div class=\"wp-block-cover has-parallax\"><div role=\"img\" aria-label=\".\" class=\"wp-block-cover__image-background wp-image-235 size-full has-parallax\" style=\"background-position:50% 50%;background-image:url(https:\/\/gicd.inf.um.es\/csidpub\/usuario26\/wp-content\/uploads\/2025\/11\/Descubre-tu-casa-de-Hogwarts-Gryffindor-Slytherin-Hufflepuff-o-Ravenclaw-1024x640_3117089b-936c-48f6-9e14-b5de75286b1b.webp)\"><\/div><span aria-hidden=\"true\" class=\"wp-block-cover__background has-background-dim\" style=\"background-color:#795d44\"><\/span><div class=\"wp-block-cover__inner-container is-layout-constrained wp-block-cover-is-layout-constrained\">\n<p class=\"has-text-align-center has-large-font-size\"><\/p>\n<\/div><\/div>\n","protected":false},"excerpt":{"rendered":"<p>PRESENTACI\u00d3N Bienvenido al Mundo M\u00e1gico de Harry Potter, este espacio esta dedicado a explorar el universo creado por J.K. Rowling, donde la fantas\u00eda, la amistad y la magia cobran vida. En este sitio encontrar\u00e1s informaci\u00f3n sobre las casas de Hogwarts, los personajes m\u00e1s importantes de la saga, un repaso por las producciones cinematogr\u00e1ficas que marcaron [&hellip;]<\/p>\n","protected":false},"author":1,"featured_media":190,"parent":0,"menu_order":0,"comment_status":"closed","ping_status":"closed","template":"","meta":{"pgc_sgb_lightbox_settings":"","footnotes":""},"class_list":["post-185","page","type-page","status-publish","has-post-thumbnail","hentry"],"_links":{"self":[{"href":"https:\/\/gicd.inf.um.es\/csidpub\/usuario26\/wp-json\/wp\/v2\/pages\/185","targetHints":{"allow":["GET"]}}],"collection":[{"href":"https:\/\/gicd.inf.um.es\/csidpub\/usuario26\/wp-json\/wp\/v2\/pages"}],"about":[{"href":"https:\/\/gicd.inf.um.es\/csidpub\/usuario26\/wp-json\/wp\/v2\/types\/page"}],"author":[{"embeddable":true,"href":"https:\/\/gicd.inf.um.es\/csidpub\/usuario26\/wp-json\/wp\/v2\/users\/1"}],"replies":[{"embeddable":true,"href":"https:\/\/gicd.inf.um.es\/csidpub\/usuario26\/wp-json\/wp\/v2\/comments?post=185"}],"version-history":[{"count":9,"href":"https:\/\/gicd.inf.um.es\/csidpub\/usuario26\/wp-json\/wp\/v2\/pages\/185\/revisions"}],"predecessor-version":[{"id":651,"href":"https:\/\/gicd.inf.um.es\/csidpub\/usuario26\/wp-json\/wp\/v2\/pages\/185\/revisions\/651"}],"wp:featuredmedia":[{"embeddable":true,"href":"https:\/\/gicd.inf.um.es\/csidpub\/usuario26\/wp-json\/wp\/v2\/media\/190"}],"wp:attachment":[{"href":"https:\/\/gicd.inf.um.es\/csidpub\/usuario26\/wp-json\/wp\/v2\/media?parent=185"}],"curies":[{"name":"wp","href":"https:\/\/api.w.org\/{rel}","templated":true}]}}