{"id":478,"date":"2025-11-20T16:20:27","date_gmt":"2025-11-20T15:20:27","guid":{"rendered":"https:\/\/gicd.inf.um.es\/csidpub\/usuario26\/?page_id=478"},"modified":"2026-04-03T14:37:30","modified_gmt":"2026-04-03T12:37:30","slug":"hechizos-populares","status":"publish","type":"page","link":"https:\/\/gicd.inf.um.es\/csidpub\/usuario26\/hechizos-populares\/","title":{"rendered":"Hechizos de la saga"},"content":{"rendered":"\n<h2 class=\"wp-block-heading\">MALDICIONES DE LA SAGA<\/h2>\n\n\n\n<div class=\"wp-block-columns is-layout-flex wp-container-core-columns-is-layout-9d6595d7 wp-block-columns-is-layout-flex\">\n<div class=\"wp-block-column is-layout-flow wp-block-column-is-layout-flow\">\n<h2 class=\"wp-block-heading has-text-align-center\">Imperio<\/h2>\n\n\n\n<figure class=\"wp-block-gallery has-nested-images columns-default is-cropped wp-block-gallery-1 is-layout-flex wp-block-gallery-is-layout-flex\">\n<figure class=\"wp-block-image size-large\"><img loading=\"lazy\" decoding=\"async\" width=\"500\" height=\"500\" data-id=\"489\" src=\"https:\/\/gicd.inf.um.es\/csidpub\/usuario26\/wp-content\/uploads\/2025\/11\/Imperio.jpg\" alt=\".\" class=\"wp-image-489\" srcset=\"https:\/\/gicd.inf.um.es\/csidpub\/usuario26\/wp-content\/uploads\/2025\/11\/Imperio.jpg 500w, https:\/\/gicd.inf.um.es\/csidpub\/usuario26\/wp-content\/uploads\/2025\/11\/Imperio-300x300.jpg 300w, https:\/\/gicd.inf.um.es\/csidpub\/usuario26\/wp-content\/uploads\/2025\/11\/Imperio-150x150.jpg 150w\" sizes=\"auto, (max-width: 500px) 100vw, 500px\" \/><\/figure>\n<\/figure>\n\n\n\n<p>Es una de las Tres Maldiciones Imperdonables. Permite al mago controlar completamente la voluntad y acciones de otra persona como si fuera una marioneta. Est\u00e1 prohibida por el Ministerio de Magia.<\/p>\n<\/div>\n\n\n\n<div class=\"wp-block-column is-layout-flow wp-block-column-is-layout-flow\">\n<h2 class=\"wp-block-heading\">Avada Kedavra<\/h2>\n\n\n\n<figure class=\"wp-block-gallery has-nested-images columns-default is-cropped wp-block-gallery-2 is-layout-flex wp-block-gallery-is-layout-flex\">\n<figure class=\"wp-block-image size-large\"><img loading=\"lazy\" decoding=\"async\" width=\"500\" height=\"500\" data-id=\"487\" src=\"https:\/\/gicd.inf.um.es\/csidpub\/usuario26\/wp-content\/uploads\/2025\/11\/Avada-Kedavra.jpg\" alt=\".\" class=\"wp-image-487\" srcset=\"https:\/\/gicd.inf.um.es\/csidpub\/usuario26\/wp-content\/uploads\/2025\/11\/Avada-Kedavra.jpg 500w, https:\/\/gicd.inf.um.es\/csidpub\/usuario26\/wp-content\/uploads\/2025\/11\/Avada-Kedavra-300x300.jpg 300w, https:\/\/gicd.inf.um.es\/csidpub\/usuario26\/wp-content\/uploads\/2025\/11\/Avada-Kedavra-150x150.jpg 150w\" sizes=\"auto, (max-width: 500px) 100vw, 500px\" \/><\/figure>\n<\/figure>\n\n\n\n<p>Es una Maldici\u00f3n Imperdonable que causa muerte instant\u00e1nea sin dolor a la v\u00edctima. No hay forma conocida de bloquearla excepto con magia muy poderosa o circunstancias especiales.<\/p>\n<\/div>\n\n\n\n<div class=\"wp-block-column is-layout-flow wp-block-column-is-layout-flow\">\n<h2 class=\"wp-block-heading\">Crucio<\/h2>\n\n\n\n<figure class=\"wp-block-gallery has-nested-images columns-default is-cropped wp-block-gallery-3 is-layout-flex wp-block-gallery-is-layout-flex\">\n<figure class=\"wp-block-image size-large\"><img loading=\"lazy\" decoding=\"async\" width=\"500\" height=\"500\" data-id=\"488\" src=\"https:\/\/gicd.inf.um.es\/csidpub\/usuario26\/wp-content\/uploads\/2025\/11\/Crucio.jpg\" alt=\".\" class=\"wp-image-488\" srcset=\"https:\/\/gicd.inf.um.es\/csidpub\/usuario26\/wp-content\/uploads\/2025\/11\/Crucio.jpg 500w, https:\/\/gicd.inf.um.es\/csidpub\/usuario26\/wp-content\/uploads\/2025\/11\/Crucio-300x300.jpg 300w, https:\/\/gicd.inf.um.es\/csidpub\/usuario26\/wp-content\/uploads\/2025\/11\/Crucio-150x150.jpg 150w\" sizes=\"auto, (max-width: 500px) 100vw, 500px\" \/><\/figure>\n<\/figure>\n\n\n\n<p>Otra Maldici\u00f3n Imperdonable. Prouce un dolor insoportable en la v\u00edctima, como si todo su cuerpo fuera torturado. Su uso provoca grandes penas de c\u00e1rcel en Azkaban.<\/p>\n<\/div>\n<\/div>\n\n\n\n<h2 class=\"wp-block-heading\">HECHIZOS POPULARES DE LA SAGA<\/h2>\n\n\n\n<div class=\"wp-block-columns is-layout-flex wp-container-core-columns-is-layout-9d6595d7 wp-block-columns-is-layout-flex\">\n<div class=\"wp-block-column is-layout-flow wp-block-column-is-layout-flow\">\n<h2 class=\"wp-block-heading\">Lumos<\/h2>\n\n\n\n<figure class=\"wp-block-gallery has-nested-images columns-default is-cropped wp-block-gallery-4 is-layout-flex wp-block-gallery-is-layout-flex\">\n<figure class=\"wp-block-image size-large\"><img loading=\"lazy\" decoding=\"async\" width=\"500\" height=\"500\" data-id=\"491\" src=\"https:\/\/gicd.inf.um.es\/csidpub\/usuario26\/wp-content\/uploads\/2025\/11\/Lumos.jpg\" alt=\".\" class=\"wp-image-491\" srcset=\"https:\/\/gicd.inf.um.es\/csidpub\/usuario26\/wp-content\/uploads\/2025\/11\/Lumos.jpg 500w, https:\/\/gicd.inf.um.es\/csidpub\/usuario26\/wp-content\/uploads\/2025\/11\/Lumos-300x300.jpg 300w, https:\/\/gicd.inf.um.es\/csidpub\/usuario26\/wp-content\/uploads\/2025\/11\/Lumos-150x150.jpg 150w\" sizes=\"auto, (max-width: 500px) 100vw, 500px\" \/><\/figure>\n<\/figure>\n\n\n\n<p>Produce una peque\u00f1a luz blanca en la punta de la varita, como una linterna. <\/p>\n\n\n\n<p>Es uno de los hechizos b\u00e1sicos m\u00e1s usados por los magos para iluminar lugares oscuros.<\/p>\n<\/div>\n\n\n\n<div class=\"wp-block-column is-layout-flow wp-block-column-is-layout-flow\">\n<h2 class=\"wp-block-heading\">Alohomora<\/h2>\n\n\n\n<figure class=\"wp-block-gallery has-nested-images columns-default is-cropped wp-block-gallery-5 is-layout-flex wp-block-gallery-is-layout-flex\">\n<figure class=\"wp-block-image size-large\"><img loading=\"lazy\" decoding=\"async\" width=\"500\" height=\"500\" data-id=\"483\" src=\"https:\/\/gicd.inf.um.es\/csidpub\/usuario26\/wp-content\/uploads\/2025\/11\/image.png\" alt=\".\" class=\"wp-image-483\" srcset=\"https:\/\/gicd.inf.um.es\/csidpub\/usuario26\/wp-content\/uploads\/2025\/11\/image.png 500w, https:\/\/gicd.inf.um.es\/csidpub\/usuario26\/wp-content\/uploads\/2025\/11\/image-300x300.png 300w, https:\/\/gicd.inf.um.es\/csidpub\/usuario26\/wp-content\/uploads\/2025\/11\/image-150x150.png 150w\" sizes=\"auto, (max-width: 500px) 100vw, 500px\" \/><\/figure>\n<\/figure>\n\n\n\n<p>Hechizo usado para abrir cerraduras y desbloquear puertas o cofres cerrados m\u00e1gicamente o de forma mundana. <\/p>\n\n\n\n<p>No puede abrir protecciones m\u00e1gicas avanzadas.<\/p>\n<\/div>\n\n\n\n<div class=\"wp-block-column is-layout-flow wp-block-column-is-layout-flow\">\n<h2 class=\"wp-block-heading\">Expelliarmus<\/h2>\n\n\n\n<figure class=\"wp-block-gallery has-nested-images columns-default is-cropped wp-block-gallery-6 is-layout-flex wp-block-gallery-is-layout-flex\">\n<figure class=\"wp-block-image size-large\"><img loading=\"lazy\" decoding=\"async\" width=\"500\" height=\"500\" data-id=\"492\" src=\"https:\/\/gicd.inf.um.es\/csidpub\/usuario26\/wp-content\/uploads\/2025\/11\/Expelliarmus.jpg\" alt=\".\" class=\"wp-image-492\" srcset=\"https:\/\/gicd.inf.um.es\/csidpub\/usuario26\/wp-content\/uploads\/2025\/11\/Expelliarmus.jpg 500w, https:\/\/gicd.inf.um.es\/csidpub\/usuario26\/wp-content\/uploads\/2025\/11\/Expelliarmus-300x300.jpg 300w, https:\/\/gicd.inf.um.es\/csidpub\/usuario26\/wp-content\/uploads\/2025\/11\/Expelliarmus-150x150.jpg 150w\" sizes=\"auto, (max-width: 500px) 100vw, 500px\" \/><\/figure>\n<\/figure>\n\n\n\n<p>Es el hechizo desarmador, muy caracter\u00edstico de Harry Potter. <\/p>\n\n\n\n<p>Hace que la v\u00edctima suelte lo que tenga en la mano, normalmente la varita. Puede ser usado de forma defensiva y no es letal.<\/p>\n<\/div>\n<\/div>\n\n\n\n<h2 class=\"wp-block-heading\">HECHIZOS MENOS POPULRES DE LA SAGA<\/h2>\n\n\n\n<div class=\"wp-block-columns is-layout-flex wp-container-core-columns-is-layout-9d6595d7 wp-block-columns-is-layout-flex\">\n<div class=\"wp-block-column is-layout-flow wp-block-column-is-layout-flow\">\n<h2 class=\"wp-block-heading\">Aguamenti<\/h2>\n\n\n\n<figure class=\"wp-block-gallery has-nested-images columns-default is-cropped wp-block-gallery-7 is-layout-flex wp-block-gallery-is-layout-flex\">\n<figure class=\"wp-block-image size-large\"><img loading=\"lazy\" decoding=\"async\" width=\"500\" height=\"500\" data-id=\"605\" src=\"https:\/\/gicd.inf.um.es\/csidpub\/usuario26\/wp-content\/uploads\/2025\/11\/Aguamenti.jpg\" alt=\".\" class=\"wp-image-605\" srcset=\"https:\/\/gicd.inf.um.es\/csidpub\/usuario26\/wp-content\/uploads\/2025\/11\/Aguamenti.jpg 500w, https:\/\/gicd.inf.um.es\/csidpub\/usuario26\/wp-content\/uploads\/2025\/11\/Aguamenti-300x300.jpg 300w, https:\/\/gicd.inf.um.es\/csidpub\/usuario26\/wp-content\/uploads\/2025\/11\/Aguamenti-150x150.jpg 150w\" sizes=\"auto, (max-width: 500px) 100vw, 500px\" \/><\/figure>\n<\/figure>\n\n\n\n<p>Hace brotar agua limpia desde la punta de la varita. <\/p>\n\n\n\n<p>Puede usarse para llenar recipientes, apagar incendios o beber.<\/p>\n<\/div>\n\n\n\n<div class=\"wp-block-column is-layout-flow wp-block-column-is-layout-flow\">\n<h2 class=\"wp-block-heading\">Engorgio<\/h2>\n\n\n\n<figure class=\"wp-block-gallery has-nested-images columns-default is-cropped wp-block-gallery-8 is-layout-flex wp-block-gallery-is-layout-flex\">\n<figure class=\"wp-block-image size-large\"><img loading=\"lazy\" decoding=\"async\" width=\"500\" height=\"500\" data-id=\"624\" src=\"https:\/\/gicd.inf.um.es\/csidpub\/usuario26\/wp-content\/uploads\/2025\/11\/ERIKSTORE_HechizosHP_Blog_12.jpg\" alt=\"\" class=\"wp-image-624\" srcset=\"https:\/\/gicd.inf.um.es\/csidpub\/usuario26\/wp-content\/uploads\/2025\/11\/ERIKSTORE_HechizosHP_Blog_12.jpg 500w, https:\/\/gicd.inf.um.es\/csidpub\/usuario26\/wp-content\/uploads\/2025\/11\/ERIKSTORE_HechizosHP_Blog_12-300x300.jpg 300w, https:\/\/gicd.inf.um.es\/csidpub\/usuario26\/wp-content\/uploads\/2025\/11\/ERIKSTORE_HechizosHP_Blog_12-150x150.jpg 150w\" sizes=\"auto, (max-width: 500px) 100vw, 500px\" \/><\/figure>\n<\/figure>\n\n\n\n<p>Es el hechizo para agrandar un objeto o criatura temporalmente. <\/p>\n\n\n\n<p>Su opuesto es <em>Reducio<\/em>, que encoge lo agrandado.<\/p>\n<\/div>\n\n\n\n<div class=\"wp-block-column is-layout-flow wp-block-column-is-layout-flow\">\n<h2 class=\"wp-block-heading\">Colloportus<\/h2>\n\n\n\n<figure class=\"wp-block-gallery has-nested-images columns-default is-cropped wp-block-gallery-9 is-layout-flex wp-block-gallery-is-layout-flex\">\n<figure class=\"wp-block-image size-large\"><img loading=\"lazy\" decoding=\"async\" width=\"500\" height=\"500\" data-id=\"633\" src=\"https:\/\/gicd.inf.um.es\/csidpub\/usuario26\/wp-content\/uploads\/2025\/11\/Colloportus.jpg\" alt=\"\" class=\"wp-image-633\" srcset=\"https:\/\/gicd.inf.um.es\/csidpub\/usuario26\/wp-content\/uploads\/2025\/11\/Colloportus.jpg 500w, https:\/\/gicd.inf.um.es\/csidpub\/usuario26\/wp-content\/uploads\/2025\/11\/Colloportus-300x300.jpg 300w, https:\/\/gicd.inf.um.es\/csidpub\/usuario26\/wp-content\/uploads\/2025\/11\/Colloportus-150x150.jpg 150w\" sizes=\"auto, (max-width: 500px) 100vw, 500px\" \/><\/figure>\n<\/figure>\n\n\n\n<p>es un hechizo que cierra puertas y sella cerraduras m\u00e1gicamente para impedir el paso. <\/p>\n\n\n\n<p>Es la contraparte de <em>Alohomora<\/em>.<\/p>\n<\/div>\n<\/div>\n","protected":false},"excerpt":{"rendered":"<p>MALDICIONES DE LA SAGA Imperio Es una de las Tres Maldiciones Imperdonables. Permite al mago controlar completamente la voluntad y acciones de otra persona como si fuera una marioneta. Est\u00e1 prohibida por el Ministerio de Magia. Avada Kedavra Es una Maldici\u00f3n Imperdonable que causa muerte instant\u00e1nea sin dolor a la v\u00edctima. No hay forma conocida [&hellip;]<\/p>\n","protected":false},"author":1,"featured_media":0,"parent":0,"menu_order":0,"comment_status":"closed","ping_status":"closed","template":"","meta":{"pgc_sgb_lightbox_settings":"","footnotes":""},"class_list":["post-478","page","type-page","status-publish","hentry"],"_links":{"self":[{"href":"https:\/\/gicd.inf.um.es\/csidpub\/usuario26\/wp-json\/wp\/v2\/pages\/478","targetHints":{"allow":["GET"]}}],"collection":[{"href":"https:\/\/gicd.inf.um.es\/csidpub\/usuario26\/wp-json\/wp\/v2\/pages"}],"about":[{"href":"https:\/\/gicd.inf.um.es\/csidpub\/usuario26\/wp-json\/wp\/v2\/types\/page"}],"author":[{"embeddable":true,"href":"https:\/\/gicd.inf.um.es\/csidpub\/usuario26\/wp-json\/wp\/v2\/users\/1"}],"replies":[{"embeddable":true,"href":"https:\/\/gicd.inf.um.es\/csidpub\/usuario26\/wp-json\/wp\/v2\/comments?post=478"}],"version-history":[{"count":9,"href":"https:\/\/gicd.inf.um.es\/csidpub\/usuario26\/wp-json\/wp\/v2\/pages\/478\/revisions"}],"predecessor-version":[{"id":775,"href":"https:\/\/gicd.inf.um.es\/csidpub\/usuario26\/wp-json\/wp\/v2\/pages\/478\/revisions\/775"}],"wp:attachment":[{"href":"https:\/\/gicd.inf.um.es\/csidpub\/usuario26\/wp-json\/wp\/v2\/media?parent=478"}],"curies":[{"name":"wp","href":"https:\/\/api.w.org\/{rel}","templated":true}]}}