{"id":700,"date":"2026-03-04T17:07:30","date_gmt":"2026-03-04T16:07:30","guid":{"rendered":"https:\/\/gicd.inf.um.es\/csidpub\/usuario26\/?page_id=700"},"modified":"2026-03-04T17:07:30","modified_gmt":"2026-03-04T16:07:30","slug":"terminos-y-condiciones-de-uso","status":"publish","type":"page","link":"https:\/\/gicd.inf.um.es\/csidpub\/usuario26\/terminos-y-condiciones-de-uso\/","title":{"rendered":"T\u00e9rminos y condiciones de uso"},"content":{"rendered":"\n<h1 class=\"wp-block-heading\">Pol\u00edtica de devoluciones y reembolso de Series \u00c9picas<\/h1>\n\n\n\n<p>\u00a1Gracias por comprar en Series \u00c9picas!<\/p>\n\n\n\n<p>Ofrecemos reembolso y\/o cambio dentro de los primeros 30 d\u00edas de tu compra. Si han transcurrido 30 d\u00edas desde tu compra, no se te ofrecer\u00e1 un reembolso y\/o cambio de ning\u00fan tipo.<\/p>\n\n\n\n<h2 class=\"wp-block-heading\">Elegibilidad para reembolsos y cambios<\/h2>\n\n\n\n<p>Tu art\u00edculo debe estar sin usar y en las mismas condiciones en que lo recibi\u00f3.<\/p>\n\n\n\n<p>El art\u00edculo debe estar en el embalaje original.<\/p>\n\n\n\n<p>Para completar tu devoluci\u00f3n, requerimos un recibo o comprobante de compra.<\/p>\n\n\n\n<p>Solo se pueden reembolsar los art\u00edculos de precio regular; los art\u00edculos de venta no se pueden reembolsar.<\/p>\n\n\n\n<p>Si el art\u00edculo en cuesti\u00f3n fue marcado como un regalo cuando fue comprado y se envi\u00f3 directamente a ti, recibir\u00e1s un cr\u00e9dito de regalo por el valor de tu devoluci\u00f3n.<\/p>\n\n\n\n<p>Cambios<\/p>\n\n\n\n<p>Solo reemplazamos los art\u00edculos si est\u00e1n defectuosos o da\u00f1ados. Si necesitas cambiarlo por el mismo art\u00edculo, env\u00edanos un email a (seriesepicas@ejemplo.org) y env\u00eda tu art\u00edculo a: (Avenida Castilla, Murcia).<\/p>\n\n\n\n<h2 class=\"wp-block-heading\">Bienes Exentos<\/h2>\n\n\n\n<p>Los siguientes bienes est\u00e1n exentos de reembolsos:<\/p>\n\n\n\n<p>Tarjetas de regalo (gif cards).<\/p>\n\n\n\n<p>Algunos art\u00edculos de salud y cuidado personal.<\/p>\n\n\n\n<h2 class=\"wp-block-heading\">Reembolsos parciales<\/h2>\n\n\n\n<p>Cualquier art\u00edculo que no se encuentre en su estado original, est\u00e9 da\u00f1ado o falte una parte por razones que no se debieron a nuestro error.<\/p>\n\n\n\n<p>Cualquier art\u00edculo que se devuelva m\u00e1s de 30 d\u00edas despu\u00e9s de la entrega.<\/p>\n\n\n\n<p>Una vez que se reciba e inspeccione tu devoluci\u00f3n, te enviaremos un email para notificarte que hemos recibido tu art\u00edculo devuelto. Tambi\u00e9n te notificaremos la aprobaci\u00f3n o el rechazo de tu reembolso.<\/p>\n\n\n\n<p>Si es aprobado, entonces se procesar\u00e1 tu reembolso y se aplicar\u00e1 un cr\u00e9dito autom\u00e1ticamente a tu tarjeta de cr\u00e9dito o m\u00e9todo de pago original, dentro de una cierta cantidad de d\u00edas.<\/p>\n\n\n\n<h2 class=\"wp-block-heading\">Reembolsos atrasados \u200b\u200bo faltantes<\/h2>\n\n\n\n<p>Si a\u00fan no has recibido un reembolso, primero verifica otra vez tu cuenta bancaria. Luego, comun\u00edcate con la compa\u00f1\u00eda de tu tarjeta de cr\u00e9dito. Puede tomar alg\u00fan tiempo antes de que se publique oficialmente tu reembolso.<\/p>\n\n\n\n<p>Si has hecho todo esto y a\u00fan no has recibido tu reembolso, comun\u00edcate con nosotros al (seriesepicas@ejemplo.org \/ Telf: +34 555 456 555).<\/p>\n\n\n\n<h2 class=\"wp-block-heading\">Env\u00edo<\/h2>\n\n\n\n<p>Por favor, no devuelvas el producto al fabricante. Debe enviarse a la siguiente direcci\u00f3n (direcci\u00f3n relevante).<\/p>\n\n\n\n<p>Usted ser\u00e1 responsable de pagar sus propios costos de env\u00edo para devolver su art\u00edculo.<\/p>\n\n\n\n<p>Los costos de env\u00edo no son reembolsables. Si recibes un reembolso, el costo del env\u00edo de devoluci\u00f3n se deducir\u00e1 de tu reembolso.<\/p>\n\n\n\n<p>Dependiendo de d\u00f3nde vivas, el tiempo que tarde tu producto cambiado en llegar a ti puede variar.<\/p>\n\n\n\n<p>Por favor, nota que no podemos garantizar que recibiremos tu art\u00edculo devuelto.<\/p>\n","protected":false},"excerpt":{"rendered":"<p>Pol\u00edtica de devoluciones y reembolso de Series \u00c9picas \u00a1Gracias por comprar en Series \u00c9picas! Ofrecemos reembolso y\/o cambio dentro de los primeros 30 d\u00edas de tu compra. Si han transcurrido 30 d\u00edas desde tu compra, no se te ofrecer\u00e1 un reembolso y\/o cambio de ning\u00fan tipo. Elegibilidad para reembolsos y cambios Tu art\u00edculo debe estar [&hellip;]<\/p>\n","protected":false},"author":1,"featured_media":0,"parent":0,"menu_order":0,"comment_status":"closed","ping_status":"closed","template":"","meta":{"pgc_sgb_lightbox_settings":"","footnotes":""},"class_list":["post-700","page","type-page","status-publish","hentry"],"_links":{"self":[{"href":"https:\/\/gicd.inf.um.es\/csidpub\/usuario26\/wp-json\/wp\/v2\/pages\/700","targetHints":{"allow":["GET"]}}],"collection":[{"href":"https:\/\/gicd.inf.um.es\/csidpub\/usuario26\/wp-json\/wp\/v2\/pages"}],"about":[{"href":"https:\/\/gicd.inf.um.es\/csidpub\/usuario26\/wp-json\/wp\/v2\/types\/page"}],"author":[{"embeddable":true,"href":"https:\/\/gicd.inf.um.es\/csidpub\/usuario26\/wp-json\/wp\/v2\/users\/1"}],"replies":[{"embeddable":true,"href":"https:\/\/gicd.inf.um.es\/csidpub\/usuario26\/wp-json\/wp\/v2\/comments?post=700"}],"version-history":[{"count":1,"href":"https:\/\/gicd.inf.um.es\/csidpub\/usuario26\/wp-json\/wp\/v2\/pages\/700\/revisions"}],"predecessor-version":[{"id":701,"href":"https:\/\/gicd.inf.um.es\/csidpub\/usuario26\/wp-json\/wp\/v2\/pages\/700\/revisions\/701"}],"wp:attachment":[{"href":"https:\/\/gicd.inf.um.es\/csidpub\/usuario26\/wp-json\/wp\/v2\/media?parent=700"}],"curies":[{"name":"wp","href":"https:\/\/api.w.org\/{rel}","templated":true}]}}