{"id":15,"date":"2025-10-15T17:36:02","date_gmt":"2025-10-15T15:36:02","guid":{"rendered":"https:\/\/gicd.inf.um.es\/csidpub\/usuario27\/?page_id=15"},"modified":"2026-02-18T18:03:18","modified_gmt":"2026-02-18T17:03:18","slug":"inicio","status":"publish","type":"page","link":"https:\/\/gicd.inf.um.es\/csidpub\/usuario27\/","title":{"rendered":"Series \u00e9picas"},"content":{"rendered":"\n<p>Te damos la bienvenida a Series \u00c9picas, donde te ofrecemos informaci\u00f3n sobre series y productos relacionados con ellas. Pensamos que todo lo que nos rodea habla de nosotros, nos diferencia, y es una peque\u00f1a extensi\u00f3n de nuestra personalidad.<\/p>\n\n\n\n<div style=\"height:50px\" aria-hidden=\"true\" class=\"wp-block-spacer\"><\/div>\n\n\n\n<div class=\"wp-block-columns alignwide is-layout-flex wp-container-core-columns-is-layout-9d6595d7 wp-block-columns-is-layout-flex\">\n<div class=\"wp-block-column is-layout-flow wp-block-column-is-layout-flow\">\n<h2 class=\"wp-block-heading has-text-align-center\" style=\"font-size:30px\">Regalos \u00e9picos<\/h2>\n\n\n\n<figure class=\"wp-block-image size-medium\"><img loading=\"lazy\" decoding=\"async\" width=\"300\" height=\"225\" src=\"https:\/\/gicd.inf.um.es\/csidpub\/usuario27\/wp-content\/uploads\/2025\/10\/regalos-300x225.jpg\" alt=\"\" class=\"wp-image-14\" style=\"aspect-ratio:1;object-fit:cover\" srcset=\"https:\/\/gicd.inf.um.es\/csidpub\/usuario27\/wp-content\/uploads\/2025\/10\/regalos-300x225.jpg 300w, https:\/\/gicd.inf.um.es\/csidpub\/usuario27\/wp-content\/uploads\/2025\/10\/regalos-768x576.jpg 768w, https:\/\/gicd.inf.um.es\/csidpub\/usuario27\/wp-content\/uploads\/2025\/10\/regalos.jpg 800w\" sizes=\"auto, (max-width: 300px) 100vw, 300px\" \/><\/figure>\n\n\n\n<p>Te ofrecemos Funkos POP, moda, hogar\u2026 Todo el Universo Friki en un \u00fanico sitio y con los mejores precios para que disfrutes a tope.<\/p>\n\n\n\n<div style=\"height:50px\" aria-hidden=\"true\" class=\"wp-block-spacer\"><\/div>\n<\/div>\n\n\n\n<div class=\"wp-block-column is-layout-flow wp-block-column-is-layout-flow\" style=\"flex-basis:15px\">\n<div style=\"height:15px\" aria-hidden=\"true\" class=\"wp-block-spacer\"><\/div>\n<\/div>\n\n\n\n<div class=\"wp-block-column is-layout-flow wp-block-column-is-layout-flow\">\n<h2 class=\"wp-block-heading has-text-align-center\" style=\"font-size:30px\">Figuras<\/h2>\n\n\n\n<figure class=\"wp-block-image size-medium\"><img loading=\"lazy\" decoding=\"async\" width=\"300\" height=\"300\" src=\"https:\/\/gicd.inf.um.es\/csidpub\/usuario27\/wp-content\/uploads\/2025\/10\/figuras-stranger-things-300x300.jpg\" alt=\"\" class=\"wp-image-9\" style=\"aspect-ratio:1;object-fit:cover\" srcset=\"https:\/\/gicd.inf.um.es\/csidpub\/usuario27\/wp-content\/uploads\/2025\/10\/figuras-stranger-things-300x300.jpg 300w, https:\/\/gicd.inf.um.es\/csidpub\/usuario27\/wp-content\/uploads\/2025\/10\/figuras-stranger-things-150x150.jpg 150w, https:\/\/gicd.inf.um.es\/csidpub\/usuario27\/wp-content\/uploads\/2025\/10\/figuras-stranger-things.jpg 600w\" sizes=\"auto, (max-width: 300px) 100vw, 300px\" \/><\/figure>\n\n\n\n<p>Aqu\u00ed tenemos figuras para todos los gustos. No importa de qu\u00e9 seas fan, seguro que tenemos algo a lo que no podr\u00e1s resistirte.<\/p>\n<\/div>\n\n\n\n<div class=\"wp-block-column is-layout-flow wp-block-column-is-layout-flow\" style=\"flex-basis:15px\">\n<div style=\"height:15px\" aria-hidden=\"true\" class=\"wp-block-spacer\"><\/div>\n<\/div>\n\n\n\n<div class=\"wp-block-column is-layout-flow wp-block-column-is-layout-flow\">\n<h2 class=\"wp-block-heading has-text-align-center\" style=\"font-size:30px\">Moda<\/h2>\n\n\n\n<figure class=\"wp-block-image size-medium\"><img loading=\"lazy\" decoding=\"async\" width=\"300\" height=\"300\" src=\"https:\/\/gicd.inf.um.es\/csidpub\/usuario27\/wp-content\/uploads\/2025\/10\/camisetas-breaking-bad-300x300.jpg\" alt=\"\" class=\"wp-image-7\" style=\"aspect-ratio:1;object-fit:cover\" srcset=\"https:\/\/gicd.inf.um.es\/csidpub\/usuario27\/wp-content\/uploads\/2025\/10\/camisetas-breaking-bad-300x300.jpg 300w, https:\/\/gicd.inf.um.es\/csidpub\/usuario27\/wp-content\/uploads\/2025\/10\/camisetas-breaking-bad-1024x1024.jpg 1024w, https:\/\/gicd.inf.um.es\/csidpub\/usuario27\/wp-content\/uploads\/2025\/10\/camisetas-breaking-bad-150x150.jpg 150w, https:\/\/gicd.inf.um.es\/csidpub\/usuario27\/wp-content\/uploads\/2025\/10\/camisetas-breaking-bad-768x768.jpg 768w, https:\/\/gicd.inf.um.es\/csidpub\/usuario27\/wp-content\/uploads\/2025\/10\/camisetas-breaking-bad.jpg 1080w\" sizes=\"auto, (max-width: 300px) 100vw, 300px\" \/><\/figure>\n\n\n\n<p>\u00bfQui\u00e9n dice que ser friki est\u00e1 re\u00f1ido con ir a la moda? Nosotros no estamos de acuerdo y te lo demostramos con esta secci\u00f3n.<\/p>\n<\/div>\n\n\n\n<div class=\"wp-block-column is-layout-flow wp-block-column-is-layout-flow\" style=\"flex-basis:15px\">\n<div style=\"height:15px\" aria-hidden=\"true\" class=\"wp-block-spacer\"><\/div>\n<\/div>\n\n\n\n<div class=\"wp-block-column is-layout-flow wp-block-column-is-layout-flow\">\n<h2 class=\"wp-block-heading has-text-align-center\" style=\"font-size:30px\">Complementos<\/h2>\n\n\n\n<figure class=\"wp-block-image size-medium\"><img loading=\"lazy\" decoding=\"async\" width=\"300\" height=\"300\" src=\"https:\/\/gicd.inf.um.es\/csidpub\/usuario27\/wp-content\/uploads\/2025\/10\/complementos-300x300.jpg\" alt=\"\" class=\"wp-image-8\" style=\"aspect-ratio:1;object-fit:cover\" srcset=\"https:\/\/gicd.inf.um.es\/csidpub\/usuario27\/wp-content\/uploads\/2025\/10\/complementos-300x300.jpg 300w, https:\/\/gicd.inf.um.es\/csidpub\/usuario27\/wp-content\/uploads\/2025\/10\/complementos-1024x1024.jpg 1024w, https:\/\/gicd.inf.um.es\/csidpub\/usuario27\/wp-content\/uploads\/2025\/10\/complementos-150x150.jpg 150w, https:\/\/gicd.inf.um.es\/csidpub\/usuario27\/wp-content\/uploads\/2025\/10\/complementos-768x768.jpg 768w, https:\/\/gicd.inf.um.es\/csidpub\/usuario27\/wp-content\/uploads\/2025\/10\/complementos.jpg 1080w\" sizes=\"auto, (max-width: 300px) 100vw, 300px\" \/><\/figure>\n\n\n\n<p>Todo friki que se precie debe complementar su vida diaria con los accesorios frikis y aqu\u00ed te los ofrecemos absolutamente todos.<\/p>\n<\/div>\n<\/div>\n\n\n\n<div style=\"padding:20px\" class=\"wp-block-tnp-minimal\"><p>\u00a1Suscr\u00edbete para recibir nuestro bolet\u00edn de novedades!<\/p><div><div class=\"tnp tnp-subscription-minimal  \"><form action=\"https:\/\/gicd.inf.um.es\/csidpub\/usuario27\/wp-admin\/admin-ajax.php?action=tnp&amp;na=s\" method=\"post\" style=\"text-align: center\"><input type=\"hidden\" name=\"nr\" value=\"minimal\">\n<input type=\"hidden\" name=\"nlang\" value=\"\">\n<input class=\"tnp-email\" type=\"email\" required name=\"ne\" value=\"\" placeholder=\"Correo electr\u00f3nico\"><input class=\"tnp-submit\" type=\"submit\" value=\"\u00a1Me quiero apuntar!\" style=\"\">\n<div class=\"tnp-field tnp-privacy-field\"><label><input type=\"checkbox\" name=\"ny\" required class=\"tnp-privacy\"> Acepto la pol\u00edtica de privacidad<\/label><\/div><\/form><\/div>\n<\/div><\/div>\n\n\n\n<div class=\"wp-block-cover alignfull is-light has-parallax\"><div class=\"wp-block-cover__image-background wp-image-10 size-large has-parallax\" style=\"background-position:50% 50%;background-image:url(https:\/\/gicd.inf.um.es\/csidpub\/usuario27\/wp-content\/uploads\/2025\/10\/hombre-con-capa-1024x427.png)\"><\/div><span aria-hidden=\"true\" class=\"wp-block-cover__background has-black-background-color has-background-dim-10 has-background-dim\"><\/span><div class=\"wp-block-cover__inner-container is-layout-constrained wp-block-cover-is-layout-constrained\">\n<p class=\"has-text-align-left has-large-font-size\">Aprovecha nuestros descuentos <\/p>\n\n\n\n<p style=\"font-size:20px\">Usa el c\u00f3digo<\/p>\n\n\n\n<p class=\"has-text-align-left has-vivid-red-color has-text-color has-link-color has-large-font-size wp-elements-a34b53a5d1854ec57173a19eb7a49a10\">DESCUENTO20<\/p>\n<\/div><\/div>\n","protected":false},"excerpt":{"rendered":"<p>Te damos la bienvenida a Series \u00c9picas, donde te ofrecemos informaci\u00f3n sobre series y productos relacionados con ellas. Pensamos que todo lo que nos rodea habla de nosotros, nos diferencia, y es una peque\u00f1a extensi\u00f3n de nuestra personalidad. Regalos \u00e9picos Te ofrecemos Funkos POP, moda, hogar\u2026 Todo el Universo Friki en un \u00fanico sitio y [&hellip;]<\/p>\n","protected":false},"author":1,"featured_media":11,"parent":0,"menu_order":0,"comment_status":"closed","ping_status":"closed","template":"","meta":{"pgc_sgb_lightbox_settings":"","footnotes":""},"class_list":["post-15","page","type-page","status-publish","has-post-thumbnail","hentry"],"_links":{"self":[{"href":"https:\/\/gicd.inf.um.es\/csidpub\/usuario27\/wp-json\/wp\/v2\/pages\/15","targetHints":{"allow":["GET"]}}],"collection":[{"href":"https:\/\/gicd.inf.um.es\/csidpub\/usuario27\/wp-json\/wp\/v2\/pages"}],"about":[{"href":"https:\/\/gicd.inf.um.es\/csidpub\/usuario27\/wp-json\/wp\/v2\/types\/page"}],"author":[{"embeddable":true,"href":"https:\/\/gicd.inf.um.es\/csidpub\/usuario27\/wp-json\/wp\/v2\/users\/1"}],"replies":[{"embeddable":true,"href":"https:\/\/gicd.inf.um.es\/csidpub\/usuario27\/wp-json\/wp\/v2\/comments?post=15"}],"version-history":[{"count":11,"href":"https:\/\/gicd.inf.um.es\/csidpub\/usuario27\/wp-json\/wp\/v2\/pages\/15\/revisions"}],"predecessor-version":[{"id":519,"href":"https:\/\/gicd.inf.um.es\/csidpub\/usuario27\/wp-json\/wp\/v2\/pages\/15\/revisions\/519"}],"wp:featuredmedia":[{"embeddable":true,"href":"https:\/\/gicd.inf.um.es\/csidpub\/usuario27\/wp-json\/wp\/v2\/media\/11"}],"wp:attachment":[{"href":"https:\/\/gicd.inf.um.es\/csidpub\/usuario27\/wp-json\/wp\/v2\/media?parent=15"}],"curies":[{"name":"wp","href":"https:\/\/api.w.org\/{rel}","templated":true}]}}