{"id":214,"date":"2025-11-13T18:49:13","date_gmt":"2025-11-13T17:49:13","guid":{"rendered":"https:\/\/gicd.inf.um.es\/csidpub\/usuario27\/?page_id=214"},"modified":"2025-11-26T16:37:44","modified_gmt":"2025-11-26T15:37:44","slug":"actividad-1","status":"publish","type":"page","link":"https:\/\/gicd.inf.um.es\/csidpub\/usuario27\/actividad-1\/","title":{"rendered":"Actividad 1"},"content":{"rendered":"\n<h2 class=\"wp-block-heading\">Pel\u00edculas divergentes<\/h2>\n\n\n\n<p>En un mundo lleno de estrenos predecibles y f\u00f3rmulas repetidas,&nbsp;<em>Pel\u00edculas Divergentes<\/em>&nbsp;nace como un espacio para los amantes del cine diferente. Aqu\u00ed exploramos aquellas obras que se atreven a romper las reglas: pel\u00edculas con estilos poco habituales, narrativas arriesgadas, est\u00e9ticas \u00fanicas y propuestas que desaf\u00edan lo convencional.<\/p>\n\n\n\n<p>Desde joyas independientes hasta producciones experimentales, te invitamos a descubrir historias que no siguen el camino marcado, sino que lo reinventan. Si buscas algo distinto, est\u00e1s en el lugar correcto.<\/p>\n\n\n<div class=\"pgc-sgb-cb wp-block-pgcsimplygalleryblock-viewer \" data-gallery-id=\"b3d93016\"><div class=\"sgb-preloader\" id=\"pr_b3d93016\">\n\t<div class=\"sgb-square\" style=\"background:#d4d4d4\"><\/div>\n\t<div class=\"sgb-square\" style=\"background:#d4d4d4\"><\/div>\n\t<div class=\"sgb-square\" style=\"background:#d4d4d4\"><\/div>\n\t<div class=\"sgb-square\" style=\"background:#d4d4d4\"><\/div><\/div><div class=\"simply-gallery-amp pgc_sgb_slider \" style=\"display: none;\"><div class=\"sgb-gallery\"><div class=\"sgb-item\"><a href=\"https:\/\/gicd.inf.um.es\/csidpub\/usuario27\/actividad-1\/enter_the_void_soudain_le_vide-474258286-large\/\" target=\"_blank\"><img decoding=\"async\" alt=\"\" width=\"300\" height=\"131\" loading=\"lazy\" src=\"https:\/\/gicd.inf.um.es\/csidpub\/usuario27\/wp-content\/uploads\/2025\/11\/enter_the_void_soudain_le_vide-474258286-large-300x131.jpg\" srcset=\"https:\/\/gicd.inf.um.es\/csidpub\/usuario27\/wp-content\/uploads\/2025\/11\/enter_the_void_soudain_le_vide-474258286-large-300x131.jpg 300w,https:\/\/gicd.inf.um.es\/csidpub\/usuario27\/wp-content\/uploads\/2025\/11\/enter_the_void_soudain_le_vide-474258286-large-1024x447.jpg 1024w,https:\/\/gicd.inf.um.es\/csidpub\/usuario27\/wp-content\/uploads\/2025\/11\/enter_the_void_soudain_le_vide-474258286-large.jpg 1600w\" sizes=\"auto, 250px\"\/><\/a><\/div><div class=\"sgb-item\"><a href=\"https:\/\/gicd.inf.um.es\/csidpub\/usuario27\/actividad-1\/eraserhead-417891828-large\/\" target=\"_blank\"><img decoding=\"async\" alt=\"\" width=\"300\" height=\"169\" loading=\"lazy\" src=\"https:\/\/gicd.inf.um.es\/csidpub\/usuario27\/wp-content\/uploads\/2025\/11\/eraserhead-417891828-large-300x169.jpg\" srcset=\"https:\/\/gicd.inf.um.es\/csidpub\/usuario27\/wp-content\/uploads\/2025\/11\/eraserhead-417891828-large-300x169.jpg 300w,https:\/\/gicd.inf.um.es\/csidpub\/usuario27\/wp-content\/uploads\/2025\/11\/eraserhead-417891828-large-1024x576.jpg 1024w,https:\/\/gicd.inf.um.es\/csidpub\/usuario27\/wp-content\/uploads\/2025\/11\/eraserhead-417891828-large.jpg 1920w\" sizes=\"auto, 250px\"\/><\/a><\/div><div class=\"sgb-item\"><a href=\"https:\/\/gicd.inf.um.es\/csidpub\/usuario27\/actividad-1\/la_montana_sagrada_the_holy_mountain-652734038-large\/\" target=\"_blank\"><img decoding=\"async\" alt=\"\" width=\"300\" height=\"200\" loading=\"lazy\" src=\"https:\/\/gicd.inf.um.es\/csidpub\/usuario27\/wp-content\/uploads\/2025\/11\/la_montana_sagrada_the_holy_mountain-652734038-large-300x200.jpg\" srcset=\"https:\/\/gicd.inf.um.es\/csidpub\/usuario27\/wp-content\/uploads\/2025\/11\/la_montana_sagrada_the_holy_mountain-652734038-large-300x200.jpg 300w,https:\/\/gicd.inf.um.es\/csidpub\/usuario27\/wp-content\/uploads\/2025\/11\/la_montana_sagrada_the_holy_mountain-652734038-large.jpg 600w\" sizes=\"auto, 250px\"\/><\/a><\/div><div class=\"sgb-item\"><a href=\"https:\/\/gicd.inf.um.es\/csidpub\/usuario27\/actividad-1\/memento-753794023-large\/\" target=\"_blank\"><img decoding=\"async\" alt=\"\" width=\"300\" height=\"128\" loading=\"lazy\" src=\"https:\/\/gicd.inf.um.es\/csidpub\/usuario27\/wp-content\/uploads\/2025\/11\/memento-753794023-large-300x128.jpg\" srcset=\"https:\/\/gicd.inf.um.es\/csidpub\/usuario27\/wp-content\/uploads\/2025\/11\/memento-753794023-large-300x128.jpg 300w,https:\/\/gicd.inf.um.es\/csidpub\/usuario27\/wp-content\/uploads\/2025\/11\/memento-753794023-large-1024x435.jpg 1024w,https:\/\/gicd.inf.um.es\/csidpub\/usuario27\/wp-content\/uploads\/2025\/11\/memento-753794023-large.jpg 1920w\" sizes=\"auto, 250px\"\/><\/a><\/div><div class=\"sgb-item\"><a href=\"https:\/\/gicd.inf.um.es\/csidpub\/usuario27\/actividad-1\/only_god_forgives-925753925-large\/\" target=\"_blank\"><img decoding=\"async\" alt=\"\" width=\"300\" height=\"169\" loading=\"lazy\" src=\"https:\/\/gicd.inf.um.es\/csidpub\/usuario27\/wp-content\/uploads\/2025\/11\/only_god_forgives-925753925-large-300x169.jpg\" srcset=\"https:\/\/gicd.inf.um.es\/csidpub\/usuario27\/wp-content\/uploads\/2025\/11\/only_god_forgives-925753925-large-300x169.jpg 300w,https:\/\/gicd.inf.um.es\/csidpub\/usuario27\/wp-content\/uploads\/2025\/11\/only_god_forgives-925753925-large-1024x576.jpg 1024w,https:\/\/gicd.inf.um.es\/csidpub\/usuario27\/wp-content\/uploads\/2025\/11\/only_god_forgives-925753925-large.jpg 1920w\" sizes=\"auto, 250px\"\/><\/a><\/div><\/div><\/div><script type=\"application\/json\" class=\"sgb-data\">{\"galleryType\":\"pgc_sgb_viewer\",\"galleryId\":\"b3d93016\",\"images\":[{\"id\":222,\"title\":\"Saliendo del vac\u00edo (2009) \u2013 Gaspar No\u00e9.\",\"url\":\"https:\/\/gicd.inf.um.es\/csidpub\/usuario27\/wp-content\/uploads\/2025\/11\/enter_the_void_soudain_le_vide-474258286-large.jpg\",\"link\":\"https:\/\/gicd.inf.um.es\/csidpub\/usuario27\/actividad-1\/enter_the_void_soudain_le_vide-474258286-large\/\",\"alt\":\"\",\"description\":\"\",\"caption\":\"\",\"mime\":\"image\/jpeg\",\"type\":\"image\",\"width\":1600,\"height\":699,\"sizes\":{\"thumbnail\":{\"height\":150,\"width\":150,\"url\":\"https:\/\/gicd.inf.um.es\/csidpub\/usuario27\/wp-content\/uploads\/2025\/11\/enter_the_void_soudain_le_vide-474258286-large-150x150.jpg\",\"orientation\":\"landscape\"},\"medium\":{\"height\":131,\"width\":300,\"url\":\"https:\/\/gicd.inf.um.es\/csidpub\/usuario27\/wp-content\/uploads\/2025\/11\/enter_the_void_soudain_le_vide-474258286-large-300x131.jpg\",\"orientation\":\"landscape\"},\"large\":{\"height\":447,\"width\":1024,\"url\":\"https:\/\/gicd.inf.um.es\/csidpub\/usuario27\/wp-content\/uploads\/2025\/11\/enter_the_void_soudain_le_vide-474258286-large-1024x447.jpg\",\"orientation\":\"landscape\"},\"full\":{\"url\":\"https:\/\/gicd.inf.um.es\/csidpub\/usuario27\/wp-content\/uploads\/2025\/11\/enter_the_void_soudain_le_vide-474258286-large.jpg\",\"height\":699,\"width\":1600,\"orientation\":\"landscape\"}},\"imageMeta\":{\"aperture\":\"0\",\"credit\":\"\",\"camera\":\"\",\"caption\":\"\",\"created_timestamp\":\"0\",\"copyright\":\"\",\"focal_length\":\"0\",\"iso\":\"0\",\"shutter_speed\":\"0\",\"title\":\"\",\"orientation\":\"0\",\"keywords\":[]},\"meta\":false,\"postlink\":\"https:\/\/gicd.inf.um.es\/csidpub\/usuario27\/actividad-1\/enter_the_void_soudain_le_vide-474258286-large\/\"},{\"id\":223,\"title\":\"Cabeza borradora (1977) \u2013 David Lynch.\",\"url\":\"https:\/\/gicd.inf.um.es\/csidpub\/usuario27\/wp-content\/uploads\/2025\/11\/eraserhead-417891828-large.jpg\",\"link\":\"https:\/\/gicd.inf.um.es\/csidpub\/usuario27\/actividad-1\/eraserhead-417891828-large\/\",\"alt\":\"\",\"description\":\"\",\"caption\":\"\",\"mime\":\"image\/jpeg\",\"type\":\"image\",\"width\":1920,\"height\":1080,\"sizes\":{\"thumbnail\":{\"height\":150,\"width\":150,\"url\":\"https:\/\/gicd.inf.um.es\/csidpub\/usuario27\/wp-content\/uploads\/2025\/11\/eraserhead-417891828-large-150x150.jpg\",\"orientation\":\"landscape\"},\"medium\":{\"height\":169,\"width\":300,\"url\":\"https:\/\/gicd.inf.um.es\/csidpub\/usuario27\/wp-content\/uploads\/2025\/11\/eraserhead-417891828-large-300x169.jpg\",\"orientation\":\"landscape\"},\"large\":{\"height\":576,\"width\":1024,\"url\":\"https:\/\/gicd.inf.um.es\/csidpub\/usuario27\/wp-content\/uploads\/2025\/11\/eraserhead-417891828-large-1024x576.jpg\",\"orientation\":\"landscape\"},\"full\":{\"url\":\"https:\/\/gicd.inf.um.es\/csidpub\/usuario27\/wp-content\/uploads\/2025\/11\/eraserhead-417891828-large.jpg\",\"height\":1080,\"width\":1920,\"orientation\":\"landscape\"}},\"imageMeta\":{\"aperture\":\"0\",\"credit\":\"\",\"camera\":\"\",\"caption\":\"\",\"created_timestamp\":\"0\",\"copyright\":\"\",\"focal_length\":\"0\",\"iso\":\"0\",\"shutter_speed\":\"0\",\"title\":\"\",\"orientation\":\"0\",\"keywords\":[]},\"meta\":false,\"postlink\":\"https:\/\/gicd.inf.um.es\/csidpub\/usuario27\/actividad-1\/eraserhead-417891828-large\/\"},{\"id\":224,\"title\":\"La monta\u00f1a sagrada (1973) \u2013 Alejandro Jodorowsky.\",\"url\":\"https:\/\/gicd.inf.um.es\/csidpub\/usuario27\/wp-content\/uploads\/2025\/11\/la_montana_sagrada_the_holy_mountain-652734038-large.jpg\",\"link\":\"https:\/\/gicd.inf.um.es\/csidpub\/usuario27\/actividad-1\/la_montana_sagrada_the_holy_mountain-652734038-large\/\",\"alt\":\"\",\"description\":\"\",\"caption\":\"\",\"mime\":\"image\/jpeg\",\"type\":\"image\",\"width\":600,\"height\":400,\"sizes\":{\"thumbnail\":{\"height\":150,\"width\":150,\"url\":\"https:\/\/gicd.inf.um.es\/csidpub\/usuario27\/wp-content\/uploads\/2025\/11\/la_montana_sagrada_the_holy_mountain-652734038-large-150x150.jpg\",\"orientation\":\"landscape\"},\"medium\":{\"height\":200,\"width\":300,\"url\":\"https:\/\/gicd.inf.um.es\/csidpub\/usuario27\/wp-content\/uploads\/2025\/11\/la_montana_sagrada_the_holy_mountain-652734038-large-300x200.jpg\",\"orientation\":\"landscape\"},\"full\":{\"url\":\"https:\/\/gicd.inf.um.es\/csidpub\/usuario27\/wp-content\/uploads\/2025\/11\/la_montana_sagrada_the_holy_mountain-652734038-large.jpg\",\"height\":400,\"width\":600,\"orientation\":\"landscape\"}},\"imageMeta\":{\"aperture\":\"0\",\"credit\":\"\",\"camera\":\"\",\"caption\":\"\",\"created_timestamp\":\"0\",\"copyright\":\"\",\"focal_length\":\"0\",\"iso\":\"0\",\"shutter_speed\":\"0\",\"title\":\"\",\"orientation\":\"0\",\"keywords\":[]},\"meta\":false,\"postlink\":\"https:\/\/gicd.inf.um.es\/csidpub\/usuario27\/actividad-1\/la_montana_sagrada_the_holy_mountain-652734038-large\/\"},{\"id\":225,\"title\":\"Memento (2000) \u2013 Christopher Nolan.\",\"url\":\"https:\/\/gicd.inf.um.es\/csidpub\/usuario27\/wp-content\/uploads\/2025\/11\/memento-753794023-large.jpg\",\"link\":\"https:\/\/gicd.inf.um.es\/csidpub\/usuario27\/actividad-1\/memento-753794023-large\/\",\"alt\":\"\",\"description\":\"\",\"caption\":\"\",\"mime\":\"image\/jpeg\",\"type\":\"image\",\"width\":1920,\"height\":816,\"sizes\":{\"thumbnail\":{\"height\":150,\"width\":150,\"url\":\"https:\/\/gicd.inf.um.es\/csidpub\/usuario27\/wp-content\/uploads\/2025\/11\/memento-753794023-large-150x150.jpg\",\"orientation\":\"landscape\"},\"medium\":{\"height\":128,\"width\":300,\"url\":\"https:\/\/gicd.inf.um.es\/csidpub\/usuario27\/wp-content\/uploads\/2025\/11\/memento-753794023-large-300x128.jpg\",\"orientation\":\"landscape\"},\"large\":{\"height\":435,\"width\":1024,\"url\":\"https:\/\/gicd.inf.um.es\/csidpub\/usuario27\/wp-content\/uploads\/2025\/11\/memento-753794023-large-1024x435.jpg\",\"orientation\":\"landscape\"},\"full\":{\"url\":\"https:\/\/gicd.inf.um.es\/csidpub\/usuario27\/wp-content\/uploads\/2025\/11\/memento-753794023-large.jpg\",\"height\":816,\"width\":1920,\"orientation\":\"landscape\"}},\"imageMeta\":{\"aperture\":\"0\",\"credit\":\"\",\"camera\":\"\",\"caption\":\"\",\"created_timestamp\":\"0\",\"copyright\":\"\",\"focal_length\":\"0\",\"iso\":\"0\",\"shutter_speed\":\"0\",\"title\":\"\",\"orientation\":\"0\",\"keywords\":[]},\"meta\":false,\"postlink\":\"https:\/\/gicd.inf.um.es\/csidpub\/usuario27\/actividad-1\/memento-753794023-large\/\"},{\"id\":226,\"title\":\"Solo dios perdona (2013) - Nicolas Winding Refn.\",\"url\":\"https:\/\/gicd.inf.um.es\/csidpub\/usuario27\/wp-content\/uploads\/2025\/11\/only_god_forgives-925753925-large.jpg\",\"link\":\"https:\/\/gicd.inf.um.es\/csidpub\/usuario27\/actividad-1\/only_god_forgives-925753925-large\/\",\"alt\":\"\",\"description\":\"\",\"caption\":\"\",\"mime\":\"image\/jpeg\",\"type\":\"image\",\"width\":1920,\"height\":1080,\"sizes\":{\"thumbnail\":{\"height\":150,\"width\":150,\"url\":\"https:\/\/gicd.inf.um.es\/csidpub\/usuario27\/wp-content\/uploads\/2025\/11\/only_god_forgives-925753925-large-150x150.jpg\",\"orientation\":\"landscape\"},\"medium\":{\"height\":169,\"width\":300,\"url\":\"https:\/\/gicd.inf.um.es\/csidpub\/usuario27\/wp-content\/uploads\/2025\/11\/only_god_forgives-925753925-large-300x169.jpg\",\"orientation\":\"landscape\"},\"large\":{\"height\":576,\"width\":1024,\"url\":\"https:\/\/gicd.inf.um.es\/csidpub\/usuario27\/wp-content\/uploads\/2025\/11\/only_god_forgives-925753925-large-1024x576.jpg\",\"orientation\":\"landscape\"},\"full\":{\"url\":\"https:\/\/gicd.inf.um.es\/csidpub\/usuario27\/wp-content\/uploads\/2025\/11\/only_god_forgives-925753925-large.jpg\",\"height\":1080,\"width\":1920,\"orientation\":\"landscape\"}},\"imageMeta\":{\"aperture\":\"0\",\"credit\":\"\",\"camera\":\"\",\"caption\":\"\",\"created_timestamp\":\"0\",\"copyright\":\"\",\"focal_length\":\"0\",\"iso\":\"0\",\"shutter_speed\":\"0\",\"title\":\"\",\"orientation\":\"0\",\"keywords\":[]},\"meta\":false,\"postlink\":\"https:\/\/gicd.inf.um.es\/csidpub\/usuario27\/actividad-1\/only_god_forgives-925753925-large\/\"}],\"extended_widget_opts_block\":{},\"extended_widget_opts\":{},\"extended_widget_opts_state\":\"\",\"extended_widget_opts_clientid\":\"\",\"dateUpdated\":\"\",\"itemsMetaDataCollection\":[]}<\/script><script>(function(){if(window.PGC_SGB && window.PGC_SGB.searcher){window.PGC_SGB.searcher.initBlocks()}})()<\/script><\/div>\n\n\n<div style=\"height:50px\" aria-hidden=\"true\" class=\"wp-block-spacer\"><\/div>\n\n\n\n<div class=\"wp-block-buttons is-content-justification-center is-layout-flex wp-container-core-buttons-is-layout-16018d1d wp-block-buttons-is-layout-flex\">\n<div class=\"wp-block-button has-custom-width wp-block-button__width-50\"><a class=\"wp-block-button__link wp-element-button\" href=\"https:\/\/gicd.inf.um.es\/csidpub\/usuario27\/actividad-1\/todas-las-peliculas-divergentes\/\">Descubre m\u00e1s pel\u00edculas divergentes<\/a><\/div>\n<\/div>\n\n\n\n<div style=\"height:50px\" aria-hidden=\"true\" class=\"wp-block-spacer\"><\/div>\n\n\n\n<h2 class=\"wp-block-heading\">Tus aportaciones cuentan<\/h2>\n\n\n\n<p>M\u00e1ndanos las pel\u00edculas divergentes que mas te gusten para a\u00f1adirlas a nuestro cat\u00e1logo.<\/p>\n\n\n\t<div id=\"respond\" class=\"comment-respond wp-block-post-comments-form\">\n\t\t<h3 id=\"reply-title\" class=\"comment-reply-title\">Deja una respuesta <small><a rel=\"nofollow\" id=\"cancel-comment-reply-link\" href=\"\/csidpub\/usuario27\/wp-json\/wp\/v2\/pages\/214#respond\" style=\"display:none;\">Cancelar la respuesta<\/a><\/small><\/h3><form action=\"https:\/\/gicd.inf.um.es\/csidpub\/usuario27\/wp-comments-post.php\" method=\"post\" id=\"commentform\" class=\"comment-form\"><p class=\"comment-notes\"><span id=\"email-notes\">Tu direcci\u00f3n de correo electr\u00f3nico no ser\u00e1 publicada.<\/span> <span class=\"required-field-message\">Los campos obligatorios est\u00e1n marcados con <span class=\"required\">*<\/span><\/span><\/p><p class=\"comment-form-comment\"><label for=\"comment\">Comentario <span class=\"required\">*<\/span><\/label> <textarea id=\"comment\" name=\"comment\" cols=\"45\" rows=\"8\" maxlength=\"65525\" required><\/textarea><\/p><p class=\"comment-form-author\"><label for=\"author\">Nombre <span class=\"required\">*<\/span><\/label> <input id=\"author\" name=\"author\" type=\"text\" value=\"\" size=\"30\" maxlength=\"245\" autocomplete=\"name\" required \/><\/p>\n<p class=\"comment-form-email\"><label for=\"email\">Correo electr\u00f3nico <span class=\"required\">*<\/span><\/label> <input id=\"email\" name=\"email\" type=\"email\" value=\"\" size=\"30\" maxlength=\"100\" aria-describedby=\"email-notes\" autocomplete=\"email\" required \/><\/p>\n<p class=\"comment-form-url\"><label for=\"url\">Web<\/label> <input id=\"url\" name=\"url\" type=\"url\" value=\"\" size=\"30\" maxlength=\"200\" autocomplete=\"url\" \/><\/p>\n<p class=\"comment-form-cookies-consent\"><input id=\"wp-comment-cookies-consent\" name=\"wp-comment-cookies-consent\" type=\"checkbox\" value=\"yes\" \/> <label for=\"wp-comment-cookies-consent\">Guarda mi nombre, correo electr\u00f3nico y web en este navegador para la pr\u00f3xima vez que comente.<\/label><\/p>\n<p class=\"form-submit\"><input name=\"submit\" type=\"submit\" id=\"submit\" class=\"submit\" value=\"Publicar el comentario\" \/> <input type='hidden' name='comment_post_ID' value='214' id='comment_post_ID' \/>\n<input type='hidden' name='comment_parent' id='comment_parent' value='0' \/>\n<\/p><\/form>\t<\/div><!-- #respond -->\n\t","protected":false},"excerpt":{"rendered":"<p>Pel\u00edculas divergentes En un mundo lleno de estrenos predecibles y f\u00f3rmulas repetidas,&nbsp;Pel\u00edculas Divergentes&nbsp;nace como un espacio para los amantes del cine diferente. Aqu\u00ed exploramos aquellas obras que se atreven a romper las reglas: pel\u00edculas con estilos poco habituales, narrativas arriesgadas, est\u00e9ticas \u00fanicas y propuestas que desaf\u00edan lo convencional. Desde joyas independientes hasta producciones experimentales, te [&hellip;]<\/p>\n","protected":false},"author":1,"featured_media":0,"parent":0,"menu_order":0,"comment_status":"open","ping_status":"closed","template":"","meta":{"pgc_sgb_lightbox_settings":"","footnotes":""},"class_list":["post-214","page","type-page","status-publish","hentry"],"_links":{"self":[{"href":"https:\/\/gicd.inf.um.es\/csidpub\/usuario27\/wp-json\/wp\/v2\/pages\/214","targetHints":{"allow":["GET"]}}],"collection":[{"href":"https:\/\/gicd.inf.um.es\/csidpub\/usuario27\/wp-json\/wp\/v2\/pages"}],"about":[{"href":"https:\/\/gicd.inf.um.es\/csidpub\/usuario27\/wp-json\/wp\/v2\/types\/page"}],"author":[{"embeddable":true,"href":"https:\/\/gicd.inf.um.es\/csidpub\/usuario27\/wp-json\/wp\/v2\/users\/1"}],"replies":[{"embeddable":true,"href":"https:\/\/gicd.inf.um.es\/csidpub\/usuario27\/wp-json\/wp\/v2\/comments?post=214"}],"version-history":[{"count":9,"href":"https:\/\/gicd.inf.um.es\/csidpub\/usuario27\/wp-json\/wp\/v2\/pages\/214\/revisions"}],"predecessor-version":[{"id":440,"href":"https:\/\/gicd.inf.um.es\/csidpub\/usuario27\/wp-json\/wp\/v2\/pages\/214\/revisions\/440"}],"wp:attachment":[{"href":"https:\/\/gicd.inf.um.es\/csidpub\/usuario27\/wp-json\/wp\/v2\/media?parent=214"}],"curies":[{"name":"wp","href":"https:\/\/api.w.org\/{rel}","templated":true}]}}