{"id":440,"date":"2025-11-26T16:33:18","date_gmt":"2025-11-26T15:33:18","guid":{"rendered":"https:\/\/gicd.inf.um.es\/csidpub\/usuario28\/?page_id=440"},"modified":"2025-11-26T16:36:11","modified_gmt":"2025-11-26T15:36:11","slug":"entre-paginas-2","status":"publish","type":"page","link":"https:\/\/gicd.inf.um.es\/csidpub\/usuario28\/entre-paginas-2\/","title":{"rendered":"Entre p\u00e1ginas"},"content":{"rendered":"\n<p>Te damos la bienvenida a \u00abEntre p\u00e1ginas\u00bb , una p\u00e1gina creada con mucho cari\u00f1o, donde te ofrecemos informaci\u00f3n sobre libros recomendados y actuales que son tendencias en el mundo literario actual, incluso ofrecemos informaci\u00f3n y  productos relacionados con ellos. Aqui compartiremos la pasi\u00f3n por la lectura.<\/p>\n\n\n\n<p><\/p>\n\n\n\n<p><\/p>\n\n\n\n<p class=\"has-text-align-center has-black-color has-text-color has-link-color wp-elements-60fe1668f43d97b89800906f05d2907a\">      <em>\u00abUn lector vive mil vidas antes de morir, aquel que no es lector solo vive una\u00bb<\/em><\/p>\n\n\n\n<p><\/p>\n\n\n\n<p><\/p>\n\n\n\n<p><\/p>\n\n\n\n<div class=\"wp-block-cover is-light has-parallax\"><div class=\"wp-block-cover__image-background wp-image-442 size-full has-parallax\" style=\"background-position:50% 50%;background-image:url(https:\/\/gicd.inf.um.es\/csidpub\/usuario28\/wp-content\/uploads\/2025\/11\/Imagen-116-1.jpeg)\"><\/div><span aria-hidden=\"true\" class=\"wp-block-cover__background has-background-dim\" style=\"background-color:#998c85\"><\/span><div class=\"wp-block-cover__inner-container is-layout-constrained wp-block-cover-is-layout-constrained\">\n<p class=\"has-text-align-center has-white-color has-text-color has-link-color has-large-font-size wp-elements-1deb7637898505ecdcb499c992e1ec81\"><strong>Viaja con nosotros por este bonito mundo con infinidad de historias<\/strong><\/p>\n<\/div><\/div>\n","protected":false},"excerpt":{"rendered":"<p>Te damos la bienvenida a \u00abEntre p\u00e1ginas\u00bb , una p\u00e1gina creada con mucho cari\u00f1o, donde te ofrecemos informaci\u00f3n sobre libros recomendados y actuales que son tendencias en el mundo literario actual, incluso ofrecemos informaci\u00f3n y productos relacionados con ellos. Aqui compartiremos la pasi\u00f3n por la lectura. \u00abUn lector vive mil vidas antes de morir, aquel [&hellip;]<\/p>\n","protected":false},"author":1,"featured_media":0,"parent":0,"menu_order":0,"comment_status":"closed","ping_status":"closed","template":"","meta":{"pgc_sgb_lightbox_settings":"","footnotes":""},"class_list":["post-440","page","type-page","status-publish","hentry"],"_links":{"self":[{"href":"https:\/\/gicd.inf.um.es\/csidpub\/usuario28\/wp-json\/wp\/v2\/pages\/440","targetHints":{"allow":["GET"]}}],"collection":[{"href":"https:\/\/gicd.inf.um.es\/csidpub\/usuario28\/wp-json\/wp\/v2\/pages"}],"about":[{"href":"https:\/\/gicd.inf.um.es\/csidpub\/usuario28\/wp-json\/wp\/v2\/types\/page"}],"author":[{"embeddable":true,"href":"https:\/\/gicd.inf.um.es\/csidpub\/usuario28\/wp-json\/wp\/v2\/users\/1"}],"replies":[{"embeddable":true,"href":"https:\/\/gicd.inf.um.es\/csidpub\/usuario28\/wp-json\/wp\/v2\/comments?post=440"}],"version-history":[{"count":5,"href":"https:\/\/gicd.inf.um.es\/csidpub\/usuario28\/wp-json\/wp\/v2\/pages\/440\/revisions"}],"predecessor-version":[{"id":482,"href":"https:\/\/gicd.inf.um.es\/csidpub\/usuario28\/wp-json\/wp\/v2\/pages\/440\/revisions\/482"}],"wp:attachment":[{"href":"https:\/\/gicd.inf.um.es\/csidpub\/usuario28\/wp-json\/wp\/v2\/media?parent=440"}],"curies":[{"name":"wp","href":"https:\/\/api.w.org\/{rel}","templated":true}]}}