{"id":285,"date":"2025-11-18T19:40:42","date_gmt":"2025-11-18T18:40:42","guid":{"rendered":"https:\/\/gicd.inf.um.es\/csidpub\/usuario30\/?page_id=285"},"modified":"2025-11-25T14:24:25","modified_gmt":"2025-11-25T13:24:25","slug":"actividad-1","status":"publish","type":"page","link":"https:\/\/gicd.inf.um.es\/csidpub\/usuario30\/actividad-1\/","title":{"rendered":"Actividad 1"},"content":{"rendered":"\n<h2 class=\"wp-block-heading\">\u00bfTe gustar\u00eda viajar a los lugares m\u00e1s ic\u00f3nicos e incre\u00edbles del mundo? \u00a1Echa un vistazo a nuestra web!<\/h2>\n\n\n\n<p>Los monumentos m\u00e1s famosos, al alcance de un click. <\/p>\n\n\n\n<figure class=\"wp-block-gallery has-nested-images columns-default is-cropped wp-block-gallery-1 is-layout-flex wp-block-gallery-is-layout-flex\">\n<figure class=\"wp-block-image size-large\"><a href=\"https:\/\/gicd.inf.um.es\/csidpub\/usuario30\/wp-content\/uploads\/2025\/11\/La-Alhambra-portada.jpg\"><img loading=\"lazy\" decoding=\"async\" width=\"1024\" height=\"683\" data-id=\"397\" src=\"https:\/\/gicd.inf.um.es\/csidpub\/usuario30\/wp-content\/uploads\/2025\/11\/La-Alhambra-portada-1024x683.jpg\" alt=\"La Alhambra portada\" class=\"wp-image-397\" srcset=\"https:\/\/gicd.inf.um.es\/csidpub\/usuario30\/wp-content\/uploads\/2025\/11\/La-Alhambra-portada-1024x683.jpg 1024w, https:\/\/gicd.inf.um.es\/csidpub\/usuario30\/wp-content\/uploads\/2025\/11\/La-Alhambra-portada-300x200.jpg 300w, https:\/\/gicd.inf.um.es\/csidpub\/usuario30\/wp-content\/uploads\/2025\/11\/La-Alhambra-portada-768x512.jpg 768w, https:\/\/gicd.inf.um.es\/csidpub\/usuario30\/wp-content\/uploads\/2025\/11\/La-Alhambra-portada.jpg 1200w\" sizes=\"auto, (max-width: 1024px) 100vw, 1024px\" \/><\/a><\/figure>\n\n\n\n<figure class=\"wp-block-image size-large\"><a href=\"https:\/\/gicd.inf.um.es\/csidpub\/usuario30\/wp-content\/uploads\/2025\/11\/Taj-Mahal-portada.webp\"><img loading=\"lazy\" decoding=\"async\" width=\"800\" height=\"500\" data-id=\"309\" src=\"https:\/\/gicd.inf.um.es\/csidpub\/usuario30\/wp-content\/uploads\/2025\/11\/Taj-Mahal-portada.webp\" alt=\"Taj Mahal 6\" class=\"wp-image-309\" srcset=\"https:\/\/gicd.inf.um.es\/csidpub\/usuario30\/wp-content\/uploads\/2025\/11\/Taj-Mahal-portada.webp 800w, https:\/\/gicd.inf.um.es\/csidpub\/usuario30\/wp-content\/uploads\/2025\/11\/Taj-Mahal-portada-300x188.webp 300w, https:\/\/gicd.inf.um.es\/csidpub\/usuario30\/wp-content\/uploads\/2025\/11\/Taj-Mahal-portada-768x480.webp 768w\" sizes=\"auto, (max-width: 800px) 100vw, 800px\" \/><\/a><\/figure>\n\n\n\n<figure class=\"wp-block-image size-large\"><a href=\"https:\/\/gicd.inf.um.es\/csidpub\/usuario30\/wp-content\/uploads\/2025\/11\/Torre-Eiffel-5.jpg\"><img loading=\"lazy\" decoding=\"async\" width=\"576\" height=\"768\" data-id=\"273\" src=\"https:\/\/gicd.inf.um.es\/csidpub\/usuario30\/wp-content\/uploads\/2025\/11\/Torre-Eiffel-5.jpg\" alt=\"Torre Eiffel 5\" class=\"wp-image-273\" srcset=\"https:\/\/gicd.inf.um.es\/csidpub\/usuario30\/wp-content\/uploads\/2025\/11\/Torre-Eiffel-5.jpg 576w, https:\/\/gicd.inf.um.es\/csidpub\/usuario30\/wp-content\/uploads\/2025\/11\/Torre-Eiffel-5-225x300.jpg 225w\" sizes=\"auto, (max-width: 576px) 100vw, 576px\" \/><\/a><\/figure>\n<\/figure>\n\n\n\n<div class=\"wp-block-columns is-layout-flex wp-container-core-columns-is-layout-9d6595d7 wp-block-columns-is-layout-flex\">\n<div class=\"wp-block-column is-layout-flow wp-block-column-is-layout-flow\">\n<p>Conoce m\u00e1s acerca de varios monumentos hist\u00f3ricos de todos los continentes. <\/p>\n\n\n\n<div class=\"wp-block-columns is-layout-flex wp-container-core-columns-is-layout-9d6595d7 wp-block-columns-is-layout-flex\">\n<div class=\"wp-block-column is-layout-flow wp-block-column-is-layout-flow\" style=\"flex-basis:33.33%\"><\/div>\n\n\n\n<div class=\"wp-block-column is-layout-flow wp-block-column-is-layout-flow\" style=\"flex-basis:66.66%\"><\/div>\n<\/div>\n<\/div>\n\n\n\n<div class=\"wp-block-column is-layout-flow wp-block-column-is-layout-flow\">\n<figure class=\"wp-block-gallery has-nested-images columns-default is-cropped wp-block-gallery-2 is-layout-flex wp-block-gallery-is-layout-flex\">\n<figure class=\"wp-block-image size-large\"><img loading=\"lazy\" decoding=\"async\" width=\"640\" height=\"427\" data-id=\"576\" src=\"https:\/\/gicd.inf.um.es\/csidpub\/usuario30\/wp-content\/uploads\/2025\/11\/Cristo-Redentor-portada-2.jpg\" alt=\"Cristo Redentor portada\" class=\"wp-image-576\" srcset=\"https:\/\/gicd.inf.um.es\/csidpub\/usuario30\/wp-content\/uploads\/2025\/11\/Cristo-Redentor-portada-2.jpg 640w, https:\/\/gicd.inf.um.es\/csidpub\/usuario30\/wp-content\/uploads\/2025\/11\/Cristo-Redentor-portada-2-300x200.jpg 300w\" sizes=\"auto, (max-width: 640px) 100vw, 640px\" \/><\/figure>\n<\/figure>\n<\/div>\n<\/div>\n\n\n\n<div class=\"wp-block-columns is-layout-flex wp-container-core-columns-is-layout-9d6595d7 wp-block-columns-is-layout-flex\">\n<div class=\"wp-block-column is-layout-flow wp-block-column-is-layout-flow\">\n<p>Desde Ocean\u00eda&#8230;<\/p>\n<\/div>\n\n\n\n<div class=\"wp-block-column is-layout-flow wp-block-column-is-layout-flow\">\n<figure class=\"wp-block-image size-large\"><img loading=\"lazy\" decoding=\"async\" width=\"1024\" height=\"649\" src=\"https:\/\/gicd.inf.um.es\/csidpub\/usuario30\/wp-content\/uploads\/2025\/11\/Opera-de-Sidney-portada-1024x649.webp\" alt=\"\u00d3pera de S\u00eddney portada\" class=\"wp-image-357\" srcset=\"https:\/\/gicd.inf.um.es\/csidpub\/usuario30\/wp-content\/uploads\/2025\/11\/Opera-de-Sidney-portada-1024x649.webp 1024w, https:\/\/gicd.inf.um.es\/csidpub\/usuario30\/wp-content\/uploads\/2025\/11\/Opera-de-Sidney-portada-300x190.webp 300w, https:\/\/gicd.inf.um.es\/csidpub\/usuario30\/wp-content\/uploads\/2025\/11\/Opera-de-Sidney-portada-768x486.webp 768w, https:\/\/gicd.inf.um.es\/csidpub\/usuario30\/wp-content\/uploads\/2025\/11\/Opera-de-Sidney-portada.webp 1200w\" sizes=\"auto, (max-width: 1024px) 100vw, 1024px\" \/><\/figure>\n<\/div>\n<\/div>\n\n\n\n<div class=\"wp-block-columns is-layout-flex wp-container-core-columns-is-layout-9d6595d7 wp-block-columns-is-layout-flex\">\n<div class=\"wp-block-column is-layout-flow wp-block-column-is-layout-flow\">\n<figure class=\"wp-block-image size-large\"><img loading=\"lazy\" decoding=\"async\" width=\"1024\" height=\"640\" src=\"https:\/\/gicd.inf.um.es\/csidpub\/usuario30\/wp-content\/uploads\/2025\/11\/Piramides-de-Guiza-portada-1-1024x640.jpg\" alt=\"Pir\u00e1mides de Guiza portada\" class=\"wp-image-380\" srcset=\"https:\/\/gicd.inf.um.es\/csidpub\/usuario30\/wp-content\/uploads\/2025\/11\/Piramides-de-Guiza-portada-1-1024x640.jpg 1024w, https:\/\/gicd.inf.um.es\/csidpub\/usuario30\/wp-content\/uploads\/2025\/11\/Piramides-de-Guiza-portada-1-300x188.jpg 300w, https:\/\/gicd.inf.um.es\/csidpub\/usuario30\/wp-content\/uploads\/2025\/11\/Piramides-de-Guiza-portada-1-768x480.jpg 768w, https:\/\/gicd.inf.um.es\/csidpub\/usuario30\/wp-content\/uploads\/2025\/11\/Piramides-de-Guiza-portada-1-1536x960.jpg 1536w, https:\/\/gicd.inf.um.es\/csidpub\/usuario30\/wp-content\/uploads\/2025\/11\/Piramides-de-Guiza-portada-1.jpg 1600w\" sizes=\"auto, (max-width: 1024px) 100vw, 1024px\" \/><\/figure>\n<\/div>\n\n\n\n<div class=\"wp-block-column is-layout-flow wp-block-column-is-layout-flow\">\n<p>      &#8230;hasta Egipto. <\/p>\n<\/div>\n<\/div>\n\n\n\n<h1 class=\"wp-block-heading has-text-align-center\">\u00a1Buen viaje!<\/h1>\n","protected":false},"excerpt":{"rendered":"<p>\u00bfTe gustar\u00eda viajar a los lugares m\u00e1s ic\u00f3nicos e incre\u00edbles del mundo? \u00a1Echa un vistazo a nuestra web! Los monumentos m\u00e1s famosos, al alcance de un click. Conoce m\u00e1s acerca de varios monumentos hist\u00f3ricos de todos los continentes. Desde Ocean\u00eda&#8230; &#8230;hasta Egipto. \u00a1Buen viaje!<\/p>\n","protected":false},"author":1,"featured_media":0,"parent":0,"menu_order":0,"comment_status":"closed","ping_status":"closed","template":"","meta":{"pgc_sgb_lightbox_settings":"","footnotes":""},"class_list":["post-285","page","type-page","status-publish","hentry"],"_links":{"self":[{"href":"https:\/\/gicd.inf.um.es\/csidpub\/usuario30\/wp-json\/wp\/v2\/pages\/285","targetHints":{"allow":["GET"]}}],"collection":[{"href":"https:\/\/gicd.inf.um.es\/csidpub\/usuario30\/wp-json\/wp\/v2\/pages"}],"about":[{"href":"https:\/\/gicd.inf.um.es\/csidpub\/usuario30\/wp-json\/wp\/v2\/types\/page"}],"author":[{"embeddable":true,"href":"https:\/\/gicd.inf.um.es\/csidpub\/usuario30\/wp-json\/wp\/v2\/users\/1"}],"replies":[{"embeddable":true,"href":"https:\/\/gicd.inf.um.es\/csidpub\/usuario30\/wp-json\/wp\/v2\/comments?post=285"}],"version-history":[{"count":7,"href":"https:\/\/gicd.inf.um.es\/csidpub\/usuario30\/wp-json\/wp\/v2\/pages\/285\/revisions"}],"predecessor-version":[{"id":587,"href":"https:\/\/gicd.inf.um.es\/csidpub\/usuario30\/wp-json\/wp\/v2\/pages\/285\/revisions\/587"}],"wp:attachment":[{"href":"https:\/\/gicd.inf.um.es\/csidpub\/usuario30\/wp-json\/wp\/v2\/media?parent=285"}],"curies":[{"name":"wp","href":"https:\/\/api.w.org\/{rel}","templated":true}]}}