{"id":165,"date":"2025-11-12T17:05:40","date_gmt":"2025-11-12T16:05:40","guid":{"rendered":"https:\/\/gicd.inf.um.es\/csidpub\/usuario33\/?page_id=165"},"modified":"2025-11-17T19:13:06","modified_gmt":"2025-11-17T18:13:06","slug":"todas-las-series","status":"publish","type":"page","link":"https:\/\/gicd.inf.um.es\/csidpub\/usuario33\/todas-las-series\/","title":{"rendered":"Listado de series de TV"},"content":{"rendered":"<div class=\"asl_w_container asl_w_container_1\" data-id=\"1\" data-instance=\"1\">\n\t<div id='ajaxsearchlite1'\n\t\tdata-id=\"1\"\n\t\tdata-instance=\"1\"\n\t\tclass=\"asl_w asl_m asl_m_1 asl_m_1_1\">\n\t\t<div class=\"probox\">\n\n\t\n\t<div class='prosettings'  data-opened=0>\n\t\t\t\t<div class='innericon'>\n\t\t\t<svg version=\"1.1\" xmlns=\"http:\/\/www.w3.org\/2000\/svg\" xmlns:xlink=\"http:\/\/www.w3.org\/1999\/xlink\" x=\"0px\" y=\"0px\" width=\"22\" height=\"22\" viewBox=\"0 0 512 512\" enable-background=\"new 0 0 512 512\" xml:space=\"preserve\">\n\t\t\t\t\t<polygon transform = \"rotate(90 256 256)\" points=\"142.332,104.886 197.48,50 402.5,256 197.48,462 142.332,407.113 292.727,256 \"\/>\n\t\t\t\t<\/svg>\n\t\t<\/div>\n\t<\/div>\n\n\t\n\t\n\t<div class='proinput'>\n\t\t<form role=\"search\" action='#' autocomplete=\"off\"\n\t\t\t\taria-label=\"Search form\">\n\t\t\t<input aria-label=\"Search input\"\n\t\t\t\t\ttype='search' class='orig'\n\t\t\t\t\ttabindex=\"0\"\n\t\t\t\t\tname='phrase'\n\t\t\t\t\tplaceholder='Buscar aqu\u00ed'\n\t\t\t\t\tvalue=''\n\t\t\t\t\tautocomplete=\"off\"\/>\n\t\t\t<input aria-label=\"Search autocomplete\"\n\t\t\t\t\ttype='text'\n\t\t\t\t\tclass='autocomplete'\n\t\t\t\t\ttabindex=\"-1\"\n\t\t\t\t\tname='phrase'\n\t\t\t\t\tvalue=''\n\t\t\t\t\tautocomplete=\"off\" disabled\/>\n\t\t\t<input type='submit' value=\"Start search\" style='width:0; height: 0; visibility: hidden;'>\n\t\t<\/form>\n\t<\/div>\n\n\t\n\t\n\t<button class='promagnifier' tabindex=\"0\" aria-label=\"Search magnifier\">\n\t\t\t\t<span class='innericon' style=\"display:block;\">\n\t\t\t<svg version=\"1.1\" xmlns=\"http:\/\/www.w3.org\/2000\/svg\" xmlns:xlink=\"http:\/\/www.w3.org\/1999\/xlink\" x=\"0px\" y=\"0px\" width=\"22\" height=\"22\" viewBox=\"0 0 512 512\" enable-background=\"new 0 0 512 512\" xml:space=\"preserve\">\n\t\t\t\t\t<path d=\"M460.355,421.59L353.844,315.078c20.041-27.553,31.885-61.437,31.885-98.037\n\t\t\t\t\t\tC385.729,124.934,310.793,50,218.686,50C126.58,50,51.645,124.934,51.645,217.041c0,92.106,74.936,167.041,167.041,167.041\n\t\t\t\t\t\tc34.912,0,67.352-10.773,94.184-29.158L419.945,462L460.355,421.59z M100.631,217.041c0-65.096,52.959-118.056,118.055-118.056\n\t\t\t\t\t\tc65.098,0,118.057,52.959,118.057,118.056c0,65.096-52.959,118.056-118.057,118.056C153.59,335.097,100.631,282.137,100.631,217.041\n\t\t\t\t\t\tz\"\/>\n\t\t\t\t<\/svg>\n\t\t<\/span>\n\t<\/button>\n\n\t\n\t\n\t<div class='proloading'>\n\n\t\t<div class=\"asl_loader\"><div class=\"asl_loader-inner asl_simple-circle\"><\/div><\/div>\n\n\t\t\t<\/div>\n\n\t\t\t<div class='proclose'>\n\t\t\t<svg version=\"1.1\" xmlns=\"http:\/\/www.w3.org\/2000\/svg\" xmlns:xlink=\"http:\/\/www.w3.org\/1999\/xlink\" x=\"0px\"\n\t\t\t\ty=\"0px\"\n\t\t\t\twidth=\"12\" height=\"12\" viewBox=\"0 0 512 512\" enable-background=\"new 0 0 512 512\"\n\t\t\t\txml:space=\"preserve\">\n\t\t\t\t<polygon points=\"438.393,374.595 319.757,255.977 438.378,137.348 374.595,73.607 255.995,192.225 137.375,73.622 73.607,137.352 192.246,255.983 73.622,374.625 137.352,438.393 256.002,319.734 374.652,438.378 \"\/>\n\t\t\t<\/svg>\n\t\t<\/div>\n\t\n\t\n<\/div>\t<\/div>\n\t<div class='asl_data_container' style=\"display:none !important;\">\n\t\t<div class=\"asl_init_data wpdreams_asl_data_ct\"\n\tstyle=\"display:none !important;\"\n\tid=\"asl_init_id_1\"\n\tdata-asl-id=\"1\"\n\tdata-asl-instance=\"1\"\n\tdata-settings=\"{&quot;homeurl&quot;:&quot;https:\\\/\\\/gicd.inf.um.es\\\/csidpub\\\/usuario33\\\/&quot;,&quot;resultstype&quot;:&quot;vertical&quot;,&quot;resultsposition&quot;:&quot;hover&quot;,&quot;itemscount&quot;:4,&quot;charcount&quot;:0,&quot;highlight&quot;:false,&quot;highlightWholewords&quot;:true,&quot;singleHighlight&quot;:false,&quot;scrollToResults&quot;:{&quot;enabled&quot;:false,&quot;offset&quot;:0},&quot;resultareaclickable&quot;:1,&quot;autocomplete&quot;:{&quot;enabled&quot;:true,&quot;lang&quot;:&quot;en&quot;,&quot;trigger_charcount&quot;:0},&quot;mobile&quot;:{&quot;menu_selector&quot;:&quot;#menu-toggle, .menu-toggle&quot;},&quot;trigger&quot;:{&quot;click&quot;:&quot;results_page&quot;,&quot;click_location&quot;:&quot;same&quot;,&quot;update_href&quot;:false,&quot;return&quot;:&quot;results_page&quot;,&quot;return_location&quot;:&quot;same&quot;,&quot;facet&quot;:true,&quot;type&quot;:true,&quot;redirect_url&quot;:&quot;?s={phrase}&quot;,&quot;delay&quot;:300},&quot;animations&quot;:{&quot;pc&quot;:{&quot;settings&quot;:{&quot;anim&quot;:&quot;fadedrop&quot;,&quot;dur&quot;:300},&quot;results&quot;:{&quot;anim&quot;:&quot;fadedrop&quot;,&quot;dur&quot;:300},&quot;items&quot;:&quot;voidanim&quot;},&quot;mob&quot;:{&quot;settings&quot;:{&quot;anim&quot;:&quot;fadedrop&quot;,&quot;dur&quot;:300},&quot;results&quot;:{&quot;anim&quot;:&quot;fadedrop&quot;,&quot;dur&quot;:300},&quot;items&quot;:&quot;voidanim&quot;}},&quot;autop&quot;:{&quot;state&quot;:true,&quot;phrase&quot;:&quot;&quot;,&quot;count&quot;:&quot;1&quot;},&quot;resPage&quot;:{&quot;useAjax&quot;:false,&quot;selector&quot;:&quot;#main&quot;,&quot;trigger_type&quot;:true,&quot;trigger_facet&quot;:true,&quot;trigger_magnifier&quot;:false,&quot;trigger_return&quot;:false},&quot;resultsSnapTo&quot;:&quot;left&quot;,&quot;results&quot;:{&quot;width&quot;:&quot;auto&quot;,&quot;width_tablet&quot;:&quot;auto&quot;,&quot;width_phone&quot;:&quot;auto&quot;},&quot;settingsimagepos&quot;:&quot;right&quot;,&quot;closeOnDocClick&quot;:true,&quot;overridewpdefault&quot;:true,&quot;override_method&quot;:&quot;get&quot;}\"><\/div>\n\t<div id=\"asl_hidden_data\">\n\t\t<svg style=\"position:absolute\" height=\"0\" width=\"0\">\n\t\t\t<filter id=\"aslblur\">\n\t\t\t\t<feGaussianBlur in=\"SourceGraphic\" stdDeviation=\"4\"\/>\n\t\t\t<\/filter>\n\t\t<\/svg>\n\t\t<svg style=\"position:absolute\" height=\"0\" width=\"0\">\n\t\t\t<filter id=\"no_aslblur\"><\/filter>\n\t\t<\/svg>\n\t<\/div>\n\t<\/div>\n\n\t<div id='ajaxsearchliteres1'\n\tclass='vertical wpdreams_asl_results asl_w asl_r asl_r_1 asl_r_1_1'>\n\n\t\n\t<div class=\"results\">\n\n\t\t\n\t\t<div class=\"resdrg\">\n\t\t<\/div>\n\n\t\t\n\t<\/div>\n\n\t\n\t\n<\/div>\n\n\t<div id='__original__ajaxsearchlitesettings1'\n\t\tdata-id=\"1\"\n\t\tclass=\"searchsettings wpdreams_asl_settings asl_w asl_s asl_s_1\">\n\t\t<form name='options'\n\t\taria-label=\"Search settings form\"\n\t\tautocomplete = 'off'>\n\n\t\n\t\n\t<input type=\"hidden\" name=\"filters_changed\" style=\"display:none;\" value=\"0\">\n\t<input type=\"hidden\" name=\"filters_initial\" style=\"display:none;\" value=\"1\">\n\n\t<div class=\"asl_option_inner hiddend\">\n\t\t<input type='hidden' name='qtranslate_lang' id='qtranslate_lang'\n\t\t\t\tvalue='0'\/>\n\t<\/div>\n\n\t\n\t\n\t<fieldset class=\"asl_sett_scroll\">\n\t\t<legend style=\"display: none;\">Generic selectors<\/legend>\n\t\t<div class=\"asl_option\" tabindex=\"0\">\n\t\t\t<div class=\"asl_option_inner\">\n\t\t\t\t<input type=\"checkbox\" value=\"exact\"\n\t\t\t\t\t\taria-label=\"Exact matches only\"\n\t\t\t\t\t\tname=\"asl_gen[]\" \/>\n\t\t\t\t<div class=\"asl_option_checkbox\"><\/div>\n\t\t\t<\/div>\n\t\t\t<div class=\"asl_option_label\">\n\t\t\t\tExact matches only\t\t\t<\/div>\n\t\t<\/div>\n\t\t<div class=\"asl_option\" tabindex=\"0\">\n\t\t\t<div class=\"asl_option_inner\">\n\t\t\t\t<input type=\"checkbox\" value=\"title\"\n\t\t\t\t\t\taria-label=\"Search in title\"\n\t\t\t\t\t\tname=\"asl_gen[]\"  checked=\"checked\"\/>\n\t\t\t\t<div class=\"asl_option_checkbox\"><\/div>\n\t\t\t<\/div>\n\t\t\t<div class=\"asl_option_label\">\n\t\t\t\tSearch in title\t\t\t<\/div>\n\t\t<\/div>\n\t\t<div class=\"asl_option\" tabindex=\"0\">\n\t\t\t<div class=\"asl_option_inner\">\n\t\t\t\t<input type=\"checkbox\" value=\"content\"\n\t\t\t\t\t\taria-label=\"Search in content\"\n\t\t\t\t\t\tname=\"asl_gen[]\"  checked=\"checked\"\/>\n\t\t\t\t<div class=\"asl_option_checkbox\"><\/div>\n\t\t\t<\/div>\n\t\t\t<div class=\"asl_option_label\">\n\t\t\t\tSearch in content\t\t\t<\/div>\n\t\t<\/div>\n\t\t<div class=\"asl_option_inner hiddend\">\n\t\t\t<input type=\"checkbox\" value=\"excerpt\"\n\t\t\t\t\taria-label=\"Search in excerpt\"\n\t\t\t\t\tname=\"asl_gen[]\"  checked=\"checked\"\/>\n\t\t\t<div class=\"asl_option_checkbox\"><\/div>\n\t\t<\/div>\n\t<\/fieldset>\n\t<fieldset class=\"asl_sett_scroll\">\n\t\t<legend style=\"display: none;\">Post Type Selectors<\/legend>\n\t\t\t\t\t<div class=\"asl_option_inner hiddend\">\n\t\t\t\t<input type=\"checkbox\" value=\"post\"\n\t\t\t\t\t\taria-label=\"Hidden option, ignore please\"\n\t\t\t\t\t\tname=\"customset[]\" checked=\"checked\"\/>\n\t\t\t<\/div>\n\t\t\t\t<\/fieldset>\n\t\n\t\t<fieldset>\n\t\t\t\t\t\t\t<legend>Filtrar por categor\u00edas<\/legend>\n\t\t\t\t\t\t<div class='categoryfilter asl_sett_scroll'>\n\t\t\t\t\t\t\t\t\t<div class=\"asl_option\" tabindex=\"0\">\n\t\t\t\t\t\t<div class=\"asl_option_inner\">\n\t\t\t\t\t\t\t<input type=\"checkbox\" value=\"5\"\n\t\t\t\t\t\t\t\t\taria-label=\"Acci\u00f3n\"\n\t\t\t\t\t\t\t\t\tname=\"categoryset[]\" checked=\"checked\"\/>\n\t\t\t\t\t\t\t<div class=\"asl_option_checkbox\"><\/div>\n\t\t\t\t\t\t<\/div>\n\t\t\t\t\t\t<div class=\"asl_option_label\">\n\t\t\t\t\t\t\tAcci\u00f3n\t\t\t\t\t\t<\/div>\n\t\t\t\t\t<\/div>\n\t\t\t\t\t\t\t\t\t\t<div class=\"asl_option\" tabindex=\"0\">\n\t\t\t\t\t\t<div class=\"asl_option_inner\">\n\t\t\t\t\t\t\t<input type=\"checkbox\" value=\"19\"\n\t\t\t\t\t\t\t\t\taria-label=\"Aventuras\"\n\t\t\t\t\t\t\t\t\tname=\"categoryset[]\" checked=\"checked\"\/>\n\t\t\t\t\t\t\t<div class=\"asl_option_checkbox\"><\/div>\n\t\t\t\t\t\t<\/div>\n\t\t\t\t\t\t<div class=\"asl_option_label\">\n\t\t\t\t\t\t\tAventuras\t\t\t\t\t\t<\/div>\n\t\t\t\t\t<\/div>\n\t\t\t\t\t\t\t\t\t\t<div class=\"asl_option\" tabindex=\"0\">\n\t\t\t\t\t\t<div class=\"asl_option_inner\">\n\t\t\t\t\t\t\t<input type=\"checkbox\" value=\"18\"\n\t\t\t\t\t\t\t\t\taria-label=\"Ciencia Ficci\u00f3n\"\n\t\t\t\t\t\t\t\t\tname=\"categoryset[]\" checked=\"checked\"\/>\n\t\t\t\t\t\t\t<div class=\"asl_option_checkbox\"><\/div>\n\t\t\t\t\t\t<\/div>\n\t\t\t\t\t\t<div class=\"asl_option_label\">\n\t\t\t\t\t\t\tCiencia Ficci\u00f3n\t\t\t\t\t\t<\/div>\n\t\t\t\t\t<\/div>\n\t\t\t\t\t\t\t\t\t\t<div class=\"asl_option\" tabindex=\"0\">\n\t\t\t\t\t\t<div class=\"asl_option_inner\">\n\t\t\t\t\t\t\t<input type=\"checkbox\" value=\"30\"\n\t\t\t\t\t\t\t\t\taria-label=\"Comedia\"\n\t\t\t\t\t\t\t\t\tname=\"categoryset[]\" checked=\"checked\"\/>\n\t\t\t\t\t\t\t<div class=\"asl_option_checkbox\"><\/div>\n\t\t\t\t\t\t<\/div>\n\t\t\t\t\t\t<div class=\"asl_option_label\">\n\t\t\t\t\t\t\tComedia\t\t\t\t\t\t<\/div>\n\t\t\t\t\t<\/div>\n\t\t\t\t\t\t\t\t\t\t<div class=\"asl_option\" tabindex=\"0\">\n\t\t\t\t\t\t<div class=\"asl_option_inner\">\n\t\t\t\t\t\t\t<input type=\"checkbox\" value=\"32\"\n\t\t\t\t\t\t\t\t\taria-label=\"Comedia humor negro\"\n\t\t\t\t\t\t\t\t\tname=\"categoryset[]\" checked=\"checked\"\/>\n\t\t\t\t\t\t\t<div class=\"asl_option_checkbox\"><\/div>\n\t\t\t\t\t\t<\/div>\n\t\t\t\t\t\t<div class=\"asl_option_label\">\n\t\t\t\t\t\t\tComedia humor negro\t\t\t\t\t\t<\/div>\n\t\t\t\t\t<\/div>\n\t\t\t\t\t\t\t\t\t\t<div class=\"asl_option\" tabindex=\"0\">\n\t\t\t\t\t\t<div class=\"asl_option_inner\">\n\t\t\t\t\t\t\t<input type=\"checkbox\" value=\"38\"\n\t\t\t\t\t\t\t\t\taria-label=\"Crimen\"\n\t\t\t\t\t\t\t\t\tname=\"categoryset[]\" checked=\"checked\"\/>\n\t\t\t\t\t\t\t<div class=\"asl_option_checkbox\"><\/div>\n\t\t\t\t\t\t<\/div>\n\t\t\t\t\t\t<div class=\"asl_option_label\">\n\t\t\t\t\t\t\tCrimen\t\t\t\t\t\t<\/div>\n\t\t\t\t\t<\/div>\n\t\t\t\t\t\t\t\t\t\t<div class=\"asl_option\" tabindex=\"0\">\n\t\t\t\t\t\t<div class=\"asl_option_inner\">\n\t\t\t\t\t\t\t<input type=\"checkbox\" value=\"3\"\n\t\t\t\t\t\t\t\t\taria-label=\"Drama\"\n\t\t\t\t\t\t\t\t\tname=\"categoryset[]\" checked=\"checked\"\/>\n\t\t\t\t\t\t\t<div class=\"asl_option_checkbox\"><\/div>\n\t\t\t\t\t\t<\/div>\n\t\t\t\t\t\t<div class=\"asl_option_label\">\n\t\t\t\t\t\t\tDrama\t\t\t\t\t\t<\/div>\n\t\t\t\t\t<\/div>\n\t\t\t\t\t\t\t\t\t\t<div class=\"asl_option\" tabindex=\"0\">\n\t\t\t\t\t\t<div class=\"asl_option_inner\">\n\t\t\t\t\t\t\t<input type=\"checkbox\" value=\"4\"\n\t\t\t\t\t\t\t\t\taria-label=\"Fant\u00e1stico\"\n\t\t\t\t\t\t\t\t\tname=\"categoryset[]\" checked=\"checked\"\/>\n\t\t\t\t\t\t\t<div class=\"asl_option_checkbox\"><\/div>\n\t\t\t\t\t\t<\/div>\n\t\t\t\t\t\t<div class=\"asl_option_label\">\n\t\t\t\t\t\t\tFant\u00e1stico\t\t\t\t\t\t<\/div>\n\t\t\t\t\t<\/div>\n\t\t\t\t\t\t\t\t\t\t<div class=\"asl_option\" tabindex=\"0\">\n\t\t\t\t\t\t<div class=\"asl_option_inner\">\n\t\t\t\t\t\t\t<input type=\"checkbox\" value=\"62\"\n\t\t\t\t\t\t\t\t\taria-label=\"Laberinto\/Acci\u00f3n\"\n\t\t\t\t\t\t\t\t\tname=\"categoryset[]\" checked=\"checked\"\/>\n\t\t\t\t\t\t\t<div class=\"asl_option_checkbox\"><\/div>\n\t\t\t\t\t\t<\/div>\n\t\t\t\t\t\t<div class=\"asl_option_label\">\n\t\t\t\t\t\t\tLaberinto\/Acci\u00f3n\t\t\t\t\t\t<\/div>\n\t\t\t\t\t<\/div>\n\t\t\t\t\t\t\t\t\t\t<div class=\"asl_option\" tabindex=\"0\">\n\t\t\t\t\t\t<div class=\"asl_option_inner\">\n\t\t\t\t\t\t\t<input type=\"checkbox\" value=\"63\"\n\t\t\t\t\t\t\t\t\taria-label=\"Shooter\/Acci\u00f3n\"\n\t\t\t\t\t\t\t\t\tname=\"categoryset[]\" checked=\"checked\"\/>\n\t\t\t\t\t\t\t<div class=\"asl_option_checkbox\"><\/div>\n\t\t\t\t\t\t<\/div>\n\t\t\t\t\t\t<div class=\"asl_option_label\">\n\t\t\t\t\t\t\tShooter\/Acci\u00f3n\t\t\t\t\t\t<\/div>\n\t\t\t\t\t<\/div>\n\t\t\t\t\t\t\t\t\t\t<div class=\"asl_option\" tabindex=\"0\">\n\t\t\t\t\t\t<div class=\"asl_option_inner\">\n\t\t\t\t\t\t\t<input type=\"checkbox\" value=\"31\"\n\t\t\t\t\t\t\t\t\taria-label=\"Sitcom\"\n\t\t\t\t\t\t\t\t\tname=\"categoryset[]\" checked=\"checked\"\/>\n\t\t\t\t\t\t\t<div class=\"asl_option_checkbox\"><\/div>\n\t\t\t\t\t\t<\/div>\n\t\t\t\t\t\t<div class=\"asl_option_label\">\n\t\t\t\t\t\t\tSitcom\t\t\t\t\t\t<\/div>\n\t\t\t\t\t<\/div>\n\t\t\t\t\t\t\t\t\t\t<div class=\"asl_option\" tabindex=\"0\">\n\t\t\t\t\t\t<div class=\"asl_option_inner\">\n\t\t\t\t\t\t\t<input type=\"checkbox\" value=\"75\"\n\t\t\t\t\t\t\t\t\taria-label=\"Suspense\"\n\t\t\t\t\t\t\t\t\tname=\"categoryset[]\" checked=\"checked\"\/>\n\t\t\t\t\t\t\t<div class=\"asl_option_checkbox\"><\/div>\n\t\t\t\t\t\t<\/div>\n\t\t\t\t\t\t<div class=\"asl_option_label\">\n\t\t\t\t\t\t\tSuspense\t\t\t\t\t\t<\/div>\n\t\t\t\t\t<\/div>\n\t\t\t\t\t\t\t\t\t\t<div class=\"asl_option\" tabindex=\"0\">\n\t\t\t\t\t\t<div class=\"asl_option_inner\">\n\t\t\t\t\t\t\t<input type=\"checkbox\" value=\"11\"\n\t\t\t\t\t\t\t\t\taria-label=\"Terror\"\n\t\t\t\t\t\t\t\t\tname=\"categoryset[]\" checked=\"checked\"\/>\n\t\t\t\t\t\t\t<div class=\"asl_option_checkbox\"><\/div>\n\t\t\t\t\t\t<\/div>\n\t\t\t\t\t\t<div class=\"asl_option_label\">\n\t\t\t\t\t\t\tTerror\t\t\t\t\t\t<\/div>\n\t\t\t\t\t<\/div>\n\t\t\t\t\t\t\t\t\t\t<div class=\"asl_option\" tabindex=\"0\">\n\t\t\t\t\t\t<div class=\"asl_option_inner\">\n\t\t\t\t\t\t\t<input type=\"checkbox\" value=\"17\"\n\t\t\t\t\t\t\t\t\taria-label=\"Thriller\"\n\t\t\t\t\t\t\t\t\tname=\"categoryset[]\" checked=\"checked\"\/>\n\t\t\t\t\t\t\t<div class=\"asl_option_checkbox\"><\/div>\n\t\t\t\t\t\t<\/div>\n\t\t\t\t\t\t<div class=\"asl_option_label\">\n\t\t\t\t\t\t\tThriller\t\t\t\t\t\t<\/div>\n\t\t\t\t\t<\/div>\n\t\t\t\t\t\t\t\t\t\t<div class=\"asl_option\" tabindex=\"0\">\n\t\t\t\t\t\t<div class=\"asl_option_inner\">\n\t\t\t\t\t\t\t<input type=\"checkbox\" value=\"76\"\n\t\t\t\t\t\t\t\t\taria-label=\"Tragedia\"\n\t\t\t\t\t\t\t\t\tname=\"categoryset[]\" checked=\"checked\"\/>\n\t\t\t\t\t\t\t<div class=\"asl_option_checkbox\"><\/div>\n\t\t\t\t\t\t<\/div>\n\t\t\t\t\t\t<div class=\"asl_option_label\">\n\t\t\t\t\t\t\tTragedia\t\t\t\t\t\t<\/div>\n\t\t\t\t\t<\/div>\n\t\t\t\t\t\t\t\t\t\t<div class=\"asl_option\" tabindex=\"0\">\n\t\t\t\t\t\t<div class=\"asl_option_inner\">\n\t\t\t\t\t\t\t<input type=\"checkbox\" value=\"66\"\n\t\t\t\t\t\t\t\t\taria-label=\"Videojuego cl\u00e1sico\"\n\t\t\t\t\t\t\t\t\tname=\"categoryset[]\" checked=\"checked\"\/>\n\t\t\t\t\t\t\t<div class=\"asl_option_checkbox\"><\/div>\n\t\t\t\t\t\t<\/div>\n\t\t\t\t\t\t<div class=\"asl_option_label\">\n\t\t\t\t\t\t\tVideojuego cl\u00e1sico\t\t\t\t\t\t<\/div>\n\t\t\t\t\t<\/div>\n\t\t\t\t\t\n\t\t\t<\/div>\n\t\t<\/fieldset>\n\t\t<\/form>\n\t<\/div>\n<\/div>\n\n\n\n<div style=\"height:30px\" aria-hidden=\"true\" class=\"wp-block-spacer\"><\/div>\n\n\n\n<div class=\"wp-block-query is-layout-flow wp-block-query-is-layout-flow\"><ul class=\"columns-2 wp-block-post-template is-layout-grid wp-container-core-post-template-is-layout-17361a50 wp-block-post-template-is-layout-grid\"><li class=\"wp-block-post post-455 post type-post status-publish format-standard has-post-thumbnail hentry category-ciencia-ficcion category-drama category-terror tag-distopia tag-nuevas-tecnologias\">\n\n<div class=\"wp-block-group bs-blog-post\"><div class=\"wp-block-group__inner-container is-layout-constrained wp-block-group-is-layout-constrained\"><figure class=\"wp-block-post-featured-image\"><img loading=\"lazy\" decoding=\"async\" width=\"1920\" height=\"1080\" src=\"https:\/\/gicd.inf.um.es\/csidpub\/usuario33\/wp-content\/uploads\/2025\/12\/poster-black-mirror.jpg\" class=\"attachment-post-thumbnail size-post-thumbnail wp-post-image\" alt=\"\" style=\"object-fit:cover;\" srcset=\"https:\/\/gicd.inf.um.es\/csidpub\/usuario33\/wp-content\/uploads\/2025\/12\/poster-black-mirror.jpg 1920w, https:\/\/gicd.inf.um.es\/csidpub\/usuario33\/wp-content\/uploads\/2025\/12\/poster-black-mirror-300x169.jpg 300w, https:\/\/gicd.inf.um.es\/csidpub\/usuario33\/wp-content\/uploads\/2025\/12\/poster-black-mirror-1024x576.jpg 1024w, https:\/\/gicd.inf.um.es\/csidpub\/usuario33\/wp-content\/uploads\/2025\/12\/poster-black-mirror-768x432.jpg 768w, https:\/\/gicd.inf.um.es\/csidpub\/usuario33\/wp-content\/uploads\/2025\/12\/poster-black-mirror-1536x864.jpg 1536w, https:\/\/gicd.inf.um.es\/csidpub\/usuario33\/wp-content\/uploads\/2025\/12\/poster-black-mirror-1280x720.jpg 1280w\" sizes=\"auto, (max-width: 1920px) 100vw, 1920px\" \/><\/figure>\n\n\n<div class=\"wp-block-group small\"><div class=\"wp-block-group__inner-container is-layout-constrained wp-block-group-is-layout-constrained\"><div class=\"taxonomy-category wp-block-post-terms\"><a href=\"https:\/\/gicd.inf.um.es\/csidpub\/usuario33\/category\/ciencia-ficcion\/\" rel=\"tag\">Ciencia Ficci\u00f3n<\/a><span class=\"wp-block-post-terms__separator\">, <\/span><a href=\"https:\/\/gicd.inf.um.es\/csidpub\/usuario33\/category\/drama\/\" rel=\"tag\">Drama<\/a><span class=\"wp-block-post-terms__separator\">, <\/span><a href=\"https:\/\/gicd.inf.um.es\/csidpub\/usuario33\/category\/terror\/\" rel=\"tag\">Terror<\/a><\/div>\n\n<h2 class=\"wp-block-post-title\">Black Mirror<\/h2>\n\n<div class=\"wp-block-post-excerpt\"><p class=\"wp-block-post-excerpt__excerpt\">Sinopsis Esta serie mediante el uso de f\u00e1bulas dist\u00f3picas, sobre los peligros a que la dependencia tecnol\u00f3gica puede abocar al ser humano.4\u200b Por ello cada cap\u00edtulo se centra en un aspecto concreto, la trama es autoconclusiva en cada episodio y no existe hilo conductor entre los diferentes episodios.Gracias a ello, aunque a lo largo de&hellip; <\/p><\/div><\/div><\/div>\n\n\n\n<div style=\"height:30px;width:0px\" aria-hidden=\"true\" class=\"wp-block-spacer\"><\/div>\n<\/div><\/div>\n\n<\/li><li class=\"wp-block-post post-446 post type-post status-publish format-standard hentry category-ciencia-ficcion category-suspense category-tragedia tag-bucles-temporales tag-desapariciones tag-viajes-en-el-tiempo\">\n\n<div class=\"wp-block-group bs-blog-post\"><div class=\"wp-block-group__inner-container is-layout-constrained wp-block-group-is-layout-constrained\">\n\n\n<div class=\"wp-block-group small\"><div class=\"wp-block-group__inner-container is-layout-constrained wp-block-group-is-layout-constrained\"><div class=\"taxonomy-category wp-block-post-terms\"><a href=\"https:\/\/gicd.inf.um.es\/csidpub\/usuario33\/category\/ciencia-ficcion\/\" rel=\"tag\">Ciencia Ficci\u00f3n<\/a><span class=\"wp-block-post-terms__separator\">, <\/span><a href=\"https:\/\/gicd.inf.um.es\/csidpub\/usuario33\/category\/suspense\/\" rel=\"tag\">Suspense<\/a><span class=\"wp-block-post-terms__separator\">, <\/span><a href=\"https:\/\/gicd.inf.um.es\/csidpub\/usuario33\/category\/tragedia\/\" rel=\"tag\">Tragedia<\/a><\/div>\n\n<h2 class=\"wp-block-post-title\">The Dark<\/h2>\n\n<div class=\"wp-block-post-excerpt\"><p class=\"wp-block-post-excerpt__excerpt\">Sinopsis En la ciudad de Winden comienzan a desaparecer ni\u00f1os,15\u200b sacando a la luz las relaciones fracturadas, vidas dobles y el pasado oscuro de cuatro familias (Kahnwald, Nielsen, Tiedemann y Doppler) que viven all\u00ed, y revelando un misterio que abarca cuatro generaciones. La historia comienza en 2019, pero se extiende a trav\u00e9s del viaje en&hellip; <\/p><\/div><\/div><\/div>\n\n\n\n<div style=\"height:30px;width:0px\" aria-hidden=\"true\" class=\"wp-block-spacer\"><\/div>\n<\/div><\/div>\n\n<\/li><li class=\"wp-block-post post-377 post type-post status-publish format-standard has-post-thumbnail hentry category-videojuego-clasico\">\n\n<div class=\"wp-block-group bs-blog-post\"><div class=\"wp-block-group__inner-container is-layout-constrained wp-block-group-is-layout-constrained\"><figure class=\"wp-block-post-featured-image\"><img loading=\"lazy\" decoding=\"async\" width=\"750\" height=\"375\" src=\"https:\/\/gicd.inf.um.es\/csidpub\/usuario33\/wp-content\/uploads\/2025\/11\/Captura-de-pantalla-2025-11-26-124412.png\" class=\"attachment-post-thumbnail size-post-thumbnail wp-post-image\" alt=\"\" style=\"object-fit:cover;\" srcset=\"https:\/\/gicd.inf.um.es\/csidpub\/usuario33\/wp-content\/uploads\/2025\/11\/Captura-de-pantalla-2025-11-26-124412.png 750w, https:\/\/gicd.inf.um.es\/csidpub\/usuario33\/wp-content\/uploads\/2025\/11\/Captura-de-pantalla-2025-11-26-124412-300x150.png 300w\" sizes=\"auto, (max-width: 750px) 100vw, 750px\" \/><\/figure>\n\n\n<div class=\"wp-block-group small\"><div class=\"wp-block-group__inner-container is-layout-constrained wp-block-group-is-layout-constrained\"><div class=\"taxonomy-category wp-block-post-terms\"><a href=\"https:\/\/gicd.inf.um.es\/csidpub\/usuario33\/category\/videojuego-clasico\/\" rel=\"tag\">Videojuego cl\u00e1sico<\/a><\/div>\n\n<h2 class=\"wp-block-post-title\">Fortnite (2017) \u2014 El fen\u00f3meno del battle royale<\/h2>\n\n<div class=\"wp-block-post-excerpt\"><p class=\"wp-block-post-excerpt__excerpt\">Informaci\u00f3n general A\u00f1o de lanzamiento: julio de 2017 (acceso anticipado) Desarrollador \/ Estudio: Epic Games Plataforma original: PC (macOS \/ Windows), aunque desde su lanzamiento se ha expandido a consolas (PlayStation, Xbox, Nintendo Switch), dispositivos m\u00f3viles (iOS, Android) y posteriores generaciones de consolas. G\u00e9nero: Sobre todo \u201cbattle royale\u201d, supervivencia \/ construcci\u00f3n, sandbox. Innovaci\u00f3n clave: La&hellip; <\/p><\/div><\/div><\/div>\n\n\n\n<div style=\"height:30px;width:0px\" aria-hidden=\"true\" class=\"wp-block-spacer\"><\/div>\n<\/div><\/div>\n\n<\/li><li class=\"wp-block-post post-371 post type-post status-publish format-standard has-post-thumbnail hentry category-videojuego-clasico\">\n\n<div class=\"wp-block-group bs-blog-post\"><div class=\"wp-block-group__inner-container is-layout-constrained wp-block-group-is-layout-constrained\"><figure class=\"wp-block-post-featured-image\"><img loading=\"lazy\" decoding=\"async\" width=\"420\" height=\"420\" src=\"https:\/\/gicd.inf.um.es\/csidpub\/usuario33\/wp-content\/uploads\/2025\/11\/Captura-de-pantalla-2025-11-26-122531.png\" class=\"attachment-post-thumbnail size-post-thumbnail wp-post-image\" alt=\"\" style=\"object-fit:cover;\" srcset=\"https:\/\/gicd.inf.um.es\/csidpub\/usuario33\/wp-content\/uploads\/2025\/11\/Captura-de-pantalla-2025-11-26-122531.png 420w, https:\/\/gicd.inf.um.es\/csidpub\/usuario33\/wp-content\/uploads\/2025\/11\/Captura-de-pantalla-2025-11-26-122531-300x300.png 300w, https:\/\/gicd.inf.um.es\/csidpub\/usuario33\/wp-content\/uploads\/2025\/11\/Captura-de-pantalla-2025-11-26-122531-150x150.png 150w\" sizes=\"auto, (max-width: 420px) 100vw, 420px\" \/><\/figure>\n\n\n<div class=\"wp-block-group small\"><div class=\"wp-block-group__inner-container is-layout-constrained wp-block-group-is-layout-constrained\"><div class=\"taxonomy-category wp-block-post-terms\"><a href=\"https:\/\/gicd.inf.um.es\/csidpub\/usuario33\/category\/videojuego-clasico\/\" rel=\"tag\">Videojuego cl\u00e1sico<\/a><\/div>\n\n<h2 class=\"wp-block-post-title\">The Last of Us (2013) \u2014 El poder narrativo del videojuego<\/h2>\n\n<div class=\"wp-block-post-excerpt\"><p class=\"wp-block-post-excerpt__excerpt\">Informaci\u00f3n general A\u00f1o de lanzamiento: 2013 (14 de junio) para PlayStation 3. Desarrollador \/ Estudio: Naughty Dog (Dirigido por Neil Druckmann y Bruce Straley) Plataforma original: PlayStation 3 (Posteriormente remasterizado para PS4 y remake para PS5\/PC) G\u00e9nero: Acci\u00f3n\u2013aventura \/ Survival horror \/ Narrativo Innovaci\u00f3n clave: Integraci\u00f3n profunda entre jugabilidad y narrativa emocional, marcando un est\u00e1ndar&hellip; <\/p><\/div><\/div><\/div>\n\n\n\n<div style=\"height:30px;width:0px\" aria-hidden=\"true\" class=\"wp-block-spacer\"><\/div>\n<\/div><\/div>\n\n<\/li><\/ul>\n\n<nav class=\"wp-block-query-pagination is-layout-flex wp-block-query-pagination-is-layout-flex\" aria-label=\"Paginaci\u00f3n\">\n\n\n<div class=\"wp-block-query-pagination-numbers\"><span aria-label=\"P\u00e1gina 1\" aria-current=\"page\" class=\"page-numbers current\">1<\/span>\n<a aria-label=\"P\u00e1gina 2\" class=\"page-numbers\" href=\"?query-7-page=2\">2<\/a>\n<a aria-label=\"P\u00e1gina 3\" class=\"page-numbers\" href=\"?query-7-page=3\">3<\/a>\n<span class=\"page-numbers dots\">&hellip;<\/span>\n<a aria-label=\"P\u00e1gina 6\" class=\"page-numbers\" href=\"?query-7-page=6\">6<\/a><\/div>\n\n<a href=\"\/csidpub\/usuario33\/wp-json\/wp\/v2\/pages\/165?query-7-page=2\" class=\"wp-block-query-pagination-next\">P\u00e1gina siguiente<\/a>\n<\/nav>\n\n<\/div>\n","protected":false},"excerpt":{"rendered":"","protected":false},"author":1,"featured_media":0,"parent":0,"menu_order":0,"comment_status":"closed","ping_status":"closed","template":"","meta":{"pgc_sgb_lightbox_settings":"","footnotes":""},"class_list":["post-165","page","type-page","status-publish","hentry"],"_links":{"self":[{"href":"https:\/\/gicd.inf.um.es\/csidpub\/usuario33\/wp-json\/wp\/v2\/pages\/165","targetHints":{"allow":["GET"]}}],"collection":[{"href":"https:\/\/gicd.inf.um.es\/csidpub\/usuario33\/wp-json\/wp\/v2\/pages"}],"about":[{"href":"https:\/\/gicd.inf.um.es\/csidpub\/usuario33\/wp-json\/wp\/v2\/types\/page"}],"author":[{"embeddable":true,"href":"https:\/\/gicd.inf.um.es\/csidpub\/usuario33\/wp-json\/wp\/v2\/users\/1"}],"replies":[{"embeddable":true,"href":"https:\/\/gicd.inf.um.es\/csidpub\/usuario33\/wp-json\/wp\/v2\/comments?post=165"}],"version-history":[{"count":8,"href":"https:\/\/gicd.inf.um.es\/csidpub\/usuario33\/wp-json\/wp\/v2\/pages\/165\/revisions"}],"predecessor-version":[{"id":252,"href":"https:\/\/gicd.inf.um.es\/csidpub\/usuario33\/wp-json\/wp\/v2\/pages\/165\/revisions\/252"}],"wp:attachment":[{"href":"https:\/\/gicd.inf.um.es\/csidpub\/usuario33\/wp-json\/wp\/v2\/media?parent=165"}],"curies":[{"name":"wp","href":"https:\/\/api.w.org\/{rel}","templated":true}]}}