{"id":271,"date":"2026-02-18T17:08:41","date_gmt":"2026-02-18T16:08:41","guid":{"rendered":"https:\/\/gicd.inf.um.es\/csidpub\/usuario35\/newsletter\/"},"modified":"2026-03-03T18:22:53","modified_gmt":"2026-03-03T17:22:53","slug":"newsletter","status":"publish","type":"page","link":"https:\/\/gicd.inf.um.es\/csidpub\/usuario35\/newsletter\/","title":{"rendered":"Newsletter"},"content":{"rendered":"<p>\u00a1Gracias por unirte a Series \u00c9picas! Este bolet\u00edn es tu ventana a un mundo de historias fascinantes, curiosidades y relatos \u00e9picos, creado por los alumnos de Publicidad y Relaciones P\u00fablicas de la Universidad de Murcia. Cada edici\u00f3n traer\u00e1 contenido exclusivo. \u00a1Bienvenido a nuestra comunidad de apasionados por lo \u00e9pico!<\/p>\n\n\n<div style=\"padding:20px\" class=\"wp-block-tnp-minimal\"><p>Sucr\u00edbete en el bot\u00f3n de abajo<\/p><div><div class=\"tnp tnp-subscription-minimal  \"><form action=\"https:\/\/gicd.inf.um.es\/csidpub\/usuario35\/wp-admin\/admin-ajax.php?action=tnp&amp;na=s\" method=\"post\" style=\"text-align: center\"><input type=\"hidden\" name=\"nr\" value=\"minimal\">\n<input type=\"hidden\" name=\"nlang\" value=\"\">\n<input class=\"tnp-email\" type=\"email\" required name=\"ne\" value=\"\" placeholder=\"Correo electr\u00f3nico\"><input class=\"tnp-submit\" type=\"submit\" value=\"\u00a1Me quiero apuntar!\" style=\"\">\n<\/form><\/div>\n<\/div><\/div>\n","protected":false},"excerpt":{"rendered":"<p>\u00a1Gracias por unirte a Series \u00c9picas! Este bolet\u00edn es tu ventana a un mundo de historias fascinantes, curiosidades y relatos \u00e9picos, creado por los alumnos de Publicidad y Relaciones P\u00fablicas de la Universidad de Murcia. Cada edici\u00f3n traer\u00e1 contenido exclusivo. \u00a1Bienvenido a nuestra comunidad de apasionados por lo \u00e9pico!<\/p>\n","protected":false},"author":1,"featured_media":0,"parent":0,"menu_order":0,"comment_status":"closed","ping_status":"closed","template":"","meta":{"pgc_sgb_lightbox_settings":"","footnotes":""},"class_list":["post-271","page","type-page","status-publish","hentry"],"_links":{"self":[{"href":"https:\/\/gicd.inf.um.es\/csidpub\/usuario35\/wp-json\/wp\/v2\/pages\/271","targetHints":{"allow":["GET"]}}],"collection":[{"href":"https:\/\/gicd.inf.um.es\/csidpub\/usuario35\/wp-json\/wp\/v2\/pages"}],"about":[{"href":"https:\/\/gicd.inf.um.es\/csidpub\/usuario35\/wp-json\/wp\/v2\/types\/page"}],"author":[{"embeddable":true,"href":"https:\/\/gicd.inf.um.es\/csidpub\/usuario35\/wp-json\/wp\/v2\/users\/1"}],"replies":[{"embeddable":true,"href":"https:\/\/gicd.inf.um.es\/csidpub\/usuario35\/wp-json\/wp\/v2\/comments?post=271"}],"version-history":[{"count":4,"href":"https:\/\/gicd.inf.um.es\/csidpub\/usuario35\/wp-json\/wp\/v2\/pages\/271\/revisions"}],"predecessor-version":[{"id":283,"href":"https:\/\/gicd.inf.um.es\/csidpub\/usuario35\/wp-json\/wp\/v2\/pages\/271\/revisions\/283"}],"wp:attachment":[{"href":"https:\/\/gicd.inf.um.es\/csidpub\/usuario35\/wp-json\/wp\/v2\/media?parent=271"}],"curies":[{"name":"wp","href":"https:\/\/api.w.org\/{rel}","templated":true}]}}