{"id":365,"date":"2025-11-27T09:16:14","date_gmt":"2025-11-27T08:16:14","guid":{"rendered":"https:\/\/gicd.inf.um.es\/csidpub\/usuario36\/?page_id=365"},"modified":"2025-11-28T14:56:24","modified_gmt":"2025-11-28T13:56:24","slug":"actividad-1","status":"publish","type":"page","link":"https:\/\/gicd.inf.um.es\/csidpub\/usuario36\/actividad-1\/","title":{"rendered":"Actividad 1"},"content":{"rendered":"\n<p>Bienvenido a este espacio dedicado a los libros que han marcado tendencia en los \u00faltimos a\u00f1os. Aqu\u00ed encontrar\u00e1s una selecci\u00f3n de las obras m\u00e1s comentadas, acompa\u00f1adas de informaci\u00f3n esencial sobre cada t\u00edtulo, sus autores y una galer\u00eda de im\u00e1genes que te permitir\u00e1 acercarte a\u00fan m\u00e1s a su universo.<\/p>\n\n\n\n<div style=\"height:50px\" aria-hidden=\"true\" class=\"wp-block-spacer\"><\/div>\n\n\n\n<div class=\"wp-block-cover has-parallax\"><div role=\"img\" aria-label=\"portada libros\" class=\"wp-block-cover__image-background wp-image-473 size-full has-parallax\" style=\"background-position:50% 50%;background-image:url(https:\/\/gicd.inf.um.es\/csidpub\/usuario36\/wp-content\/uploads\/2025\/11\/libroos.jpeg)\"><\/div><span aria-hidden=\"true\" class=\"wp-block-cover__background has-black-background-color has-background-dim-30 has-background-dim\"><\/span><div class=\"wp-block-cover__inner-container is-layout-constrained wp-block-cover-is-layout-constrained\">\n<p class=\"has-text-align-center has-large-font-size\"><\/p>\n<\/div><\/div>\n","protected":false},"excerpt":{"rendered":"<p>Bienvenido a este espacio dedicado a los libros que han marcado tendencia en los \u00faltimos a\u00f1os. Aqu\u00ed encontrar\u00e1s una selecci\u00f3n de las obras m\u00e1s comentadas, acompa\u00f1adas de informaci\u00f3n esencial sobre cada t\u00edtulo, sus autores y una galer\u00eda de im\u00e1genes que te permitir\u00e1 acercarte a\u00fan m\u00e1s a su universo.<\/p>\n","protected":false},"author":1,"featured_media":0,"parent":0,"menu_order":0,"comment_status":"closed","ping_status":"closed","template":"","meta":{"pgc_sgb_lightbox_settings":"","footnotes":""},"class_list":["post-365","page","type-page","status-publish","hentry"],"_links":{"self":[{"href":"https:\/\/gicd.inf.um.es\/csidpub\/usuario36\/wp-json\/wp\/v2\/pages\/365","targetHints":{"allow":["GET"]}}],"collection":[{"href":"https:\/\/gicd.inf.um.es\/csidpub\/usuario36\/wp-json\/wp\/v2\/pages"}],"about":[{"href":"https:\/\/gicd.inf.um.es\/csidpub\/usuario36\/wp-json\/wp\/v2\/types\/page"}],"author":[{"embeddable":true,"href":"https:\/\/gicd.inf.um.es\/csidpub\/usuario36\/wp-json\/wp\/v2\/users\/1"}],"replies":[{"embeddable":true,"href":"https:\/\/gicd.inf.um.es\/csidpub\/usuario36\/wp-json\/wp\/v2\/comments?post=365"}],"version-history":[{"count":4,"href":"https:\/\/gicd.inf.um.es\/csidpub\/usuario36\/wp-json\/wp\/v2\/pages\/365\/revisions"}],"predecessor-version":[{"id":475,"href":"https:\/\/gicd.inf.um.es\/csidpub\/usuario36\/wp-json\/wp\/v2\/pages\/365\/revisions\/475"}],"wp:attachment":[{"href":"https:\/\/gicd.inf.um.es\/csidpub\/usuario36\/wp-json\/wp\/v2\/media?parent=365"}],"curies":[{"name":"wp","href":"https:\/\/api.w.org\/{rel}","templated":true}]}}