{"id":413,"date":"2025-11-06T17:31:42","date_gmt":"2025-11-06T16:31:42","guid":{"rendered":"https:\/\/gicd.inf.um.es\/csidpub\/usuario37\/?page_id=413"},"modified":"2025-11-23T10:52:49","modified_gmt":"2025-11-23T09:52:49","slug":"que-es-el-mbti","status":"publish","type":"page","link":"https:\/\/gicd.inf.um.es\/csidpub\/usuario37\/que-es-el-mbti\/","title":{"rendered":"\u00bfQu\u00e9 es el MBTI?"},"content":{"rendered":"\n<p class=\"has-black-color has-text-color has-link-color wp-elements-07ee1f7c9775f950fba7814de6236a78\">El MBTI (Myers-Briggs Type Indicator) es un test de personalidad que clasifica c\u00f3mo las personas perciben el mundo y toman decisiones. Se basa en las teor\u00edas del psic\u00f3logo Carl Gustav Jung y fue desarrollado por Isabel Briggs Myers y su madre Katharine Briggs.<\/p>\n\n\n\n<figure class=\"wp-block-gallery has-nested-images columns-default is-cropped wp-block-gallery-1 is-layout-flex wp-block-gallery-is-layout-flex\">\n<figure data-wp-context=\"{&quot;imageId&quot;:&quot;69db6321245f5&quot;}\" data-wp-interactive=\"core\/image\" class=\"wp-block-image size-large wp-lightbox-container\"><img loading=\"lazy\" decoding=\"async\" width=\"736\" height=\"635\" data-wp-class--hide=\"state.isContentHidden\" data-wp-class--show=\"state.isContentVisible\" data-wp-init=\"callbacks.setButtonStyles\" data-wp-on-async--click=\"actions.showLightbox\" data-wp-on-async--load=\"callbacks.setButtonStyles\" data-wp-on-async-window--resize=\"callbacks.setButtonStyles\" data-id=\"200\" src=\"https:\/\/gicd.inf.um.es\/csidpub\/usuario37\/wp-content\/uploads\/2025\/11\/MBTI-Types.jpg\" alt=\"\" class=\"wp-image-200\" srcset=\"https:\/\/gicd.inf.um.es\/csidpub\/usuario37\/wp-content\/uploads\/2025\/11\/MBTI-Types.jpg 736w, https:\/\/gicd.inf.um.es\/csidpub\/usuario37\/wp-content\/uploads\/2025\/11\/MBTI-Types-300x259.jpg 300w\" sizes=\"auto, (max-width: 736px) 100vw, 736px\" \/><button\n\t\t\tclass=\"lightbox-trigger\"\n\t\t\ttype=\"button\"\n\t\t\taria-haspopup=\"dialog\"\n\t\t\taria-label=\"Agrandar\"\n\t\t\tdata-wp-init=\"callbacks.initTriggerButton\"\n\t\t\tdata-wp-on-async--click=\"actions.showLightbox\"\n\t\t\tdata-wp-style--right=\"state.imageButtonRight\"\n\t\t\tdata-wp-style--top=\"state.imageButtonTop\"\n\t\t>\n\t\t\t<svg xmlns=\"http:\/\/www.w3.org\/2000\/svg\" width=\"12\" height=\"12\" fill=\"none\" viewBox=\"0 0 12 12\">\n\t\t\t\t<path fill=\"#fff\" d=\"M2 0a2 2 0 0 0-2 2v2h1.5V2a.5.5 0 0 1 .5-.5h2V0H2Zm2 10.5H2a.5.5 0 0 1-.5-.5V8H0v2a2 2 0 0 0 2 2h2v-1.5ZM8 12v-1.5h2a.5.5 0 0 0 .5-.5V8H12v2a2 2 0 0 1-2 2H8Zm2-12a2 2 0 0 1 2 2v2h-1.5V2a.5.5 0 0 0-.5-.5H8V0h2Z\" \/>\n\t\t\t<\/svg>\n\t\t<\/button><\/figure>\n<\/figure>\n\n\n\n<p class=\"has-black-color has-text-color has-link-color wp-elements-2c03a5a27fe09f4ffb896c3ccad3322c\">El MBTI se basa en cuatro dimensiones que describen c\u00f3mo las personas obtienen energ\u00eda, procesan informaci\u00f3n, toman decisiones y organizan su vida. A partir de estas preferencias se forman diecis\u00e9is tipos de personalidad.<\/p>\n\n\n\n<h2 class=\"wp-block-heading has-vivid-purple-background-color has-background\">Extroversi\u00f3n vs Introversi\u00f3n<\/h2>\n\n\n\n<figure class=\"wp-block-gallery has-nested-images columns-default is-cropped wp-block-gallery-2 is-layout-flex wp-block-gallery-is-layout-flex\">\n<figure data-wp-context=\"{&quot;imageId&quot;:&quot;69db632125b84&quot;}\" data-wp-interactive=\"core\/image\" class=\"wp-block-image size-large wp-lightbox-container\"><img loading=\"lazy\" decoding=\"async\" width=\"735\" height=\"490\" data-wp-class--hide=\"state.isContentHidden\" data-wp-class--show=\"state.isContentVisible\" data-wp-init=\"callbacks.setButtonStyles\" data-wp-on-async--click=\"actions.showLightbox\" data-wp-on-async--load=\"callbacks.setButtonStyles\" data-wp-on-async-window--resize=\"callbacks.setButtonStyles\" data-id=\"217\" src=\"https:\/\/gicd.inf.um.es\/csidpub\/usuario37\/wp-content\/uploads\/2025\/11\/Extroversion.jpg\" alt=\"e y i \" class=\"wp-image-217\" srcset=\"https:\/\/gicd.inf.um.es\/csidpub\/usuario37\/wp-content\/uploads\/2025\/11\/Extroversion.jpg 735w, https:\/\/gicd.inf.um.es\/csidpub\/usuario37\/wp-content\/uploads\/2025\/11\/Extroversion-300x200.jpg 300w\" sizes=\"auto, (max-width: 735px) 100vw, 735px\" \/><button\n\t\t\tclass=\"lightbox-trigger\"\n\t\t\ttype=\"button\"\n\t\t\taria-haspopup=\"dialog\"\n\t\t\taria-label=\"Agrandar\"\n\t\t\tdata-wp-init=\"callbacks.initTriggerButton\"\n\t\t\tdata-wp-on-async--click=\"actions.showLightbox\"\n\t\t\tdata-wp-style--right=\"state.imageButtonRight\"\n\t\t\tdata-wp-style--top=\"state.imageButtonTop\"\n\t\t>\n\t\t\t<svg xmlns=\"http:\/\/www.w3.org\/2000\/svg\" width=\"12\" height=\"12\" fill=\"none\" viewBox=\"0 0 12 12\">\n\t\t\t\t<path fill=\"#fff\" d=\"M2 0a2 2 0 0 0-2 2v2h1.5V2a.5.5 0 0 1 .5-.5h2V0H2Zm2 10.5H2a.5.5 0 0 1-.5-.5V8H0v2a2 2 0 0 0 2 2h2v-1.5ZM8 12v-1.5h2a.5.5 0 0 0 .5-.5V8H12v2a2 2 0 0 1-2 2H8Zm2-12a2 2 0 0 1 2 2v2h-1.5V2a.5.5 0 0 0-.5-.5H8V0h2Z\" \/>\n\t\t\t<\/svg>\n\t\t<\/button><\/figure>\n<\/figure>\n\n\n\n<p class=\"has-black-color has-text-color has-link-color wp-elements-ffbf949991e8abbb1dae2615e9f3b9be\">La primera dimensi\u00f3n es <strong>Extroversi\u00f3n (E) vs. Introversi\u00f3n (I)<\/strong>.<br>Las personas extrovertidas suelen recargar su energ\u00eda a trav\u00e9s del contacto con otros, disfrutan conversar, compartir ideas y participar en actividades sociales. Por el contrario, las personas introvertidas tienden a recargar energ\u00eda estando a solas, prefieren ambientes tranquilos y suelen reflexionar antes de actuar o hablar. No se trata de ser sociable o t\u00edmido, sino de d\u00f3nde viene la energ\u00eda personal.<\/p>\n\n\n\n<h2 class=\"wp-block-heading has-vivid-cyan-blue-background-color has-background\">Sensitivos vs Intuitivos <\/h2>\n\n\n\n<figure class=\"wp-block-gallery has-nested-images columns-default is-cropped wp-block-gallery-3 is-layout-flex wp-block-gallery-is-layout-flex\">\n<figure data-wp-context=\"{&quot;imageId&quot;:&quot;69db6321264c0&quot;}\" data-wp-interactive=\"core\/image\" class=\"wp-block-image size-large wp-lightbox-container\"><img loading=\"lazy\" decoding=\"async\" width=\"736\" height=\"420\" data-wp-class--hide=\"state.isContentHidden\" data-wp-class--show=\"state.isContentVisible\" data-wp-init=\"callbacks.setButtonStyles\" data-wp-on-async--click=\"actions.showLightbox\" data-wp-on-async--load=\"callbacks.setButtonStyles\" data-wp-on-async-window--resize=\"callbacks.setButtonStyles\" data-id=\"216\" src=\"https:\/\/gicd.inf.um.es\/csidpub\/usuario37\/wp-content\/uploads\/2025\/11\/descargar-1.jpg\" alt=\"s y n \" class=\"wp-image-216\" srcset=\"https:\/\/gicd.inf.um.es\/csidpub\/usuario37\/wp-content\/uploads\/2025\/11\/descargar-1.jpg 736w, https:\/\/gicd.inf.um.es\/csidpub\/usuario37\/wp-content\/uploads\/2025\/11\/descargar-1-300x171.jpg 300w\" sizes=\"auto, (max-width: 736px) 100vw, 736px\" \/><button\n\t\t\tclass=\"lightbox-trigger\"\n\t\t\ttype=\"button\"\n\t\t\taria-haspopup=\"dialog\"\n\t\t\taria-label=\"Agrandar\"\n\t\t\tdata-wp-init=\"callbacks.initTriggerButton\"\n\t\t\tdata-wp-on-async--click=\"actions.showLightbox\"\n\t\t\tdata-wp-style--right=\"state.imageButtonRight\"\n\t\t\tdata-wp-style--top=\"state.imageButtonTop\"\n\t\t>\n\t\t\t<svg xmlns=\"http:\/\/www.w3.org\/2000\/svg\" width=\"12\" height=\"12\" fill=\"none\" viewBox=\"0 0 12 12\">\n\t\t\t\t<path fill=\"#fff\" d=\"M2 0a2 2 0 0 0-2 2v2h1.5V2a.5.5 0 0 1 .5-.5h2V0H2Zm2 10.5H2a.5.5 0 0 1-.5-.5V8H0v2a2 2 0 0 0 2 2h2v-1.5ZM8 12v-1.5h2a.5.5 0 0 0 .5-.5V8H12v2a2 2 0 0 1-2 2H8Zm2-12a2 2 0 0 1 2 2v2h-1.5V2a.5.5 0 0 0-.5-.5H8V0h2Z\" \/>\n\t\t\t<\/svg>\n\t\t<\/button><\/figure>\n<\/figure>\n\n\n\n<p class=\"has-black-color has-text-color has-link-color wp-elements-84b5467331ffdcd48870c64b20434072\">La segunda dimensi\u00f3n es <strong>Sensaci\u00f3n (S) vs. Intuici\u00f3n (N)<\/strong>.<br>Quienes prefieren la Sensaci\u00f3n se enfocan en la informaci\u00f3n concreta y en lo que es real y comprobable. Les interesa lo pr\u00e1ctico, los hechos y los detalles del momento presente. Por otro lado, quienes prefieren la Intuici\u00f3n se enfocan en patrones, posibilidades y conexiones entre ideas. Son personas m\u00e1s imaginativas y orientadas al futuro, les gusta pensar en lo que \u201cpodr\u00eda ser\u201d.<\/p>\n\n\n\n<h2 class=\"wp-block-heading has-light-green-cyan-background-color has-background\">Pensamiento vs Sentimiento <\/h2>\n\n\n\n<figure class=\"wp-block-gallery has-nested-images columns-default is-cropped wp-block-gallery-4 is-layout-flex wp-block-gallery-is-layout-flex\">\n<figure data-wp-context=\"{&quot;imageId&quot;:&quot;69db632126e58&quot;}\" data-wp-interactive=\"core\/image\" class=\"wp-block-image size-large wp-lightbox-container\"><img loading=\"lazy\" decoding=\"async\" width=\"736\" height=\"420\" data-wp-class--hide=\"state.isContentHidden\" data-wp-class--show=\"state.isContentVisible\" data-wp-init=\"callbacks.setButtonStyles\" data-wp-on-async--click=\"actions.showLightbox\" data-wp-on-async--load=\"callbacks.setButtonStyles\" data-wp-on-async-window--resize=\"callbacks.setButtonStyles\" data-id=\"211\" src=\"https:\/\/gicd.inf.um.es\/csidpub\/usuario37\/wp-content\/uploads\/2025\/11\/MBTI-Terms-vs-Conventional-Meaning.jpg\" alt=\"t y f \" class=\"wp-image-211\" srcset=\"https:\/\/gicd.inf.um.es\/csidpub\/usuario37\/wp-content\/uploads\/2025\/11\/MBTI-Terms-vs-Conventional-Meaning.jpg 736w, https:\/\/gicd.inf.um.es\/csidpub\/usuario37\/wp-content\/uploads\/2025\/11\/MBTI-Terms-vs-Conventional-Meaning-300x171.jpg 300w\" sizes=\"auto, (max-width: 736px) 100vw, 736px\" \/><button\n\t\t\tclass=\"lightbox-trigger\"\n\t\t\ttype=\"button\"\n\t\t\taria-haspopup=\"dialog\"\n\t\t\taria-label=\"Agrandar\"\n\t\t\tdata-wp-init=\"callbacks.initTriggerButton\"\n\t\t\tdata-wp-on-async--click=\"actions.showLightbox\"\n\t\t\tdata-wp-style--right=\"state.imageButtonRight\"\n\t\t\tdata-wp-style--top=\"state.imageButtonTop\"\n\t\t>\n\t\t\t<svg xmlns=\"http:\/\/www.w3.org\/2000\/svg\" width=\"12\" height=\"12\" fill=\"none\" viewBox=\"0 0 12 12\">\n\t\t\t\t<path fill=\"#fff\" d=\"M2 0a2 2 0 0 0-2 2v2h1.5V2a.5.5 0 0 1 .5-.5h2V0H2Zm2 10.5H2a.5.5 0 0 1-.5-.5V8H0v2a2 2 0 0 0 2 2h2v-1.5ZM8 12v-1.5h2a.5.5 0 0 0 .5-.5V8H12v2a2 2 0 0 1-2 2H8Zm2-12a2 2 0 0 1 2 2v2h-1.5V2a.5.5 0 0 0-.5-.5H8V0h2Z\" \/>\n\t\t\t<\/svg>\n\t\t<\/button><\/figure>\n<\/figure>\n\n\n\n<p class=\"has-black-color has-text-color has-link-color wp-elements-cbdd57f2cc32b3ebd4967927855c9650\">La tercera dimensi\u00f3n es <strong>Pensamiento (T) vs. Sentimiento (F)<\/strong>.<br>Aqu\u00ed se describe c\u00f3mo se suelen tomar decisiones. Las personas con preferencia por el Pensamiento buscan la l\u00f3gica, la objetividad y la coherencia al decidir. Les importa que las decisiones sean racionales. En cambio, quienes prefieren el Sentimiento toman decisiones considerando los valores personales y el impacto en las personas. Priorizar\u00e1n la armon\u00eda y las relaciones antes que la l\u00f3gica estricta. Ninguna de las dos maneras es mejor; simplemente son enfoques distintos<\/p>\n\n\n\n<h2 class=\"wp-block-heading has-vivid-red-background-color has-background\">Juicio y Percepci\u00f3n <\/h2>\n\n\n\n<figure class=\"wp-block-gallery has-nested-images columns-default is-cropped wp-block-gallery-5 is-layout-flex wp-block-gallery-is-layout-flex\">\n<figure data-wp-context=\"{&quot;imageId&quot;:&quot;69db6321276fd&quot;}\" data-wp-interactive=\"core\/image\" class=\"wp-block-image size-large wp-lightbox-container\"><img loading=\"lazy\" decoding=\"async\" width=\"735\" height=\"420\" data-wp-class--hide=\"state.isContentHidden\" data-wp-class--show=\"state.isContentVisible\" data-wp-init=\"callbacks.setButtonStyles\" data-wp-on-async--click=\"actions.showLightbox\" data-wp-on-async--load=\"callbacks.setButtonStyles\" data-wp-on-async-window--resize=\"callbacks.setButtonStyles\" data-id=\"215\" src=\"https:\/\/gicd.inf.um.es\/csidpub\/usuario37\/wp-content\/uploads\/2025\/11\/descargar.jpg\" alt=\"j y p \" class=\"wp-image-215\" srcset=\"https:\/\/gicd.inf.um.es\/csidpub\/usuario37\/wp-content\/uploads\/2025\/11\/descargar.jpg 735w, https:\/\/gicd.inf.um.es\/csidpub\/usuario37\/wp-content\/uploads\/2025\/11\/descargar-300x171.jpg 300w\" sizes=\"auto, (max-width: 735px) 100vw, 735px\" \/><button\n\t\t\tclass=\"lightbox-trigger\"\n\t\t\ttype=\"button\"\n\t\t\taria-haspopup=\"dialog\"\n\t\t\taria-label=\"Agrandar\"\n\t\t\tdata-wp-init=\"callbacks.initTriggerButton\"\n\t\t\tdata-wp-on-async--click=\"actions.showLightbox\"\n\t\t\tdata-wp-style--right=\"state.imageButtonRight\"\n\t\t\tdata-wp-style--top=\"state.imageButtonTop\"\n\t\t>\n\t\t\t<svg xmlns=\"http:\/\/www.w3.org\/2000\/svg\" width=\"12\" height=\"12\" fill=\"none\" viewBox=\"0 0 12 12\">\n\t\t\t\t<path fill=\"#fff\" d=\"M2 0a2 2 0 0 0-2 2v2h1.5V2a.5.5 0 0 1 .5-.5h2V0H2Zm2 10.5H2a.5.5 0 0 1-.5-.5V8H0v2a2 2 0 0 0 2 2h2v-1.5ZM8 12v-1.5h2a.5.5 0 0 0 .5-.5V8H12v2a2 2 0 0 1-2 2H8Zm2-12a2 2 0 0 1 2 2v2h-1.5V2a.5.5 0 0 0-.5-.5H8V0h2Z\" \/>\n\t\t\t<\/svg>\n\t\t<\/button><\/figure>\n<\/figure>\n\n\n\n<p class=\"has-black-color has-text-color has-link-color wp-elements-51c66ac234bcd9b57778beb570eb0f7a\">La cuarta dimensi\u00f3n es <strong>Juicio (J) vs. Percepci\u00f3n (P)<\/strong>.<br>Esta se refiere a la forma de organizar la vida diaria. Las personas con preferencia por el Juicio valoran la planificaci\u00f3n, el orden y la claridad en las decisiones; suelen querer tener las cosas definidas. En cambio, las personas con preferencia por la Percepci\u00f3n se sienten m\u00e1s c\u00f3modas con la flexibilidad y la adaptaci\u00f3n; disfrutan mantener sus opciones abiertas y cambiar seg\u00fan la situaci\u00f3n.<\/p>\n\n\n\n<p><\/p>\n\n\n\n<h2 class=\"wp-block-heading\">Los 4 Grupos <\/h2>\n\n\n\n<p class=\"has-black-color has-text-color has-link-color wp-elements-ff3ab9105ecaeaa20c8d11cb433585b6\">El MBTI se divide en cuatro grupos principales de personalidad que representan diferentes estilos de pensamiento y comportamiento. Los <strong>Analistas<\/strong> se caracterizan por su enfoque l\u00f3gico, estrat\u00e9gico y orientado a la resoluci\u00f3n de problemas. Los <strong>Diplom\u00e1ticos<\/strong> destacan por su empat\u00eda, su capacidad para comprender emociones y su inter\u00e9s en promover la armon\u00eda. Los <strong>Centinelas<\/strong> se distinguen por su sentido del deber, su responsabilidad y su preferencia por la estabilidad y el orden. Por \u00faltimo, los <strong>Exploradores<\/strong> son individuos flexibles, pr\u00e1cticos y espont\u00e1neos, que se adaptan con facilidad y disfrutan experimentar nuevas posibilidades. Cada grupo refleja una forma particular de procesar la realidad y relacionarse con el entorno.<\/p>\n\n\n\n<div style=\"height:100px\" aria-hidden=\"true\" class=\"wp-block-spacer\"><\/div>\n\n\n\n<figure class=\"wp-block-embed is-type-video is-provider-youtube wp-block-embed-youtube wp-embed-aspect-16-9 wp-has-aspect-ratio\"><div class=\"wp-block-embed__wrapper\">\n<iframe loading=\"lazy\" title=\"Myers-Briggs Explicado en Menos de 7 Minutos (16 Personalidades)\" width=\"640\" height=\"360\" src=\"https:\/\/www.youtube.com\/embed\/ca1IlLCBDds?feature=oembed\" frameborder=\"0\" allow=\"accelerometer; autoplay; clipboard-write; encrypted-media; gyroscope; picture-in-picture; web-share\" referrerpolicy=\"strict-origin-when-cross-origin\" allowfullscreen><\/iframe>\n<\/div><\/figure>\n","protected":false},"excerpt":{"rendered":"<p>El MBTI (Myers-Briggs Type Indicator) es un test de personalidad que clasifica c\u00f3mo las personas perciben el mundo y toman decisiones. Se basa en las teor\u00edas del psic\u00f3logo Carl Gustav Jung y fue desarrollado por Isabel Briggs Myers y su madre Katharine Briggs. El MBTI se basa en cuatro dimensiones que describen c\u00f3mo las personas [&hellip;]<\/p>\n","protected":false},"author":1,"featured_media":0,"parent":0,"menu_order":0,"comment_status":"closed","ping_status":"closed","template":"","meta":{"pgc_sgb_lightbox_settings":"","footnotes":""},"class_list":["post-413","page","type-page","status-publish","hentry"],"_links":{"self":[{"href":"https:\/\/gicd.inf.um.es\/csidpub\/usuario37\/wp-json\/wp\/v2\/pages\/413","targetHints":{"allow":["GET"]}}],"collection":[{"href":"https:\/\/gicd.inf.um.es\/csidpub\/usuario37\/wp-json\/wp\/v2\/pages"}],"about":[{"href":"https:\/\/gicd.inf.um.es\/csidpub\/usuario37\/wp-json\/wp\/v2\/types\/page"}],"author":[{"embeddable":true,"href":"https:\/\/gicd.inf.um.es\/csidpub\/usuario37\/wp-json\/wp\/v2\/users\/1"}],"replies":[{"embeddable":true,"href":"https:\/\/gicd.inf.um.es\/csidpub\/usuario37\/wp-json\/wp\/v2\/comments?post=413"}],"version-history":[{"count":10,"href":"https:\/\/gicd.inf.um.es\/csidpub\/usuario37\/wp-json\/wp\/v2\/pages\/413\/revisions"}],"predecessor-version":[{"id":777,"href":"https:\/\/gicd.inf.um.es\/csidpub\/usuario37\/wp-json\/wp\/v2\/pages\/413\/revisions\/777"}],"wp:attachment":[{"href":"https:\/\/gicd.inf.um.es\/csidpub\/usuario37\/wp-json\/wp\/v2\/media?parent=413"}],"curies":[{"name":"wp","href":"https:\/\/api.w.org\/{rel}","templated":true}]}}