{"id":415,"date":"2025-11-06T17:34:22","date_gmt":"2025-11-06T16:34:22","guid":{"rendered":"https:\/\/gicd.inf.um.es\/csidpub\/usuario37\/?page_id=415"},"modified":"2025-11-22T18:13:23","modified_gmt":"2025-11-22T17:13:23","slug":"los-4-grupos-de-mbti","status":"publish","type":"page","link":"https:\/\/gicd.inf.um.es\/csidpub\/usuario37\/los-4-grupos-de-mbti\/","title":{"rendered":"Los 4 Grupos del MBTI"},"content":{"rendered":"\n<figure data-wp-context=\"{&quot;imageId&quot;:&quot;69db631e900b1&quot;}\" data-wp-interactive=\"core\/image\" class=\"wp-block-image size-full is-resized is-style-default wp-lightbox-container\"><img loading=\"lazy\" decoding=\"async\" width=\"720\" height=\"866\" data-wp-class--hide=\"state.isContentHidden\" data-wp-class--show=\"state.isContentVisible\" data-wp-init=\"callbacks.setButtonStyles\" data-wp-on-async--click=\"actions.showLightbox\" data-wp-on-async--load=\"callbacks.setButtonStyles\" data-wp-on-async-window--resize=\"callbacks.setButtonStyles\" src=\"https:\/\/gicd.inf.um.es\/csidpub\/usuario37\/wp-content\/uploads\/2025\/11\/MBTI-fanart-2.jpg\" alt=\"foto\" class=\"wp-image-456\" style=\"width:1040px\" srcset=\"https:\/\/gicd.inf.um.es\/csidpub\/usuario37\/wp-content\/uploads\/2025\/11\/MBTI-fanart-2.jpg 720w, https:\/\/gicd.inf.um.es\/csidpub\/usuario37\/wp-content\/uploads\/2025\/11\/MBTI-fanart-2-249x300.jpg 249w\" sizes=\"auto, (max-width: 720px) 100vw, 720px\" \/><button\n\t\t\tclass=\"lightbox-trigger\"\n\t\t\ttype=\"button\"\n\t\t\taria-haspopup=\"dialog\"\n\t\t\taria-label=\"Agrandar\"\n\t\t\tdata-wp-init=\"callbacks.initTriggerButton\"\n\t\t\tdata-wp-on-async--click=\"actions.showLightbox\"\n\t\t\tdata-wp-style--right=\"state.imageButtonRight\"\n\t\t\tdata-wp-style--top=\"state.imageButtonTop\"\n\t\t>\n\t\t\t<svg xmlns=\"http:\/\/www.w3.org\/2000\/svg\" width=\"12\" height=\"12\" fill=\"none\" viewBox=\"0 0 12 12\">\n\t\t\t\t<path fill=\"#fff\" d=\"M2 0a2 2 0 0 0-2 2v2h1.5V2a.5.5 0 0 1 .5-.5h2V0H2Zm2 10.5H2a.5.5 0 0 1-.5-.5V8H0v2a2 2 0 0 0 2 2h2v-1.5ZM8 12v-1.5h2a.5.5 0 0 0 .5-.5V8H12v2a2 2 0 0 1-2 2H8Zm2-12a2 2 0 0 1 2 2v2h-1.5V2a.5.5 0 0 0-.5-.5H8V0h2Z\" \/>\n\t\t\t<\/svg>\n\t\t<\/button><\/figure>\n\n\n\n<p class=\"has-black-color has-text-color has-link-color wp-elements-a972ccb0bc2a2294ffc7fad43c56dfa0\">El MBTI agrupa los diferentes tipos de personalidad en cuatro grandes categor\u00edas, cada una con caracter\u00edsticas propias. Los <strong>Analistas<\/strong> son personas que piensan de forma l\u00f3gica y estrat\u00e9gica; les gusta entender c\u00f3mo funcionan las cosas, resolver problemas y tomar decisiones basadas en el razonamiento. Por otro lado, los <strong>Diplom\u00e1ticos<\/strong> se enfocan en las emociones y las relaciones humanas; son emp\u00e1ticos, buscan la armon\u00eda y suelen motivar e inspirar a los dem\u00e1s. En cambio, los <strong>Centinelas<\/strong> se caracterizan por ser organizados, pr\u00e1cticos y responsables; valoran el orden, la estabilidad y suelen encargarse de que todo funcione correctamente en su entorno. Finalmente, los <strong>Exploradores<\/strong> son espont\u00e1neos, creativos y les gusta adaptarse a lo que ocurre momento a momento; disfrutan experimentar, aprender haciendo y encontrar soluciones r\u00e1pidas a los problemas.<\/p>\n\n\n\n<p class=\"has-black-color has-text-color has-link-color wp-elements-2fec9a53aff977f9d37690f832102a6d\">En conjunto, estos cuatro grupos ayudan a entender de manera simple c\u00f3mo las personas piensan, sienten y act\u00faan en su vida diaria. Cada uno aporta una forma particular de ver el mundo, y todos son igualmente valiosos, solo diferentes en sus preferencias y maneras de expresarse.<\/p>\n\n\n\n<h2 class=\"wp-block-heading has-vivid-purple-background-color has-background\">Analistas<\/h2>\n\n\n\n<figure class=\"wp-block-gallery has-nested-images columns-default is-cropped wp-block-gallery-1 is-layout-flex wp-block-gallery-is-layout-flex\">\n<figure data-wp-context=\"{&quot;imageId&quot;:&quot;69db631e90a8e&quot;}\" data-wp-interactive=\"core\/image\" class=\"wp-block-image size-full is-style-default wp-lightbox-container\"><img loading=\"lazy\" decoding=\"async\" width=\"720\" height=\"548\" data-wp-class--hide=\"state.isContentHidden\" data-wp-class--show=\"state.isContentVisible\" data-wp-init=\"callbacks.setButtonStyles\" data-wp-on-async--click=\"actions.showLightbox\" data-wp-on-async--load=\"callbacks.setButtonStyles\" data-wp-on-async-window--resize=\"callbacks.setButtonStyles\" data-id=\"232\" src=\"https:\/\/gicd.inf.um.es\/csidpub\/usuario37\/wp-content\/uploads\/2025\/11\/descargar-2.jpg\" alt=\"analistas\" class=\"wp-image-232\" srcset=\"https:\/\/gicd.inf.um.es\/csidpub\/usuario37\/wp-content\/uploads\/2025\/11\/descargar-2.jpg 720w, https:\/\/gicd.inf.um.es\/csidpub\/usuario37\/wp-content\/uploads\/2025\/11\/descargar-2-300x228.jpg 300w\" sizes=\"auto, (max-width: 720px) 100vw, 720px\" \/><button\n\t\t\tclass=\"lightbox-trigger\"\n\t\t\ttype=\"button\"\n\t\t\taria-haspopup=\"dialog\"\n\t\t\taria-label=\"Agrandar\"\n\t\t\tdata-wp-init=\"callbacks.initTriggerButton\"\n\t\t\tdata-wp-on-async--click=\"actions.showLightbox\"\n\t\t\tdata-wp-style--right=\"state.imageButtonRight\"\n\t\t\tdata-wp-style--top=\"state.imageButtonTop\"\n\t\t>\n\t\t\t<svg xmlns=\"http:\/\/www.w3.org\/2000\/svg\" width=\"12\" height=\"12\" fill=\"none\" viewBox=\"0 0 12 12\">\n\t\t\t\t<path fill=\"#fff\" d=\"M2 0a2 2 0 0 0-2 2v2h1.5V2a.5.5 0 0 1 .5-.5h2V0H2Zm2 10.5H2a.5.5 0 0 1-.5-.5V8H0v2a2 2 0 0 0 2 2h2v-1.5ZM8 12v-1.5h2a.5.5 0 0 0 .5-.5V8H12v2a2 2 0 0 1-2 2H8Zm2-12a2 2 0 0 1 2 2v2h-1.5V2a.5.5 0 0 0-.5-.5H8V0h2Z\" \/>\n\t\t\t<\/svg>\n\t\t<\/button><\/figure>\n<\/figure>\n\n\n\n<p class=\"has-black-color has-text-color has-link-color wp-elements-f5c49e4f5ba0a9877feb126408572306\">Los Analistas son personas que se destacan por su forma de pensar l\u00f3gica, racional y orientada a la resoluci\u00f3n de problemas. Suelen interesarse por ideas, teor\u00edas y conceptos que les permitan comprender c\u00f3mo funcionan las cosas y por qu\u00e9 ocurren. Tienden a hacer muchas preguntas, analizar situaciones en profundidad y encontrar maneras m\u00e1s eficientes de hacer las cosas. Para ellos, tiene m\u00e1s valor una decisi\u00f3n fundamentada en argumentos s\u00f3lidos que en emociones. Adem\u00e1s, disfrutan los desaf\u00edos intelectuales y los proyectos que requieren estrategia y planificaci\u00f3n. Les gusta innovar, proponer cambios y enfrentarse a situaciones que pongan a prueba su capacidad mental.<\/p>\n\n\n\n<p class=\"has-black-color has-text-color has-link-color wp-elements-17ef533dc6fbed8fc91c2d2857fb6e9d\">Con lo cual, los <strong>Analistas<\/strong> son los miembros que poseen <strong>NT<\/strong> entre sus siglas de personalidad, es decir, los <strong>INTJ, INTP, ENTJ y ENTP<\/strong>.<\/p>\n\n\n\n<p class=\"has-black-color has-text-color has-link-color wp-elements-e13e345ede251e47cdc860aa8a59e87a\">La \u201cN\u201d indica que son intuitivos, es decir, se enfocan en ideas, patrones y posibilidades m\u00e1s que en hechos concretos. La \u201cT\u201d significa que toman decisiones basadas en el pensamiento l\u00f3gico y la objetividad. Por eso, los Analistas suelen ser estrat\u00e9gicos y racionales.<\/p>\n\n\n\n<h2 class=\"wp-block-heading has-vivid-cyan-blue-background-color has-background\">Centinelas<\/h2>\n\n\n\n<figure class=\"wp-block-gallery has-nested-images columns-default is-cropped wp-block-gallery-2 is-layout-flex wp-block-gallery-is-layout-flex\">\n<figure data-wp-context=\"{&quot;imageId&quot;:&quot;69db631e91cf3&quot;}\" data-wp-interactive=\"core\/image\" class=\"wp-block-image size-large is-style-default wp-lightbox-container\"><img loading=\"lazy\" decoding=\"async\" width=\"736\" height=\"557\" data-wp-class--hide=\"state.isContentHidden\" data-wp-class--show=\"state.isContentVisible\" data-wp-init=\"callbacks.setButtonStyles\" data-wp-on-async--click=\"actions.showLightbox\" data-wp-on-async--load=\"callbacks.setButtonStyles\" data-wp-on-async-window--resize=\"callbacks.setButtonStyles\" data-id=\"236\" src=\"https:\/\/gicd.inf.um.es\/csidpub\/usuario37\/wp-content\/uploads\/2025\/11\/ISTJ-ESTJ-ISTP-ESTP.jpg\" alt=\"centinelas\" class=\"wp-image-236\" srcset=\"https:\/\/gicd.inf.um.es\/csidpub\/usuario37\/wp-content\/uploads\/2025\/11\/ISTJ-ESTJ-ISTP-ESTP.jpg 736w, https:\/\/gicd.inf.um.es\/csidpub\/usuario37\/wp-content\/uploads\/2025\/11\/ISTJ-ESTJ-ISTP-ESTP-300x227.jpg 300w\" sizes=\"auto, (max-width: 736px) 100vw, 736px\" \/><button\n\t\t\tclass=\"lightbox-trigger\"\n\t\t\ttype=\"button\"\n\t\t\taria-haspopup=\"dialog\"\n\t\t\taria-label=\"Agrandar\"\n\t\t\tdata-wp-init=\"callbacks.initTriggerButton\"\n\t\t\tdata-wp-on-async--click=\"actions.showLightbox\"\n\t\t\tdata-wp-style--right=\"state.imageButtonRight\"\n\t\t\tdata-wp-style--top=\"state.imageButtonTop\"\n\t\t>\n\t\t\t<svg xmlns=\"http:\/\/www.w3.org\/2000\/svg\" width=\"12\" height=\"12\" fill=\"none\" viewBox=\"0 0 12 12\">\n\t\t\t\t<path fill=\"#fff\" d=\"M2 0a2 2 0 0 0-2 2v2h1.5V2a.5.5 0 0 1 .5-.5h2V0H2Zm2 10.5H2a.5.5 0 0 1-.5-.5V8H0v2a2 2 0 0 0 2 2h2v-1.5ZM8 12v-1.5h2a.5.5 0 0 0 .5-.5V8H12v2a2 2 0 0 1-2 2H8Zm2-12a2 2 0 0 1 2 2v2h-1.5V2a.5.5 0 0 0-.5-.5H8V0h2Z\" \/>\n\t\t\t<\/svg>\n\t\t<\/button><\/figure>\n<\/figure>\n\n\n\n<p class=\"has-black-color has-text-color has-link-color wp-elements-39fddf514ac04616245ae3c1d4985975\">Los Centinelas son personas pr\u00e1cticas, organizadas y responsables, que valoran el orden y la estabilidad en su vida diaria. Suelen ser quienes se aseguran de que las cosas se hagan bien y a tiempo, porque les importa cumplir compromisos y cuidar lo que consideran importante. Les resulta natural seguir estructuras, reglas y rutinas, ya que estas les brindan claridad y seguridad. Son muy confiables y constantes, y se les puede ver con frecuencia cuidando a su familia, apoyando a su comunidad o manteniendo funcionando el entorno en el que est\u00e1n. No buscan llamar la atenci\u00f3n, pero su papel es esencial: hacen que todo lo que est\u00e1 alrededor funcione correctamente. Los Centinelas representan la responsabilidad, la dedicaci\u00f3n y la estabilidad.<\/p>\n\n\n\n<p class=\"has-black-color has-text-color has-link-color wp-elements-711c4cd7820d0fcb13604ef780f5362b\">Los <strong>Centinelas<\/strong> son los que poseen <strong>SJ<\/strong> en sus siglas, es decir, <strong>ISTJ, ISFJ, ESTJ y ESFJ<\/strong>.<\/p>\n\n\n\n<p class=\"has-black-color has-text-color has-link-color wp-elements-52cf830b1c94f49c0c8d1fceaf66fb5f\">La \u201cS\u201d indica que son pr\u00e1cticos y se enfocan en hechos y detalles concretos. La \u201cJ\u201d significa que prefieren la planificaci\u00f3n, el orden y la estructura. Por eso, los Centinelas son responsables, organizados y confiables.<\/p>\n\n\n\n<h2 class=\"wp-block-heading has-vivid-green-cyan-background-color has-background\">Diplom\u00e1ticos<\/h2>\n\n\n\n<figure class=\"wp-block-gallery has-nested-images columns-default is-cropped wp-block-gallery-3 is-layout-flex wp-block-gallery-is-layout-flex\">\n<figure data-wp-context=\"{&quot;imageId&quot;:&quot;69db631e9260e&quot;}\" data-wp-interactive=\"core\/image\" class=\"wp-block-image size-large is-style-default wp-lightbox-container\"><img loading=\"lazy\" decoding=\"async\" width=\"1024\" height=\"779\" data-wp-class--hide=\"state.isContentHidden\" data-wp-class--show=\"state.isContentVisible\" data-wp-init=\"callbacks.setButtonStyles\" data-wp-on-async--click=\"actions.showLightbox\" data-wp-on-async--load=\"callbacks.setButtonStyles\" data-wp-on-async-window--resize=\"callbacks.setButtonStyles\" data-id=\"235\" src=\"https:\/\/gicd.inf.um.es\/csidpub\/usuario37\/wp-content\/uploads\/2025\/11\/6789a36cc6bc56973376f2e7f6918e5f-1024x779.jpg\" alt=\"diplomaticos\" class=\"wp-image-235\" srcset=\"https:\/\/gicd.inf.um.es\/csidpub\/usuario37\/wp-content\/uploads\/2025\/11\/6789a36cc6bc56973376f2e7f6918e5f-1024x779.jpg 1024w, https:\/\/gicd.inf.um.es\/csidpub\/usuario37\/wp-content\/uploads\/2025\/11\/6789a36cc6bc56973376f2e7f6918e5f-300x228.jpg 300w, https:\/\/gicd.inf.um.es\/csidpub\/usuario37\/wp-content\/uploads\/2025\/11\/6789a36cc6bc56973376f2e7f6918e5f-768x585.jpg 768w, https:\/\/gicd.inf.um.es\/csidpub\/usuario37\/wp-content\/uploads\/2025\/11\/6789a36cc6bc56973376f2e7f6918e5f.jpg 1080w\" sizes=\"auto, (max-width: 1024px) 100vw, 1024px\" \/><button\n\t\t\tclass=\"lightbox-trigger\"\n\t\t\ttype=\"button\"\n\t\t\taria-haspopup=\"dialog\"\n\t\t\taria-label=\"Agrandar\"\n\t\t\tdata-wp-init=\"callbacks.initTriggerButton\"\n\t\t\tdata-wp-on-async--click=\"actions.showLightbox\"\n\t\t\tdata-wp-style--right=\"state.imageButtonRight\"\n\t\t\tdata-wp-style--top=\"state.imageButtonTop\"\n\t\t>\n\t\t\t<svg xmlns=\"http:\/\/www.w3.org\/2000\/svg\" width=\"12\" height=\"12\" fill=\"none\" viewBox=\"0 0 12 12\">\n\t\t\t\t<path fill=\"#fff\" d=\"M2 0a2 2 0 0 0-2 2v2h1.5V2a.5.5 0 0 1 .5-.5h2V0H2Zm2 10.5H2a.5.5 0 0 1-.5-.5V8H0v2a2 2 0 0 0 2 2h2v-1.5ZM8 12v-1.5h2a.5.5 0 0 0 .5-.5V8H12v2a2 2 0 0 1-2 2H8Zm2-12a2 2 0 0 1 2 2v2h-1.5V2a.5.5 0 0 0-.5-.5H8V0h2Z\" \/>\n\t\t\t<\/svg>\n\t\t<\/button><\/figure>\n<\/figure>\n\n\n\n<p class=\"has-black-color has-text-color has-link-color wp-elements-ded9edf2e2549d691a5219bb3fbe352e\">Los Diplom\u00e1ticos se definen por su sensibilidad, empat\u00eda y preocupaci\u00f3n por el bienestar emocional de las personas. Suelen tener una gran capacidad para comprender lo que sienten los dem\u00e1s y conectar de forma aut\u00e9ntica en sus relaciones. Les mueve el deseo de ayudar, apoyar y crear entornos donde todos se sientan escuchados y valorados. Valoran la armon\u00eda y tienden a evitar conflictos cuando es posible, buscando soluciones que beneficien a todos. Adem\u00e1s, se enfocan en encontrar un prop\u00f3sito o sentido profundo en aquello que hacen; para ellos, no basta con lograr resultados, tambi\u00e9n es importante que estos tengan un impacto positivo y humano. Son idealistas, creativos y buenos comunicadores, capaces de motivar e inspirar a otros.<\/p>\n\n\n\n<p class=\"has-black-color has-text-color has-link-color wp-elements-8b5b0317305d322d938c6c38d80b2b19\">Los <strong>Diplom\u00e1ticos<\/strong> son los que poseen <strong>NF<\/strong> en sus siglas, es decir, <strong>INFJ, INFP, ENFJ y ENFP<\/strong>.<\/p>\n\n\n\n<p class=\"has-black-color has-text-color has-link-color wp-elements-54320d6949d497abff3c5423a2dfd9af\">La \u201cN\u201d nuevamente indica que son intuitivos y se fijan en posibilidades e ideas. La \u201cF\u201d indica que toman decisiones basadas en los sentimientos y valores personales. Por eso, los Diplom\u00e1ticos se enfocan en las emociones, las relaciones humanas y buscan armon\u00eda y sentido en lo que hacen.<\/p>\n\n\n\n<h2 class=\"wp-block-heading has-luminous-vivid-amber-background-color has-background\">Exploradores<\/h2>\n\n\n\n<figure class=\"wp-block-gallery has-nested-images columns-default is-cropped wp-block-gallery-4 is-layout-flex wp-block-gallery-is-layout-flex\">\n<figure data-wp-context=\"{&quot;imageId&quot;:&quot;69db631e92fea&quot;}\" data-wp-interactive=\"core\/image\" class=\"wp-block-image size-large is-style-default wp-lightbox-container\"><img loading=\"lazy\" decoding=\"async\" width=\"716\" height=\"555\" data-wp-class--hide=\"state.isContentHidden\" data-wp-class--show=\"state.isContentVisible\" data-wp-init=\"callbacks.setButtonStyles\" data-wp-on-async--click=\"actions.showLightbox\" data-wp-on-async--load=\"callbacks.setButtonStyles\" data-wp-on-async-window--resize=\"callbacks.setButtonStyles\" data-id=\"237\" src=\"https:\/\/gicd.inf.um.es\/csidpub\/usuario37\/wp-content\/uploads\/2025\/11\/descargar-3.jpg\" alt=\"exploradores\" class=\"wp-image-237\" srcset=\"https:\/\/gicd.inf.um.es\/csidpub\/usuario37\/wp-content\/uploads\/2025\/11\/descargar-3.jpg 716w, https:\/\/gicd.inf.um.es\/csidpub\/usuario37\/wp-content\/uploads\/2025\/11\/descargar-3-300x233.jpg 300w\" sizes=\"auto, (max-width: 716px) 100vw, 716px\" \/><button\n\t\t\tclass=\"lightbox-trigger\"\n\t\t\ttype=\"button\"\n\t\t\taria-haspopup=\"dialog\"\n\t\t\taria-label=\"Agrandar\"\n\t\t\tdata-wp-init=\"callbacks.initTriggerButton\"\n\t\t\tdata-wp-on-async--click=\"actions.showLightbox\"\n\t\t\tdata-wp-style--right=\"state.imageButtonRight\"\n\t\t\tdata-wp-style--top=\"state.imageButtonTop\"\n\t\t>\n\t\t\t<svg xmlns=\"http:\/\/www.w3.org\/2000\/svg\" width=\"12\" height=\"12\" fill=\"none\" viewBox=\"0 0 12 12\">\n\t\t\t\t<path fill=\"#fff\" d=\"M2 0a2 2 0 0 0-2 2v2h1.5V2a.5.5 0 0 1 .5-.5h2V0H2Zm2 10.5H2a.5.5 0 0 1-.5-.5V8H0v2a2 2 0 0 0 2 2h2v-1.5ZM8 12v-1.5h2a.5.5 0 0 0 .5-.5V8H12v2a2 2 0 0 1-2 2H8Zm2-12a2 2 0 0 1 2 2v2h-1.5V2a.5.5 0 0 0-.5-.5H8V0h2Z\" \/>\n\t\t\t<\/svg>\n\t\t<\/button><\/figure>\n<\/figure>\n\n\n\n<p class=\"has-black-color has-text-color has-link-color wp-elements-bd00813d22d8cda90d5f49bf4437b9f1\">Los Exploradores son personas espont\u00e1neas, flexibles y llenas de energ\u00eda, que disfrutan vivir el momento y experimentar cosas nuevas. Se sienten c\u00f3modos adapt\u00e1ndose a situaciones cambiantes y tomando decisiones r\u00e1pidas seg\u00fan lo que est\u00e1 ocurriendo en el presente. Aprenden mejor haciendo, probando y observando resultados en la pr\u00e1ctica, m\u00e1s que siguiendo instrucciones paso a paso. Les atraen los retos que requieren creatividad y habilidad para reaccionar, y suelen mantenerse tranquilos incluso cuando las cosas no salen como se esperaba. Son curiosos, ingeniosos y disfrutan la libertad de explorar caminos distintos. Los Exploradores aportan frescura, movimiento y nuevas ideas a los entornos en los que participan.<\/p>\n\n\n\n<p class=\"has-black-color has-text-color has-link-color wp-elements-d98a97e4028f3dd8b126602c57c0e9eb\">Los <strong>Exploradores<\/strong> son los que poseen <strong>SP<\/strong> en sus siglas, es decir, <strong>ISTP, ISFP, ESTP y ESFP<\/strong>.<\/p>\n\n\n\n<p class=\"has-black-color has-text-color has-link-color wp-elements-9c585e3e3948d3250fb81d3cb35f1da2\">La \u201cS\u201d indica que perciben la realidad tal como es, fij\u00e1ndose en los detalles y en lo concreto, mientras que la \u201cP\u201d significa que son flexibles y espont\u00e1neos, adapt\u00e1ndose f\u00e1cilmente a los cambios. Por eso, los Exploradores son pr\u00e1cticos, activos y disfrutan la acci\u00f3n y la experiencia directa.<\/p>\n\n\n\n<div style=\"height:100px\" aria-hidden=\"true\" class=\"wp-block-spacer\"><\/div>\n\n\n\n<figure class=\"wp-block-embed is-type-video is-provider-youtube wp-block-embed-youtube wp-embed-aspect-16-9 wp-has-aspect-ratio\"><div class=\"wp-block-embed__wrapper\">\n<iframe loading=\"lazy\" title=\"MBTI 4 Groups and 16 Personality Types\" width=\"640\" height=\"360\" src=\"https:\/\/www.youtube.com\/embed\/ycKd-QbBE0E?feature=oembed\" frameborder=\"0\" allow=\"accelerometer; autoplay; clipboard-write; encrypted-media; gyroscope; picture-in-picture; web-share\" referrerpolicy=\"strict-origin-when-cross-origin\" allowfullscreen><\/iframe>\n<\/div><\/figure>\n","protected":false},"excerpt":{"rendered":"<p>El MBTI agrupa los diferentes tipos de personalidad en cuatro grandes categor\u00edas, cada una con caracter\u00edsticas propias. Los Analistas son personas que piensan de forma l\u00f3gica y estrat\u00e9gica; les gusta entender c\u00f3mo funcionan las cosas, resolver problemas y tomar decisiones basadas en el razonamiento. Por otro lado, los Diplom\u00e1ticos se enfocan en las emociones y [&hellip;]<\/p>\n","protected":false},"author":1,"featured_media":0,"parent":0,"menu_order":0,"comment_status":"closed","ping_status":"closed","template":"","meta":{"pgc_sgb_lightbox_settings":"","footnotes":""},"class_list":["post-415","page","type-page","status-publish","hentry"],"_links":{"self":[{"href":"https:\/\/gicd.inf.um.es\/csidpub\/usuario37\/wp-json\/wp\/v2\/pages\/415","targetHints":{"allow":["GET"]}}],"collection":[{"href":"https:\/\/gicd.inf.um.es\/csidpub\/usuario37\/wp-json\/wp\/v2\/pages"}],"about":[{"href":"https:\/\/gicd.inf.um.es\/csidpub\/usuario37\/wp-json\/wp\/v2\/types\/page"}],"author":[{"embeddable":true,"href":"https:\/\/gicd.inf.um.es\/csidpub\/usuario37\/wp-json\/wp\/v2\/users\/1"}],"replies":[{"embeddable":true,"href":"https:\/\/gicd.inf.um.es\/csidpub\/usuario37\/wp-json\/wp\/v2\/comments?post=415"}],"version-history":[{"count":11,"href":"https:\/\/gicd.inf.um.es\/csidpub\/usuario37\/wp-json\/wp\/v2\/pages\/415\/revisions"}],"predecessor-version":[{"id":758,"href":"https:\/\/gicd.inf.um.es\/csidpub\/usuario37\/wp-json\/wp\/v2\/pages\/415\/revisions\/758"}],"wp:attachment":[{"href":"https:\/\/gicd.inf.um.es\/csidpub\/usuario37\/wp-json\/wp\/v2\/media?parent=415"}],"curies":[{"name":"wp","href":"https:\/\/api.w.org\/{rel}","templated":true}]}}