{"id":208,"date":"2025-11-13T14:12:39","date_gmt":"2025-11-13T13:12:39","guid":{"rendered":"https:\/\/gicd.inf.um.es\/csidpub\/usuario40\/?page_id=208"},"modified":"2025-11-27T00:39:58","modified_gmt":"2025-11-26T23:39:58","slug":"beyonce","status":"publish","type":"page","link":"https:\/\/gicd.inf.um.es\/csidpub\/usuario40\/beyonce\/","title":{"rendered":"Beyonc\u00e9"},"content":{"rendered":"\n<p>Beyonc\u00e9 es una cantante estadodinense nacida en Hosten Texas el 4 de septiembre 1981. Se cas\u00f3 con su marido Jay-Z, productor y rapero, en 2008 y tuvo su primera hija Blue Ivy en 2012, m\u00e1s tarde se qued\u00f3 embarzado de mellizos y en 2017 nacieron Sir y Rumi Carter. <\/p>\n\n\n\n<p>Empez\u00f3 su carrera musical en el grupo Destiny Child con Kelly Rowland\u00a0y\u00a0Michelle Williams donde su padre, Mathew Knowles, se convirti\u00f3 en el m\u00e1nager del grupo, sacaron 5 \u00e1lbumes y tuvieron varios \u00e9xitos como Say My Name, Survivor, Bootylicious, Jumpin\u00b4 y muchos m\u00e1s. En 2003 comenz\u00f3 su carrera solitario con su \u00e1lbum debut Dangerously In Love. Tiene un total de 8 \u00e1lbumes solitarios, varios \u00e1lbumes en directo como Homecoming y un \u00e1lbum colaborativo que realiz\u00f3 para el Rey Le\u00f3n.<\/p>\n\n\n\n<p>En 2022 Beyonc\u00e9 se coron\u00f3 como la mayor ganadora de Grammys de la historia con 35 victorias y 99 nominaciones. Con decenas de premios Grammy y m\u00faltiples r\u00e9cords de ventas, Beyonc\u00e9 es una de las artistas m\u00e1s premiadas de la historia. Est\u00e1 constantemente presente en listas de las personas m\u00e1s influyentes del mundo (Time, Forbes, Billboard).<\/p>\n\n\n\n<p>A parte de cantante Beyonc\u00e9 tambi\u00e9n es una emprendedora, Fund\u00f3 Parkwood Entertainment, desde donde produce m\u00fasica, videos, pel\u00edculas y proyectos creativos. Adem\u00e1s, lanz\u00f3 l\u00edneas de moda y colaboraciones destacadas, como Ivy Park con Adidas. A parte en 2024 lanz\u00f3 una l\u00ednea de productos para el cuidado del cabello llamado C\u00e9cred que fund\u00f3 con su madre Tina Knowles.<\/p>\n\n\n\n<div style=\"height:30px\" aria-hidden=\"true\" class=\"wp-block-spacer\"><\/div>\n\n\n\n<div class=\"wp-block-columns is-layout-flex wp-container-core-columns-is-layout-9d6595d7 wp-block-columns-is-layout-flex\">\n<div class=\"wp-block-column is-layout-flow wp-block-column-is-layout-flow\">\n<h2 class=\"wp-block-heading has-text-align-center\">Ropa<\/h2>\n\n\n<div class=\"wp-block-image\">\n<figure class=\"aligncenter size-full is-resized\"><img loading=\"lazy\" decoding=\"async\" width=\"736\" height=\"736\" src=\"https:\/\/gicd.inf.um.es\/csidpub\/usuario40\/wp-content\/uploads\/2025\/11\/8543704bf85b9d7e34ecb18f43480615.jpg\" alt=\"Ropa\" class=\"wp-image-462\" style=\"width:238px;height:auto\" srcset=\"https:\/\/gicd.inf.um.es\/csidpub\/usuario40\/wp-content\/uploads\/2025\/11\/8543704bf85b9d7e34ecb18f43480615.jpg 736w, https:\/\/gicd.inf.um.es\/csidpub\/usuario40\/wp-content\/uploads\/2025\/11\/8543704bf85b9d7e34ecb18f43480615-300x300.jpg 300w, https:\/\/gicd.inf.um.es\/csidpub\/usuario40\/wp-content\/uploads\/2025\/11\/8543704bf85b9d7e34ecb18f43480615-150x150.jpg 150w\" sizes=\"auto, (max-width: 736px) 100vw, 736px\" \/><\/figure><\/div>\n\n\n<p>Presentamos una gran colecci\u00f3n de ropa como camisetas, sudaderas, pantalones y gorras de la tem\u00e1tica de todos sus \u00e1lbumes<\/p>\n<\/div>\n\n\n\n<div class=\"wp-block-column is-layout-flow wp-block-column-is-layout-flow\">\n<h2 class=\"wp-block-heading has-text-align-center\">CDs<\/h2>\n\n\n<div class=\"wp-block-image\">\n<figure class=\"aligncenter size-full is-resized\"><img loading=\"lazy\" decoding=\"async\" width=\"599\" height=\"600\" src=\"https:\/\/gicd.inf.um.es\/csidpub\/usuario40\/wp-content\/uploads\/2025\/11\/2050403dd1de2c1395a065b89d7485d3.jpg\" alt=\"CD\" class=\"wp-image-460\" style=\"width:238px;height:auto\" srcset=\"https:\/\/gicd.inf.um.es\/csidpub\/usuario40\/wp-content\/uploads\/2025\/11\/2050403dd1de2c1395a065b89d7485d3.jpg 599w, https:\/\/gicd.inf.um.es\/csidpub\/usuario40\/wp-content\/uploads\/2025\/11\/2050403dd1de2c1395a065b89d7485d3-300x300.jpg 300w, https:\/\/gicd.inf.um.es\/csidpub\/usuario40\/wp-content\/uploads\/2025\/11\/2050403dd1de2c1395a065b89d7485d3-150x150.jpg 150w\" sizes=\"auto, (max-width: 599px) 100vw, 599px\" \/><\/figure><\/div>\n\n\n<p>Tenemos todos los CDs de Beyonc\u00e9 en versi\u00f3n Cd y vinilo y adem\u00e1s las versiones deluxe.<\/p>\n<\/div>\n\n\n\n<div class=\"wp-block-column is-layout-flow wp-block-column-is-layout-flow\">\n<h2 class=\"wp-block-heading has-text-align-center\">Accesorios<\/h2>\n\n\n<div class=\"wp-block-image\">\n<figure class=\"aligncenter size-large is-resized\"><img loading=\"lazy\" decoding=\"async\" width=\"1024\" height=\"1024\" src=\"https:\/\/gicd.inf.um.es\/csidpub\/usuario40\/wp-content\/uploads\/2025\/11\/c121fc971e396c1115ad856d775afa76-1024x1024.jpg\" alt=\"accesorios\" class=\"wp-image-461\" style=\"width:238px\" srcset=\"https:\/\/gicd.inf.um.es\/csidpub\/usuario40\/wp-content\/uploads\/2025\/11\/c121fc971e396c1115ad856d775afa76-1024x1024.jpg 1024w, https:\/\/gicd.inf.um.es\/csidpub\/usuario40\/wp-content\/uploads\/2025\/11\/c121fc971e396c1115ad856d775afa76-300x300.jpg 300w, https:\/\/gicd.inf.um.es\/csidpub\/usuario40\/wp-content\/uploads\/2025\/11\/c121fc971e396c1115ad856d775afa76-150x150.jpg 150w, https:\/\/gicd.inf.um.es\/csidpub\/usuario40\/wp-content\/uploads\/2025\/11\/c121fc971e396c1115ad856d775afa76-768x768.jpg 768w, https:\/\/gicd.inf.um.es\/csidpub\/usuario40\/wp-content\/uploads\/2025\/11\/c121fc971e396c1115ad856d775afa76.jpg 1200w\" sizes=\"auto, (max-width: 1024px) 100vw, 1024px\" \/><\/figure><\/div>\n\n\n<p>Una colecci\u00f3n de accesories desde tazas, abanicos, posters y mucho m\u00e1s.<\/p>\n<\/div>\n<\/div>\n\n\n\n<div class=\"wp-block-cover is-light\"><img loading=\"lazy\" decoding=\"async\" width=\"820\" height=\"395\" class=\"wp-block-cover__image-background wp-image-704 size-full\" alt=\"Beyonc\u00e9\" src=\"https:\/\/gicd.inf.um.es\/csidpub\/usuario40\/wp-content\/uploads\/2025\/11\/8-84954_beyonce-beyonce-logo.jpg\" data-object-fit=\"cover\" srcset=\"https:\/\/gicd.inf.um.es\/csidpub\/usuario40\/wp-content\/uploads\/2025\/11\/8-84954_beyonce-beyonce-logo.jpg 820w, https:\/\/gicd.inf.um.es\/csidpub\/usuario40\/wp-content\/uploads\/2025\/11\/8-84954_beyonce-beyonce-logo-300x145.jpg 300w, https:\/\/gicd.inf.um.es\/csidpub\/usuario40\/wp-content\/uploads\/2025\/11\/8-84954_beyonce-beyonce-logo-768x370.jpg 768w\" sizes=\"auto, (max-width: 820px) 100vw, 820px\" \/><span aria-hidden=\"true\" class=\"wp-block-cover__background has-background-dim\" style=\"background-color:#dcdcdc\"><\/span><div class=\"wp-block-cover__inner-container is-layout-constrained wp-block-cover-is-layout-constrained\">\n<p class=\"has-text-align-center has-large-font-size\"><\/p>\n<\/div><\/div>\n","protected":false},"excerpt":{"rendered":"<p>Beyonc\u00e9 es una cantante estadodinense nacida en Hosten Texas el 4 de septiembre 1981. Se cas\u00f3 con su marido Jay-Z, productor y rapero, en 2008 y tuvo su primera hija Blue Ivy en 2012, m\u00e1s tarde se qued\u00f3 embarzado de mellizos y en 2017 nacieron Sir y Rumi Carter. Empez\u00f3 su carrera musical en el [&hellip;]<\/p>\n","protected":false},"author":1,"featured_media":337,"parent":0,"menu_order":0,"comment_status":"closed","ping_status":"closed","template":"","meta":{"pgc_sgb_lightbox_settings":"","footnotes":""},"class_list":["post-208","page","type-page","status-publish","has-post-thumbnail","hentry"],"_links":{"self":[{"href":"https:\/\/gicd.inf.um.es\/csidpub\/usuario40\/wp-json\/wp\/v2\/pages\/208","targetHints":{"allow":["GET"]}}],"collection":[{"href":"https:\/\/gicd.inf.um.es\/csidpub\/usuario40\/wp-json\/wp\/v2\/pages"}],"about":[{"href":"https:\/\/gicd.inf.um.es\/csidpub\/usuario40\/wp-json\/wp\/v2\/types\/page"}],"author":[{"embeddable":true,"href":"https:\/\/gicd.inf.um.es\/csidpub\/usuario40\/wp-json\/wp\/v2\/users\/1"}],"replies":[{"embeddable":true,"href":"https:\/\/gicd.inf.um.es\/csidpub\/usuario40\/wp-json\/wp\/v2\/comments?post=208"}],"version-history":[{"count":11,"href":"https:\/\/gicd.inf.um.es\/csidpub\/usuario40\/wp-json\/wp\/v2\/pages\/208\/revisions"}],"predecessor-version":[{"id":705,"href":"https:\/\/gicd.inf.um.es\/csidpub\/usuario40\/wp-json\/wp\/v2\/pages\/208\/revisions\/705"}],"wp:featuredmedia":[{"embeddable":true,"href":"https:\/\/gicd.inf.um.es\/csidpub\/usuario40\/wp-json\/wp\/v2\/media\/337"}],"wp:attachment":[{"href":"https:\/\/gicd.inf.um.es\/csidpub\/usuario40\/wp-json\/wp\/v2\/media?parent=208"}],"curies":[{"name":"wp","href":"https:\/\/api.w.org\/{rel}","templated":true}]}}