{"id":733,"date":"2026-03-02T22:24:53","date_gmt":"2026-03-02T21:24:53","guid":{"rendered":"https:\/\/gicd.inf.um.es\/csidpub\/usuario40\/newsletter\/"},"modified":"2026-03-02T22:24:53","modified_gmt":"2026-03-02T21:24:53","slug":"newsletter","status":"publish","type":"page","link":"https:\/\/gicd.inf.um.es\/csidpub\/usuario40\/newsletter\/","title":{"rendered":"Newsletter"},"content":{"rendered":"<p><strong>\u00a1Gracias por unirte a Series \u00c9picas! Este bolet\u00edn es tu ventana a un mundo de historias <\/strong><strong>fascinantes, curiosidades y relatos \u00e9picos, creado por los alumnos de Publicidad y <\/strong><strong>Relaciones P\u00fablicas de la Universidad de Murcia. Cada edici\u00f3n traer\u00e1 contenido exclusivo.<\/strong><\/p>\r\n<p><br \/><strong>\u00a1Bienvenido a nuestra comunidad de apasionados por lo \u00e9pico!<\/strong><\/p>\n","protected":false},"excerpt":{"rendered":"","protected":false},"author":1,"featured_media":0,"parent":0,"menu_order":0,"comment_status":"closed","ping_status":"closed","template":"","meta":{"pgc_sgb_lightbox_settings":"","footnotes":""},"class_list":["post-733","page","type-page","status-publish","hentry"],"_links":{"self":[{"href":"https:\/\/gicd.inf.um.es\/csidpub\/usuario40\/wp-json\/wp\/v2\/pages\/733","targetHints":{"allow":["GET"]}}],"collection":[{"href":"https:\/\/gicd.inf.um.es\/csidpub\/usuario40\/wp-json\/wp\/v2\/pages"}],"about":[{"href":"https:\/\/gicd.inf.um.es\/csidpub\/usuario40\/wp-json\/wp\/v2\/types\/page"}],"author":[{"embeddable":true,"href":"https:\/\/gicd.inf.um.es\/csidpub\/usuario40\/wp-json\/wp\/v2\/users\/1"}],"replies":[{"embeddable":true,"href":"https:\/\/gicd.inf.um.es\/csidpub\/usuario40\/wp-json\/wp\/v2\/comments?post=733"}],"version-history":[{"count":1,"href":"https:\/\/gicd.inf.um.es\/csidpub\/usuario40\/wp-json\/wp\/v2\/pages\/733\/revisions"}],"predecessor-version":[{"id":738,"href":"https:\/\/gicd.inf.um.es\/csidpub\/usuario40\/wp-json\/wp\/v2\/pages\/733\/revisions\/738"}],"wp:attachment":[{"href":"https:\/\/gicd.inf.um.es\/csidpub\/usuario40\/wp-json\/wp\/v2\/media?parent=733"}],"curies":[{"name":"wp","href":"https:\/\/api.w.org\/{rel}","templated":true}]}}