{"id":771,"date":"2026-03-17T17:53:11","date_gmt":"2026-03-17T16:53:11","guid":{"rendered":"https:\/\/gicd.inf.um.es\/csidpub\/usuario42\/?post_type=product&#038;p=771"},"modified":"2026-03-17T18:49:39","modified_gmt":"2026-03-17T17:49:39","slug":"poster-de-la-temporada-1-de-la-serie-de-tv-the-crown","status":"publish","type":"product","link":"https:\/\/gicd.inf.um.es\/csidpub\/usuario42\/producto\/poster-de-la-temporada-1-de-la-serie-de-tv-the-crown\/","title":{"rendered":"P\u00f3ster de la temporada 1 de la serie de TV The Crown"},"content":{"rendered":"<p>P\u00f3ster enmarcado de la temporada 1 de The Crown, de un tama\u00f1o de 50x75cm en material de lona. Estampado de gran calidad y fabricaci\u00f3n propia. Presentado en un marco de madera resistente.<\/p>\n","protected":false},"excerpt":{"rendered":"<p>P\u00f3ster enmarcado con impresi\u00f3n de calidad de la serie The Crown.<\/p>\n","protected":false},"featured_media":725,"comment_status":"closed","ping_status":"closed","template":"","meta":{"pgc_sgb_lightbox_settings":""},"product_brand":[],"product_cat":[99,98],"product_tag":[120,121],"class_list":{"0":"post-771","1":"product","2":"type-product","3":"status-publish","4":"has-post-thumbnail","6":"product_cat-cuadros-posters-y-laminas","7":"product_cat-decoracion","8":"product_tag-poster","9":"product_tag-the-crown","11":"first","12":"instock","13":"taxable","14":"shipping-taxable","15":"purchasable","16":"product-type-simple"},"_links":{"self":[{"href":"https:\/\/gicd.inf.um.es\/csidpub\/usuario42\/wp-json\/wp\/v2\/product\/771","targetHints":{"allow":["GET"]}}],"collection":[{"href":"https:\/\/gicd.inf.um.es\/csidpub\/usuario42\/wp-json\/wp\/v2\/product"}],"about":[{"href":"https:\/\/gicd.inf.um.es\/csidpub\/usuario42\/wp-json\/wp\/v2\/types\/product"}],"replies":[{"embeddable":true,"href":"https:\/\/gicd.inf.um.es\/csidpub\/usuario42\/wp-json\/wp\/v2\/comments?post=771"}],"wp:featuredmedia":[{"embeddable":true,"href":"https:\/\/gicd.inf.um.es\/csidpub\/usuario42\/wp-json\/wp\/v2\/media\/725"}],"wp:attachment":[{"href":"https:\/\/gicd.inf.um.es\/csidpub\/usuario42\/wp-json\/wp\/v2\/media?parent=771"}],"wp:term":[{"taxonomy":"product_brand","embeddable":true,"href":"https:\/\/gicd.inf.um.es\/csidpub\/usuario42\/wp-json\/wp\/v2\/product_brand?post=771"},{"taxonomy":"product_cat","embeddable":true,"href":"https:\/\/gicd.inf.um.es\/csidpub\/usuario42\/wp-json\/wp\/v2\/product_cat?post=771"},{"taxonomy":"product_tag","embeddable":true,"href":"https:\/\/gicd.inf.um.es\/csidpub\/usuario42\/wp-json\/wp\/v2\/product_tag?post=771"}],"curies":[{"name":"wp","href":"https:\/\/api.w.org\/{rel}","templated":true}]}}