{"id":772,"date":"2026-03-17T17:54:56","date_gmt":"2026-03-17T16:54:56","guid":{"rendered":"https:\/\/gicd.inf.um.es\/csidpub\/usuario42\/?post_type=product&#038;p=772"},"modified":"2026-03-17T17:54:57","modified_gmt":"2026-03-17T16:54:57","slug":"the-expatriates-edicion-en-ingles","status":"publish","type":"product","link":"https:\/\/gicd.inf.um.es\/csidpub\/usuario42\/producto\/the-expatriates-edicion-en-ingles\/","title":{"rendered":"The Expatriates (edici\u00f3n en Ingl\u00e9s)"},"content":{"rendered":"<p>Novela The Expatriates, de Janice Y.K. Lee. Edici\u00f3n en Ingl\u00e9s de Bolsillo en tapa blanda. Novela que ha servidor de inspiraci\u00f3n a la serie de TV del mismo t\u00edtulo.<\/p>\n","protected":false},"excerpt":{"rendered":"<p>Edici\u00f3n en Ingl\u00e9s de bolsillo de la novela The Expatriates de Janice Y.K. Lee.<\/p>\n","protected":false},"featured_media":727,"comment_status":"closed","ping_status":"closed","template":"","meta":{"pgc_sgb_lightbox_settings":""},"product_brand":[],"product_cat":[102],"product_tag":[123,111,122],"class_list":{"0":"post-772","1":"product","2":"type-product","3":"status-publish","4":"has-post-thumbnail","6":"product_cat-libros","7":"product_tag-libros-en-edicion-inglesa","8":"product_tag-novelas","9":"product_tag-the-expatriates","11":"first","12":"instock","13":"taxable","14":"shipping-taxable","15":"purchasable","16":"product-type-simple"},"_links":{"self":[{"href":"https:\/\/gicd.inf.um.es\/csidpub\/usuario42\/wp-json\/wp\/v2\/product\/772","targetHints":{"allow":["GET"]}}],"collection":[{"href":"https:\/\/gicd.inf.um.es\/csidpub\/usuario42\/wp-json\/wp\/v2\/product"}],"about":[{"href":"https:\/\/gicd.inf.um.es\/csidpub\/usuario42\/wp-json\/wp\/v2\/types\/product"}],"replies":[{"embeddable":true,"href":"https:\/\/gicd.inf.um.es\/csidpub\/usuario42\/wp-json\/wp\/v2\/comments?post=772"}],"wp:featuredmedia":[{"embeddable":true,"href":"https:\/\/gicd.inf.um.es\/csidpub\/usuario42\/wp-json\/wp\/v2\/media\/727"}],"wp:attachment":[{"href":"https:\/\/gicd.inf.um.es\/csidpub\/usuario42\/wp-json\/wp\/v2\/media?parent=772"}],"wp:term":[{"taxonomy":"product_brand","embeddable":true,"href":"https:\/\/gicd.inf.um.es\/csidpub\/usuario42\/wp-json\/wp\/v2\/product_brand?post=772"},{"taxonomy":"product_cat","embeddable":true,"href":"https:\/\/gicd.inf.um.es\/csidpub\/usuario42\/wp-json\/wp\/v2\/product_cat?post=772"},{"taxonomy":"product_tag","embeddable":true,"href":"https:\/\/gicd.inf.um.es\/csidpub\/usuario42\/wp-json\/wp\/v2\/product_tag?post=772"}],"curies":[{"name":"wp","href":"https:\/\/api.w.org\/{rel}","templated":true}]}}