{"id":171,"date":"2025-11-19T17:38:43","date_gmt":"2025-11-19T16:38:43","guid":{"rendered":"https:\/\/gicd.inf.um.es\/csidpub\/usuario43\/?page_id=171"},"modified":"2025-11-26T22:01:02","modified_gmt":"2025-11-26T21:01:02","slug":"actividad-1","status":"publish","type":"page","link":"https:\/\/gicd.inf.um.es\/csidpub\/usuario43\/actividad-1\/","title":{"rendered":"Actividad 1"},"content":{"rendered":"\n<h1 class=\"wp-block-heading\">Los 10 Elegidos<\/h1>\n\n\n\n<h2 class=\"wp-block-heading\">10 discos fundamentales en la historia de la m\u00fasica en Espa\u00f1a.<\/h2>\n\n\n\n<figure class=\"wp-block-gallery has-nested-images columns-default is-cropped wp-block-gallery-1 is-layout-flex wp-block-gallery-is-layout-flex\">\n<figure class=\"wp-block-image size-large\"><img loading=\"lazy\" decoding=\"async\" width=\"551\" height=\"347\" data-id=\"343\" src=\"https:\/\/gicd.inf.um.es\/csidpub\/usuario43\/wp-content\/uploads\/2025\/11\/LOS-PLANETAS-1.png\" alt=\"LOS PLANETAS 1\" class=\"wp-image-343\" srcset=\"https:\/\/gicd.inf.um.es\/csidpub\/usuario43\/wp-content\/uploads\/2025\/11\/LOS-PLANETAS-1.png 551w, https:\/\/gicd.inf.um.es\/csidpub\/usuario43\/wp-content\/uploads\/2025\/11\/LOS-PLANETAS-1-300x189.png 300w\" sizes=\"auto, (max-width: 551px) 100vw, 551px\" \/><\/figure>\n\n\n\n<figure class=\"wp-block-image size-large\"><img loading=\"lazy\" decoding=\"async\" width=\"687\" height=\"350\" data-id=\"332\" src=\"https:\/\/gicd.inf.um.es\/csidpub\/usuario43\/wp-content\/uploads\/2025\/11\/C-TANGANA-3.png\" alt=\"C TANGANA 3\" class=\"wp-image-332\" srcset=\"https:\/\/gicd.inf.um.es\/csidpub\/usuario43\/wp-content\/uploads\/2025\/11\/C-TANGANA-3.png 687w, https:\/\/gicd.inf.um.es\/csidpub\/usuario43\/wp-content\/uploads\/2025\/11\/C-TANGANA-3-300x153.png 300w\" sizes=\"auto, (max-width: 687px) 100vw, 687px\" \/><\/figure>\n\n\n\n<figure class=\"wp-block-image size-full\"><img loading=\"lazy\" decoding=\"async\" width=\"941\" height=\"580\" data-id=\"286\" src=\"https:\/\/gicd.inf.um.es\/csidpub\/usuario43\/wp-content\/uploads\/2025\/11\/MECANO-1.png\" alt=\"MECANO 1\" class=\"wp-image-286\" srcset=\"https:\/\/gicd.inf.um.es\/csidpub\/usuario43\/wp-content\/uploads\/2025\/11\/MECANO-1.png 941w, https:\/\/gicd.inf.um.es\/csidpub\/usuario43\/wp-content\/uploads\/2025\/11\/MECANO-1-300x185.png 300w, https:\/\/gicd.inf.um.es\/csidpub\/usuario43\/wp-content\/uploads\/2025\/11\/MECANO-1-768x473.png 768w\" sizes=\"auto, (max-width: 941px) 100vw, 941px\" \/><\/figure>\n<\/figure>\n\n\n\n<p>La industria musical espa\u00f1ola ha experimentado una profunda evoluci\u00f3n desde los a\u00f1os 80 hasta la actualidad, pasando de la eclosi\u00f3n del pop y el rock urbano a la ruptura de l\u00edmites estil\u00edsticos que domina el panorama contempor\u00e1neo. A lo largo de estas d\u00e9cadas, numerosos artistas han dejado una huella imborrable gracias a discos que no solo marcaron a toda una generaci\u00f3n, sino que tambi\u00e9n transformaron la manera de entender, producir y consumir m\u00fasica en Espa\u00f1a. De esta industria  podr\u00edamos hablar largo y tendido, porque la cantidad de artistas que han provocado una corriente mundial dar\u00eda para varios blogs. Sin embargo, hay artistas que han supuesto una relevancia a un mayor nivel. <\/p>\n\n\n\n<figure class=\"wp-block-image size-large\"><img loading=\"lazy\" decoding=\"async\" width=\"1024\" height=\"316\" src=\"https:\/\/gicd.inf.um.es\/csidpub\/usuario43\/wp-content\/uploads\/2025\/11\/EXTREMODURO-1-1-1024x316.png\" alt=\"EXTREMODURO 1\" class=\"wp-image-390\" srcset=\"https:\/\/gicd.inf.um.es\/csidpub\/usuario43\/wp-content\/uploads\/2025\/11\/EXTREMODURO-1-1-1024x316.png 1024w, https:\/\/gicd.inf.um.es\/csidpub\/usuario43\/wp-content\/uploads\/2025\/11\/EXTREMODURO-1-1-300x93.png 300w, https:\/\/gicd.inf.um.es\/csidpub\/usuario43\/wp-content\/uploads\/2025\/11\/EXTREMODURO-1-1-768x237.png 768w, https:\/\/gicd.inf.um.es\/csidpub\/usuario43\/wp-content\/uploads\/2025\/11\/EXTREMODURO-1-1-1536x475.png 1536w, https:\/\/gicd.inf.um.es\/csidpub\/usuario43\/wp-content\/uploads\/2025\/11\/EXTREMODURO-1-1.png 1893w\" sizes=\"auto, (max-width: 1024px) 100vw, 1024px\" \/><\/figure>\n\n\n\n<pre class=\"wp-block-verse\" style=\"font-style:italic;font-weight:500\">\"Se rompi\u00f3 la cadena que ataba el reloj a las horas<br>Se par\u00f3 el aguacero, ahora somos, flotando, dos gotas<br>Agarrado un momento a la cola del viento me siento mejor<br>Me olvid\u00e9 de poner en el suelo los pies y me siento mejor<br>Volar, volar\"<br>La Ley Innata - Robe<\/pre>\n\n\n\n<figure class=\"wp-block-embed is-type-video is-provider-youtube wp-block-embed-youtube wp-embed-aspect-16-9 wp-has-aspect-ratio\"><div class=\"wp-block-embed__wrapper\">\n<iframe loading=\"lazy\" title=\"Extremoduro GreatList 10\" width=\"640\" height=\"360\" src=\"https:\/\/www.youtube.com\/embed\/HaboWnNrfl4?feature=oembed\" frameborder=\"0\" allow=\"accelerometer; autoplay; clipboard-write; encrypted-media; gyroscope; picture-in-picture; web-share\" referrerpolicy=\"strict-origin-when-cross-origin\" allowfullscreen><\/iframe>\n<\/div><\/figure>\n\n\n\n<p>Entre los artistas seleccionados podemos encontrar a Los Planetas, H\u00e9roes del Silencio, Rosal\u00eda, C.Tangana, Mecano, Extremoduro, Sabina, Camar\u00f3n, Nacha Pop y Dover, de los cuales hablaremos en las diferentes entradas que se encuentran en esta p\u00e1gina.<\/p>\n","protected":false},"excerpt":{"rendered":"<p>Los 10 Elegidos 10 discos fundamentales en la historia de la m\u00fasica en Espa\u00f1a. La industria musical espa\u00f1ola ha experimentado una profunda evoluci\u00f3n desde los a\u00f1os 80 hasta la actualidad, pasando de la eclosi\u00f3n del pop y el rock urbano a la ruptura de l\u00edmites estil\u00edsticos que domina el panorama contempor\u00e1neo. A lo largo de [&hellip;]<\/p>\n","protected":false},"author":1,"featured_media":0,"parent":0,"menu_order":0,"comment_status":"closed","ping_status":"closed","template":"","meta":{"pgc_sgb_lightbox_settings":"","footnotes":""},"class_list":["post-171","page","type-page","status-publish","hentry"],"_links":{"self":[{"href":"https:\/\/gicd.inf.um.es\/csidpub\/usuario43\/wp-json\/wp\/v2\/pages\/171","targetHints":{"allow":["GET"]}}],"collection":[{"href":"https:\/\/gicd.inf.um.es\/csidpub\/usuario43\/wp-json\/wp\/v2\/pages"}],"about":[{"href":"https:\/\/gicd.inf.um.es\/csidpub\/usuario43\/wp-json\/wp\/v2\/types\/page"}],"author":[{"embeddable":true,"href":"https:\/\/gicd.inf.um.es\/csidpub\/usuario43\/wp-json\/wp\/v2\/users\/1"}],"replies":[{"embeddable":true,"href":"https:\/\/gicd.inf.um.es\/csidpub\/usuario43\/wp-json\/wp\/v2\/comments?post=171"}],"version-history":[{"count":7,"href":"https:\/\/gicd.inf.um.es\/csidpub\/usuario43\/wp-json\/wp\/v2\/pages\/171\/revisions"}],"predecessor-version":[{"id":393,"href":"https:\/\/gicd.inf.um.es\/csidpub\/usuario43\/wp-json\/wp\/v2\/pages\/171\/revisions\/393"}],"wp:attachment":[{"href":"https:\/\/gicd.inf.um.es\/csidpub\/usuario43\/wp-json\/wp\/v2\/media?parent=171"}],"curies":[{"name":"wp","href":"https:\/\/api.w.org\/{rel}","templated":true}]}}