{"id":150,"date":"2025-11-05T12:52:45","date_gmt":"2025-11-05T11:52:45","guid":{"rendered":"https:\/\/gicd.inf.um.es\/csidpub\/usuario45\/?page_id=150"},"modified":"2025-11-26T16:00:00","modified_gmt":"2025-11-26T15:00:00","slug":"actividad-1","status":"publish","type":"page","link":"https:\/\/gicd.inf.um.es\/csidpub\/usuario45\/actividad-1\/","title":{"rendered":"Al tanto de la m\u00fasica del momento"},"content":{"rendered":"\n<pre class=\"wp-block-preformatted\">En esta p\u00e1gina podr\u00e1s encontrar una cuidada selecci\u00f3n de canciones que re\u00fane distintos estilos, \u00e9pocas y sensaciones para ofrecer una experiencia musical completa y variada. Desde el rock en espa\u00f1ol de H\u00e9roes del Silencio hasta el pop urbano y actual de artistas como Morat, Rosal\u00eda, Aitana, Bad Bunny o Ariana Grande, pasando por la elegancia atemporal del jazz y el blues de Diana Krall, B.B. King y Louis Armstrong, esta playlist refleja la diversidad y riqueza del panorama musical. Tambi\u00e9n incluye propuestas del rap espa\u00f1ol como SFDK, aportando una mirada m\u00e1s urbana y l\u00edrica. Cada tema ha sido elegido no solo por su relevancia cultural, sino tambi\u00e9n por su capacidad para mostrar diferentes recursos multimedia dentro de la web, convirtiendo este espacio en un punto de encuentro para disfrutar, descubrir y conectar con la m\u00fasica.<\/pre>\n\n\n\n<div class=\"wp-block-columns is-layout-flex wp-container-core-columns-is-layout-9d6595d7 wp-block-columns-is-layout-flex\">\n<div class=\"wp-block-column is-layout-flow wp-block-column-is-layout-flow\">\n<h2 class=\"wp-block-heading\">Louis Armstrong<\/h2>\n\n\n\n<figure class=\"wp-block-image size-full is-style-default\"><img loading=\"lazy\" decoding=\"async\" width=\"414\" height=\"632\" src=\"https:\/\/gicd.inf.um.es\/csidpub\/usuario45\/wp-content\/uploads\/2025\/11\/louis-armstrong-1.avif\" alt=\"\" class=\"wp-image-570\" srcset=\"https:\/\/gicd.inf.um.es\/csidpub\/usuario45\/wp-content\/uploads\/2025\/11\/louis-armstrong-1.avif 414w, https:\/\/gicd.inf.um.es\/csidpub\/usuario45\/wp-content\/uploads\/2025\/11\/louis-armstrong-1-197x300.jpg 197w\" sizes=\"auto, (max-width: 414px) 100vw, 414px\" \/><\/figure>\n\n\n\n<div style=\"height:30px\" aria-hidden=\"true\" class=\"wp-block-spacer\"><\/div>\n\n\n\n<p>Louis Armstrong cambi\u00f3 la historia del jazz con su forma de tocar la trompeta, ya que fue uno de los primeros m\u00fasicos en realizar solos tan largos y expresivos. Su caracter\u00edstica voz ronca se debe a una operaci\u00f3n mal curada en sus cuerdas vocales cuando era joven, que termin\u00f3 d\u00e1ndole un estilo inconfundible. Adem\u00e1s, fue el primer m\u00fasico afroamericano en presentar un programa de radio a nivel nacional en Estados Unidos, abriendo puertas para muchos otros artistas. Su legado contin\u00faa inspirando a generaciones.<\/p>\n<\/div>\n\n\n\n<div class=\"wp-block-column is-layout-flow wp-block-column-is-layout-flow\">\n<h2 class=\"wp-block-heading\">B.B King<\/h2>\n\n\n\n<figure class=\"wp-block-image size-full is-style-default\"><img loading=\"lazy\" decoding=\"async\" width=\"647\" height=\"800\" src=\"https:\/\/gicd.inf.um.es\/csidpub\/usuario45\/wp-content\/uploads\/2025\/11\/BBKing.webp\" alt=\"\" class=\"wp-image-571\" srcset=\"https:\/\/gicd.inf.um.es\/csidpub\/usuario45\/wp-content\/uploads\/2025\/11\/BBKing.webp 647w, https:\/\/gicd.inf.um.es\/csidpub\/usuario45\/wp-content\/uploads\/2025\/11\/BBKing-243x300.webp 243w\" sizes=\"auto, (max-width: 647px) 100vw, 647px\" \/><\/figure>\n\n\n\n<div style=\"height:30px\" aria-hidden=\"true\" class=\"wp-block-spacer\"><\/div>\n\n\n\n<p>B.B. King, una leyenda eterna del blues, ten\u00eda la peculiar costumbre de llamar \u201cLucille\u201d a todas sus guitarras, en honor a una mujer que provoc\u00f3 un incendio en un bar donde \u00e9l tocaba. Era conocido por su incre\u00edble dedicaci\u00f3n: durante muchos a\u00f1os lleg\u00f3 a dar m\u00e1s de 300 conciertos anuales. A pesar de su talento, siempre afirmaba que nunca quiso aprender a tocar acordes porque lo que realmente le interesaba era la expresi\u00f3n emotiva de sus solos. Su influencia marc\u00f3 para siempre la m\u00fasica del siglo XX.<\/p>\n<\/div>\n\n\n\n<div class=\"wp-block-column is-layout-flow wp-block-column-is-layout-flow\">\n<h2 class=\"wp-block-heading\">Diana Krall<\/h2>\n\n\n\n<figure class=\"wp-block-image size-large is-style-default\"><img loading=\"lazy\" decoding=\"async\" width=\"767\" height=\"1024\" src=\"https:\/\/gicd.inf.um.es\/csidpub\/usuario45\/wp-content\/uploads\/2025\/11\/BXXI-DIANA-FOTO-1-767x1024.webp\" alt=\"\" class=\"wp-image-572\" srcset=\"https:\/\/gicd.inf.um.es\/csidpub\/usuario45\/wp-content\/uploads\/2025\/11\/BXXI-DIANA-FOTO-1-767x1024.webp 767w, https:\/\/gicd.inf.um.es\/csidpub\/usuario45\/wp-content\/uploads\/2025\/11\/BXXI-DIANA-FOTO-1-225x300.webp 225w, https:\/\/gicd.inf.um.es\/csidpub\/usuario45\/wp-content\/uploads\/2025\/11\/BXXI-DIANA-FOTO-1-768x1025.webp 768w, https:\/\/gicd.inf.um.es\/csidpub\/usuario45\/wp-content\/uploads\/2025\/11\/BXXI-DIANA-FOTO-1-1024x1367.webp 1024w, https:\/\/gicd.inf.um.es\/csidpub\/usuario45\/wp-content\/uploads\/2025\/11\/BXXI-DIANA-FOTO-1.webp 1110w\" sizes=\"auto, (max-width: 767px) 100vw, 767px\" \/><\/figure>\n\n\n\n<div style=\"height:30px\" aria-hidden=\"true\" class=\"wp-block-spacer\"><\/div>\n\n\n\n<p>Diana Krall es una de las voces m\u00e1s prestigiosas del jazz contempor\u00e1neo y una de las pocas artistas que ha ganado dos Grammys consecutivos en categor\u00edas vocales. Comenz\u00f3 a tocar el piano a los cuatro a\u00f1os y, con apenas 15, ya actuaba en restaurantes de su ciudad natal. Adem\u00e1s de su exitosa carrera en solitario, est\u00e1 casada con el reconocido m\u00fasico Elvis Costello, con quien ha colaborado en varias ocasiones. Su estilo elegante y sofisticado la convierte en un referente absoluto del jazz vocal.<\/p>\n<\/div>\n\n\n\n<div class=\"wp-block-column is-layout-flow wp-block-column-is-layout-flow\">\n<h2 class=\"wp-block-heading\">H\u00e9roes del Silencio<\/h2>\n\n\n\n<figure class=\"wp-block-image size-large is-style-default\"><img loading=\"lazy\" decoding=\"async\" width=\"1024\" height=\"768\" src=\"https:\/\/gicd.inf.um.es\/csidpub\/usuario45\/wp-content\/uploads\/2025\/11\/heroes-del-silencio-1024x768.jpg\" alt=\"\" class=\"wp-image-573\" srcset=\"https:\/\/gicd.inf.um.es\/csidpub\/usuario45\/wp-content\/uploads\/2025\/11\/heroes-del-silencio-1024x768.jpg 1024w, https:\/\/gicd.inf.um.es\/csidpub\/usuario45\/wp-content\/uploads\/2025\/11\/heroes-del-silencio-300x225.jpg 300w, https:\/\/gicd.inf.um.es\/csidpub\/usuario45\/wp-content\/uploads\/2025\/11\/heroes-del-silencio-768x576.jpg 768w, https:\/\/gicd.inf.um.es\/csidpub\/usuario45\/wp-content\/uploads\/2025\/11\/heroes-del-silencio-1536x1152.jpg 1536w, https:\/\/gicd.inf.um.es\/csidpub\/usuario45\/wp-content\/uploads\/2025\/11\/heroes-del-silencio.avif 1960w\" sizes=\"auto, (max-width: 1024px) 100vw, 1024px\" \/><\/figure>\n\n\n\n<div style=\"height:30px\" aria-hidden=\"true\" class=\"wp-block-spacer\"><\/div>\n\n\n\n<p>H\u00e9roes del Silencio es una de las bandas espa\u00f1olas m\u00e1s influyentes del rock en castellano, y su historia est\u00e1 llena de curiosidades. Su nombre surgi\u00f3 casi por accidente, cuando Enrique Bunbury lo escribi\u00f3 en un papel sin que fuera una propuesta seria, pero termin\u00f3 convirti\u00e9ndose en su identidad definitiva. Aunque nacieron en Zaragoza, uno de los pa\u00edses donde antes alcanzaron fama masiva fue Alemania, donde llenaban estadios incluso antes de ser muy conocidos en Espa\u00f1a. Adem\u00e1s, su m\u00edtico tema <em>\u201cEntre dos tierras\u201d<\/em> lleg\u00f3 a ser considerado demasiado agresivo por algunos medios, lo que provoc\u00f3 que determinados canales lo censuraran en su momento.<\/p>\n<\/div>\n<\/div>\n\n\n\n<div class=\"wp-block-columns is-layout-flex wp-container-core-columns-is-layout-9d6595d7 wp-block-columns-is-layout-flex\">\n<div class=\"wp-block-column is-layout-flow wp-block-column-is-layout-flow\">\n<h2 class=\"wp-block-heading\">Morat y Jay Wheeler<\/h2>\n\n\n\n<figure class=\"wp-block-image size-full is-style-default\"><img loading=\"lazy\" decoding=\"async\" width=\"201\" height=\"251\" src=\"https:\/\/gicd.inf.um.es\/csidpub\/usuario45\/wp-content\/uploads\/2025\/11\/jay-wheeler.jpeg\" alt=\"\" class=\"wp-image-577\"\/><\/figure>\n\n\n\n<div style=\"height:30px\" aria-hidden=\"true\" class=\"wp-block-spacer\"><\/div>\n\n\n\n<p>Morat y Jay Wheeler, aunque provienen de estilos muy distintos \u2014el pop-folk colombiano y el urbano rom\u00e1ntico puertorrique\u00f1o\u2014, ambos comenzaron sus carreras de manera inesperada y casi accidental: Morat surgi\u00f3 de un grupo de amigos del colegio que compon\u00edan por diversi\u00f3n y terminaron siendo descubiertos por grandes artistas, mientras que Jay Wheeler empez\u00f3 subiendo v\u00eddeos caseros a redes sociales hasta volverse viral. Esta coincidencia en sus or\u00edgenes espont\u00e1neos hace que su colaboraci\u00f3n en <em>\u201cSin Ti\u201d<\/em> sea especialmente llamativa, pues une dos trayectorias nacidas de la naturalidad y el talento genuino que los llev\u00f3 a convertirse en referentes musicales.<\/p>\n<\/div>\n\n\n\n<div class=\"wp-block-column is-layout-flow wp-block-column-is-layout-flow\">\n<h2 class=\"wp-block-heading\">Aitana Oca\u00f1a<\/h2>\n\n\n\n<figure class=\"wp-block-image size-large is-style-default\"><img loading=\"lazy\" decoding=\"async\" width=\"1024\" height=\"768\" src=\"https:\/\/gicd.inf.um.es\/csidpub\/usuario45\/wp-content\/uploads\/2025\/11\/aitana-1024x768.jpg\" alt=\"\" class=\"wp-image-576\" srcset=\"https:\/\/gicd.inf.um.es\/csidpub\/usuario45\/wp-content\/uploads\/2025\/11\/aitana-1024x768.jpg 1024w, https:\/\/gicd.inf.um.es\/csidpub\/usuario45\/wp-content\/uploads\/2025\/11\/aitana-300x225.jpg 300w, https:\/\/gicd.inf.um.es\/csidpub\/usuario45\/wp-content\/uploads\/2025\/11\/aitana-768x576.jpg 768w, https:\/\/gicd.inf.um.es\/csidpub\/usuario45\/wp-content\/uploads\/2025\/11\/aitana.jpg 1200w\" sizes=\"auto, (max-width: 1024px) 100vw, 1024px\" \/><\/figure>\n\n\n\n<div style=\"height:30px\" aria-hidden=\"true\" class=\"wp-block-spacer\"><\/div>\n\n\n\n<p>Aitana entr\u00f3 a Operaci\u00f3n Triunfo casi por casualidad, ya que se present\u00f3 a \u00faltima hora y estuvo a punto de no llegar al casting final. Tras el concurso, bati\u00f3 r\u00e9cords con su single <em>\u201cTel\u00e9fono\u201d<\/em>, que se convirti\u00f3 en el v\u00eddeo m\u00e1s visto en Espa\u00f1a el d\u00eda de su estreno. Una curiosidad muy personal es que siempre lleva un cuaderno en el que escribe frases, melod\u00edas o ideas que luego se transforman en sus canciones. Su evoluci\u00f3n musical la ha consolidado como una de las artistas m\u00e1s influyentes de su generaci\u00f3n.<\/p>\n<\/div>\n\n\n\n<div class=\"wp-block-column is-layout-flow wp-block-column-is-layout-flow\">\n<h2 class=\"wp-block-heading\">Ariana Grande<\/h2>\n\n\n\n<figure class=\"wp-block-image size-large is-style-default\"><img loading=\"lazy\" decoding=\"async\" width=\"1024\" height=\"768\" src=\"https:\/\/gicd.inf.um.es\/csidpub\/usuario45\/wp-content\/uploads\/2025\/11\/ariana-grande-1024x768.webp\" alt=\"\" class=\"wp-image-575\" srcset=\"https:\/\/gicd.inf.um.es\/csidpub\/usuario45\/wp-content\/uploads\/2025\/11\/ariana-grande-1024x768.webp 1024w, https:\/\/gicd.inf.um.es\/csidpub\/usuario45\/wp-content\/uploads\/2025\/11\/ariana-grande-300x225.webp 300w, https:\/\/gicd.inf.um.es\/csidpub\/usuario45\/wp-content\/uploads\/2025\/11\/ariana-grande-768x576.webp 768w, https:\/\/gicd.inf.um.es\/csidpub\/usuario45\/wp-content\/uploads\/2025\/11\/ariana-grande-1536x1152.webp 1536w, https:\/\/gicd.inf.um.es\/csidpub\/usuario45\/wp-content\/uploads\/2025\/11\/ariana-grande-2048x1536.webp 2048w\" sizes=\"auto, (max-width: 1024px) 100vw, 1024px\" \/><\/figure>\n\n\n\n<div style=\"height:30px\" aria-hidden=\"true\" class=\"wp-block-spacer\"><\/div>\n\n\n\n<p>Ariana Grande comenz\u00f3 su carrera art\u00edstica en Broadway, donde actu\u00f3 con tan solo 15 a\u00f1os, mucho antes de alcanzar la fama televisiva y musical. Posee un rango vocal excepcional de cuatro octavas, lo que la ha llevado a ser comparada con grandes voces como Mariah Carey. Una curiosidad curiosa es que es al\u00e9rgica a los gatos, pese a interpretar durante a\u00f1os a Cat Valentine en la serie <em>Victorious<\/em>. Su combinaci\u00f3n de t\u00e9cnica, estilo y carisma la ha convertido en una de las artistas pop m\u00e1s influyentes del mundo.<\/p>\n<\/div>\n\n\n\n<div class=\"wp-block-column is-layout-flow wp-block-column-is-layout-flow\">\n<h2 class=\"wp-block-heading\">Rosal\u00eda<\/h2>\n\n\n\n<figure class=\"wp-block-image size-large is-style-default\"><img loading=\"lazy\" decoding=\"async\" width=\"1024\" height=\"1024\" src=\"https:\/\/gicd.inf.um.es\/csidpub\/usuario45\/wp-content\/uploads\/2025\/11\/rosalia-1024x1024.webp\" alt=\"\" class=\"wp-image-574\" srcset=\"https:\/\/gicd.inf.um.es\/csidpub\/usuario45\/wp-content\/uploads\/2025\/11\/rosalia-1024x1024.webp 1024w, https:\/\/gicd.inf.um.es\/csidpub\/usuario45\/wp-content\/uploads\/2025\/11\/rosalia-300x300.webp 300w, https:\/\/gicd.inf.um.es\/csidpub\/usuario45\/wp-content\/uploads\/2025\/11\/rosalia-150x150.webp 150w, https:\/\/gicd.inf.um.es\/csidpub\/usuario45\/wp-content\/uploads\/2025\/11\/rosalia-768x768.webp 768w, https:\/\/gicd.inf.um.es\/csidpub\/usuario45\/wp-content\/uploads\/2025\/11\/rosalia.webp 1200w\" sizes=\"auto, (max-width: 1024px) 100vw, 1024px\" \/><\/figure>\n\n\n\n<div style=\"height:30px\" aria-hidden=\"true\" class=\"wp-block-spacer\"><\/div>\n\n\n\n<p>Antes de convertirse en un fen\u00f3meno global, Rosal\u00eda actuaba en bodas, comuniones y peque\u00f1os bares para pagarse los estudios de m\u00fasica. Su aclamado disco <em>\u201cEl Mal Querer\u201d<\/em> es fruto de dos a\u00f1os de trabajo y experimentaci\u00f3n, y hoy es uno de los proyectos m\u00e1s influyentes del pop alternativo. Adem\u00e1s, tiene una gran pasi\u00f3n por las motos, lo que se refleja tanto en su vida personal como en sus videoclips, donde aparecen con frecuencia. Su est\u00e9tica y visi\u00f3n art\u00edstica la han convertido en un icono cultural.<\/p>\n<\/div>\n<\/div>\n\n\n\n<div class=\"wp-block-columns is-layout-flex wp-container-core-columns-is-layout-9d6595d7 wp-block-columns-is-layout-flex\">\n<div class=\"wp-block-column is-layout-flow wp-block-column-is-layout-flow\">\n<h2 class=\"wp-block-heading\">Bad Bunny<\/h2>\n\n\n\n<figure class=\"wp-block-image size-large is-style-default\"><img loading=\"lazy\" decoding=\"async\" width=\"1024\" height=\"753\" src=\"https:\/\/gicd.inf.um.es\/csidpub\/usuario45\/wp-content\/uploads\/2025\/11\/Bad-bu-1024x753.jpg\" alt=\"\" class=\"wp-image-579\" srcset=\"https:\/\/gicd.inf.um.es\/csidpub\/usuario45\/wp-content\/uploads\/2025\/11\/Bad-bu-1024x753.jpg 1024w, https:\/\/gicd.inf.um.es\/csidpub\/usuario45\/wp-content\/uploads\/2025\/11\/Bad-bu-300x221.jpg 300w, https:\/\/gicd.inf.um.es\/csidpub\/usuario45\/wp-content\/uploads\/2025\/11\/Bad-bu-768x565.jpg 768w, https:\/\/gicd.inf.um.es\/csidpub\/usuario45\/wp-content\/uploads\/2025\/11\/Bad-bu.avif 1200w\" sizes=\"auto, (max-width: 1024px) 100vw, 1024px\" \/><\/figure>\n\n\n\n<div style=\"height:30px\" aria-hidden=\"true\" class=\"wp-block-spacer\"><\/div>\n\n\n\n<p>Bad Bunny trabajaba como empaquetador en un supermercado antes de convertirse en una estrella mundial. Su nombre art\u00edstico nace de una foto de su infancia donde aparece disfrazado de conejo\u2026 con cara realmente enfadada. A lo largo de su carrera ha roto numerosas barreras, convirti\u00e9ndose en el primer artista latino urbano en aparecer en solitario en la portada de <em>Rolling Stone<\/em>. Su estilo irreverente y su capacidad para reinventarse lo han situado en lo m\u00e1s alto de la m\u00fasica global.<\/p>\n<\/div>\n\n\n\n<div class=\"wp-block-column is-layout-flow wp-block-column-is-layout-flow\">\n<h2 class=\"wp-block-heading\">SFDK<\/h2>\n\n\n\n<figure class=\"wp-block-image size-full\"><img loading=\"lazy\" decoding=\"async\" width=\"1000\" height=\"667\" src=\"https:\/\/gicd.inf.um.es\/csidpub\/usuario45\/wp-content\/uploads\/2025\/11\/sfdk.jpg\" alt=\"\" class=\"wp-image-580\" srcset=\"https:\/\/gicd.inf.um.es\/csidpub\/usuario45\/wp-content\/uploads\/2025\/11\/sfdk.jpg 1000w, https:\/\/gicd.inf.um.es\/csidpub\/usuario45\/wp-content\/uploads\/2025\/11\/sfdk-300x200.jpg 300w, https:\/\/gicd.inf.um.es\/csidpub\/usuario45\/wp-content\/uploads\/2025\/11\/sfdk-768x512.jpg 768w\" sizes=\"auto, (max-width: 1000px) 100vw, 1000px\" \/><\/figure>\n\n\n\n<div style=\"height:30px\" aria-hidden=\"true\" class=\"wp-block-spacer\"><\/div>\n\n\n\n<p>SFDK es uno de los grupos de rap m\u00e1s emblem\u00e1ticos de Espa\u00f1a y su nombre significa \u201cSiempre Fuertes De Konciencia\u201d. Sus primeras maquetas fueron grabadas en la habitaci\u00f3n de Zatu usando un micr\u00f3fono completamente casero, lo que refleja sus inicios humildes. A pesar de llevar m\u00e1s de treinta a\u00f1os en la m\u00fasica, el d\u00fao presume de no haber discutido pr\u00e1cticamente nunca, algo poco com\u00fan en grupos tan longevos. Su compromiso l\u00edrico y social ha marcado profundamente el rap espa\u00f1ol.<\/p>\n<\/div>\n<\/div>\n","protected":false},"excerpt":{"rendered":"<p>En esta p\u00e1gina podr\u00e1s encontrar una cuidada selecci\u00f3n de canciones que re\u00fane distintos estilos, \u00e9pocas y sensaciones para ofrecer una experiencia musical completa y variada. Desde el rock en espa\u00f1ol de H\u00e9roes del Silencio hasta el pop urbano y actual de artistas como Morat, Rosal\u00eda, Aitana, Bad Bunny o Ariana Grande, pasando por la elegancia [&hellip;]<\/p>\n","protected":false},"author":1,"featured_media":0,"parent":0,"menu_order":0,"comment_status":"closed","ping_status":"closed","template":"","meta":{"pgc_sgb_lightbox_settings":"","footnotes":""},"class_list":["post-150","page","type-page","status-publish","hentry"],"_links":{"self":[{"href":"https:\/\/gicd.inf.um.es\/csidpub\/usuario45\/wp-json\/wp\/v2\/pages\/150","targetHints":{"allow":["GET"]}}],"collection":[{"href":"https:\/\/gicd.inf.um.es\/csidpub\/usuario45\/wp-json\/wp\/v2\/pages"}],"about":[{"href":"https:\/\/gicd.inf.um.es\/csidpub\/usuario45\/wp-json\/wp\/v2\/types\/page"}],"author":[{"embeddable":true,"href":"https:\/\/gicd.inf.um.es\/csidpub\/usuario45\/wp-json\/wp\/v2\/users\/1"}],"replies":[{"embeddable":true,"href":"https:\/\/gicd.inf.um.es\/csidpub\/usuario45\/wp-json\/wp\/v2\/comments?post=150"}],"version-history":[{"count":4,"href":"https:\/\/gicd.inf.um.es\/csidpub\/usuario45\/wp-json\/wp\/v2\/pages\/150\/revisions"}],"predecessor-version":[{"id":582,"href":"https:\/\/gicd.inf.um.es\/csidpub\/usuario45\/wp-json\/wp\/v2\/pages\/150\/revisions\/582"}],"wp:attachment":[{"href":"https:\/\/gicd.inf.um.es\/csidpub\/usuario45\/wp-json\/wp\/v2\/media?parent=150"}],"curies":[{"name":"wp","href":"https:\/\/api.w.org\/{rel}","templated":true}]}}