{"id":240,"date":"2025-11-20T16:52:35","date_gmt":"2025-11-20T15:52:35","guid":{"rendered":"https:\/\/gicd.inf.um.es\/csidpub\/usuario46\/?page_id=240"},"modified":"2025-11-21T22:57:30","modified_gmt":"2025-11-21T21:57:30","slug":"epic-el-musical","status":"publish","type":"page","link":"https:\/\/gicd.inf.um.es\/csidpub\/usuario46\/epic-el-musical\/","title":{"rendered":"EPIC: El Musical"},"content":{"rendered":"\n<p>EPIC: El Musical es un \u00e1lbum conceptual que narra la Odisea de Homero creada por Jorge Rivera Herrans. La creaci\u00f3n del musical se document\u00f3 a trav\u00e9s del TikTok de Jorge para promocionar los distintos \u00e1lbumes y canciones con peque\u00f1os fragmentos de m\u00fasica y los videos del proceso. Se han vuelto virales en las redes sociales, alcanzando m\u00e1s de 60 millones de visualizaciones en TikTok.<\/p>\n\n\n<div class=\"wp-block-image\">\n<figure class=\"aligncenter size-full is-resized\"><img loading=\"lazy\" decoding=\"async\" width=\"1000\" height=\"1001\" src=\"https:\/\/gicd.inf.um.es\/csidpub\/usuario46\/wp-content\/uploads\/2025\/11\/Epic_The_Musical_Album_Cover.webp\" alt=\"Epic The Musical Cover\" class=\"wp-image-418\" style=\"width:511px;height:auto\" srcset=\"https:\/\/gicd.inf.um.es\/csidpub\/usuario46\/wp-content\/uploads\/2025\/11\/Epic_The_Musical_Album_Cover.webp 1000w, https:\/\/gicd.inf.um.es\/csidpub\/usuario46\/wp-content\/uploads\/2025\/11\/Epic_The_Musical_Album_Cover-300x300.webp 300w, https:\/\/gicd.inf.um.es\/csidpub\/usuario46\/wp-content\/uploads\/2025\/11\/Epic_The_Musical_Album_Cover-150x150.webp 150w, https:\/\/gicd.inf.um.es\/csidpub\/usuario46\/wp-content\/uploads\/2025\/11\/Epic_The_Musical_Album_Cover-768x769.webp 768w\" sizes=\"auto, (max-width: 1000px) 100vw, 1000px\" \/><\/figure>\n<\/div>\n\n\n<div class=\"wp-block-columns is-layout-flex wp-container-core-columns-is-layout-9d6595d7 wp-block-columns-is-layout-flex\">\n<div class=\"wp-block-column is-layout-flow wp-block-column-is-layout-flow\">\n<h2 class=\"wp-block-heading\">Creaci\u00f3n<\/h2>\n\n\n\n<p>Jorge Rivera Herrans comenz\u00f3 a trabajar en el musical alrededor de junio de 2019 como parte de su tesis de la universidad. Quer\u00eda crear un musical inspirado en los videojuegos y el anime para \u00abemular su adictiva sensaci\u00f3n de progreso\u00bb. El 17 de enero de 2021, subi\u00f3 su primer video a TikTok donde present\u00f3 el musical cantando una versi\u00f3n antigua de la canci\u00f3n Full Speed Ahead. Poco despu\u00e9s, public\u00f3 otros fragmentos de canciones del musical y comenz\u00f3 a ganar popularidad.<\/p>\n\n\n\n<h2 class=\"wp-block-heading\">Casting<\/h2>\n\n\n\n<p>Una de las razones por las que llam\u00f3 la atenci\u00f3n antes incluso de publicar la primera saga fue debido a los c\u00e1stings. Ya que para buscar las voces que interpretar\u00edan a los personajes, Jorge realiz\u00f3 castings abiertos en TikTok, en los que pod\u00eda participar cualquier persona independientemente de su pa\u00eds, g\u00e9nero o edad, y sin importar tampoco de si dispon\u00eda del nivel econ\u00f3mico suficiente para tener buen equipo de m\u00fasica o poder permitirse un viaje. Esto se debe a que el autor simplemente quer\u00eda encontrar la mejor voz que se ajustase al personaje, dejando que cualquier persona tenga la oportunidad de participar.<\/p>\n<\/div>\n\n\n\n<div class=\"wp-block-column is-vertically-aligned-center is-layout-flow wp-block-column-is-layout-flow\" id=\"<div-style=&quot;max-width:-300px;-margin:-auto;&quot;&gt;-----https:\/\/www.tiktok.com\/@usuario\/video\/123456789-<\/div&gt;\">\n<figure class=\"wp-block-embed is-type-video is-provider-tiktok wp-block-embed-tiktok\"><div class=\"wp-block-embed__wrapper\">\n<blockquote class=\"tiktok-embed\" cite=\"https:\/\/www.tiktok.com\/@jorgeherrans\/video\/7158058545219489070\" data-video-id=\"7158058545219489070\" data-embed-from=\"oembed\" style=\"max-width:605px; min-width:325px;\"> <section> <a target=\"_blank\" title=\"@jorgeherrans\" href=\"https:\/\/www.tiktok.com\/@jorgeherrans?refer=embed\" rel=\"noopener\">@jorgeherrans<\/a> <p>Anyone can audition! <a title=\"epicthemusical\" target=\"_blank\" href=\"https:\/\/www.tiktok.com\/tag\/epicthemusical?refer=embed\" rel=\"noopener\">#epicthemusical<\/a> <\/p> <a target=\"_blank\" title=\"\u266c original sound - Jorge Rivera-Herrans\" href=\"https:\/\/www.tiktok.com\/music\/original-sound-7158058512009071406?refer=embed\" rel=\"noopener\">\u266c original sound &#8211; Jorge Rivera-Herrans<\/a> <\/section> <\/blockquote> <script async src=\"https:\/\/www.tiktok.com\/embed.js\"><\/script>\n<\/div><\/figure>\n<\/div>\n<\/div>\n\n\n\n<blockquote class=\"wp-block-quote is-layout-flow wp-block-quote-is-layout-flow\">\n<p><\/p>\n<cite>Si escuchamos tu voz y decidimos que tu voz es la m\u00e1s indicada para el personaje, haremos todo lo posible en nuestro poder para hacer que funcione a pesar de las circunstancias<\/cite><\/blockquote>\n\n\n\n<h2 class=\"wp-block-heading\">Arte<\/h2>\n\n\n\n<p>Como forma de hacer llegar el musical en distintos formatos, el autor colabor\u00f3 con seguidores de EPIC para crear tanto las car\u00e1tulas de cada saga como la creaci\u00f3n de animatics y dibujos sobre algunas escenas del musical. Este hecho provoc\u00f3 un antes y un despu\u00e9s en la viralidad de EPIC, ya que muchas personas lo conocieron a trav\u00e9s de estos v\u00eddeos, ya que se hacen mucho m\u00e1s atractivos de ver y se pueden visualizar como si fueran videoclips o miniseries.<\/p>\n\n\n\n<div class=\"wp-block-columns is-layout-flex wp-container-core-columns-is-layout-9d6595d7 wp-block-columns-is-layout-flex\">\n<div class=\"wp-block-column is-layout-flow wp-block-column-is-layout-flow\">\n<figure class=\"wp-block-embed alignwide is-type-video is-provider-youtube wp-block-embed-youtube wp-embed-aspect-16-9 wp-has-aspect-ratio\"><div class=\"wp-block-embed__wrapper\">\n<iframe loading=\"lazy\" title=\"Thank you so much Gwendy|ns2dstudios and team for this amazing animation for Damgerous! @troydoherty\" width=\"640\" height=\"360\" src=\"https:\/\/www.youtube.com\/embed\/HzLsITZqYuo?feature=oembed\" frameborder=\"0\" allow=\"accelerometer; autoplay; clipboard-write; encrypted-media; gyroscope; picture-in-picture; web-share\" referrerpolicy=\"strict-origin-when-cross-origin\" allowfullscreen><\/iframe>\n<\/div><\/figure>\n<\/div>\n\n\n\n<div class=\"wp-block-column is-layout-flow wp-block-column-is-layout-flow\">\n<figure class=\"wp-block-embed alignwide is-type-video is-provider-youtube wp-block-embed-youtube wp-embed-aspect-16-9 wp-has-aspect-ratio\"><div class=\"wp-block-embed__wrapper\">\n<iframe loading=\"lazy\" title=\"Thank you Gwendy | ns2dstudios and team for this amazing and heartbreaking animation \ud83e\udd7a\ud83d\ude2d\ud83d\ude4c\ud83c\udffc\ud83d\udc99\ud83d\udc94\" width=\"640\" height=\"360\" src=\"https:\/\/www.youtube.com\/embed\/ODsBlTra6RQ?feature=oembed\" frameborder=\"0\" allow=\"accelerometer; autoplay; clipboard-write; encrypted-media; gyroscope; picture-in-picture; web-share\" referrerpolicy=\"strict-origin-when-cross-origin\" allowfullscreen><\/iframe>\n<\/div><\/figure>\n<\/div>\n<\/div>\n\n\n\n<h2 class=\"wp-block-heading\">Comunidad<\/h2>\n\n\n\n<p>Por tanto, EPIC tambi\u00e9n ha sido reconocido por la comunidad que ha formado, uniendo a distintos clubs de fans: musicales, mitolog\u00eda griega y los videojuegos<\/p>\n\n\n\n<ol class=\"wp-block-list\">\n<li><strong>Musicales<\/strong>: El \u00e1lbum en completo se cuenta en forma de musical, por lo que los fans de este sector se sintieron desde un inicio atra\u00eddos por las canciones<\/li>\n\n\n\n<li><strong>Mitolog\u00eda griega<\/strong>: el fandom de mitolog\u00eda siempre ha sido abierto a recibir contenido moderno, ya sea cont\u00e1ndolo a trav\u00e9s de retellings (La Canci\u00f3n de Aquiles), canciones (Destripando la Historia) u otras formas de contar los mitos (Percy Jackson).<\/li>\n\n\n\n<li><strong>Videojuegos<\/strong>: un concepto bastante particular de EPIC es que est\u00e1 contado a trav\u00e9s de sagas como un juego. Ser\u00eda como los distintos mundos o pantallas de Mario Bros que hay que recorrer para superar el videojuego al completo. <\/li>\n<\/ol>\n\n\n\n<div class=\"wp-block-cover is-light has-parallax is-repeated\" style=\"min-height:380px;aspect-ratio:unset;\"><div role=\"img\" aria-label=\"Epic Mapa\n\" class=\"wp-block-cover__image-background wp-image-417 size-full has-parallax is-repeated\" style=\"background-position:55% 50%;background-image:url(https:\/\/gicd.inf.um.es\/csidpub\/usuario46\/wp-content\/uploads\/2025\/11\/EPIC_Map.webp)\"><\/div><span aria-hidden=\"true\" class=\"wp-block-cover__background has-background-dim\" style=\"background-color:#b2a89e\"><\/span><div class=\"wp-block-cover__inner-container is-layout-constrained wp-block-cover-is-layout-constrained\">\n<p class=\"has-text-align-center has-large-font-size\"><\/p>\n<\/div><\/div>\n\n\n\n<div style=\"height:40px\" aria-hidden=\"true\" class=\"wp-block-spacer\"><\/div>\n\n\n\n<h2 class=\"wp-block-heading\">Watching Party<\/h2>\n\n\n\n<p>El d\u00eda que finalmente se estrenaba el \u00e1lbum EPIC: El Musical al completo, y como forma de celebrarlo, el cast junto con el creador hicieron un viaje a Grecia en el que hicieron un stream en YouTube con los fans visualizando el musical entero junto con distintos animatics realizados por seguidores e interpretando algunas escenas ic\u00f3nicas.<\/p>\n\n\n\n<figure class=\"wp-block-embed is-type-video is-provider-youtube wp-block-embed-youtube wp-embed-aspect-16-9 wp-has-aspect-ratio\"><div class=\"wp-block-embed__wrapper\">\n<iframe loading=\"lazy\" title=\"EPIC Cast Listening Party LIVE AUDIO Song 27 - Little Wolf\" width=\"640\" height=\"360\" src=\"https:\/\/www.youtube.com\/embed\/taEWj7ZEdqc?feature=oembed\" frameborder=\"0\" allow=\"accelerometer; autoplay; clipboard-write; encrypted-media; gyroscope; picture-in-picture; web-share\" referrerpolicy=\"strict-origin-when-cross-origin\" allowfullscreen><\/iframe>\n<\/div><\/figure>\n","protected":false},"excerpt":{"rendered":"<p>EPIC: El Musical es un \u00e1lbum conceptual que narra la Odisea de Homero creada por Jorge Rivera Herrans. La creaci\u00f3n del musical se document\u00f3 a trav\u00e9s del TikTok de Jorge para promocionar los distintos \u00e1lbumes y canciones con peque\u00f1os fragmentos de m\u00fasica y los videos del proceso. Se han vuelto virales en las redes sociales, [&hellip;]<\/p>\n","protected":false},"author":1,"featured_media":0,"parent":0,"menu_order":0,"comment_status":"closed","ping_status":"closed","template":"","meta":{"pgc_sgb_lightbox_settings":"","footnotes":""},"class_list":["post-240","page","type-page","status-publish","hentry"],"_links":{"self":[{"href":"https:\/\/gicd.inf.um.es\/csidpub\/usuario46\/wp-json\/wp\/v2\/pages\/240","targetHints":{"allow":["GET"]}}],"collection":[{"href":"https:\/\/gicd.inf.um.es\/csidpub\/usuario46\/wp-json\/wp\/v2\/pages"}],"about":[{"href":"https:\/\/gicd.inf.um.es\/csidpub\/usuario46\/wp-json\/wp\/v2\/types\/page"}],"author":[{"embeddable":true,"href":"https:\/\/gicd.inf.um.es\/csidpub\/usuario46\/wp-json\/wp\/v2\/users\/1"}],"replies":[{"embeddable":true,"href":"https:\/\/gicd.inf.um.es\/csidpub\/usuario46\/wp-json\/wp\/v2\/comments?post=240"}],"version-history":[{"count":16,"href":"https:\/\/gicd.inf.um.es\/csidpub\/usuario46\/wp-json\/wp\/v2\/pages\/240\/revisions"}],"predecessor-version":[{"id":439,"href":"https:\/\/gicd.inf.um.es\/csidpub\/usuario46\/wp-json\/wp\/v2\/pages\/240\/revisions\/439"}],"wp:attachment":[{"href":"https:\/\/gicd.inf.um.es\/csidpub\/usuario46\/wp-json\/wp\/v2\/media?parent=240"}],"curies":[{"name":"wp","href":"https:\/\/api.w.org\/{rel}","templated":true}]}}