{"id":542,"date":"2025-11-26T11:01:33","date_gmt":"2025-11-26T10:01:33","guid":{"rendered":"https:\/\/gicd.inf.um.es\/csidpub\/usuario49\/?page_id=542"},"modified":"2025-11-26T12:12:35","modified_gmt":"2025-11-26T11:12:35","slug":"videojuegos-2","status":"publish","type":"page","link":"https:\/\/gicd.inf.um.es\/csidpub\/usuario49\/videojuegos-2\/","title":{"rendered":""},"content":{"rendered":"\n<h2 class=\"wp-block-heading\">V\u00eddeojuegos basados en pel\u00edculas<\/h2>\n\n\n\n<p>En este espacio encontrar\u00e1s 10 v\u00eddeojuegos inspirados en pel\u00edculas que pasaron desapercibidos, y algunos no tanto. <\/p>\n\n\n\n<p>Sobre cada v\u00eddeojuego podr\u00e1s saber de qu\u00e9 trata, personajes principales del mismo o algunas fotos de como se ver\u00eda el juego. Adem\u00e1s de encontrar al final de cada espacio un apartado de valoraci\u00f3n de usuarios donde podr\u00e1s conocer las opiniones de los dem\u00e1s jugadores. <\/p>\n\n\n\n<p>Por lo que si eres amante del cine tanto como de los v\u00eddeojuegos retro o modernos, este sitio es para ti.<\/p>\n\n\n\n<div style=\"height:35px\" aria-hidden=\"true\" class=\"wp-block-spacer\"><\/div>\n\n\n\n<h2 class=\"wp-block-heading\">\u00bfQu\u00e9 podr\u00e1s encontrar aqu\u00ed?<\/h2>\n\n\n\n<ul class=\"wp-block-list\">\n<li>Sin\u00f3psis<\/li>\n\n\n\n<li>Personajes<\/li>\n\n\n\n<li>Tr\u00e1iler<\/li>\n\n\n\n<li>Galer\u00eda<\/li>\n\n\n\n<li>Banda Sonora<\/li>\n\n\n\n<li>Valoraci\u00f3n de los usuarios<\/li>\n<\/ul>\n\n\n\n<div style=\"height:35px\" aria-hidden=\"true\" class=\"wp-block-spacer\"><\/div>\n\n\n\n<div class=\"wp-block-cover has-parallax is-repeated has-white-color has-text-color has-link-color wp-elements-747b6dfa5244519dda8f368dde323ff9\"><div class=\"wp-block-cover__image-background wp-image-553 size-large has-parallax is-repeated\" style=\"background-position:50% 50%;background-image:url(https:\/\/gicd.inf.um.es\/csidpub\/usuario49\/wp-content\/uploads\/2025\/11\/unnamed-file-2-576x1024.jpeg)\"><\/div><span aria-hidden=\"true\" class=\"wp-block-cover__background has-black-background-color has-background-dim-40 has-background-dim\"><\/span><div class=\"wp-block-cover__inner-container is-layout-constrained wp-block-cover-is-layout-constrained\">\n<p class=\"has-text-align-center has-x-large-font-size\"><a href=\"https:\/\/gicd.inf.um.es\/csidpub\/usuario49\/category\/videojuegos\/\" data-type=\"category\" data-id=\"52\"><strong>V\u00eddeojuegos<\/strong><\/a><\/p>\n<\/div><\/div>\n\n\n\n<div style=\"height:35px\" aria-hidden=\"true\" class=\"wp-block-spacer\"><\/div>\n\n\n\n<div class=\"wp-block-cover has-parallax is-repeated has-white-color has-text-color has-link-color wp-elements-ead6be202ba4899ef16151c09e5f7cb6\"><div class=\"wp-block-cover__image-background wp-image-554 size-large has-parallax is-repeated\" style=\"background-position:50% 50%;background-image:url(https:\/\/gicd.inf.um.es\/csidpub\/usuario49\/wp-content\/uploads\/2025\/11\/1-1-576x1024.jpeg)\"><\/div><span aria-hidden=\"true\" class=\"wp-block-cover__background has-black-background-color has-background-dim-40 has-background-dim\"><\/span><div class=\"wp-block-cover__inner-container is-layout-constrained wp-block-cover-is-layout-constrained\">\n<p class=\"has-text-align-center has-x-large-font-size\"><strong>Pel\u00edculas<\/strong><\/p>\n<\/div><\/div>\n","protected":false},"excerpt":{"rendered":"<p>V\u00eddeojuegos basados en pel\u00edculas En este espacio encontrar\u00e1s 10 v\u00eddeojuegos inspirados en pel\u00edculas que pasaron desapercibidos, y algunos no tanto. Sobre cada v\u00eddeojuego podr\u00e1s saber de qu\u00e9 trata, personajes principales del mismo o algunas fotos de como se ver\u00eda el juego. Adem\u00e1s de encontrar al final de cada espacio un apartado de valoraci\u00f3n de usuarios [&hellip;]<\/p>\n","protected":false},"author":1,"featured_media":0,"parent":0,"menu_order":0,"comment_status":"closed","ping_status":"closed","template":"","meta":{"pgc_sgb_lightbox_settings":"","footnotes":""},"class_list":["post-542","page","type-page","status-publish","hentry"],"_links":{"self":[{"href":"https:\/\/gicd.inf.um.es\/csidpub\/usuario49\/wp-json\/wp\/v2\/pages\/542","targetHints":{"allow":["GET"]}}],"collection":[{"href":"https:\/\/gicd.inf.um.es\/csidpub\/usuario49\/wp-json\/wp\/v2\/pages"}],"about":[{"href":"https:\/\/gicd.inf.um.es\/csidpub\/usuario49\/wp-json\/wp\/v2\/types\/page"}],"author":[{"embeddable":true,"href":"https:\/\/gicd.inf.um.es\/csidpub\/usuario49\/wp-json\/wp\/v2\/users\/1"}],"replies":[{"embeddable":true,"href":"https:\/\/gicd.inf.um.es\/csidpub\/usuario49\/wp-json\/wp\/v2\/comments?post=542"}],"version-history":[{"count":11,"href":"https:\/\/gicd.inf.um.es\/csidpub\/usuario49\/wp-json\/wp\/v2\/pages\/542\/revisions"}],"predecessor-version":[{"id":559,"href":"https:\/\/gicd.inf.um.es\/csidpub\/usuario49\/wp-json\/wp\/v2\/pages\/542\/revisions\/559"}],"wp:attachment":[{"href":"https:\/\/gicd.inf.um.es\/csidpub\/usuario49\/wp-json\/wp\/v2\/media?parent=542"}],"curies":[{"name":"wp","href":"https:\/\/api.w.org\/{rel}","templated":true}]}}