{"id":295,"date":"2025-11-24T20:12:53","date_gmt":"2025-11-24T19:12:53","guid":{"rendered":"https:\/\/gicd.inf.um.es\/csidpub\/usuario50\/?page_id=295"},"modified":"2025-11-26T22:29:46","modified_gmt":"2025-11-26T21:29:46","slug":"albumes-taylor-swift","status":"publish","type":"page","link":"https:\/\/gicd.inf.um.es\/csidpub\/usuario50\/albumes-taylor-swift\/","title":{"rendered":"\u272e\u22c6\u02d9 \u00c1lbumes Taylor Swift"},"content":{"rendered":"\n<div class=\"wp-block-columns alignfull is-layout-flex wp-container-core-columns-is-layout-9d6595d7 wp-block-columns-is-layout-flex\">\n<div class=\"wp-block-column is-layout-flow wp-block-column-is-layout-flow\">\n<figure class=\"wp-block-image alignfull size-large\"><img loading=\"lazy\" decoding=\"async\" width=\"1024\" height=\"466\" src=\"https:\/\/gicd.inf.um.es\/csidpub\/usuario50\/wp-content\/uploads\/2025\/11\/The-1024x466.png\" alt=\"cabecera-1-ts\" class=\"wp-image-297\" srcset=\"https:\/\/gicd.inf.um.es\/csidpub\/usuario50\/wp-content\/uploads\/2025\/11\/The-1024x466.png 1024w, https:\/\/gicd.inf.um.es\/csidpub\/usuario50\/wp-content\/uploads\/2025\/11\/The-300x137.png 300w, https:\/\/gicd.inf.um.es\/csidpub\/usuario50\/wp-content\/uploads\/2025\/11\/The-768x350.png 768w, https:\/\/gicd.inf.um.es\/csidpub\/usuario50\/wp-content\/uploads\/2025\/11\/The.png 1366w\" sizes=\"auto, (max-width: 1024px) 100vw, 1024px\" \/><\/figure>\n<\/div>\n<\/div>\n\n\n\n<div style=\"height:30px\" aria-hidden=\"true\" class=\"wp-block-spacer\"><\/div>\n\n\n\n<div style=\"display: flex; flex-direction: column; align-items: center; text-align: center;\">\n    <sup style=\"color:#7140bc; font-size: 22px;\">\u00bfQui\u00e9n es <\/sup>\n    <h1 style=\"color:#7140bc; font-size:80px; margin: 0; line-height: 1.1;\">Taylor Swift?<\/h1>\n<\/div>\n\n\n\n<div style=\"height:30px\" aria-hidden=\"true\" class=\"wp-block-spacer\"><\/div>\n\n\n\n<div class=\"wp-block-columns is-layout-flex wp-container-core-columns-is-layout-9d6595d7 wp-block-columns-is-layout-flex\">\n<div class=\"wp-block-column is-layout-flow wp-block-column-is-layout-flow\">\n<p class=\"has-text-align-left\">Taylor Alison Swift (West Reading, Pensilvania, 13 de diciembre de 1989) es una cantautora estadounidense. Sus composiciones autobiogr\u00e1ficas y sus reinvenciones art\u00edsticas la han convertido en un icono cultural del siglo XXI.[nota 1]\u200b Es la artista musical con mayores ingresos por conciertos en directo, la mujer m\u00e1s rica del mundo de la m\u00fasica y una de las artistas musicales con m\u00e1s ventas de todos los tiempos.<\/p>\n<\/div>\n\n\n\n<div class=\"wp-block-column is-layout-flow wp-block-column-is-layout-flow\"><div class=\"wp-block-image\">\n<figure class=\"aligncenter size-full is-resized\"><img loading=\"lazy\" decoding=\"async\" width=\"1005\" height=\"1024\" src=\"https:\/\/gicd.inf.um.es\/csidpub\/usuario50\/wp-content\/uploads\/2025\/11\/TAYLOR.jpg\" alt=\"\" class=\"wp-image-340\" style=\"width:256px;height:auto\" srcset=\"https:\/\/gicd.inf.um.es\/csidpub\/usuario50\/wp-content\/uploads\/2025\/11\/TAYLOR.jpg 1005w, https:\/\/gicd.inf.um.es\/csidpub\/usuario50\/wp-content\/uploads\/2025\/11\/TAYLOR-294x300.jpg 294w, https:\/\/gicd.inf.um.es\/csidpub\/usuario50\/wp-content\/uploads\/2025\/11\/TAYLOR-768x783.jpg 768w\" sizes=\"auto, (max-width: 1005px) 100vw, 1005px\" \/><\/figure>\n<\/div><\/div>\n<\/div>\n\n\n\n<div style=\"height:30px\" aria-hidden=\"true\" class=\"wp-block-spacer\"><\/div>\n\n\n\n<div style=\"display: flex; flex-direction: column; align-items: center; text-align: center;\">\n    <sup style=\"color:#7140bc; font-size: 22px;\">\u00bfQu\u00e9 son las<\/sup>\n    <h1 style=\"color:#7140bc; font-size:80px; margin: 0; line-height: 1.1;\">Taylor&#8217;s Version?<\/h1>\n<\/div>\n\n\n\n<div style=\"height:30px\" aria-hidden=\"true\" class=\"wp-block-spacer\"><\/div>\n\n\n\n<div class=\"wp-block-columns is-layout-flex wp-container-core-columns-is-layout-9d6595d7 wp-block-columns-is-layout-flex\">\n<div class=\"wp-block-column is-layout-flow wp-block-column-is-layout-flow\" style=\"flex-basis:66.66%\">\n<p>Las <strong>\u00abTaylor&#8217;s Version\u00bb<\/strong> son las regrabaciones completas de los primeros seis \u00e1lbumes de estudio de Taylor Swift, realizadas como una estrategia para recuperar la propiedad intelectual y financiera de su cat\u00e1logo musical. Su origen se remonta a 2019, cuando su antigua discogr\u00e1fica, Big Machine Records, vendi\u00f3 los derechos de sus grabaciones originales (los <em>masters<\/em>) al empresario Scooter Braun sin darle a ella la oportunidad de comprarlos; ante esto, Swift decidi\u00f3 volver a grabar sus canciones para ser la due\u00f1a absoluta de estas nuevas versiones, permiti\u00e9ndole controlar las licencias de uso y devaluando comercialmente los archivos originales que ya no le pertenecen.<\/p>\n<\/div>\n\n\n\n<div class=\"wp-block-column is-layout-flow wp-block-column-is-layout-flow\" style=\"flex-basis:33.33%\"><div class=\"wp-block-image\">\n<figure class=\"aligncenter size-full is-resized\"><img loading=\"lazy\" decoding=\"async\" width=\"634\" height=\"1024\" src=\"https:\/\/gicd.inf.um.es\/csidpub\/usuario50\/wp-content\/uploads\/2025\/11\/TAYLOR-MASTERS.jpg\" alt=\"\" class=\"wp-image-347\" style=\"width:204px;height:auto\" srcset=\"https:\/\/gicd.inf.um.es\/csidpub\/usuario50\/wp-content\/uploads\/2025\/11\/TAYLOR-MASTERS.jpg 634w, https:\/\/gicd.inf.um.es\/csidpub\/usuario50\/wp-content\/uploads\/2025\/11\/TAYLOR-MASTERS-186x300.jpg 186w\" sizes=\"auto, (max-width: 634px) 100vw, 634px\" \/><\/figure>\n<\/div><\/div>\n<\/div>\n\n\n\n<div class=\"wp-block-columns alignfull is-layout-flex wp-container-core-columns-is-layout-9d6595d7 wp-block-columns-is-layout-flex\">\n<div class=\"wp-block-column is-layout-flow wp-block-column-is-layout-flow\">\n<figure class=\"wp-block-image alignfull size-large\"><img loading=\"lazy\" decoding=\"async\" width=\"1024\" height=\"576\" src=\"https:\/\/gicd.inf.um.es\/csidpub\/usuario50\/wp-content\/uploads\/2025\/11\/The-1-1-1024x576.png\" alt=\"ts-2\" class=\"wp-image-325\" srcset=\"https:\/\/gicd.inf.um.es\/csidpub\/usuario50\/wp-content\/uploads\/2025\/11\/The-1-1-1024x576.png 1024w, https:\/\/gicd.inf.um.es\/csidpub\/usuario50\/wp-content\/uploads\/2025\/11\/The-1-1-300x169.png 300w, https:\/\/gicd.inf.um.es\/csidpub\/usuario50\/wp-content\/uploads\/2025\/11\/The-1-1-768x432.png 768w, https:\/\/gicd.inf.um.es\/csidpub\/usuario50\/wp-content\/uploads\/2025\/11\/The-1-1-1280x720.png 1280w, https:\/\/gicd.inf.um.es\/csidpub\/usuario50\/wp-content\/uploads\/2025\/11\/The-1-1.png 1366w\" sizes=\"auto, (max-width: 1024px) 100vw, 1024px\" \/><\/figure>\n<\/div>\n<\/div>\n\n\n\n<div style=\"height:30px\" aria-hidden=\"true\" class=\"wp-block-spacer\"><\/div>\n\n\n\n<div style=\"display: flex; flex-direction: column; align-items: center; text-align: center;\">\n    <h1 style=\"color:#7140bc; font-size:80px; margin: 0; line-height: 1.1;\">Las Eras<\/h1>\n<\/div>\n\n\n\n<figure class=\"wp-block-gallery has-nested-images columns-default is-cropped wp-block-gallery-1 is-layout-flex wp-block-gallery-is-layout-flex\">\n<figure class=\"wp-block-image size-large\"><a href=\"https:\/\/gicd.inf.um.es\/csidpub\/usuario50\/debut\/\"><img loading=\"lazy\" decoding=\"async\" width=\"671\" height=\"671\" data-id=\"495\" src=\"https:\/\/gicd.inf.um.es\/csidpub\/usuario50\/wp-content\/uploads\/2025\/11\/DEBUT-INTRO.jpg\" alt=\"\" class=\"wp-image-495\" srcset=\"https:\/\/gicd.inf.um.es\/csidpub\/usuario50\/wp-content\/uploads\/2025\/11\/DEBUT-INTRO.jpg 671w, https:\/\/gicd.inf.um.es\/csidpub\/usuario50\/wp-content\/uploads\/2025\/11\/DEBUT-INTRO-300x300.jpg 300w, https:\/\/gicd.inf.um.es\/csidpub\/usuario50\/wp-content\/uploads\/2025\/11\/DEBUT-INTRO-150x150.jpg 150w\" sizes=\"auto, (max-width: 671px) 100vw, 671px\" \/><\/a><\/figure>\n\n\n\n<figure class=\"wp-block-image size-large\"><a href=\"https:\/\/gicd.inf.um.es\/csidpub\/usuario50\/%cb%9a%e0%ad%a8%e0%ad%a7%e2%8b%86-%cb%9a-fearless\/\"><img loading=\"lazy\" decoding=\"async\" width=\"735\" height=\"723\" data-id=\"494\" src=\"https:\/\/gicd.inf.um.es\/csidpub\/usuario50\/wp-content\/uploads\/2025\/11\/FEARLESS-INTRO.jpg\" alt=\"\" class=\"wp-image-494\" srcset=\"https:\/\/gicd.inf.um.es\/csidpub\/usuario50\/wp-content\/uploads\/2025\/11\/FEARLESS-INTRO.jpg 735w, https:\/\/gicd.inf.um.es\/csidpub\/usuario50\/wp-content\/uploads\/2025\/11\/FEARLESS-INTRO-300x295.jpg 300w\" sizes=\"auto, (max-width: 735px) 100vw, 735px\" \/><\/a><\/figure>\n\n\n\n<figure class=\"wp-block-image size-large\"><a href=\"https:\/\/gicd.inf.um.es\/csidpub\/usuario50\/%e2%8b%86%cb%99%e2%9f%a1-speak-now\/\"><img loading=\"lazy\" decoding=\"async\" width=\"736\" height=\"736\" data-id=\"493\" src=\"https:\/\/gicd.inf.um.es\/csidpub\/usuario50\/wp-content\/uploads\/2025\/11\/SPEAK-NOW.jpg\" alt=\"\" class=\"wp-image-493\" srcset=\"https:\/\/gicd.inf.um.es\/csidpub\/usuario50\/wp-content\/uploads\/2025\/11\/SPEAK-NOW.jpg 736w, https:\/\/gicd.inf.um.es\/csidpub\/usuario50\/wp-content\/uploads\/2025\/11\/SPEAK-NOW-300x300.jpg 300w, https:\/\/gicd.inf.um.es\/csidpub\/usuario50\/wp-content\/uploads\/2025\/11\/SPEAK-NOW-150x150.jpg 150w\" sizes=\"auto, (max-width: 736px) 100vw, 736px\" \/><\/a><\/figure>\n\n\n\n<figure class=\"wp-block-image size-large\"><a href=\"https:\/\/gicd.inf.um.es\/csidpub\/usuario50\/%cb%97%cb%8f%cb%8b-%e2%99%a1-red\/\"><img loading=\"lazy\" decoding=\"async\" width=\"736\" height=\"729\" data-id=\"492\" src=\"https:\/\/gicd.inf.um.es\/csidpub\/usuario50\/wp-content\/uploads\/2025\/11\/RED-INTRO.jpg\" alt=\"\" class=\"wp-image-492\" srcset=\"https:\/\/gicd.inf.um.es\/csidpub\/usuario50\/wp-content\/uploads\/2025\/11\/RED-INTRO.jpg 736w, https:\/\/gicd.inf.um.es\/csidpub\/usuario50\/wp-content\/uploads\/2025\/11\/RED-INTRO-300x297.jpg 300w, https:\/\/gicd.inf.um.es\/csidpub\/usuario50\/wp-content\/uploads\/2025\/11\/RED-INTRO-150x150.jpg 150w\" sizes=\"auto, (max-width: 736px) 100vw, 736px\" \/><\/a><\/figure>\n\n\n\n<figure class=\"wp-block-image size-large\"><a href=\"https:\/\/gicd.inf.um.es\/csidpub\/usuario50\/%f0%96%a6%b9-%e2%8b%86%ef%bd%a11989\/\"><img loading=\"lazy\" decoding=\"async\" width=\"736\" height=\"736\" data-id=\"491\" src=\"https:\/\/gicd.inf.um.es\/csidpub\/usuario50\/wp-content\/uploads\/2025\/11\/1989-INTRO.jpg\" alt=\"\" class=\"wp-image-491\" srcset=\"https:\/\/gicd.inf.um.es\/csidpub\/usuario50\/wp-content\/uploads\/2025\/11\/1989-INTRO.jpg 736w, https:\/\/gicd.inf.um.es\/csidpub\/usuario50\/wp-content\/uploads\/2025\/11\/1989-INTRO-300x300.jpg 300w, https:\/\/gicd.inf.um.es\/csidpub\/usuario50\/wp-content\/uploads\/2025\/11\/1989-INTRO-150x150.jpg 150w\" sizes=\"auto, (max-width: 736px) 100vw, 736px\" \/><\/a><\/figure>\n\n\n\n<figure class=\"wp-block-image size-large\"><a href=\"https:\/\/gicd.inf.um.es\/csidpub\/usuario50\/%e2%9b%a7-reputation\/\"><img loading=\"lazy\" decoding=\"async\" width=\"736\" height=\"736\" data-id=\"490\" src=\"https:\/\/gicd.inf.um.es\/csidpub\/usuario50\/wp-content\/uploads\/2025\/11\/REP-INTRO.jpg\" alt=\"\" class=\"wp-image-490\" srcset=\"https:\/\/gicd.inf.um.es\/csidpub\/usuario50\/wp-content\/uploads\/2025\/11\/REP-INTRO.jpg 736w, https:\/\/gicd.inf.um.es\/csidpub\/usuario50\/wp-content\/uploads\/2025\/11\/REP-INTRO-300x300.jpg 300w, https:\/\/gicd.inf.um.es\/csidpub\/usuario50\/wp-content\/uploads\/2025\/11\/REP-INTRO-150x150.jpg 150w\" sizes=\"auto, (max-width: 736px) 100vw, 736px\" \/><\/a><\/figure>\n\n\n\n<figure class=\"wp-block-image size-large\"><a href=\"https:\/\/gicd.inf.um.es\/csidpub\/usuario50\/%f0%96%b9%ad%cb%9a-lover\/\"><img loading=\"lazy\" decoding=\"async\" width=\"600\" height=\"600\" data-id=\"489\" src=\"https:\/\/gicd.inf.um.es\/csidpub\/usuario50\/wp-content\/uploads\/2025\/11\/LOVER-INTRO.jpg\" alt=\"\" class=\"wp-image-489\" srcset=\"https:\/\/gicd.inf.um.es\/csidpub\/usuario50\/wp-content\/uploads\/2025\/11\/LOVER-INTRO.jpg 600w, https:\/\/gicd.inf.um.es\/csidpub\/usuario50\/wp-content\/uploads\/2025\/11\/LOVER-INTRO-300x300.jpg 300w, https:\/\/gicd.inf.um.es\/csidpub\/usuario50\/wp-content\/uploads\/2025\/11\/LOVER-INTRO-150x150.jpg 150w\" sizes=\"auto, (max-width: 600px) 100vw, 600px\" \/><\/a><\/figure>\n\n\n\n<figure class=\"wp-block-image size-large\"><a href=\"https:\/\/gicd.inf.um.es\/csidpub\/usuario50\/%e2%8b%86%cb%9a%ea%a9%9c%ef%bd%a1-folklore\/\"><img loading=\"lazy\" decoding=\"async\" width=\"960\" height=\"956\" data-id=\"488\" src=\"https:\/\/gicd.inf.um.es\/csidpub\/usuario50\/wp-content\/uploads\/2025\/11\/FOLKLORE-INTRO.jpg\" alt=\"\" class=\"wp-image-488\" srcset=\"https:\/\/gicd.inf.um.es\/csidpub\/usuario50\/wp-content\/uploads\/2025\/11\/FOLKLORE-INTRO.jpg 960w, https:\/\/gicd.inf.um.es\/csidpub\/usuario50\/wp-content\/uploads\/2025\/11\/FOLKLORE-INTRO-300x300.jpg 300w, https:\/\/gicd.inf.um.es\/csidpub\/usuario50\/wp-content\/uploads\/2025\/11\/FOLKLORE-INTRO-150x150.jpg 150w, https:\/\/gicd.inf.um.es\/csidpub\/usuario50\/wp-content\/uploads\/2025\/11\/FOLKLORE-INTRO-768x765.jpg 768w\" sizes=\"auto, (max-width: 960px) 100vw, 960px\" \/><\/a><\/figure>\n\n\n\n<figure class=\"wp-block-image size-large\"><a href=\"https:\/\/gicd.inf.um.es\/csidpub\/usuario50\/%e2%8b%86-%f0%90%99%9a-%cc%8a-evermore\/\"><img loading=\"lazy\" decoding=\"async\" width=\"1024\" height=\"1024\" data-id=\"487\" src=\"https:\/\/gicd.inf.um.es\/csidpub\/usuario50\/wp-content\/uploads\/2025\/11\/EVERMORE-INTRO-e1764192318377-1024x1024.jpg\" alt=\"\" class=\"wp-image-487\" srcset=\"https:\/\/gicd.inf.um.es\/csidpub\/usuario50\/wp-content\/uploads\/2025\/11\/EVERMORE-INTRO-e1764192318377-1024x1024.jpg 1024w, https:\/\/gicd.inf.um.es\/csidpub\/usuario50\/wp-content\/uploads\/2025\/11\/EVERMORE-INTRO-e1764192318377-300x300.jpg 300w, https:\/\/gicd.inf.um.es\/csidpub\/usuario50\/wp-content\/uploads\/2025\/11\/EVERMORE-INTRO-e1764192318377-150x150.jpg 150w, https:\/\/gicd.inf.um.es\/csidpub\/usuario50\/wp-content\/uploads\/2025\/11\/EVERMORE-INTRO-e1764192318377-768x768.jpg 768w, https:\/\/gicd.inf.um.es\/csidpub\/usuario50\/wp-content\/uploads\/2025\/11\/EVERMORE-INTRO-e1764192318377.jpg 1125w\" sizes=\"auto, (max-width: 1024px) 100vw, 1024px\" \/><\/a><\/figure>\n\n\n\n<figure class=\"wp-block-image size-large\"><a href=\"https:\/\/gicd.inf.um.es\/csidpub\/usuario50\/%cb%9a%e2%98%bd%cb%9a-%e2%8b%86-midnights\/\"><img loading=\"lazy\" decoding=\"async\" width=\"1024\" height=\"1012\" data-id=\"486\" src=\"https:\/\/gicd.inf.um.es\/csidpub\/usuario50\/wp-content\/uploads\/2025\/11\/MIDNIGHT-INTRO-1024x1012.jpg\" alt=\"\" class=\"wp-image-486\" srcset=\"https:\/\/gicd.inf.um.es\/csidpub\/usuario50\/wp-content\/uploads\/2025\/11\/MIDNIGHT-INTRO-1024x1012.jpg 1024w, https:\/\/gicd.inf.um.es\/csidpub\/usuario50\/wp-content\/uploads\/2025\/11\/MIDNIGHT-INTRO-300x297.jpg 300w, https:\/\/gicd.inf.um.es\/csidpub\/usuario50\/wp-content\/uploads\/2025\/11\/MIDNIGHT-INTRO-768x759.jpg 768w, https:\/\/gicd.inf.um.es\/csidpub\/usuario50\/wp-content\/uploads\/2025\/11\/MIDNIGHT-INTRO.jpg 1125w\" sizes=\"auto, (max-width: 1024px) 100vw, 1024px\" \/><\/a><\/figure>\n\n\n\n<figure class=\"wp-block-image size-large\"><a href=\"https:\/\/gicd.inf.um.es\/csidpub\/usuario50\/%e0%ad%ad%cb%9a-the-tortured-poets-department\/\"><img loading=\"lazy\" decoding=\"async\" width=\"736\" height=\"736\" data-id=\"485\" src=\"https:\/\/gicd.inf.um.es\/csidpub\/usuario50\/wp-content\/uploads\/2025\/11\/TTPD-INTRO.jpg\" alt=\"\" class=\"wp-image-485\" srcset=\"https:\/\/gicd.inf.um.es\/csidpub\/usuario50\/wp-content\/uploads\/2025\/11\/TTPD-INTRO.jpg 736w, https:\/\/gicd.inf.um.es\/csidpub\/usuario50\/wp-content\/uploads\/2025\/11\/TTPD-INTRO-300x300.jpg 300w, https:\/\/gicd.inf.um.es\/csidpub\/usuario50\/wp-content\/uploads\/2025\/11\/TTPD-INTRO-150x150.jpg 150w\" sizes=\"auto, (max-width: 736px) 100vw, 736px\" \/><\/a><\/figure>\n\n\n\n<figure class=\"wp-block-image size-large\"><a href=\"https:\/\/gicd.inf.um.es\/csidpub\/usuario50\/%ef%bd%a1%f0%96%a6%b9%e2%80%a7-the-life-of-a-showgirl\/\"><img loading=\"lazy\" decoding=\"async\" width=\"459\" height=\"459\" data-id=\"484\" src=\"https:\/\/gicd.inf.um.es\/csidpub\/usuario50\/wp-content\/uploads\/2025\/11\/INTRO-TOSG-e1764192299842.jpg\" alt=\"\" class=\"wp-image-484\" srcset=\"https:\/\/gicd.inf.um.es\/csidpub\/usuario50\/wp-content\/uploads\/2025\/11\/INTRO-TOSG-e1764192299842.jpg 459w, https:\/\/gicd.inf.um.es\/csidpub\/usuario50\/wp-content\/uploads\/2025\/11\/INTRO-TOSG-e1764192299842-300x300.jpg 300w, https:\/\/gicd.inf.um.es\/csidpub\/usuario50\/wp-content\/uploads\/2025\/11\/INTRO-TOSG-e1764192299842-150x150.jpg 150w\" sizes=\"auto, (max-width: 459px) 100vw, 459px\" \/><\/a><\/figure>\n<\/figure>\n","protected":false},"excerpt":{"rendered":"<p>\u00bfQui\u00e9n es Taylor Swift? Taylor Alison Swift (West Reading, Pensilvania, 13 de diciembre de 1989) es una cantautora estadounidense. Sus composiciones autobiogr\u00e1ficas y sus reinvenciones art\u00edsticas la han convertido en un icono cultural del siglo XXI.[nota 1]\u200b Es la artista musical con mayores ingresos por conciertos en directo, la mujer m\u00e1s rica del mundo de [&hellip;]<\/p>\n","protected":false},"author":1,"featured_media":0,"parent":0,"menu_order":0,"comment_status":"closed","ping_status":"closed","template":"","meta":{"pgc_sgb_lightbox_settings":"","footnotes":""},"class_list":["post-295","page","type-page","status-publish","hentry"],"_links":{"self":[{"href":"https:\/\/gicd.inf.um.es\/csidpub\/usuario50\/wp-json\/wp\/v2\/pages\/295","targetHints":{"allow":["GET"]}}],"collection":[{"href":"https:\/\/gicd.inf.um.es\/csidpub\/usuario50\/wp-json\/wp\/v2\/pages"}],"about":[{"href":"https:\/\/gicd.inf.um.es\/csidpub\/usuario50\/wp-json\/wp\/v2\/types\/page"}],"author":[{"embeddable":true,"href":"https:\/\/gicd.inf.um.es\/csidpub\/usuario50\/wp-json\/wp\/v2\/users\/1"}],"replies":[{"embeddable":true,"href":"https:\/\/gicd.inf.um.es\/csidpub\/usuario50\/wp-json\/wp\/v2\/comments?post=295"}],"version-history":[{"count":36,"href":"https:\/\/gicd.inf.um.es\/csidpub\/usuario50\/wp-json\/wp\/v2\/pages\/295\/revisions"}],"predecessor-version":[{"id":497,"href":"https:\/\/gicd.inf.um.es\/csidpub\/usuario50\/wp-json\/wp\/v2\/pages\/295\/revisions\/497"}],"wp:attachment":[{"href":"https:\/\/gicd.inf.um.es\/csidpub\/usuario50\/wp-json\/wp\/v2\/media?parent=295"}],"curies":[{"name":"wp","href":"https:\/\/api.w.org\/{rel}","templated":true}]}}