{"id":203,"date":"2025-11-07T16:24:34","date_gmt":"2025-11-07T15:24:34","guid":{"rendered":"https:\/\/gicd.inf.um.es\/csidpub\/usuario51\/?page_id=203"},"modified":"2025-11-26T13:11:13","modified_gmt":"2025-11-26T12:11:13","slug":"actividad-1","status":"publish","type":"page","link":"https:\/\/gicd.inf.um.es\/csidpub\/usuario51\/actividad-1\/","title":{"rendered":"Actividad 1"},"content":{"rendered":"\n<h2 class=\"wp-block-heading\">M\u00daSICA URBANA ESPA\u00d1OLA<\/h2>\n\n\n\n<p>La m\u00fasica urbana espa\u00f1ola es un movimiento cultural y musical que combina g\u00e9neros como el trap, el rap, el reggaet\u00f3n, el pop alternativo y la electr\u00f3nica, y que ha crecido hasta convertirse en una de las escenas m\u00e1s influyentes del pa\u00eds. M\u00e1s que un estilo musical concreto, es un conjunto de sonidos, est\u00e9ticas, actitudes y formas de expresi\u00f3n que se desarrollan tanto dentro como fuera del escenario.<\/p>\n\n\n\n<p>Su est\u00e9tica visual, la ropa, la presencia esc\u00e9nica, las redes sociales, los videoclips y la actitud p\u00fablica forman parte esencial del movimiento. No se trata solo de m\u00fasica: es una identidad completa. La moda streetwear, lo \u201ckinki\u201d moderno, lo experimental o lo folkl\u00f3rico reinterpretado son distintas formas de representar esta cultura.<\/p>\n\n\n\n<div class=\"wp-block-columns is-layout-flex wp-container-core-columns-is-layout-9d6595d7 wp-block-columns-is-layout-flex\">\n<div class=\"wp-block-column is-layout-flow wp-block-column-is-layout-flow\">\n<h2 class=\"wp-block-heading\">El lenguaje<\/h2>\n\n\n\n<figure class=\"wp-block-image size-full\"><img loading=\"lazy\" decoding=\"async\" width=\"735\" height=\"754\" src=\"https:\/\/gicd.inf.um.es\/csidpub\/usuario51\/wp-content\/uploads\/2025\/11\/descarga-1.jpeg\" alt=\"\" class=\"wp-image-529\" style=\"aspect-ratio:1;object-fit:cover\" srcset=\"https:\/\/gicd.inf.um.es\/csidpub\/usuario51\/wp-content\/uploads\/2025\/11\/descarga-1.jpeg 735w, https:\/\/gicd.inf.um.es\/csidpub\/usuario51\/wp-content\/uploads\/2025\/11\/descarga-1-292x300.jpeg 292w\" sizes=\"auto, (max-width: 735px) 100vw, 735px\" \/><\/figure>\n\n\n\n<p>Expresiones como \u201cflexear\u201d, \u201cracks\u201d o \u201cjosear\u201d refuerzan una identidad compartida entre artistas y oyentes, acerc\u00e1ndose a un imaginario propio. Cada artista adapta esta est\u00e9tica a su estilo personal: algunos apuestan por la discreci\u00f3n absoluta, otros por el folclore de su tierra, otros por el trap m\u00e1s colorido o por propuestas visuales surrealistas.<\/p>\n<\/div>\n\n\n\n<div class=\"wp-block-column is-layout-flow wp-block-column-is-layout-flow\">\n<h2 class=\"wp-block-heading\">Los conciertos<\/h2>\n\n\n\n<figure class=\"wp-block-image size-large\"><img loading=\"lazy\" decoding=\"async\" width=\"473\" height=\"1024\" src=\"https:\/\/gicd.inf.um.es\/csidpub\/usuario51\/wp-content\/uploads\/2025\/11\/IMG_3716-473x1024.png\" alt=\"\" class=\"wp-image-531\" style=\"aspect-ratio:1;object-fit:cover\" srcset=\"https:\/\/gicd.inf.um.es\/csidpub\/usuario51\/wp-content\/uploads\/2025\/11\/IMG_3716-473x1024.png 473w, https:\/\/gicd.inf.um.es\/csidpub\/usuario51\/wp-content\/uploads\/2025\/11\/IMG_3716-139x300.png 139w, https:\/\/gicd.inf.um.es\/csidpub\/usuario51\/wp-content\/uploads\/2025\/11\/IMG_3716.png 591w\" sizes=\"auto, (max-width: 473px) 100vw, 473px\" \/><\/figure>\n\n\n\n<p>Los conciertos tambi\u00e9n son parte fundamental de esta identidad. La cercan\u00eda con el p\u00fablico, la actitud en directo y la energ\u00eda esc\u00e9nica refuerzan el v\u00ednculo entre artista y oyente, generando comunidades muy fieles.<\/p>\n<\/div>\n\n\n\n<div class=\"wp-block-column is-layout-flow wp-block-column-is-layout-flow\">\n<h2 class=\"wp-block-heading\">Las redes sociales<\/h2>\n\n\n\n<figure class=\"wp-block-image size-full\"><img loading=\"lazy\" decoding=\"async\" width=\"474\" height=\"592\" src=\"https:\/\/gicd.inf.um.es\/csidpub\/usuario51\/wp-content\/uploads\/2025\/11\/6600_.jpeg\" alt=\"Redes sociales\" class=\"wp-image-528\" style=\"aspect-ratio:1;object-fit:cover\" srcset=\"https:\/\/gicd.inf.um.es\/csidpub\/usuario51\/wp-content\/uploads\/2025\/11\/6600_.jpeg 474w, https:\/\/gicd.inf.um.es\/csidpub\/usuario51\/wp-content\/uploads\/2025\/11\/6600_-240x300.jpeg 240w\" sizes=\"auto, (max-width: 474px) 100vw, 474px\" \/><\/figure>\n\n\n\n<p>Las redes sociales han transformado completamente la escena. Hoy los artistas necesitan convertirse en <strong>creadores 360\u00b0<\/strong>: cuidar videoclips, im\u00e1genes, estilos, contenido para TikTok y formas de interacci\u00f3n constante con su p\u00fablico. La viralidad puede determinar el \u00e9xito de una canci\u00f3n tanto como su calidad musical.<\/p>\n<\/div>\n<\/div>\n\n\n\n<p>En conjunto, la m\u00fasica urbana espa\u00f1ola es un ecosistema diverso, visual y cambiante que combina sonido, est\u00e9tica, redes sociales y cultura juvenil. Funciona como un espacio donde los artistas exploran nuevas identidades, recuperan ra\u00edces, experimentan con estilos y construyen un universo propio que va mucho m\u00e1s all\u00e1 de las canciones.<\/p>\n","protected":false},"excerpt":{"rendered":"<p>M\u00daSICA URBANA ESPA\u00d1OLA La m\u00fasica urbana espa\u00f1ola es un movimiento cultural y musical que combina g\u00e9neros como el trap, el rap, el reggaet\u00f3n, el pop alternativo y la electr\u00f3nica, y que ha crecido hasta convertirse en una de las escenas m\u00e1s influyentes del pa\u00eds. M\u00e1s que un estilo musical concreto, es un conjunto de sonidos, [&hellip;]<\/p>\n","protected":false},"author":1,"featured_media":0,"parent":0,"menu_order":0,"comment_status":"closed","ping_status":"closed","template":"","meta":{"pgc_sgb_lightbox_settings":"","footnotes":""},"class_list":["post-203","page","type-page","status-publish","hentry"],"_links":{"self":[{"href":"https:\/\/gicd.inf.um.es\/csidpub\/usuario51\/wp-json\/wp\/v2\/pages\/203","targetHints":{"allow":["GET"]}}],"collection":[{"href":"https:\/\/gicd.inf.um.es\/csidpub\/usuario51\/wp-json\/wp\/v2\/pages"}],"about":[{"href":"https:\/\/gicd.inf.um.es\/csidpub\/usuario51\/wp-json\/wp\/v2\/types\/page"}],"author":[{"embeddable":true,"href":"https:\/\/gicd.inf.um.es\/csidpub\/usuario51\/wp-json\/wp\/v2\/users\/1"}],"replies":[{"embeddable":true,"href":"https:\/\/gicd.inf.um.es\/csidpub\/usuario51\/wp-json\/wp\/v2\/comments?post=203"}],"version-history":[{"count":5,"href":"https:\/\/gicd.inf.um.es\/csidpub\/usuario51\/wp-json\/wp\/v2\/pages\/203\/revisions"}],"predecessor-version":[{"id":532,"href":"https:\/\/gicd.inf.um.es\/csidpub\/usuario51\/wp-json\/wp\/v2\/pages\/203\/revisions\/532"}],"wp:attachment":[{"href":"https:\/\/gicd.inf.um.es\/csidpub\/usuario51\/wp-json\/wp\/v2\/media?parent=203"}],"curies":[{"name":"wp","href":"https:\/\/api.w.org\/{rel}","templated":true}]}}