{"id":208,"date":"2025-11-15T17:01:55","date_gmt":"2025-11-15T16:01:55","guid":{"rendered":"https:\/\/gicd.inf.um.es\/csidpub\/usuario54\/?page_id=208"},"modified":"2025-11-28T15:13:17","modified_gmt":"2025-11-28T14:13:17","slug":"actividad-1","status":"publish","type":"page","link":"https:\/\/gicd.inf.um.es\/csidpub\/usuario54\/actividad-1\/","title":{"rendered":"Actividad 1"},"content":{"rendered":"\n<div class=\"wp-block-cover alignfull is-light wp-duotone-unset-1\" style=\"margin-top:0;padding-top:5vw;padding-right:5vw;padding-bottom:5vw;padding-left:5vw\"><span aria-hidden=\"true\" class=\"wp-block-cover__background has-luminous-vivid-amber-background-color has-background-dim-100 has-background-dim\"><\/span><div class=\"wp-block-cover__inner-container is-layout-flow wp-block-cover-is-layout-flow\">\n<div class=\"wp-block-group\"><div class=\"wp-block-group__inner-container is-layout-constrained wp-block-group-is-layout-constrained\">\n<div class=\"wp-block-group wp-container-content-9cfa9a5a\"><div class=\"wp-block-group__inner-container is-layout-flow wp-block-group-is-layout-flow\">\n<p class=\"has-text-align-left has-black-color has-text-color\" style=\"font-size:148px;font-style:normal;font-weight:700;letter-spacing:-5px;line-height:0.9;text-transform:none\">Cuando la m\u00fasica&#8230;<br>marca el guion<\/p>\n<\/div><\/div>\n\n\n\n<div class=\"wp-block-group wp-container-content-5b91cf2b\"><div class=\"wp-block-group__inner-container is-layout-constrained wp-block-group-is-layout-constrained\">\n<div style=\"height:37px\" aria-hidden=\"true\" class=\"wp-block-spacer\"><\/div>\n\n\n\n<p class=\"has-text-align-left\" style=\"font-size:23px;font-style:normal;font-weight:100;line-height:1.4;text-decoration:none;text-transform:none\">En esta p\u00e1gina encontrar\u00e1s una selecci\u00f3n de las canciones m\u00e1s m\u00edticas que han acompa\u00f1ado a las series y pel\u00edculas m\u00e1s vistas de los \u00faltimos a\u00f1os. <br><br>\u00a1Descubre qu\u00e9 temas han marcado a toda una generaci\u00f3n de espectadores!<br><\/p>\n\n\n\n<div style=\"height:19px;width:0px\" aria-hidden=\"true\" class=\"wp-block-spacer\"><\/div>\n\n\n\n<div class=\"wp-block-buttons has-custom-font-size has-medium-font-size is-content-justification-left is-layout-flex wp-container-core-buttons-is-layout-fdcfc74e wp-block-buttons-is-layout-flex\">\n<div class=\"wp-block-button\"><a class=\"wp-block-button__link wp-element-button\" href=\"https:\/\/gicd.inf.um.es\/csidpub\/usuario54\/actividad-1\/hits-con-huella\/\">Descubrir <em>Hits con huella<\/em><\/a><\/div>\n<\/div>\n<\/div><\/div>\n<\/div><\/div>\n<\/div><\/div>\n\n\n\n<p><\/p>\n","protected":false},"excerpt":{"rendered":"","protected":false},"author":1,"featured_media":0,"parent":0,"menu_order":0,"comment_status":"closed","ping_status":"closed","template":"templates\/fullwidth.php","meta":{"pgc_sgb_lightbox_settings":"","footnotes":""},"class_list":["post-208","page","type-page","status-publish","hentry"],"_links":{"self":[{"href":"https:\/\/gicd.inf.um.es\/csidpub\/usuario54\/wp-json\/wp\/v2\/pages\/208","targetHints":{"allow":["GET"]}}],"collection":[{"href":"https:\/\/gicd.inf.um.es\/csidpub\/usuario54\/wp-json\/wp\/v2\/pages"}],"about":[{"href":"https:\/\/gicd.inf.um.es\/csidpub\/usuario54\/wp-json\/wp\/v2\/types\/page"}],"author":[{"embeddable":true,"href":"https:\/\/gicd.inf.um.es\/csidpub\/usuario54\/wp-json\/wp\/v2\/users\/1"}],"replies":[{"embeddable":true,"href":"https:\/\/gicd.inf.um.es\/csidpub\/usuario54\/wp-json\/wp\/v2\/comments?post=208"}],"version-history":[{"count":38,"href":"https:\/\/gicd.inf.um.es\/csidpub\/usuario54\/wp-json\/wp\/v2\/pages\/208\/revisions"}],"predecessor-version":[{"id":709,"href":"https:\/\/gicd.inf.um.es\/csidpub\/usuario54\/wp-json\/wp\/v2\/pages\/208\/revisions\/709"}],"wp:attachment":[{"href":"https:\/\/gicd.inf.um.es\/csidpub\/usuario54\/wp-json\/wp\/v2\/media?parent=208"}],"curies":[{"name":"wp","href":"https:\/\/api.w.org\/{rel}","templated":true}]}}