{"id":298,"date":"2025-11-15T19:53:22","date_gmt":"2025-11-15T18:53:22","guid":{"rendered":"https:\/\/gicd.inf.um.es\/csidpub\/usuario54\/?page_id=298"},"modified":"2025-11-27T11:42:59","modified_gmt":"2025-11-27T10:42:59","slug":"hits-con-huella","status":"publish","type":"page","link":"https:\/\/gicd.inf.um.es\/csidpub\/usuario54\/actividad-1\/hits-con-huella\/","title":{"rendered":"Hits con huella&#8230;"},"content":{"rendered":"<div class=\"wp-block-image\">\n<figure class=\"aligncenter size-full is-resized\"><img loading=\"lazy\" decoding=\"async\" width=\"573\" height=\"720\" src=\"https:\/\/gicd.inf.um.es\/csidpub\/usuario54\/wp-content\/uploads\/2025\/11\/f18c0a7a810bf351488d1559fbf83da8.jpg\" alt=\"huella\" class=\"wp-image-613\" style=\"width:165px;height:auto\" srcset=\"https:\/\/gicd.inf.um.es\/csidpub\/usuario54\/wp-content\/uploads\/2025\/11\/f18c0a7a810bf351488d1559fbf83da8.jpg 573w, https:\/\/gicd.inf.um.es\/csidpub\/usuario54\/wp-content\/uploads\/2025\/11\/f18c0a7a810bf351488d1559fbf83da8-239x300.jpg 239w\" sizes=\"auto, (max-width: 573px) 100vw, 573px\" \/><\/figure><\/div>\n\n\n<div style=\"height:26px\" aria-hidden=\"true\" class=\"wp-block-spacer\"><\/div>\n\n\n\n<p class=\"has-medium-font-size\">En las series y pel\u00edculas hay historias que se ven\u2026 y otras que se escuchan.<br><br>Las canciones que acompa\u00f1an una escena pueden cambiarlo todo: elevar un momento, romperte el alma o convertir un cap\u00edtulo cualquiera en uno imposible de olvidar.<br><br>En este micrositio recorremos <strong><a href=\"https:\/\/gicd.inf.um.es\/csidpub\/usuario54\/category\/actividad-1\/tracks-actividad-1\/\">los hits que han dejado huella en la pantalla<\/a><\/strong>, temas que se volvieron virales, que revivieron gracias a una escena o que consiguieron que millones de espectadores los buscasen nada m\u00e1s terminar el episodio.<br><br>Prep\u00e1rate para descubrir las canciones que han marcado a toda una generaci\u00f3n.<br>Escucha, recuerda\u2026 y siente cada hit de nuevo.<\/p>\n\n\n\n<div style=\"height:39px\" aria-hidden=\"true\" class=\"wp-block-spacer\"><\/div>\n\n\n\n<div class=\"wp-block-cover alignfull wp-duotone-purple-yellow\" style=\"margin-top:0;padding-top:4vw;padding-right:4vw;padding-bottom:4vw;padding-left:4vw;min-height:247px;aspect-ratio:unset;\"><img decoding=\"async\" class=\"wp-block-cover__image-background wp-image-334\" alt=\"\" src=\"https:\/\/pd.w.org\/2022\/01\/2661f82cd1ba9172.16386413.jpg\" style=\"object-position:66% 0%\" data-object-fit=\"cover\" data-object-position=\"66% 0%\"\/><span aria-hidden=\"true\" class=\"wp-block-cover__background has-black-background-color has-background-dim-100 has-background-dim\"><\/span><div class=\"wp-block-cover__inner-container is-layout-flow wp-block-cover-is-layout-flow\">\n<div class=\"wp-block-group\"><div class=\"wp-block-group__inner-container is-layout-flow wp-block-group-is-layout-flow\">\n<p class=\"has-text-align-center has-text-color\" style=\"color:#ffb23d;font-size:0px;font-style:normal;font-weight:700;letter-spacing:-2px;line-height:0.9;text-transform:uppercase\"><\/p>\n\n\n\n<div class=\"wp-block-buttons is-content-justification-center is-layout-flex wp-container-core-buttons-is-layout-16018d1d wp-block-buttons-is-layout-flex\">\n<div class=\"wp-block-button\"><a class=\"wp-block-button__link has-text-color has-background has-custom-font-size wp-element-button\" href=\"https:\/\/gicd.inf.um.es\/csidpub\/usuario54\/category\/actividad-1\/tracks-actividad-1\/\" style=\"color:#2c3066;background-color:#ffb23d;padding-top:32px;padding-right:48px;padding-bottom:32px;padding-left:48px;font-size:20px;font-style:normal;font-weight:700;letter-spacing:1px;text-transform:uppercase\">escuchar<\/a><\/div>\n<\/div>\n<\/div><\/div>\n<\/div><\/div>\n\n\n\n<div style=\"height:13px\" aria-hidden=\"true\" class=\"wp-block-spacer\"><\/div>\n\n\n\n<div class=\"wp-block-cover alignfull has-parallax\"><div role=\"img\" aria-label=\"b74430ce1365777eefe99038ef157464\" class=\"wp-block-cover__image-background wp-image-263 size-full has-parallax\" style=\"background-position:50% 50%;background-image:url(https:\/\/gicd.inf.um.es\/csidpub\/usuario54\/wp-content\/uploads\/2025\/11\/b74430ce1365777eefe99038ef157464.jpg)\"><\/div><span aria-hidden=\"true\" class=\"wp-block-cover__background has-background-dim-10 has-background-dim\" style=\"background-color:#606060\"><\/span><div class=\"wp-block-cover__inner-container is-layout-constrained wp-block-cover-is-layout-constrained\">\n<p class=\"has-text-align-center has-large-font-size\"><\/p>\n<\/div><\/div>\n","protected":false},"excerpt":{"rendered":"<p>En las series y pel\u00edculas hay historias que se ven\u2026 y otras que se escuchan. Las canciones que acompa\u00f1an una escena pueden cambiarlo todo: elevar un momento, romperte el alma o convertir un cap\u00edtulo cualquiera en uno imposible de olvidar. En este micrositio recorremos los hits que han dejado huella en la pantalla, temas que [&hellip;]<\/p>\n","protected":false},"author":1,"featured_media":0,"parent":208,"menu_order":0,"comment_status":"closed","ping_status":"closed","template":"","meta":{"pgc_sgb_lightbox_settings":"","footnotes":""},"class_list":["post-298","page","type-page","status-publish","hentry"],"_links":{"self":[{"href":"https:\/\/gicd.inf.um.es\/csidpub\/usuario54\/wp-json\/wp\/v2\/pages\/298","targetHints":{"allow":["GET"]}}],"collection":[{"href":"https:\/\/gicd.inf.um.es\/csidpub\/usuario54\/wp-json\/wp\/v2\/pages"}],"about":[{"href":"https:\/\/gicd.inf.um.es\/csidpub\/usuario54\/wp-json\/wp\/v2\/types\/page"}],"author":[{"embeddable":true,"href":"https:\/\/gicd.inf.um.es\/csidpub\/usuario54\/wp-json\/wp\/v2\/users\/1"}],"replies":[{"embeddable":true,"href":"https:\/\/gicd.inf.um.es\/csidpub\/usuario54\/wp-json\/wp\/v2\/comments?post=298"}],"version-history":[{"count":34,"href":"https:\/\/gicd.inf.um.es\/csidpub\/usuario54\/wp-json\/wp\/v2\/pages\/298\/revisions"}],"predecessor-version":[{"id":620,"href":"https:\/\/gicd.inf.um.es\/csidpub\/usuario54\/wp-json\/wp\/v2\/pages\/298\/revisions\/620"}],"up":[{"embeddable":true,"href":"https:\/\/gicd.inf.um.es\/csidpub\/usuario54\/wp-json\/wp\/v2\/pages\/208"}],"wp:attachment":[{"href":"https:\/\/gicd.inf.um.es\/csidpub\/usuario54\/wp-json\/wp\/v2\/media?parent=298"}],"curies":[{"name":"wp","href":"https:\/\/api.w.org\/{rel}","templated":true}]}}