{"id":775,"date":"2026-03-11T19:01:52","date_gmt":"2026-03-11T18:01:52","guid":{"rendered":"https:\/\/gicd.inf.um.es\/csidpub\/usuario54\/?post_type=product&#038;p=775"},"modified":"2026-03-12T11:19:03","modified_gmt":"2026-03-12T10:19:03","slug":"camiseta-breaking-bad","status":"publish","type":"product","link":"https:\/\/gicd.inf.um.es\/csidpub\/usuario54\/producto\/camiseta-breaking-bad\/","title":{"rendered":"Camiseta Breaking Bad"},"content":{"rendered":"<p>Moderna camiseta de hombre en algod\u00f3n en diferentes colores y tallas con tintado de gran calidad. 100 % algod\u00f3n de calidad superior suave al tacto. El estampado est\u00e1 basado en el logotipo e imagen del protagonista de la serie de TV Breaking Bad.<\/p>\n","protected":false},"excerpt":{"rendered":"<p>Camiseta 100% de algod\u00f3n en diferentes colores de Breaking Bad.<\/p>\n","protected":false},"featured_media":768,"comment_status":"closed","ping_status":"closed","template":"","meta":{"pgc_sgb_lightbox_settings":""},"product_brand":[],"product_cat":[123,127],"product_tag":[136,134,135],"class_list":{"0":"post-775","1":"product","2":"type-product","3":"status-publish","4":"has-post-thumbnail","6":"product_cat-moda","7":"product_cat-ropa","8":"product_tag-breaking-bad","9":"product_tag-camisetas","10":"product_tag-ropa-de-hombre","12":"first","13":"instock","14":"taxable","15":"shipping-taxable","16":"purchasable","17":"product-type-variable"},"_links":{"self":[{"href":"https:\/\/gicd.inf.um.es\/csidpub\/usuario54\/wp-json\/wp\/v2\/product\/775","targetHints":{"allow":["GET"]}}],"collection":[{"href":"https:\/\/gicd.inf.um.es\/csidpub\/usuario54\/wp-json\/wp\/v2\/product"}],"about":[{"href":"https:\/\/gicd.inf.um.es\/csidpub\/usuario54\/wp-json\/wp\/v2\/types\/product"}],"replies":[{"embeddable":true,"href":"https:\/\/gicd.inf.um.es\/csidpub\/usuario54\/wp-json\/wp\/v2\/comments?post=775"}],"wp:featuredmedia":[{"embeddable":true,"href":"https:\/\/gicd.inf.um.es\/csidpub\/usuario54\/wp-json\/wp\/v2\/media\/768"}],"wp:attachment":[{"href":"https:\/\/gicd.inf.um.es\/csidpub\/usuario54\/wp-json\/wp\/v2\/media?parent=775"}],"wp:term":[{"taxonomy":"product_brand","embeddable":true,"href":"https:\/\/gicd.inf.um.es\/csidpub\/usuario54\/wp-json\/wp\/v2\/product_brand?post=775"},{"taxonomy":"product_cat","embeddable":true,"href":"https:\/\/gicd.inf.um.es\/csidpub\/usuario54\/wp-json\/wp\/v2\/product_cat?post=775"},{"taxonomy":"product_tag","embeddable":true,"href":"https:\/\/gicd.inf.um.es\/csidpub\/usuario54\/wp-json\/wp\/v2\/product_tag?post=775"}],"curies":[{"name":"wp","href":"https:\/\/api.w.org\/{rel}","templated":true}]}}