{"id":424,"date":"2025-11-16T20:51:57","date_gmt":"2025-11-16T19:51:57","guid":{"rendered":"https:\/\/gicd.inf.um.es\/csidpub\/usuario58\/?page_id=424"},"modified":"2025-11-27T17:58:11","modified_gmt":"2025-11-27T16:58:11","slug":"mi-micrositio","status":"publish","type":"page","link":"https:\/\/gicd.inf.um.es\/csidpub\/usuario58\/mi-micrositio\/","title":{"rendered":"Tim Burton"},"content":{"rendered":"\n<div class=\"wp-block-cover\"><img loading=\"lazy\" decoding=\"async\" width=\"777\" height=\"1024\" class=\"wp-block-cover__image-background wp-image-669 size-large\" alt=\"\" src=\"https:\/\/gicd.inf.um.es\/csidpub\/usuario58\/wp-content\/uploads\/2025\/11\/2cb7f310c0deed0da0c4ef3f12707a57-777x1024.jpg\" data-object-fit=\"cover\" srcset=\"https:\/\/gicd.inf.um.es\/csidpub\/usuario58\/wp-content\/uploads\/2025\/11\/2cb7f310c0deed0da0c4ef3f12707a57-777x1024.jpg 777w, https:\/\/gicd.inf.um.es\/csidpub\/usuario58\/wp-content\/uploads\/2025\/11\/2cb7f310c0deed0da0c4ef3f12707a57-228x300.jpg 228w, https:\/\/gicd.inf.um.es\/csidpub\/usuario58\/wp-content\/uploads\/2025\/11\/2cb7f310c0deed0da0c4ef3f12707a57-768x1012.jpg 768w, https:\/\/gicd.inf.um.es\/csidpub\/usuario58\/wp-content\/uploads\/2025\/11\/2cb7f310c0deed0da0c4ef3f12707a57.jpg 964w\" sizes=\"auto, (max-width: 777px) 100vw, 777px\" \/><span aria-hidden=\"true\" class=\"wp-block-cover__background has-background-dim\" style=\"background-color:#3a3735\"><\/span><div class=\"wp-block-cover__inner-container is-layout-constrained wp-block-cover-is-layout-constrained\">\n<p class=\"has-text-align-center has-large-font-size\"><strong>Universo de Tim Burton<\/strong><\/p>\n\n\n\n<p class=\"has-text-align-center\">Pel\u00edculas, Curiosidades y todo acerca del director de cine.<\/p>\n<\/div><\/div>\n\n\n\n<h2 class=\"wp-block-heading\">Biograf\u00eda<\/h2>\n\n\n\n<p>Desde muy joven, Burton mostr\u00f3 un inter\u00e9s por el arte y el cine, lo que lo llev\u00f3 a explorar su creatividad a trav\u00e9s de diversas formas de expresi\u00f3n. A lo largo de su carrera, ha creado una serie de pel\u00edculas ic\u00f3nicas que han dejado una huella indeleble en la cultura pop.<\/p>\n\n\n\n<p>Tim Burton es un reconocido director, productor y escritor estadounidense, famoso por su estilo visual \u00fanico y su capacidad para contar historias oscuras y fant\u00e1sticas. Naci\u00f3 el 25 de agosto de 1958 en Burbank, California. <\/p>\n\n\n\n<h2 class=\"wp-block-heading\">Categor\u00edas<\/h2>\n\n\n\n<div class=\"wp-block-columns is-layout-flex wp-container-core-columns-is-layout-9d6595d7 wp-block-columns-is-layout-flex\">\n<div class=\"wp-block-column is-layout-flow wp-block-column-is-layout-flow\">\n<figure class=\"wp-block-image size-full\"><img loading=\"lazy\" decoding=\"async\" width=\"496\" height=\"634\" src=\"https:\/\/gicd.inf.um.es\/csidpub\/usuario58\/wp-content\/uploads\/2025\/11\/b212b6c1e1107c2c36150248e6ac0e77.jpg\" alt=\"\" class=\"wp-image-660\" style=\"aspect-ratio:1;object-fit:cover\" srcset=\"https:\/\/gicd.inf.um.es\/csidpub\/usuario58\/wp-content\/uploads\/2025\/11\/b212b6c1e1107c2c36150248e6ac0e77.jpg 496w, https:\/\/gicd.inf.um.es\/csidpub\/usuario58\/wp-content\/uploads\/2025\/11\/b212b6c1e1107c2c36150248e6ac0e77-235x300.jpg 235w\" sizes=\"auto, (max-width: 496px) 100vw, 496px\" \/><\/figure>\n\n\n\n<h3 class=\"wp-block-heading has-text-align-center\">Premios<\/h3>\n\n\n\n<p>Premios que le han sido otorgados a lo largo de los a\u00f1os.<\/p>\n\n\n\n<div class=\"wp-block-buttons is-layout-flex wp-block-buttons-is-layout-flex\">\n<div class=\"wp-block-button\"><a class=\"wp-block-button__link wp-element-button\" href=\"https:\/\/gicd.inf.um.es\/csidpub\/usuario58\/category\/tim-burton\/premios\/\">Ver<\/a><\/div>\n<\/div>\n<\/div>\n\n\n\n<div class=\"wp-block-column is-layout-flow wp-block-column-is-layout-flow\">\n<figure class=\"wp-block-image size-full\"><img loading=\"lazy\" decoding=\"async\" width=\"736\" height=\"736\" src=\"https:\/\/gicd.inf.um.es\/csidpub\/usuario58\/wp-content\/uploads\/2025\/11\/6d96faaa9d241e103c0033b7d7bfd747.jpg\" alt=\"\" class=\"wp-image-658\" style=\"aspect-ratio:1;object-fit:cover\" srcset=\"https:\/\/gicd.inf.um.es\/csidpub\/usuario58\/wp-content\/uploads\/2025\/11\/6d96faaa9d241e103c0033b7d7bfd747.jpg 736w, https:\/\/gicd.inf.um.es\/csidpub\/usuario58\/wp-content\/uploads\/2025\/11\/6d96faaa9d241e103c0033b7d7bfd747-300x300.jpg 300w, https:\/\/gicd.inf.um.es\/csidpub\/usuario58\/wp-content\/uploads\/2025\/11\/6d96faaa9d241e103c0033b7d7bfd747-150x150.jpg 150w\" sizes=\"auto, (max-width: 736px) 100vw, 736px\" \/><\/figure>\n\n\n\n<h3 class=\"wp-block-heading has-text-align-center\">Noticias y novedades<\/h3>\n\n\n\n<p>Las noticias m\u00e1s recientes sobre el director.<\/p>\n\n\n\n<div class=\"wp-block-buttons is-layout-flex wp-block-buttons-is-layout-flex\">\n<div class=\"wp-block-button\"><a class=\"wp-block-button__link wp-element-button\" href=\"https:\/\/gicd.inf.um.es\/csidpub\/usuario58\/category\/tim-burton\/noticias-y-novedades\/\">Ver<\/a><\/div>\n<\/div>\n<\/div>\n\n\n\n<div class=\"wp-block-column is-layout-flow wp-block-column-is-layout-flow\">\n<figure class=\"wp-block-image size-full\"><img loading=\"lazy\" decoding=\"async\" width=\"400\" height=\"554\" src=\"https:\/\/gicd.inf.um.es\/csidpub\/usuario58\/wp-content\/uploads\/2025\/11\/eb86adc22566849523b2111aca4c3ec2.jpg\" alt=\"\" class=\"wp-image-659\" style=\"aspect-ratio:1;object-fit:cover\" srcset=\"https:\/\/gicd.inf.um.es\/csidpub\/usuario58\/wp-content\/uploads\/2025\/11\/eb86adc22566849523b2111aca4c3ec2.jpg 400w, https:\/\/gicd.inf.um.es\/csidpub\/usuario58\/wp-content\/uploads\/2025\/11\/eb86adc22566849523b2111aca4c3ec2-217x300.jpg 217w\" sizes=\"auto, (max-width: 400px) 100vw, 400px\" \/><\/figure>\n\n\n\n<h3 class=\"wp-block-heading has-text-align-center\">Nuevos proyectos<\/h3>\n\n\n\n<p>Los pr\u00f3ximos proyectos planificados. <\/p>\n\n\n\n<div class=\"wp-block-buttons is-layout-flex wp-block-buttons-is-layout-flex\">\n<div class=\"wp-block-button\"><a class=\"wp-block-button__link wp-element-button\" href=\"https:\/\/gicd.inf.um.es\/csidpub\/usuario58\/category\/tim-burton\/nuevos-proyectos\/\">Ver<\/a><\/div>\n<\/div>\n<\/div>\n<\/div>\n\n\n\n<div class=\"wp-block-columns is-layout-flex wp-container-core-columns-is-layout-9d6595d7 wp-block-columns-is-layout-flex\">\n<div class=\"wp-block-column is-layout-flow wp-block-column-is-layout-flow\">\n<figure class=\"wp-block-image size-large\"><img loading=\"lazy\" decoding=\"async\" width=\"792\" height=\"1024\" src=\"https:\/\/gicd.inf.um.es\/csidpub\/usuario58\/wp-content\/uploads\/2025\/11\/46a7d76dd696f345fe7cd9e92e302e80-792x1024.jpg\" alt=\"\" class=\"wp-image-653\" style=\"aspect-ratio:1;object-fit:cover\" srcset=\"https:\/\/gicd.inf.um.es\/csidpub\/usuario58\/wp-content\/uploads\/2025\/11\/46a7d76dd696f345fe7cd9e92e302e80-792x1024.jpg 792w, https:\/\/gicd.inf.um.es\/csidpub\/usuario58\/wp-content\/uploads\/2025\/11\/46a7d76dd696f345fe7cd9e92e302e80-232x300.jpg 232w, https:\/\/gicd.inf.um.es\/csidpub\/usuario58\/wp-content\/uploads\/2025\/11\/46a7d76dd696f345fe7cd9e92e302e80-768x993.jpg 768w, https:\/\/gicd.inf.um.es\/csidpub\/usuario58\/wp-content\/uploads\/2025\/11\/46a7d76dd696f345fe7cd9e92e302e80-1188x1536.jpg 1188w, https:\/\/gicd.inf.um.es\/csidpub\/usuario58\/wp-content\/uploads\/2025\/11\/46a7d76dd696f345fe7cd9e92e302e80-1024x1324.jpg 1024w, https:\/\/gicd.inf.um.es\/csidpub\/usuario58\/wp-content\/uploads\/2025\/11\/46a7d76dd696f345fe7cd9e92e302e80.jpg 1199w\" sizes=\"auto, (max-width: 792px) 100vw, 792px\" \/><\/figure>\n\n\n\n<h3 class=\"wp-block-heading has-text-align-center\">Curiosidades<\/h3>\n\n\n\n<p>Teor\u00edas y curiosidades sobre Tim Burton y sus pel\u00edculas.<\/p>\n\n\n\n<div class=\"wp-block-buttons is-layout-flex wp-block-buttons-is-layout-flex\">\n<div class=\"wp-block-button\"><a class=\"wp-block-button__link wp-element-button\" href=\"https:\/\/gicd.inf.um.es\/csidpub\/usuario58\/category\/tim-burton\/curiosidades\/\">Ver<\/a><\/div>\n<\/div>\n<\/div>\n\n\n\n<div class=\"wp-block-column is-layout-flow wp-block-column-is-layout-flow\">\n<figure class=\"wp-block-image size-large\"><img loading=\"lazy\" decoding=\"async\" width=\"683\" height=\"1024\" src=\"https:\/\/gicd.inf.um.es\/csidpub\/usuario58\/wp-content\/uploads\/2025\/11\/1fec59d4dd295d0dd5052a76fd9e6d53-683x1024.jpg\" alt=\"\" class=\"wp-image-654\" style=\"aspect-ratio:1;object-fit:cover\" srcset=\"https:\/\/gicd.inf.um.es\/csidpub\/usuario58\/wp-content\/uploads\/2025\/11\/1fec59d4dd295d0dd5052a76fd9e6d53-683x1024.jpg 683w, https:\/\/gicd.inf.um.es\/csidpub\/usuario58\/wp-content\/uploads\/2025\/11\/1fec59d4dd295d0dd5052a76fd9e6d53-200x300.jpg 200w, https:\/\/gicd.inf.um.es\/csidpub\/usuario58\/wp-content\/uploads\/2025\/11\/1fec59d4dd295d0dd5052a76fd9e6d53-768x1151.jpg 768w, https:\/\/gicd.inf.um.es\/csidpub\/usuario58\/wp-content\/uploads\/2025\/11\/1fec59d4dd295d0dd5052a76fd9e6d53.jpg 900w\" sizes=\"auto, (max-width: 683px) 100vw, 683px\" \/><\/figure>\n\n\n\n<h3 class=\"wp-block-heading has-text-align-center\">Personajes<\/h3>\n\n\n\n<p>Personajes m\u00e1s conocidos de las pel\u00edculas.<\/p>\n\n\n\n<div class=\"wp-block-buttons is-layout-flex wp-block-buttons-is-layout-flex\">\n<div class=\"wp-block-button\"><a class=\"wp-block-button__link wp-element-button\" href=\"https:\/\/gicd.inf.um.es\/csidpub\/usuario58\/category\/tim-burton\/personajes\/\">Ver<\/a><\/div>\n<\/div>\n<\/div>\n\n\n\n<div class=\"wp-block-column is-layout-flow wp-block-column-is-layout-flow\">\n<figure class=\"wp-block-image size-large\"><img loading=\"lazy\" decoding=\"async\" width=\"576\" height=\"1024\" src=\"https:\/\/gicd.inf.um.es\/csidpub\/usuario58\/wp-content\/uploads\/2025\/11\/descargar-4-576x1024.png\" alt=\"\" class=\"wp-image-657\" style=\"aspect-ratio:1;object-fit:cover\" srcset=\"https:\/\/gicd.inf.um.es\/csidpub\/usuario58\/wp-content\/uploads\/2025\/11\/descargar-4-576x1024.png 576w, https:\/\/gicd.inf.um.es\/csidpub\/usuario58\/wp-content\/uploads\/2025\/11\/descargar-4-169x300.png 169w, https:\/\/gicd.inf.um.es\/csidpub\/usuario58\/wp-content\/uploads\/2025\/11\/descargar-4-768x1365.png 768w, https:\/\/gicd.inf.um.es\/csidpub\/usuario58\/wp-content\/uploads\/2025\/11\/descargar-4-864x1536.png 864w, https:\/\/gicd.inf.um.es\/csidpub\/usuario58\/wp-content\/uploads\/2025\/11\/descargar-4-1024x1820.png 1024w, https:\/\/gicd.inf.um.es\/csidpub\/usuario58\/wp-content\/uploads\/2025\/11\/descargar-4.png 1152w\" sizes=\"auto, (max-width: 576px) 100vw, 576px\" \/><\/figure>\n\n\n\n<h3 class=\"wp-block-heading has-text-align-center\">Pel\u00edculas<\/h3>\n\n\n\n<p>Pel\u00edculas m\u00e1s conocidas de Tim Burton.<\/p>\n\n\n\n<div class=\"wp-block-buttons is-layout-flex wp-block-buttons-is-layout-flex\">\n<div class=\"wp-block-button\"><a class=\"wp-block-button__link wp-element-button\" href=\"https:\/\/gicd.inf.um.es\/csidpub\/usuario58\/category\/tim-burton\/peliculas\/\">Ver<\/a><\/div>\n<\/div>\n<\/div>\n<\/div>\n\n\n\n<figure class=\"wp-block-pullquote\"><blockquote><p><em>\u00abMuchas cosas que ves como ni\u00f1o permanecen contigo y pasas mucha parte de tu vida intentando recapturar la experiencia\u00bb <\/em><\/p><cite><strong>-Tim burton<\/strong><\/cite><\/blockquote><\/figure>\n\n\n\n<h2 class=\"wp-block-heading\">Galer\u00eda de im\u00e1genes<\/h2>\n\n\n\n<figure class=\"wp-block-gallery has-nested-images columns-default is-cropped wp-block-gallery-1 is-layout-flex wp-block-gallery-is-layout-flex\">\n<figure class=\"wp-block-image size-full\"><a href=\"https:\/\/gicd.inf.um.es\/csidpub\/usuario58\/wp-content\/uploads\/2025\/11\/35daf7f92a1d034fb4947fe7944cf52a.jpg\"><img loading=\"lazy\" decoding=\"async\" width=\"500\" height=\"741\" data-id=\"437\" src=\"https:\/\/gicd.inf.um.es\/csidpub\/usuario58\/wp-content\/uploads\/2025\/11\/35daf7f92a1d034fb4947fe7944cf52a.jpg\" alt=\"Tim Burton 1\" class=\"wp-image-437\" srcset=\"https:\/\/gicd.inf.um.es\/csidpub\/usuario58\/wp-content\/uploads\/2025\/11\/35daf7f92a1d034fb4947fe7944cf52a.jpg 500w, https:\/\/gicd.inf.um.es\/csidpub\/usuario58\/wp-content\/uploads\/2025\/11\/35daf7f92a1d034fb4947fe7944cf52a-202x300.jpg 202w\" sizes=\"auto, (max-width: 500px) 100vw, 500px\" \/><\/a><\/figure>\n\n\n\n<figure class=\"wp-block-image size-full\"><a href=\"https:\/\/gicd.inf.um.es\/csidpub\/usuario58\/wp-content\/uploads\/2025\/11\/R-1.jpg\"><img loading=\"lazy\" decoding=\"async\" width=\"1280\" height=\"960\" data-id=\"436\" src=\"https:\/\/gicd.inf.um.es\/csidpub\/usuario58\/wp-content\/uploads\/2025\/11\/R-1.jpg\" alt=\"tim burton 2\" class=\"wp-image-436\" srcset=\"https:\/\/gicd.inf.um.es\/csidpub\/usuario58\/wp-content\/uploads\/2025\/11\/R-1.jpg 1280w, https:\/\/gicd.inf.um.es\/csidpub\/usuario58\/wp-content\/uploads\/2025\/11\/R-1-300x225.jpg 300w, https:\/\/gicd.inf.um.es\/csidpub\/usuario58\/wp-content\/uploads\/2025\/11\/R-1-1024x768.jpg 1024w, https:\/\/gicd.inf.um.es\/csidpub\/usuario58\/wp-content\/uploads\/2025\/11\/R-1-768x576.jpg 768w\" sizes=\"auto, (max-width: 1280px) 100vw, 1280px\" \/><\/a><\/figure>\n\n\n\n<figure class=\"wp-block-image size-full\"><a href=\"https:\/\/gicd.inf.um.es\/csidpub\/usuario58\/wp-content\/uploads\/2025\/11\/f76166c1023eaed9eb6c6e79b703a7b2.jpg\"><img loading=\"lazy\" decoding=\"async\" width=\"300\" height=\"414\" data-id=\"430\" src=\"https:\/\/gicd.inf.um.es\/csidpub\/usuario58\/wp-content\/uploads\/2025\/11\/f76166c1023eaed9eb6c6e79b703a7b2.jpg\" alt=\"Tim Burton 3\" class=\"wp-image-430\" srcset=\"https:\/\/gicd.inf.um.es\/csidpub\/usuario58\/wp-content\/uploads\/2025\/11\/f76166c1023eaed9eb6c6e79b703a7b2.jpg 300w, https:\/\/gicd.inf.um.es\/csidpub\/usuario58\/wp-content\/uploads\/2025\/11\/f76166c1023eaed9eb6c6e79b703a7b2-217x300.jpg 217w\" sizes=\"auto, (max-width: 300px) 100vw, 300px\" \/><\/a><\/figure>\n<\/figure>\n","protected":false},"excerpt":{"rendered":"<p>Biograf\u00eda Desde muy joven, Burton mostr\u00f3 un inter\u00e9s por el arte y el cine, lo que lo llev\u00f3 a explorar su creatividad a trav\u00e9s de diversas formas de expresi\u00f3n. A lo largo de su carrera, ha creado una serie de pel\u00edculas ic\u00f3nicas que han dejado una huella indeleble en la cultura pop. Tim Burton es [&hellip;]<\/p>\n","protected":false},"author":1,"featured_media":0,"parent":0,"menu_order":0,"comment_status":"closed","ping_status":"closed","template":"","meta":{"pgc_sgb_lightbox_settings":"","footnotes":""},"class_list":["post-424","page","type-page","status-publish","hentry"],"_links":{"self":[{"href":"https:\/\/gicd.inf.um.es\/csidpub\/usuario58\/wp-json\/wp\/v2\/pages\/424","targetHints":{"allow":["GET"]}}],"collection":[{"href":"https:\/\/gicd.inf.um.es\/csidpub\/usuario58\/wp-json\/wp\/v2\/pages"}],"about":[{"href":"https:\/\/gicd.inf.um.es\/csidpub\/usuario58\/wp-json\/wp\/v2\/types\/page"}],"author":[{"embeddable":true,"href":"https:\/\/gicd.inf.um.es\/csidpub\/usuario58\/wp-json\/wp\/v2\/users\/1"}],"replies":[{"embeddable":true,"href":"https:\/\/gicd.inf.um.es\/csidpub\/usuario58\/wp-json\/wp\/v2\/comments?post=424"}],"version-history":[{"count":21,"href":"https:\/\/gicd.inf.um.es\/csidpub\/usuario58\/wp-json\/wp\/v2\/pages\/424\/revisions"}],"predecessor-version":[{"id":815,"href":"https:\/\/gicd.inf.um.es\/csidpub\/usuario58\/wp-json\/wp\/v2\/pages\/424\/revisions\/815"}],"wp:attachment":[{"href":"https:\/\/gicd.inf.um.es\/csidpub\/usuario58\/wp-json\/wp\/v2\/media?parent=424"}],"curies":[{"name":"wp","href":"https:\/\/api.w.org\/{rel}","templated":true}]}}