{"id":12,"date":"2025-11-03T12:19:43","date_gmt":"2025-11-03T11:19:43","guid":{"rendered":"https:\/\/gicd.inf.um.es\/dasw\/grupo03\/?page_id=12"},"modified":"2025-11-12T13:37:15","modified_gmt":"2025-11-12T12:37:15","slug":"inicio","status":"publish","type":"page","link":"https:\/\/gicd.inf.um.es\/dasw\/grupo03\/inicio\/","title":{"rendered":"La Guerra Civil Espa\u00f1ola"},"content":{"rendered":"\n<p>A modo de introducci\u00f3n, conforme a la radicalizaci\u00f3n de la vida pol\u00edtica europea, la situaci\u00f3n en Espa\u00f1a deriv\u00f3 en un incremento extremo de la oposici\u00f3n de la clase conservadora al proyecto reformista democr\u00e1tico. A tal fin, una parte del Ej\u00e9rcito se sublev\u00f3 con el objetivo de acabar con la II Rep\u00fablica. Sin embargo, una de \u201clas dos espa\u00f1as\u201d se dispuso a defender los logros conseguidos, lo que deriv\u00f3 en un enfrentamiento b\u00e9lico. La \u00faltima guerra civil espa\u00f1ola se puede dividir en tres fases: de la sublevaci\u00f3n al fracaso de la toma de Madrid (diciembre de 1936); las grandes batallas (Jarama y Ebro) junto a la conquista del Norte (1937-38) y la derrota republicana (1939).<\/p>\n\n\n\n<p>Centrados en el desarrollo del tema, el 17 de julio de 1936 se produc\u00eda el golpe de estado ideado por el general Mola, cuya insurrecci\u00f3n tuvo \u00e9xito en Castilla-Le\u00f3n, Arag\u00f3n, Galicia, Navarra, \u00c1lava, norte de Extremadura, parte de Andaluc\u00eda occidental (las ciudades de Sevilla, C\u00f3rdoba y Granada), Baleares (excepto Menorca), Canarias y el protectorado de Marruecos. El resto de Espa\u00f1a se mantuvo fiel a la Rep\u00fablica, conservando las ciudades m\u00e1s importantes, las zonas industriales y pr\u00e1cticamente toda la Armada.<\/p>\n\n\n\n<p>La incapacidad gubernativa republicana se manifest\u00f3 en la sucesi\u00f3n en los tres primeros d\u00edas de la sublevaci\u00f3n de otros tantos gobiernos (Casares Quiroga, Mart\u00ednez Barrio y Jos\u00e9 Giral); paralelamente, numerosos comit\u00e9s obreros y de milicianos asumieron diversas instituciones locales y provinciales, as\u00ed como la colectivizaci\u00f3n econ\u00f3mica. Este intento revolucionario chocar\u00eda con el pragmatismo socialista y comunista, estallando un enfrentamiento en Catalu\u00f1a entre los partidarios de la revoluci\u00f3n y los que defend\u00edan primero acabar con la guerra.<\/p>\n\n\n\n<p>Semejante inestabilidad tambi\u00e9n se manifest\u00f3 en la venganza pol\u00edtica a trav\u00e9s de encarcelamientos y asesinatos, mientras que el clero era perseguido al apoyar a los \u201cnacionales\u201d y calificar la guerra como cruzada (cardenal Gom\u00e1). Al final del verano el gobierno de Largo Caballero reinstauraba el orden, reorganizaba el Ej\u00e9rcito y comenzaba a recibir la ayuda de las Brigadas Internacionales y de la URSS, pues las democracias occidentales se inhibieron a trav\u00e9s del Comit\u00e9 de No Intervenci\u00f3n (Francia por temor a la Alemania nazi, Inglaterra supuestamente ya por temor a un gobierno comunista ya para evitar un conflicto mundial).<\/p>\n\n\n\n<p>Por su parte, los insurrectos contaron la ayuda inmediata de Mussolini y Hitler, lo que permiti\u00f3 a Franco cruzar el Estrecho, ocupar Andaluc\u00eda occidental, conquistar Extremadura y dirigirse a Madrid. Sin embargo, bajo el lema \u201cno pasar\u00e1n\u201d la capital resisti\u00f3, rechaz\u00e1ndolo en la Ciudad Universitaria. Entretanto, si las columnas de milicianos y anarquistas (Durruti) fracasaban en Arag\u00f3n, los franquistas levantaban el asedio del Alc\u00e1zar de Toledo defendido por Moscard\u00f3.<\/p>\n\n\n\n<p>A comienzos de 1937 las tropas insurrectas volvieron a fracasar en la toma de Madrid (batallas de Jarama y Guadalajara), aliviando los republicanos el cerco en Brunete, por lo que Franco se decant\u00f3 por conquistar Andaluc\u00eda Oriental (M\u00e1laga ca\u00eda en febrero de 1937) y el Norte (la Legi\u00f3n C\u00f3ndor alemana bombardeaba Guernica en abril, Bilbao era tomada en junio y Gij\u00f3n en octubre de 1937). En respuesta, los republicanos tomaban Teruel; pero nuevamente perdida, contraatacaron en la m\u00e1s larga y cruenta ofensiva: la batalla del Ebro (1938). Finalmente, tras un verano sangriento (batalla de Belchite), el ej\u00e9rcito franquista alcanzaba la costa mediterr\u00e1nea, dividiendo en dos la zona republicana y obligando al gobierno a trasladarse nuevamente de Valencia a Barcelona.<\/p>\n\n\n\n<p>El 23 de diciembre de 1938 comenzaba la r\u00e1pida ofensiva contra Catalu\u00f1a, siendo tomada Barcelona el 26 de enero de 1939, lo que provoc\u00f3 el exilio a Francia de Aza\u00f1a. Por su parte, Juan Negr\u00edn, jefe del gobierno, intentaba resistir al regresar a Valencia, a la vez que el coronel Casado defend\u00eda Madrid. Sin embargo, a Franco ya le result\u00f3 f\u00e1cil tomar la capital el 28 de marzo, entreg\u00e1ndose sin resistencia el resto de ciudades (Ja\u00e9n, Albacete, Valencia, Murcia, Alicante y Cartagena). El 1 de abril de 1939, la guerra hab\u00eda acabado<\/p>\n\n\n\n<p>Paralelamente, Franco hab\u00eda aunado los cargos de jefe del Ej\u00e9rcito o General\u00edsimo (29-9-1936) con los de Jefe del Estado o Caudillo (1-10-1936) y l\u00edder del partido \u00fanico de car\u00e1cter fascista, Falange Espa\u00f1ola Tradicionalista y de las JONS, seg\u00fan el decreto de unificaci\u00f3n (19-4-1937). Con ello, fund\u00eda en su persona todo el poder del Estado y alineaba a Espa\u00f1a con las futuras potencias del Eje, lo que al final de la II Guerra Mundial le vali\u00f3 su aislamiento internacional. Asimismo, el apoyo de la Iglesia se transform\u00f3 en la defensa de sus valores (nacionalcatolicismo), mientras que los terratenientes y el poder econ\u00f3mico volv\u00edan a controlar el pa\u00eds.<\/p>\n\n\n\n<p>En conclusi\u00f3n, el tradicional pronunciamiento decimon\u00f3nico se transform\u00f3 en el s. XX en un conflicto b\u00e9lico de tres largos a\u00f1os que se desarroll\u00f3 bajo los principios estrat\u00e9gicos de la guerra moderna. Con la derrota de la democracia republicana la represi\u00f3n emprendida durante la contienda (asesinatos masivos en Badajoz, M\u00e1laga, etc.) continu\u00f3 como arma pol\u00edtico-social durante la postguerra, pues el mal republicano no s\u00f3lo deb\u00eda ser extirpado ideol\u00f3gica sino tambi\u00e9n f\u00edsicamente. Adem\u00e1s, econ\u00f3micamente Espa\u00f1a perdi\u00f3 la mayor\u00eda de sus infraestructuras, disminuy\u00f3 el sistema productivo, cay\u00f3 el nivel de renta y la poblaci\u00f3n sufri\u00f3 los efectos de una pol\u00edtica aut\u00e1rquica con la consiguiente privaci\u00f3n de bienes de consumo. Por \u00faltimo, la guerra signific\u00f3 casi medio mill\u00f3n de muertos y otro medio mill\u00f3n de refugiados, la desaparici\u00f3n o el exilio de la mayor\u00eda de los intelectuales, cient\u00edficos y artistas, como Garc\u00eda Lorca, Machado, Bu\u00f1uel, Alberti, Picasso\u2026, dando paso as\u00ed a casi cuatro d\u00e9cadas de dictadura franquista (1939-1975).<\/p>\n\n\n\n<div style=\"height:30px\" aria-hidden=\"true\" class=\"wp-block-spacer\"><\/div>\n\n\n\n<figure class=\"wp-block-gallery has-nested-images columns-default is-cropped wp-block-gallery-1 is-layout-flex wp-block-gallery-is-layout-flex\">\n<figure data-wp-context=\"{&quot;imageId&quot;:&quot;69d0db3340ff3&quot;}\" data-wp-interactive=\"core\/image\" class=\"wp-block-image aligncenter size-full wp-lightbox-container\"><img loading=\"lazy\" decoding=\"async\" width=\"1200\" height=\"675\" data-wp-class--hide=\"state.isContentHidden\" data-wp-class--show=\"state.isContentVisible\" data-wp-init=\"callbacks.setButtonStyles\" data-wp-on-async--click=\"actions.showLightbox\" data-wp-on-async--load=\"callbacks.setButtonStyles\" data-wp-on-async-window--resize=\"callbacks.setButtonStyles\" data-id=\"15\" src=\"https:\/\/gicd.inf.um.es\/dasw\/grupo03\/wp-content\/uploads\/2025\/11\/makigce.jpeg\" alt=\"Muerte de un miliciano - Robert Capa\" class=\"wp-image-15\" srcset=\"https:\/\/gicd.inf.um.es\/dasw\/grupo03\/wp-content\/uploads\/2025\/11\/makigce.jpeg 1200w, https:\/\/gicd.inf.um.es\/dasw\/grupo03\/wp-content\/uploads\/2025\/11\/makigce-300x169.jpeg 300w, https:\/\/gicd.inf.um.es\/dasw\/grupo03\/wp-content\/uploads\/2025\/11\/makigce-1024x576.jpeg 1024w, https:\/\/gicd.inf.um.es\/dasw\/grupo03\/wp-content\/uploads\/2025\/11\/makigce-768x432.jpeg 768w\" sizes=\"auto, (max-width: 1200px) 100vw, 1200px\" \/><button\n\t\t\tclass=\"lightbox-trigger\"\n\t\t\ttype=\"button\"\n\t\t\taria-haspopup=\"dialog\"\n\t\t\taria-label=\"Agrandar\"\n\t\t\tdata-wp-init=\"callbacks.initTriggerButton\"\n\t\t\tdata-wp-on-async--click=\"actions.showLightbox\"\n\t\t\tdata-wp-style--right=\"state.imageButtonRight\"\n\t\t\tdata-wp-style--top=\"state.imageButtonTop\"\n\t\t>\n\t\t\t<svg xmlns=\"http:\/\/www.w3.org\/2000\/svg\" width=\"12\" height=\"12\" fill=\"none\" viewBox=\"0 0 12 12\">\n\t\t\t\t<path fill=\"#fff\" d=\"M2 0a2 2 0 0 0-2 2v2h1.5V2a.5.5 0 0 1 .5-.5h2V0H2Zm2 10.5H2a.5.5 0 0 1-.5-.5V8H0v2a2 2 0 0 0 2 2h2v-1.5ZM8 12v-1.5h2a.5.5 0 0 0 .5-.5V8H12v2a2 2 0 0 1-2 2H8Zm2-12a2 2 0 0 1 2 2v2h-1.5V2a.5.5 0 0 0-.5-.5H8V0h2Z\" \/>\n\t\t\t<\/svg>\n\t\t<\/button><\/figure>\n<\/figure>\n\n\n\n<p>Muerte de un miliciano &#8211; Robert Capa<\/p>\n\n\n\n<div style=\"height:10px\" aria-hidden=\"true\" class=\"wp-block-spacer\"><\/div>\n\n\n\n<blockquote class=\"wp-block-quote is-layout-flow wp-block-quote-is-layout-flow\">\n<p>\u201cLa guerra es el fracaso de la raz\u00f3n y el triunfo de la fuerza bruta.\u201d<\/p>\n\n\n\n<p>Manuel Aza\u00f1a<\/p>\n<\/blockquote>\n","protected":false},"excerpt":{"rendered":"<p>A modo de introducci\u00f3n, conforme a la radicalizaci\u00f3n de la vida pol\u00edtica europea, la situaci\u00f3n en Espa\u00f1a deriv\u00f3 en un incremento extremo de la oposici\u00f3n de la clase conservadora al proyecto reformista democr\u00e1tico. A tal fin, una parte del Ej\u00e9rcito se sublev\u00f3 con el objetivo de acabar con la II Rep\u00fablica. Sin embargo, una de [&hellip;]<\/p>\n","protected":false},"author":1,"featured_media":0,"parent":0,"menu_order":0,"comment_status":"closed","ping_status":"closed","template":"","meta":{"footnotes":""},"class_list":["post-12","page","type-page","status-publish","hentry"],"_links":{"self":[{"href":"https:\/\/gicd.inf.um.es\/dasw\/grupo03\/wp-json\/wp\/v2\/pages\/12","targetHints":{"allow":["GET"]}}],"collection":[{"href":"https:\/\/gicd.inf.um.es\/dasw\/grupo03\/wp-json\/wp\/v2\/pages"}],"about":[{"href":"https:\/\/gicd.inf.um.es\/dasw\/grupo03\/wp-json\/wp\/v2\/types\/page"}],"author":[{"embeddable":true,"href":"https:\/\/gicd.inf.um.es\/dasw\/grupo03\/wp-json\/wp\/v2\/users\/1"}],"replies":[{"embeddable":true,"href":"https:\/\/gicd.inf.um.es\/dasw\/grupo03\/wp-json\/wp\/v2\/comments?post=12"}],"version-history":[{"count":6,"href":"https:\/\/gicd.inf.um.es\/dasw\/grupo03\/wp-json\/wp\/v2\/pages\/12\/revisions"}],"predecessor-version":[{"id":115,"href":"https:\/\/gicd.inf.um.es\/dasw\/grupo03\/wp-json\/wp\/v2\/pages\/12\/revisions\/115"}],"wp:attachment":[{"href":"https:\/\/gicd.inf.um.es\/dasw\/grupo03\/wp-json\/wp\/v2\/media?parent=12"}],"curies":[{"name":"wp","href":"https:\/\/api.w.org\/{rel}","templated":true}]}}