{"id":107,"date":"2025-02-19T15:46:35","date_gmt":"2025-02-19T14:46:35","guid":{"rendered":"https:\/\/gicd.inf.um.es\/seo\/grupo05\/?post_type=product&#038;p=107"},"modified":"2025-02-19T17:09:49","modified_gmt":"2025-02-19T16:09:49","slug":"camiseta-breaking-bad","status":"publish","type":"product","link":"https:\/\/gicd.inf.um.es\/seo\/grupo05\/?product=camiseta-breaking-bad","title":{"rendered":"Camiseta Breaking Bad"},"content":{"rendered":"<p>Moderna camiseta de hombre en algod\u00f3n en diferentes colores y tallas con tintado de gran calidad. 100 % algod\u00f3n de calidad superior suave al tacto. El estampado est\u00e1 basado en el logotipo e imagen del protagonista de la serie de TV Breaking Bad.<\/p>\n","protected":false},"excerpt":{"rendered":"<p>Camiseta 100% de algod\u00f3n en diferentes colores de Breaking Bad.<\/p>\n","protected":false},"featured_media":114,"comment_status":"open","ping_status":"closed","template":"","meta":[],"product_brand":[],"product_cat":[60,62],"product_tag":[68,66,67],"class_list":{"0":"post-107","1":"product","2":"type-product","3":"status-publish","4":"has-post-thumbnail","6":"product_cat-moda","7":"product_cat-ropa","8":"product_tag-breaking-bad","9":"product_tag-camisetas","10":"product_tag-ropa-de-hombre","12":"first","13":"outofstock","14":"taxable","15":"shipping-taxable","16":"purchasable","17":"product-type-variable"},"_links":{"self":[{"href":"https:\/\/gicd.inf.um.es\/seo\/grupo05\/index.php?rest_route=\/wp\/v2\/product\/107","targetHints":{"allow":["GET"]}}],"collection":[{"href":"https:\/\/gicd.inf.um.es\/seo\/grupo05\/index.php?rest_route=\/wp\/v2\/product"}],"about":[{"href":"https:\/\/gicd.inf.um.es\/seo\/grupo05\/index.php?rest_route=\/wp\/v2\/types\/product"}],"replies":[{"embeddable":true,"href":"https:\/\/gicd.inf.um.es\/seo\/grupo05\/index.php?rest_route=%2Fwp%2Fv2%2Fcomments&post=107"}],"wp:featuredmedia":[{"embeddable":true,"href":"https:\/\/gicd.inf.um.es\/seo\/grupo05\/index.php?rest_route=\/wp\/v2\/media\/114"}],"wp:attachment":[{"href":"https:\/\/gicd.inf.um.es\/seo\/grupo05\/index.php?rest_route=%2Fwp%2Fv2%2Fmedia&parent=107"}],"wp:term":[{"taxonomy":"product_brand","embeddable":true,"href":"https:\/\/gicd.inf.um.es\/seo\/grupo05\/index.php?rest_route=%2Fwp%2Fv2%2Fproduct_brand&post=107"},{"taxonomy":"product_cat","embeddable":true,"href":"https:\/\/gicd.inf.um.es\/seo\/grupo05\/index.php?rest_route=%2Fwp%2Fv2%2Fproduct_cat&post=107"},{"taxonomy":"product_tag","embeddable":true,"href":"https:\/\/gicd.inf.um.es\/seo\/grupo05\/index.php?rest_route=%2Fwp%2Fv2%2Fproduct_tag&post=107"}],"curies":[{"name":"wp","href":"https:\/\/api.w.org\/{rel}","templated":true}]}}